{"id":1337,"date":"2026-03-09T10:11:15","date_gmt":"2026-03-09T09:11:15","guid":{"rendered":"https:\/\/blogsaverroes.juntadeandalucia.es\/ceip-constitucion-1978\/?page_id=1337"},"modified":"2026-03-09T10:26:02","modified_gmt":"2026-03-09T09:26:02","slug":"programa-escolar-consumo-de-frutas-hortalizas","status":"publish","type":"page","link":"https:\/\/blogsaverroes.juntadeandalucia.es\/ceip-constitucion-1978\/programa-escolar-consumo-de-frutas-hortalizas\/","title":{"rendered":"Programa Escolar Consumo de Frutas\/Hortalizas"},"content":{"rendered":"<p>[et_pb_section fb_built=&#8221;1&#8243; _builder_version=&#8221;4.16&#8243; global_colors_info=&#8221;{}&#8221;][et_pb_row _builder_version=&#8221;4.16&#8243; background_size=&#8221;initial&#8221; background_position=&#8221;top_left&#8221; background_repeat=&#8221;repeat&#8221; global_colors_info=&#8221;{}&#8221;][et_pb_column type=&#8221;4_4&#8243; _builder_version=&#8221;4.16&#8243; custom_padding=&#8221;|||&#8221; global_colors_info=&#8221;{}&#8221; custom_padding__hover=&#8221;|||&#8221;][et_pb_text _builder_version=&#8221;4.16&#8243; background_size=&#8221;initial&#8221; background_position=&#8221;top_left&#8221; background_repeat=&#8221;repeat&#8221; global_colors_info=&#8221;{}&#8221;]El Programa Escolar de Consumo de Frutas, Hortalizas y Leche, cofinanciado por la Uni\u00f3n Europea y las Comunidades Aut\u00f3nomas,&nbsp;distribuye productos saludables y organiza actividades educativas en colegios para ni\u00f1os de 3 a 12 a\u00f1os, buscando fomentar la dieta mediterr\u00e1nea, combatir la obesidad infantil y promover h\u00e1bitos alimentarios sostenibles.<\/p>\n<p data-start=\"68\" data-end=\"267\">El reparto del curso 25\/26, es el siguiente:<\/p>\n<p data-start=\"296\" data-end=\"322\"><strong data-start=\"296\" data-end=\"320\">1\u00aa entrega (febrero)<\/strong><\/p>\n<ul data-start=\"323\" data-end=\"382\">\n<li data-section-id=\"1w7bctt\" data-start=\"323\" data-end=\"334\">\n<p data-start=\"325\" data-end=\"334\">Naranja<\/p>\n<\/li>\n<li data-section-id=\"1fx4o7v\" data-start=\"335\" data-end=\"348\">\n<p data-start=\"337\" data-end=\"348\">Mandarina<\/p>\n<\/li>\n<li data-section-id=\"1naaxlt\" data-start=\"349\" data-end=\"362\">\n<p data-start=\"351\" data-end=\"362\">Zanahoria<\/p>\n<\/li>\n<li data-section-id=\"1sqi1e3\" data-start=\"363\" data-end=\"382\">\n<p data-start=\"365\" data-end=\"382\">Aceite de oliva<\/p>\n<\/li>\n<\/ul>\n<p data-start=\"384\" data-end=\"408\"><strong data-start=\"384\" data-end=\"406\">2\u00aa entrega (marzo)<\/strong><\/p>\n<ul data-start=\"409\" data-end=\"439\">\n<li data-section-id=\"1gjr34b\" data-start=\"409\" data-end=\"418\">\n<p data-start=\"411\" data-end=\"418\">Fresa<\/p>\n<\/li>\n<li data-section-id=\"wf3i1q\" data-start=\"419\" data-end=\"430\">\n<p data-start=\"421\" data-end=\"430\">Manzana<\/p>\n<\/li>\n<li data-section-id=\"39amz2\" data-start=\"431\" data-end=\"439\">\n<p data-start=\"433\" data-end=\"439\">Pera<\/p>\n<\/li>\n<\/ul>\n<p data-start=\"441\" data-end=\"464\"><strong data-start=\"441\" data-end=\"462\">3\u00aa entrega (mayo)<\/strong><\/p>\n<ul data-start=\"465\" data-end=\"509\">\n<li data-section-id=\"1exh9z5\" data-start=\"465\" data-end=\"477\">\n<p data-start=\"467\" data-end=\"477\">Gazpacho<\/p>\n<\/li>\n<li data-section-id=\"n6t4xt\" data-start=\"478\" data-end=\"491\">\n<p data-start=\"480\" data-end=\"491\">Nectarina<\/p>\n<\/li>\n<li data-section-id=\"1pcvh7d\" data-start=\"492\" data-end=\"509\">\n<p data-start=\"494\" data-end=\"509\">Tomate cherry<\/p>\n<\/li>\n<\/ul>\n<p data-start=\"511\" data-end=\"535\"><strong data-start=\"511\" data-end=\"533\">4\u00aa entrega (junio)<\/strong><\/p>\n<ul data-start=\"536\" data-end=\"573\">\n<li data-section-id=\"5w88gs\" data-start=\"536\" data-end=\"546\">\n<p data-start=\"538\" data-end=\"546\">Sand\u00eda<\/p>\n<\/li>\n<li data-section-id=\"1cnhenk\" data-start=\"547\" data-end=\"562\">\n<p data-start=\"549\" data-end=\"562\">Albaricoque<\/p>\n<\/li>\n<li data-section-id=\"1e1orky\" data-start=\"563\" data-end=\"573\">\n<p data-start=\"565\" data-end=\"573\">Cereza<\/p>\n<\/li>\n<\/ul>\n<p data-start=\"575\" data-end=\"727\">&nbsp;<\/p>\n<p>[\/et_pb_text][\/et_pb_column][\/et_pb_row][\/et_pb_section][et_pb_section fb_built=&#8221;1&#8243; _builder_version=&#8221;4.24.2&#8243; _module_preset=&#8221;default&#8221; global_colors_info=&#8221;{}&#8221;][et_pb_row _builder_version=&#8221;4.24.2&#8243; _module_preset=&#8221;default&#8221; global_colors_info=&#8221;{}&#8221;][et_pb_column type=&#8221;4_4&#8243; _builder_version=&#8221;4.24.2&#8243; _module_preset=&#8221;default&#8221; global_colors_info=&#8221;{}&#8221;][et_pb_gallery gallery_ids=&#8221;1341,1343,1342,1344&#8243; show_title_and_caption=&#8221;off&#8221; _builder_version=&#8221;4.24.2&#8243; _module_preset=&#8221;default&#8221; global_colors_info=&#8221;{}&#8221;][\/et_pb_gallery][\/et_pb_column][\/et_pb_row][\/et_pb_section]<\/p>\n","protected":false},"excerpt":{"rendered":"<p>El Programa Escolar de Consumo de Frutas, Hortalizas y Leche, cofinanciado por la Uni\u00f3n Europea y las Comunidades Aut\u00f3nomas,&nbsp;distribuye productos saludables y organiza actividades educativas en colegios para ni\u00f1os de 3 a 12 a\u00f1os, buscando fomentar la dieta mediterr\u00e1nea, combatir la obesidad infantil y promover h\u00e1bitos alimentarios sostenibles. El reparto del curso 25\/26, es el [&hellip;]<\/p>\n","protected":false},"author":21080,"featured_media":0,"parent":0,"menu_order":0,"comment_status":"closed","ping_status":"closed","template":"","meta":{"_et_pb_use_builder":"on","_et_pb_old_content":"<p>El Programa Escolar de Consumo de Frutas, Hortalizas y Leche, cofinanciado por la Uni\u00f3n Europea y las Comunidades Aut\u00f3nomas,\u00a0distribuye productos saludables y organiza actividades educativas en colegios para ni\u00f1os de 3 a 12 a\u00f1os, buscando fomentar la dieta mediterr\u00e1nea, combatir la obesidad infantil y promover h\u00e1bitos alimentarios sostenibles.<\/p><p data-start=\"68\" data-end=\"267\">El reparto del curso 25\/26, es el siguiente:<\/p><p data-start=\"296\" data-end=\"322\"><strong data-start=\"296\" data-end=\"320\">1\u00aa entrega (febrero)<\/strong><\/p><ul data-start=\"323\" data-end=\"382\"><li data-section-id=\"1w7bctt\" data-start=\"323\" data-end=\"334\"><p data-start=\"325\" data-end=\"334\">Naranja<\/p><\/li><li data-section-id=\"1fx4o7v\" data-start=\"335\" data-end=\"348\"><p data-start=\"337\" data-end=\"348\">Mandarina<\/p><\/li><li data-section-id=\"1naaxlt\" data-start=\"349\" data-end=\"362\"><p data-start=\"351\" data-end=\"362\">Zanahoria<\/p><\/li><li data-section-id=\"1sqi1e3\" data-start=\"363\" data-end=\"382\"><p data-start=\"365\" data-end=\"382\">Aceite de oliva<\/p><\/li><\/ul><p data-start=\"384\" data-end=\"408\"><strong data-start=\"384\" data-end=\"406\">2\u00aa entrega (marzo)<\/strong><\/p><ul data-start=\"409\" data-end=\"439\"><li data-section-id=\"1gjr34b\" data-start=\"409\" data-end=\"418\"><p data-start=\"411\" data-end=\"418\">Fresa<\/p><\/li><li data-section-id=\"wf3i1q\" data-start=\"419\" data-end=\"430\"><p data-start=\"421\" data-end=\"430\">Manzana<\/p><\/li><li data-section-id=\"39amz2\" data-start=\"431\" data-end=\"439\"><p data-start=\"433\" data-end=\"439\">Pera<\/p><\/li><\/ul><p data-start=\"441\" data-end=\"464\"><strong data-start=\"441\" data-end=\"462\">3\u00aa entrega (mayo)<\/strong><\/p><ul data-start=\"465\" data-end=\"509\"><li data-section-id=\"1exh9z5\" data-start=\"465\" data-end=\"477\"><p data-start=\"467\" data-end=\"477\">Gazpacho<\/p><\/li><li data-section-id=\"n6t4xt\" data-start=\"478\" data-end=\"491\"><p data-start=\"480\" data-end=\"491\">Nectarina<\/p><\/li><li data-section-id=\"1pcvh7d\" data-start=\"492\" data-end=\"509\"><p data-start=\"494\" data-end=\"509\">Tomate cherry<\/p><\/li><\/ul><p data-start=\"511\" data-end=\"535\"><strong data-start=\"511\" data-end=\"533\">4\u00aa entrega (junio)<\/strong><\/p><ul data-start=\"536\" data-end=\"573\"><li data-section-id=\"5w88gs\" data-start=\"536\" data-end=\"546\"><p data-start=\"538\" data-end=\"546\">Sand\u00eda<\/p><\/li><li data-section-id=\"1cnhenk\" data-start=\"547\" data-end=\"562\"><p data-start=\"549\" data-end=\"562\">Albaricoque<\/p><\/li><li data-section-id=\"1e1orky\" data-start=\"563\" data-end=\"573\"><p data-start=\"565\" data-end=\"573\">Cereza<\/p><\/li><\/ul><p data-start=\"575\" data-end=\"727\">\u00a0<\/p>","_et_gb_content_width":"","ngg_post_thumbnail":0,"footnotes":""},"aioseo_notices":[],"_links":{"self":[{"href":"https:\/\/blogsaverroes.juntadeandalucia.es\/ceip-constitucion-1978\/wp-json\/wp\/v2\/pages\/1337"}],"collection":[{"href":"https:\/\/blogsaverroes.juntadeandalucia.es\/ceip-constitucion-1978\/wp-json\/wp\/v2\/pages"}],"about":[{"href":"https:\/\/blogsaverroes.juntadeandalucia.es\/ceip-constitucion-1978\/wp-json\/wp\/v2\/types\/page"}],"author":[{"embeddable":true,"href":"https:\/\/blogsaverroes.juntadeandalucia.es\/ceip-constitucion-1978\/wp-json\/wp\/v2\/users\/21080"}],"replies":[{"embeddable":true,"href":"https:\/\/blogsaverroes.juntadeandalucia.es\/ceip-constitucion-1978\/wp-json\/wp\/v2\/comments?post=1337"}],"version-history":[{"count":5,"href":"https:\/\/blogsaverroes.juntadeandalucia.es\/ceip-constitucion-1978\/wp-json\/wp\/v2\/pages\/1337\/revisions"}],"predecessor-version":[{"id":1349,"href":"https:\/\/blogsaverroes.juntadeandalucia.es\/ceip-constitucion-1978\/wp-json\/wp\/v2\/pages\/1337\/revisions\/1349"}],"wp:attachment":[{"href":"https:\/\/blogsaverroes.juntadeandalucia.es\/ceip-constitucion-1978\/wp-json\/wp\/v2\/media?parent=1337"}],"curies":[{"name":"wp","href":"https:\/\/api.w.org\/{rel}","templated":true}]}}