{"id":1350,"date":"2026-04-22T11:25:31","date_gmt":"2026-04-22T10:25:31","guid":{"rendered":"https:\/\/blogsaverroes.juntadeandalucia.es\/ceip-constitucion-1978\/?page_id=1350"},"modified":"2026-04-22T11:25:31","modified_gmt":"2026-04-22T10:25:31","slug":"matematicas-digitales","status":"publish","type":"page","link":"https:\/\/blogsaverroes.juntadeandalucia.es\/ceip-constitucion-1978\/matematicas-digitales\/","title":{"rendered":"Matem\u00e1ticas digitales"},"content":{"rendered":"<p data-start=\"179\" data-end=\"429\">En nuestro centro apostamos por una forma innovadora y motivadora de aprender matem\u00e1ticas. A trav\u00e9s de una plataforma digital interactiva, el alumnado trabaja contenidos matem\u00e1ticos mediante actividades din\u00e1micas, juegos y retos adaptados a su nivel.<\/p>\n<p data-start=\"431\" data-end=\"602\">Este enfoque permite que cada estudiante avance a su propio ritmo, reforzando los contenidos y desarrollando el pensamiento l\u00f3gico de una manera divertida y significativa.<\/p>\n<p data-start=\"604\" data-end=\"800\">Adem\u00e1s, complementamos el aprendizaje con propuestas como olimpiadas matem\u00e1ticas, competiciones y juegos en grupo, fomentando la participaci\u00f3n, el trabajo en equipo y el gusto por las matem\u00e1ticas.<\/p>\n<p data-start=\"802\" data-end=\"977\">El uso de herramientas digitales convierte el aprendizaje en una experiencia m\u00e1s visual, activa y motivadora, logrando que el alumnado se implique y disfrute mientras aprende.<\/p>\n","protected":false},"excerpt":{"rendered":"<p>En nuestro centro apostamos por una forma innovadora y motivadora de aprender matem\u00e1ticas. A trav\u00e9s de una plataforma digital interactiva, el alumnado trabaja contenidos matem\u00e1ticos mediante actividades din\u00e1micas, juegos y retos adaptados a su nivel. Este enfoque permite que cada estudiante avance a su propio ritmo, reforzando los contenidos y desarrollando el pensamiento l\u00f3gico de [&hellip;]<\/p>\n","protected":false},"author":21080,"featured_media":0,"parent":0,"menu_order":0,"comment_status":"closed","ping_status":"closed","template":"","meta":{"_et_pb_use_builder":"","_et_pb_old_content":"","_et_gb_content_width":"","ngg_post_thumbnail":0,"footnotes":""},"aioseo_notices":[],"_links":{"self":[{"href":"https:\/\/blogsaverroes.juntadeandalucia.es\/ceip-constitucion-1978\/wp-json\/wp\/v2\/pages\/1350"}],"collection":[{"href":"https:\/\/blogsaverroes.juntadeandalucia.es\/ceip-constitucion-1978\/wp-json\/wp\/v2\/pages"}],"about":[{"href":"https:\/\/blogsaverroes.juntadeandalucia.es\/ceip-constitucion-1978\/wp-json\/wp\/v2\/types\/page"}],"author":[{"embeddable":true,"href":"https:\/\/blogsaverroes.juntadeandalucia.es\/ceip-constitucion-1978\/wp-json\/wp\/v2\/users\/21080"}],"replies":[{"embeddable":true,"href":"https:\/\/blogsaverroes.juntadeandalucia.es\/ceip-constitucion-1978\/wp-json\/wp\/v2\/comments?post=1350"}],"version-history":[{"count":1,"href":"https:\/\/blogsaverroes.juntadeandalucia.es\/ceip-constitucion-1978\/wp-json\/wp\/v2\/pages\/1350\/revisions"}],"predecessor-version":[{"id":1351,"href":"https:\/\/blogsaverroes.juntadeandalucia.es\/ceip-constitucion-1978\/wp-json\/wp\/v2\/pages\/1350\/revisions\/1351"}],"wp:attachment":[{"href":"https:\/\/blogsaverroes.juntadeandalucia.es\/ceip-constitucion-1978\/wp-json\/wp\/v2\/media?parent=1350"}],"curies":[{"name":"wp","href":"https:\/\/api.w.org\/{rel}","templated":true}]}}