{"id":742,"date":"2024-11-17T21:55:29","date_gmt":"2024-11-17T20:55:29","guid":{"rendered":"https:\/\/blogsaverroes.juntadeandalucia.es\/ceip-el-carambolo\/?page_id=742"},"modified":"2024-11-17T21:58:14","modified_gmt":"2024-11-17T20:58:14","slug":"plan-de-centro-2","status":"publish","type":"page","link":"https:\/\/blogsaverroes.juntadeandalucia.es\/ceip-el-carambolo\/plan-de-centro-2\/","title":{"rendered":"Plan de Centro"},"content":{"rendered":"<p>El Plan de Centro est\u00e1 compuesto por tres documentos muy importantes:<\/p>\n<ol>\n<li>Proyecto Educativo.<\/li>\n<li>Plan de Gesti\u00f3n.<\/li>\n<li>Reglamento de Organizaci\u00f3n y Funcionamiento.<\/li>\n<\/ol>\n","protected":false},"excerpt":{"rendered":"<p>El Plan de Centro est\u00e1 compuesto por tres documentos muy importantes: Proyecto Educativo. Plan de Gesti\u00f3n. Reglamento de Organizaci\u00f3n y Funcionamiento.<\/p>\n","protected":false},"author":2476,"featured_media":0,"parent":0,"menu_order":0,"comment_status":"closed","ping_status":"closed","template":"","meta":{"_et_pb_use_builder":"","_et_pb_old_content":"","_et_gb_content_width":"","ngg_post_thumbnail":0,"footnotes":""},"aioseo_notices":[],"_links":{"self":[{"href":"https:\/\/blogsaverroes.juntadeandalucia.es\/ceip-el-carambolo\/wp-json\/wp\/v2\/pages\/742"}],"collection":[{"href":"https:\/\/blogsaverroes.juntadeandalucia.es\/ceip-el-carambolo\/wp-json\/wp\/v2\/pages"}],"about":[{"href":"https:\/\/blogsaverroes.juntadeandalucia.es\/ceip-el-carambolo\/wp-json\/wp\/v2\/types\/page"}],"author":[{"embeddable":true,"href":"https:\/\/blogsaverroes.juntadeandalucia.es\/ceip-el-carambolo\/wp-json\/wp\/v2\/users\/2476"}],"replies":[{"embeddable":true,"href":"https:\/\/blogsaverroes.juntadeandalucia.es\/ceip-el-carambolo\/wp-json\/wp\/v2\/comments?post=742"}],"version-history":[{"count":3,"href":"https:\/\/blogsaverroes.juntadeandalucia.es\/ceip-el-carambolo\/wp-json\/wp\/v2\/pages\/742\/revisions"}],"predecessor-version":[{"id":748,"href":"https:\/\/blogsaverroes.juntadeandalucia.es\/ceip-el-carambolo\/wp-json\/wp\/v2\/pages\/742\/revisions\/748"}],"wp:attachment":[{"href":"https:\/\/blogsaverroes.juntadeandalucia.es\/ceip-el-carambolo\/wp-json\/wp\/v2\/media?parent=742"}],"curies":[{"name":"wp","href":"https:\/\/api.w.org\/{rel}","templated":true}]}}