{"id":1127,"date":"2026-02-24T12:36:39","date_gmt":"2026-02-24T11:36:39","guid":{"rendered":"https:\/\/blogsaverroes.juntadeandalucia.es\/ceip-laimun\/?page_id=1127"},"modified":"2026-02-26T18:43:02","modified_gmt":"2026-02-26T17:43:02","slug":"escolarizacion","status":"publish","type":"page","link":"https:\/\/blogsaverroes.juntadeandalucia.es\/ceip-laimun\/escolarizacion\/","title":{"rendered":"Escolarizaci\u00f3n"},"content":{"rendered":"<p><img loading=\"lazy\" decoding=\"async\" class=\"aligncenter size-full wp-image-1221\" src=\"https:\/\/blogsaverroes.juntadeandalucia.es\/ceip-laimun\/files\/2026\/02\/en-buenas-manos-escolarizacion.jpg\" alt=\"\" width=\"1920\" height=\"350\" srcset=\"https:\/\/blogsaverroes.juntadeandalucia.es\/ceip-laimun\/files\/2026\/02\/en-buenas-manos-escolarizacion.jpg 1920w, https:\/\/blogsaverroes.juntadeandalucia.es\/ceip-laimun\/files\/2026\/02\/en-buenas-manos-escolarizacion-1280x233.jpg 1280w, https:\/\/blogsaverroes.juntadeandalucia.es\/ceip-laimun\/files\/2026\/02\/en-buenas-manos-escolarizacion-980x179.jpg 980w, https:\/\/blogsaverroes.juntadeandalucia.es\/ceip-laimun\/files\/2026\/02\/en-buenas-manos-escolarizacion-480x88.jpg 480w\" sizes=\"(min-width: 0px) and (max-width: 480px) 480px, (min-width: 481px) and (max-width: 980px) 980px, (min-width: 981px) and (max-width: 1280px) 1280px, (min-width: 1281px) 1920px, 100vw\" \/><\/p>\n<ul>\n<li><span style=\"font-family: verdana, geneva, sans-serif;font-size: 12pt\"><a href=\"https:\/\/blogsaverroes.juntadeandalucia.es\/ceip-laimun\/circular-de-escolarizacion\/\">Circular de escolarizaci\u00f3n<\/a>.<\/span><\/li>\n<li><span style=\"font-family: verdana, geneva, sans-serif;font-size: 12pt\"><a href=\"https:\/\/blogsaverroes.juntadeandalucia.es\/ceip-laimun\/proceso-de-admision-curso-2026-2027\/\">Proceso de admisi\u00f3n. Curso 2026-2027<\/a>.<\/span><\/li>\n<li><span style=\"font-family: verdana, geneva, sans-serif;font-size: 12pt\"><a href=\"https:\/\/blogsaverroes.juntadeandalucia.es\/ceip-laimun\/impreso-de-admision\/\">Impreso de admisi\u00f3n<\/a>.<\/span><\/li>\n<\/ul>\n","protected":false},"excerpt":{"rendered":"<p>Circular de escolarizaci\u00f3n. Proceso de admisi\u00f3n. Curso 2026-2027. Impreso de admisi\u00f3n.<\/p>\n","protected":false},"author":21594,"featured_media":0,"parent":0,"menu_order":0,"comment_status":"closed","ping_status":"closed","template":"","meta":{"_et_pb_use_builder":"","_et_pb_old_content":"","_et_gb_content_width":"","ngg_post_thumbnail":0,"footnotes":""},"aioseo_notices":[],"_links":{"self":[{"href":"https:\/\/blogsaverroes.juntadeandalucia.es\/ceip-laimun\/wp-json\/wp\/v2\/pages\/1127"}],"collection":[{"href":"https:\/\/blogsaverroes.juntadeandalucia.es\/ceip-laimun\/wp-json\/wp\/v2\/pages"}],"about":[{"href":"https:\/\/blogsaverroes.juntadeandalucia.es\/ceip-laimun\/wp-json\/wp\/v2\/types\/page"}],"author":[{"embeddable":true,"href":"https:\/\/blogsaverroes.juntadeandalucia.es\/ceip-laimun\/wp-json\/wp\/v2\/users\/21594"}],"replies":[{"embeddable":true,"href":"https:\/\/blogsaverroes.juntadeandalucia.es\/ceip-laimun\/wp-json\/wp\/v2\/comments?post=1127"}],"version-history":[{"count":4,"href":"https:\/\/blogsaverroes.juntadeandalucia.es\/ceip-laimun\/wp-json\/wp\/v2\/pages\/1127\/revisions"}],"predecessor-version":[{"id":1222,"href":"https:\/\/blogsaverroes.juntadeandalucia.es\/ceip-laimun\/wp-json\/wp\/v2\/pages\/1127\/revisions\/1222"}],"wp:attachment":[{"href":"https:\/\/blogsaverroes.juntadeandalucia.es\/ceip-laimun\/wp-json\/wp\/v2\/media?parent=1127"}],"curies":[{"name":"wp","href":"https:\/\/api.w.org\/{rel}","templated":true}]}}