{"id":44,"date":"2022-05-24T13:15:15","date_gmt":"2022-05-24T13:15:15","guid":{"rendered":"http:\/\/blogsaverroes.juntadeandalucia.es\/pre\/ceip\/?page_id=44"},"modified":"2025-02-13T13:01:36","modified_gmt":"2025-02-13T13:01:36","slug":"planes-y-proyectos","status":"publish","type":"page","link":"https:\/\/blogsaverroes.juntadeandalucia.es\/ceip-laujar\/planes-y-proyectos\/","title":{"rendered":"Planes y Programas"},"content":{"rendered":"<p><img loading=\"lazy\" decoding=\"async\" class=\"alignnone size-medium wp-image-1667\" src=\"https:\/\/blogsaverroes.juntadeandalucia.es\/ceip-laujar\/files\/2015\/03\/planes-300x150.png\" alt=\"planes\" width=\"300\" height=\"150\" srcset=\"https:\/\/blogsaverroes.juntadeandalucia.es\/ceip-laujar\/files\/2015\/03\/planes-300x150.png 300w, https:\/\/blogsaverroes.juntadeandalucia.es\/ceip-laujar\/files\/2015\/03\/planes.png 640w\" sizes=\"(max-width: 300px) 100vw, 300px\" \/><\/p>\n<p>A continuaci\u00f3n se muestran los que actualmente se llevan a cabo:<\/p>\n<p>&nbsp;<\/p>\n<ul>\n<li><strong>Plan de apertura de centros docentes (Aula matinal, comedor y talleres de actividades extraescolares).<\/strong><\/li>\n<li><strong>Plan de igualdad de g\u00e9nero en educaci\u00f3n.<\/strong><\/li>\n<li><strong>Organizaci\u00f3n y funcionamiento de las Bibliotecas Escolares.<\/strong><\/li>\n<li><strong>Transformaci\u00f3n Digital Educativa (TDE).<\/strong><\/li>\n<li><strong>Bienestar y Protecci\u00f3n Infancia y Adolescencia\/Convivencia Escolar.<\/strong><\/li>\n<li><strong>Plan de Salud Laboral y P.R.L.<\/strong><\/li>\n<li><strong>Red andaluza: \u00abEscuela Espacio de Paz\u00bb.<\/strong><\/li>\n<li><strong>Programa CIMA: promoci\u00f3n de h\u00e1bitos de vida saludables.<\/strong><\/li>\n<li><strong>Programa de Refuerzo de la Lengua Extranjera (PREX).<\/strong><\/li>\n<li><strong>Pr\u00e1cticum Grado Maestro.<\/strong><\/li>\n<\/ul>\n<p>&nbsp;<\/p>\n","protected":false},"excerpt":{"rendered":"<p>A continuaci\u00f3n se muestran los que actualmente se llevan a cabo: &nbsp; Plan de apertura de centros docentes (Aula matinal, comedor y talleres de actividades extraescolares). Plan de igualdad de g\u00e9nero en educaci\u00f3n. Organizaci\u00f3n&#46;&#46;&#46;<\/p>\n","protected":false},"author":1,"featured_media":0,"parent":0,"menu_order":0,"comment_status":"closed","ping_status":"closed","template":"page-cs.php","meta":{"ngg_post_thumbnail":0,"footnotes":"","_mc_calendar":[]},"aioseo_notices":[],"_links":{"self":[{"href":"https:\/\/blogsaverroes.juntadeandalucia.es\/ceip-laujar\/wp-json\/wp\/v2\/pages\/44"}],"collection":[{"href":"https:\/\/blogsaverroes.juntadeandalucia.es\/ceip-laujar\/wp-json\/wp\/v2\/pages"}],"about":[{"href":"https:\/\/blogsaverroes.juntadeandalucia.es\/ceip-laujar\/wp-json\/wp\/v2\/types\/page"}],"author":[{"embeddable":true,"href":"https:\/\/blogsaverroes.juntadeandalucia.es\/ceip-laujar\/wp-json\/wp\/v2\/users\/1"}],"replies":[{"embeddable":true,"href":"https:\/\/blogsaverroes.juntadeandalucia.es\/ceip-laujar\/wp-json\/wp\/v2\/comments?post=44"}],"version-history":[{"count":10,"href":"https:\/\/blogsaverroes.juntadeandalucia.es\/ceip-laujar\/wp-json\/wp\/v2\/pages\/44\/revisions"}],"predecessor-version":[{"id":2437,"href":"https:\/\/blogsaverroes.juntadeandalucia.es\/ceip-laujar\/wp-json\/wp\/v2\/pages\/44\/revisions\/2437"}],"wp:attachment":[{"href":"https:\/\/blogsaverroes.juntadeandalucia.es\/ceip-laujar\/wp-json\/wp\/v2\/media?parent=44"}],"curies":[{"name":"wp","href":"https:\/\/api.w.org\/{rel}","templated":true}]}}