{"id":30,"date":"2020-01-09T12:41:20","date_gmt":"2020-01-09T11:41:20","guid":{"rendered":"http:\/\/blogsaverroes.juntadeandalucia.es\/pre\/nuevoceip2v2\/?page_id=30"},"modified":"2024-02-24T01:08:57","modified_gmt":"2024-02-24T00:08:57","slug":"ampa","status":"publish","type":"page","link":"https:\/\/blogsaverroes.juntadeandalucia.es\/ceip-los-argonautas\/ampa\/","title":{"rendered":"AMPA"},"content":{"rendered":"<p>[et_pb_section fb_built=&#8221;1&#8243; _builder_version=&#8221;3.23.3&#8243; custom_padding=&#8221;0px||0px|&#8221; z_index_tablet=&#8221;500&#8243; box_shadow_horizontal_tablet=&#8221;0px&#8221; box_shadow_vertical_tablet=&#8221;0px&#8221; box_shadow_blur_tablet=&#8221;40px&#8221; box_shadow_spread_tablet=&#8221;0px&#8221; global_colors_info=&#8221;{}&#8221;][et_pb_row _builder_version=&#8221;3.25&#8243; background_size=&#8221;initial&#8221; background_position=&#8221;top_left&#8221; background_repeat=&#8221;repeat&#8221; global_colors_info=&#8221;{}&#8221;][et_pb_column type=&#8221;4_4&#8243; _builder_version=&#8221;3.25&#8243; custom_padding=&#8221;|||&#8221; global_colors_info=&#8221;{}&#8221; custom_padding__hover=&#8221;|||&#8221;][et_pb_image src=&#8221;https:\/\/blogsaverroes.juntadeandalucia.es\/ceip-los-argonautas\/files\/2022\/01\/AMPA-JASON.jpg&#8221; title_text=&#8221;AMPA JASON&#8221; align=&#8221;center&#8221; admin_label=&#8221;Imagen de la portada&#8221; _builder_version=&#8221;4.14.5&#8243; module_alignment=&#8221;center&#8221; z_index_tablet=&#8221;500&#8243; box_shadow_horizontal_tablet=&#8221;0px&#8221; box_shadow_vertical_tablet=&#8221;0px&#8221; box_shadow_blur_tablet=&#8221;40px&#8221; box_shadow_spread_tablet=&#8221;0px&#8221; global_colors_info=&#8221;{}&#8221;][\/et_pb_image][et_pb_text admin_label=&#8221;Texto descriptivo&#8221; _builder_version=&#8221;4.14.5&#8243; hover_enabled=&#8221;0&#8243; z_index_tablet=&#8221;500&#8243; text_text_shadow_horizontal_length_tablet=&#8221;0px&#8221; text_text_shadow_vertical_length_tablet=&#8221;0px&#8221; text_text_shadow_blur_strength_tablet=&#8221;1px&#8221; link_text_shadow_horizontal_length_tablet=&#8221;0px&#8221; link_text_shadow_vertical_length_tablet=&#8221;0px&#8221; link_text_shadow_blur_strength_tablet=&#8221;1px&#8221; ul_text_shadow_horizontal_length_tablet=&#8221;0px&#8221; ul_text_shadow_vertical_length_tablet=&#8221;0px&#8221; ul_text_shadow_blur_strength_tablet=&#8221;1px&#8221; ol_text_shadow_horizontal_length_tablet=&#8221;0px&#8221; ol_text_shadow_vertical_length_tablet=&#8221;0px&#8221; ol_text_shadow_blur_strength_tablet=&#8221;1px&#8221; quote_text_shadow_horizontal_length_tablet=&#8221;0px&#8221; quote_text_shadow_vertical_length_tablet=&#8221;0px&#8221; quote_text_shadow_blur_strength_tablet=&#8221;1px&#8221; header_text_shadow_horizontal_length_tablet=&#8221;0px&#8221; header_text_shadow_vertical_length_tablet=&#8221;0px&#8221; header_text_shadow_blur_strength_tablet=&#8221;1px&#8221; header_2_text_shadow_horizontal_length_tablet=&#8221;0px&#8221; header_2_text_shadow_vertical_length_tablet=&#8221;0px&#8221; header_2_text_shadow_blur_strength_tablet=&#8221;1px&#8221; header_3_text_shadow_horizontal_length_tablet=&#8221;0px&#8221; header_3_text_shadow_vertical_length_tablet=&#8221;0px&#8221; header_3_text_shadow_blur_strength_tablet=&#8221;1px&#8221; header_4_text_shadow_horizontal_length_tablet=&#8221;0px&#8221; header_4_text_shadow_vertical_length_tablet=&#8221;0px&#8221; header_4_text_shadow_blur_strength_tablet=&#8221;1px&#8221; header_5_text_shadow_horizontal_length_tablet=&#8221;0px&#8221; header_5_text_shadow_vertical_length_tablet=&#8221;0px&#8221; header_5_text_shadow_blur_strength_tablet=&#8221;1px&#8221; header_6_text_shadow_horizontal_length_tablet=&#8221;0px&#8221; header_6_text_shadow_vertical_length_tablet=&#8221;0px&#8221; header_6_text_shadow_blur_strength_tablet=&#8221;1px&#8221; box_shadow_horizontal_tablet=&#8221;0px&#8221; box_shadow_vertical_tablet=&#8221;0px&#8221; box_shadow_blur_tablet=&#8221;40px&#8221; box_shadow_spread_tablet=&#8221;0px&#8221; global_colors_info=&#8221;{}&#8221; sticky_enabled=&#8221;0&#8243;]<\/p>\n<h2 style=\"text-align: center\"><span style=\"color: #000000;font-size: 24pt\"><strong>AMPA &#8220;JASON&#8221;<\/strong><\/span><\/h2>\n<p>&nbsp;<\/p>\n<p><iframe loading=\"lazy\" title=\"\u00a1As\u00f3ciate a la AMPA de tu colegio!\" width=\"1080\" height=\"608\" src=\"https:\/\/www.youtube.com\/embed\/piwRXHs3Yhc?feature=oembed\"  allow=\"accelerometer; autoplay; clipboard-write; encrypted-media; gyroscope; picture-in-picture\" allowfullscreen><\/iframe><\/p>\n<p>&nbsp;<\/p>\n<p><span style=\"color: #000000\">Estimados padres\/madres:<\/span><\/p>\n<p><span style=\"color: #000000\">En nombre de todos los componentes de la Junta Directiva de la Asociaci\u00f3n os doy la bienvenida al centro de nuestros hijos e hijas. Desde esta Asociaci\u00f3n trabajamos para conseguir y contribuir, dentro de nuestras posibilidades y con los escasos medios con los que contamos, a la calidad de ense\u00f1anza, ya que es nuestra obligaci\u00f3n y forma parte de nuestros derechos de participaci\u00f3n como padres y madres en la comunidad educativa.<\/span><\/p>\n<p><span style=\"color: #000000\">La AMPA somos todos y todas, y vuestra colaboraci\u00f3n es m\u00e1s importante de lo que algunos puedan pensar. Todos formamos parte de este proyecto. Todos somos necesarios. Debemos asociarnos ya que, como padres responsables del bienestar de nuestros hijos, el ser soci@s nos da derecho a expresar nuestras opiniones, ideas o sugerencias, y poder llevarlas, en caso necesario, al Consejo Escolar por medio de nuestros representantes en \u00e9ste.<\/span><\/p>\n<p><span style=\"color: #000000\">Vamos a seguir invirtiendo en el Centro y a continuar con las gestiones, actividades, colaboraciones y participaciones de a\u00f1os anteriores.<\/span><\/p>\n<p><span style=\"color: #000000\">Esperando contar con vosotr@s, nos despedimos dese\u00e1ndoos un buen curso.<\/span><\/p>\n<p>&nbsp;<\/p>\n<p><span style=\"color: #000000\">En la actualidad, la Junta directiva del <strong>AMPA&nbsp; &#8220;Jason &#8221; <\/strong>est\u00e1 compuesta por:<\/span><\/p>\n<p style=\"text-align: center\"><span style=\"color: #000000\"><strong>Presidenta:<\/strong> Mar\u00eda de la O Cascobelo Gallego<\/span><\/p>\n<p style=\"text-align: center\"><span style=\"color: #000000\"><strong>Tesorero<\/strong>: Eder Ortega Fl\u00f3rez<\/span><\/p>\n<p style=\"text-align: center\"><span style=\"color: #000000\"><strong>Secretaria:<\/strong> Ana Mart\u00ednez Pi\u00f1ero<\/span><\/p>\n<p>&nbsp;<\/p>\n<p>[\/et_pb_text][\/et_pb_column][\/et_pb_row][\/et_pb_section]<\/p>\n","protected":false},"excerpt":{"rendered":"<p>AMPA &#8220;JASON&#8221; &nbsp; https:\/\/www.youtube.com\/watch?v=piwRXHs3Yhc &nbsp; Estimados padres\/madres: En nombre de todos los componentes de la Junta Directiva de la Asociaci\u00f3n os doy la bienvenida al centro de nuestros hijos e hijas. Desde esta Asociaci\u00f3n trabajamos para conseguir y contribuir, dentro de nuestras posibilidades y con los escasos medios con los que contamos, a la calidad [&hellip;]<\/p>\n","protected":false},"author":7051,"featured_media":0,"parent":0,"menu_order":0,"comment_status":"closed","ping_status":"closed","template":"","meta":{"_et_pb_use_builder":"on","_et_pb_old_content":"","_et_gb_content_width":"","ngg_post_thumbnail":0,"footnotes":""},"aioseo_notices":[],"_links":{"self":[{"href":"https:\/\/blogsaverroes.juntadeandalucia.es\/ceip-los-argonautas\/wp-json\/wp\/v2\/pages\/30"}],"collection":[{"href":"https:\/\/blogsaverroes.juntadeandalucia.es\/ceip-los-argonautas\/wp-json\/wp\/v2\/pages"}],"about":[{"href":"https:\/\/blogsaverroes.juntadeandalucia.es\/ceip-los-argonautas\/wp-json\/wp\/v2\/types\/page"}],"author":[{"embeddable":true,"href":"https:\/\/blogsaverroes.juntadeandalucia.es\/ceip-los-argonautas\/wp-json\/wp\/v2\/users\/7051"}],"replies":[{"embeddable":true,"href":"https:\/\/blogsaverroes.juntadeandalucia.es\/ceip-los-argonautas\/wp-json\/wp\/v2\/comments?post=30"}],"version-history":[{"count":9,"href":"https:\/\/blogsaverroes.juntadeandalucia.es\/ceip-los-argonautas\/wp-json\/wp\/v2\/pages\/30\/revisions"}],"predecessor-version":[{"id":1277,"href":"https:\/\/blogsaverroes.juntadeandalucia.es\/ceip-los-argonautas\/wp-json\/wp\/v2\/pages\/30\/revisions\/1277"}],"wp:attachment":[{"href":"https:\/\/blogsaverroes.juntadeandalucia.es\/ceip-los-argonautas\/wp-json\/wp\/v2\/media?parent=30"}],"curies":[{"name":"wp","href":"https:\/\/api.w.org\/{rel}","templated":true}]}}