{"id":605,"date":"2021-10-15T12:47:43","date_gmt":"2021-10-15T11:47:43","guid":{"rendered":"https:\/\/blogsaverroes.juntadeandalucia.es\/ceip-los-argonautas\/?page_id=605"},"modified":"2024-10-14T11:24:00","modified_gmt":"2024-10-14T10:24:00","slug":"plan-de-centro","status":"publish","type":"page","link":"https:\/\/blogsaverroes.juntadeandalucia.es\/ceip-los-argonautas\/plan-de-centro\/","title":{"rendered":"Plan de Centro"},"content":{"rendered":"<p>[et_pb_section fb_built=&#8221;1&#8243; _builder_version=&#8221;4.16&#8243; collapsed=&#8221;off&#8221; global_colors_info=&#8221;{}&#8221;][et_pb_row _builder_version=&#8221;4.16&#8243; background_size=&#8221;initial&#8221; background_position=&#8221;top_left&#8221; background_repeat=&#8221;repeat&#8221; global_colors_info=&#8221;{}&#8221;][et_pb_column type=&#8221;4_4&#8243; _builder_version=&#8221;4.16&#8243; custom_padding=&#8221;|||&#8221; global_colors_info=&#8221;{}&#8221; custom_padding__hover=&#8221;|||&#8221;][et_pb_image src=&#8221;https:\/\/blogsaverroes.juntadeandalucia.es\/ceip-los-argonautas\/files\/2021\/11\/imagen-fachada-cole.png&#8221; title_text=&#8221;imagen fachada cole&#8221; force_fullwidth=&#8221;on&#8221; admin_label=&#8221;Imagen de la portada&#8221; _builder_version=&#8221;4.16&#8243; z_index_tablet=&#8221;500&#8243; box_shadow_horizontal_tablet=&#8221;0px&#8221; box_shadow_vertical_tablet=&#8221;0px&#8221; box_shadow_blur_tablet=&#8221;40px&#8221; box_shadow_spread_tablet=&#8221;0px&#8221; global_colors_info=&#8221;{}&#8221;][\/et_pb_image][et_pb_text admin_label=&#8221;Texto descriptivo&#8221; _builder_version=&#8221;4.24.2&#8243; custom_padding=&#8221;||0px|||&#8221; link_option_url_new_window=&#8221;on&#8221; hover_enabled=&#8221;0&#8243; z_index_tablet=&#8221;500&#8243; text_text_shadow_horizontal_length_tablet=&#8221;0px&#8221; text_text_shadow_vertical_length_tablet=&#8221;0px&#8221; text_text_shadow_blur_strength_tablet=&#8221;1px&#8221; link_text_shadow_horizontal_length_tablet=&#8221;0px&#8221; link_text_shadow_vertical_length_tablet=&#8221;0px&#8221; link_text_shadow_blur_strength_tablet=&#8221;1px&#8221; ul_text_shadow_horizontal_length_tablet=&#8221;0px&#8221; ul_text_shadow_vertical_length_tablet=&#8221;0px&#8221; ul_text_shadow_blur_strength_tablet=&#8221;1px&#8221; ol_text_shadow_horizontal_length_tablet=&#8221;0px&#8221; ol_text_shadow_vertical_length_tablet=&#8221;0px&#8221; ol_text_shadow_blur_strength_tablet=&#8221;1px&#8221; quote_text_shadow_horizontal_length_tablet=&#8221;0px&#8221; quote_text_shadow_vertical_length_tablet=&#8221;0px&#8221; quote_text_shadow_blur_strength_tablet=&#8221;1px&#8221; header_text_shadow_horizontal_length_tablet=&#8221;0px&#8221; header_text_shadow_vertical_length_tablet=&#8221;0px&#8221; header_text_shadow_blur_strength_tablet=&#8221;1px&#8221; header_2_text_shadow_horizontal_length_tablet=&#8221;0px&#8221; header_2_text_shadow_vertical_length_tablet=&#8221;0px&#8221; header_2_text_shadow_blur_strength_tablet=&#8221;1px&#8221; header_3_text_shadow_horizontal_length_tablet=&#8221;0px&#8221; header_3_text_shadow_vertical_length_tablet=&#8221;0px&#8221; header_3_text_shadow_blur_strength_tablet=&#8221;1px&#8221; header_4_text_shadow_horizontal_length_tablet=&#8221;0px&#8221; header_4_text_shadow_vertical_length_tablet=&#8221;0px&#8221; header_4_text_shadow_blur_strength_tablet=&#8221;1px&#8221; header_5_text_shadow_horizontal_length_tablet=&#8221;0px&#8221; header_5_text_shadow_vertical_length_tablet=&#8221;0px&#8221; header_5_text_shadow_blur_strength_tablet=&#8221;1px&#8221; header_6_text_shadow_horizontal_length_tablet=&#8221;0px&#8221; header_6_text_shadow_vertical_length_tablet=&#8221;0px&#8221; header_6_text_shadow_blur_strength_tablet=&#8221;1px&#8221; box_shadow_horizontal_tablet=&#8221;0px&#8221; box_shadow_vertical_tablet=&#8221;0px&#8221; box_shadow_blur_tablet=&#8221;40px&#8221; box_shadow_spread_tablet=&#8221;0px&#8221; global_colors_info=&#8221;{}&#8221; sticky_enabled=&#8221;0&#8243;]<\/p>\n<div id=\"tituloItem\" class=\"blockTituloItem\">&nbsp; &nbsp; &nbsp;El <strong>Plan de Centro<\/strong> est\u00e1 compuesto por una serie de documentos que recogen su organizaci\u00f3n y funcionamiento, normas de convivencia, atenci\u00f3n a la diversidad, criterios pedag\u00f3gicos, evaluaci\u00f3n, funcionamiento de los distintos servicios &#8230;.<\/div>\n<div id=\"contenido_sitio\">\n<p>&nbsp; &nbsp; &nbsp;Son documentos que se van actualizando cada curso con la intenci\u00f3n de responder a las nuevas exigencias pedag\u00f3gicas, legislativas y, sobre todo, con la intenci\u00f3n de lograr&nbsp;<strong>la mejora de nuestro cole.<\/strong><\/p>\n<p>&nbsp; &nbsp; &nbsp; Puedes consultar todos los documentos pinchando en los siguientes enlaces:&nbsp; &nbsp; &nbsp; &nbsp; &nbsp; &nbsp; &nbsp; &nbsp; &nbsp; &nbsp; &nbsp; &nbsp; &nbsp; &nbsp; &nbsp; &nbsp; &nbsp; &nbsp; &nbsp; &nbsp; &nbsp; &nbsp; &nbsp;&nbsp;<\/p>\n<ul>\n<li><span style=\"font-size: 12pt\"><a href=\"https:\/\/drive.google.com\/file\/d\/1zUCnX4M9lg8NxoEqOHfKzVES3JMezrqf\/view?usp=sharing\">Reglamento de Organizaci\u00f3n y Funcionamiento (ROF)<\/a><\/span><\/li>\n<li><span style=\"font-size: 12pt\"><a href=\"https:\/\/drive.google.com\/file\/d\/1zy25PiEixDBaMb--CaVjOKh5QIydAdPw\/view?usp=drive_link\">Proyecto Educativo.<\/a><\/span><\/li>\n<li><span style=\"font-size: 12pt\"><a href=\"https:\/\/drive.google.com\/file\/d\/1fMW1vNT9C7No8HKirbh2b4V6F2P39RoQ\/view?usp=sharing\">Plan de Atenci\u00f3n a la Diversidad.<\/a><\/span><\/li>\n<li><span style=\"font-size: 12pt\"><a href=\"https:\/\/drive.google.com\/file\/d\/1QmTpSlJxGgVvc0MmaxabxbVblEhaPrSt\/view?usp=sharing\">Plan de Gesti\u00f3n.<\/a><\/span><\/li>\n<li><span style=\"font-size: 12pt\"><a href=\"https:\/\/drive.google.com\/file\/d\/1SULOgb4nVh2KrvasBWhJujkdtLRTQ_Jb\/view?usp=drive_link\">Plan de Convivencia.<\/a><\/span><\/li>\n<li><span style=\"font-size: 12pt\"><a href=\"https:\/\/drive.google.com\/file\/d\/1IBOFo17wN86Zxnj6ACU4roz7fiJqX0_h\/view?usp=sharing\">Plan de Orientaci\u00f3n y Acci\u00f3n Tutorial.<\/a>&nbsp;<\/span><\/li>\n<li><span style=\"font-size: 12pt\"><a href=\"https:\/\/drive.google.com\/file\/d\/11nMGtZTjsBzPg7P-69fAeetcTBiL7Wm8\/view?usp=sharing\">Protocolo de Actuaci\u00f3n Covid-19<\/a><\/span><\/li>\n<\/ul>\n<p>&nbsp;<\/p>\n<p>&nbsp; &nbsp; &nbsp;Os animamos a que los conozc\u00e1is y que hag\u00e1is , a trav\u00e9s de los \u00f3rganos colegiados de participaci\u00f3n en el Centro (Consejo Escolar, A.M.P.A.), todas las aportaciones que consider\u00e9is oportunas.<\/p>\n<\/div>\n<p>&nbsp;<\/p>\n<p>&nbsp;<\/p>\n<p>[\/et_pb_text][\/et_pb_column][\/et_pb_row][\/et_pb_section]<\/p>\n","protected":false},"excerpt":{"rendered":"<p>&nbsp; &nbsp; &nbsp;El Plan de Centro est\u00e1 compuesto por una serie de documentos que recogen su organizaci\u00f3n y funcionamiento, normas de convivencia, atenci\u00f3n a la diversidad, criterios pedag\u00f3gicos, evaluaci\u00f3n, funcionamiento de los distintos servicios &#8230;. &nbsp; &nbsp; &nbsp;Son documentos que se van actualizando cada curso con la intenci\u00f3n de responder a las nuevas exigencias pedag\u00f3gicas, [&hellip;]<\/p>\n","protected":false},"author":13094,"featured_media":571,"parent":0,"menu_order":0,"comment_status":"closed","ping_status":"closed","template":"","meta":{"_et_pb_use_builder":"on","_et_pb_old_content":"","_et_gb_content_width":"","ngg_post_thumbnail":0,"footnotes":""},"aioseo_notices":[],"_links":{"self":[{"href":"https:\/\/blogsaverroes.juntadeandalucia.es\/ceip-los-argonautas\/wp-json\/wp\/v2\/pages\/605"}],"collection":[{"href":"https:\/\/blogsaverroes.juntadeandalucia.es\/ceip-los-argonautas\/wp-json\/wp\/v2\/pages"}],"about":[{"href":"https:\/\/blogsaverroes.juntadeandalucia.es\/ceip-los-argonautas\/wp-json\/wp\/v2\/types\/page"}],"author":[{"embeddable":true,"href":"https:\/\/blogsaverroes.juntadeandalucia.es\/ceip-los-argonautas\/wp-json\/wp\/v2\/users\/13094"}],"replies":[{"embeddable":true,"href":"https:\/\/blogsaverroes.juntadeandalucia.es\/ceip-los-argonautas\/wp-json\/wp\/v2\/comments?post=605"}],"version-history":[{"count":7,"href":"https:\/\/blogsaverroes.juntadeandalucia.es\/ceip-los-argonautas\/wp-json\/wp\/v2\/pages\/605\/revisions"}],"predecessor-version":[{"id":1310,"href":"https:\/\/blogsaverroes.juntadeandalucia.es\/ceip-los-argonautas\/wp-json\/wp\/v2\/pages\/605\/revisions\/1310"}],"wp:featuredmedia":[{"embeddable":true,"href":"https:\/\/blogsaverroes.juntadeandalucia.es\/ceip-los-argonautas\/wp-json\/wp\/v2\/media\/571"}],"wp:attachment":[{"href":"https:\/\/blogsaverroes.juntadeandalucia.es\/ceip-los-argonautas\/wp-json\/wp\/v2\/media?parent=605"}],"curies":[{"name":"wp","href":"https:\/\/api.w.org\/{rel}","templated":true}]}}