{"id":694,"date":"2021-11-12T13:30:09","date_gmt":"2021-11-12T12:30:09","guid":{"rendered":"https:\/\/blogsaverroes.juntadeandalucia.es\/ceip-los-argonautas\/?page_id=694"},"modified":"2021-11-15T11:39:22","modified_gmt":"2021-11-15T10:39:22","slug":"nuestra-historia","status":"publish","type":"page","link":"https:\/\/blogsaverroes.juntadeandalucia.es\/ceip-los-argonautas\/nuestra-historia\/","title":{"rendered":"Nuestra historia"},"content":{"rendered":"<p>[et_pb_section fb_built=&#8221;1&#8243; _builder_version=&#8221;3.22&#8243; collapsed=&#8221;off&#8221;][et_pb_row _builder_version=&#8221;3.25&#8243; background_size=&#8221;initial&#8221; background_position=&#8221;top_left&#8221; background_repeat=&#8221;repeat&#8221;][et_pb_column type=&#8221;4_4&#8243; _builder_version=&#8221;3.25&#8243; custom_padding=&#8221;|||&#8221; custom_padding__hover=&#8221;|||&#8221;][et_pb_image src=&#8221;https:\/\/blogsaverroes.juntadeandalucia.es\/ceip-los-argonautas\/files\/2021\/11\/Jason-y-los-argonautas.jpg&#8221; title_text=&#8221;Jason y los argonautas&#8221; force_fullwidth=&#8221;on&#8221; admin_label=&#8221;Imagen de la portada&#8221; _builder_version=&#8221;4.5.0&#8243; z_index_tablet=&#8221;500&#8243; box_shadow_horizontal_tablet=&#8221;0px&#8221; box_shadow_vertical_tablet=&#8221;0px&#8221; box_shadow_blur_tablet=&#8221;40px&#8221; box_shadow_spread_tablet=&#8221;0px&#8221;][\/et_pb_image][et_pb_text admin_label=&#8221;Texto descriptivo&#8221; _builder_version=&#8221;4.5.0&#8243; custom_padding=&#8221;||0px|||&#8221; link_option_url_new_window=&#8221;on&#8221; hover_enabled=&#8221;0&#8243; z_index_tablet=&#8221;500&#8243; text_text_shadow_horizontal_length_tablet=&#8221;0px&#8221; text_text_shadow_vertical_length_tablet=&#8221;0px&#8221; text_text_shadow_blur_strength_tablet=&#8221;1px&#8221; link_text_shadow_horizontal_length_tablet=&#8221;0px&#8221; link_text_shadow_vertical_length_tablet=&#8221;0px&#8221; link_text_shadow_blur_strength_tablet=&#8221;1px&#8221; ul_text_shadow_horizontal_length_tablet=&#8221;0px&#8221; ul_text_shadow_vertical_length_tablet=&#8221;0px&#8221; ul_text_shadow_blur_strength_tablet=&#8221;1px&#8221; ol_text_shadow_horizontal_length_tablet=&#8221;0px&#8221; ol_text_shadow_vertical_length_tablet=&#8221;0px&#8221; ol_text_shadow_blur_strength_tablet=&#8221;1px&#8221; quote_text_shadow_horizontal_length_tablet=&#8221;0px&#8221; quote_text_shadow_vertical_length_tablet=&#8221;0px&#8221; quote_text_shadow_blur_strength_tablet=&#8221;1px&#8221; header_text_shadow_horizontal_length_tablet=&#8221;0px&#8221; header_text_shadow_vertical_length_tablet=&#8221;0px&#8221; header_text_shadow_blur_strength_tablet=&#8221;1px&#8221; header_2_text_shadow_horizontal_length_tablet=&#8221;0px&#8221; header_2_text_shadow_vertical_length_tablet=&#8221;0px&#8221; header_2_text_shadow_blur_strength_tablet=&#8221;1px&#8221; header_3_text_shadow_horizontal_length_tablet=&#8221;0px&#8221; header_3_text_shadow_vertical_length_tablet=&#8221;0px&#8221; header_3_text_shadow_blur_strength_tablet=&#8221;1px&#8221; header_4_text_shadow_horizontal_length_tablet=&#8221;0px&#8221; header_4_text_shadow_vertical_length_tablet=&#8221;0px&#8221; header_4_text_shadow_blur_strength_tablet=&#8221;1px&#8221; header_5_text_shadow_horizontal_length_tablet=&#8221;0px&#8221; header_5_text_shadow_vertical_length_tablet=&#8221;0px&#8221; header_5_text_shadow_blur_strength_tablet=&#8221;1px&#8221; header_6_text_shadow_horizontal_length_tablet=&#8221;0px&#8221; header_6_text_shadow_vertical_length_tablet=&#8221;0px&#8221; header_6_text_shadow_blur_strength_tablet=&#8221;1px&#8221; box_shadow_horizontal_tablet=&#8221;0px&#8221; box_shadow_vertical_tablet=&#8221;0px&#8221; box_shadow_blur_tablet=&#8221;40px&#8221; box_shadow_spread_tablet=&#8221;0px&#8221;]<\/p>\n<div id=\"tituloItem\" class=\"blockTituloItem\">\n<p style=\"font-weight: 400;text-align: left\"><span style=\"font-family: 'book antiqua', palatino, serif\"><span style=\"color: #000000\"><span style=\"font-size: 12pt\">La mitolog\u00eda, especialmente la griega, est\u00e1 plagada de h\u00e9roes, cuyas aventuras y virtudes inspiraron a muchos artistas que reflejaron sus leyendas en poemas, canciones, novelas y pel\u00edculas. Dentro de esta inspiraci\u00f3n est\u00e1 el nombre de nuestro colegio.<\/span><\/span><\/span><\/p>\n<p style=\"font-weight: 400;text-align: left\"><span style=\"font-family: 'book antiqua', palatino, serif;font-size: 12pt;color: #000000\">&nbsp; &nbsp; &nbsp; &nbsp; &nbsp; Son muchos los que preguntan por el nombre de nuestro centro. Siempre he contestado que cuando se construye el edificio de nuestro centro y pasa a ser propiedad de la Consejer\u00eda de Igualdad y&nbsp;&nbsp;Bienestar Social de la Junta de Andaluc\u00eda, todos los centros relacionados con educaci\u00f3n reciben nombres de la mitolog\u00eda griega: Ceip Los Argonautas, Escuela Hogar Argantonio,&nbsp;&nbsp;Colegio Tartesso etc\u2026 El que lo escucha queda un poco decepcionado, pensando en otro tipo de historia que se relacione con tan enigm\u00e1tico nombre.<\/span><\/p>\n<p style=\"font-weight: 400;text-align: left\"><span style=\"font-family: 'book antiqua', palatino, serif;font-size: 12pt;color: #000000\">&nbsp; &nbsp; &nbsp; &nbsp; &nbsp; Por este motivo he decidido dar una explicaci\u00f3n que tenga que ver con el enclave privilegiado donde nos encontramos y su relaci\u00f3n con el nombre de nuestro centro: Los Argonautas.&nbsp;&nbsp;<\/span><\/p>\n<p style=\"font-weight: 400;text-align: left\"><span style=\"font-family: 'book antiqua', palatino, serif;font-size: 12pt;color: #000000\">&nbsp; &nbsp; &nbsp; &nbsp; &nbsp; Les voy a comentar, a grandes rasgos, la historia de Jas\u00f3n y los argonautas.<\/span><\/p>\n<p>&nbsp;<\/p>\n<p style=\"font-weight: 400;text-align: left\"><span style=\"font-family: 'book antiqua', palatino, serif;font-size: 14pt;color: #000000\">&nbsp; &nbsp; &nbsp; &nbsp; &nbsp; \u201cEn Tesalia, Polis griega,&nbsp;&nbsp;con anterioridad al S. VI a.C nace Jas\u00f3n, sobrino de Pelias, el usurpador de&nbsp;&nbsp;trono de este reino. Temeroso Pelias de que su sobrino cuando creciera pudiera&nbsp; derribarle del trono (profec\u00eda hecha por un or\u00e1culo), decide matarle. La familia de Jas\u00f3n finge su muerte y se lo entregan al Centauro Quir\u00f3n, considerado como el ser m\u00e1s sabio y recto del pa\u00eds.<\/span><\/p>\n<p style=\"font-weight: 400;text-align: left\"><span style=\"color: #000000\"><span style=\"font-family: 'book antiqua', palatino, serif;font-size: 14pt\">&nbsp; &nbsp; &nbsp; &nbsp; &nbsp; Cuando Jas\u00f3n crece y se convierte en un joven apuesto y fuerte, decide presentarse a su t\u00edo Pelias a reclamarle el trono. P<\/span><span style=\"font-family: 'book antiqua', palatino, serif;font-size: 14pt\">ero \u00e9ste no piensa entregar el mando de Tesalia y le dice que s\u00f3lo acceder\u00e1 a restituirle en el trono si supera una serie de&nbsp; pruebas de hombr\u00eda y valent\u00eda.<\/span><\/span><\/p>\n<p style=\"font-weight: 400;text-align: left\"><span style=\"font-family: 'book antiqua', palatino, serif;font-size: 14pt;color: #000000\">&nbsp; &nbsp; &nbsp; &nbsp; &nbsp; As\u00ed le encarga la b\u00fasqueda del vellocino de oro, la piel de un carnero que fue puesto a cuidado de un fiero drag\u00f3n. Y quien lo poseyera tendr\u00eda unos poderes especiales.<\/span><\/p>\n<p style=\"font-weight: 400;text-align: left\"><span style=\"font-family: 'book antiqua', palatino, serif;font-size: 14pt;color: #000000\">&nbsp; &nbsp; &nbsp; &nbsp; &nbsp; Jas\u00f3n&nbsp;&nbsp;decidi\u00f3 conformar la tripulaci\u00f3n que habr\u00eda de acompa\u00f1arlo para realizar esta peligrosa&nbsp;&nbsp;empresa contando con los principales h\u00e9roes de la mitolog\u00eda griega. Entre otros cont\u00f3 con&nbsp;&nbsp;Tifis (el piloto), Orfeo(el m\u00fasico), Idm\u00f3n, Anfiarao y Mopso (los adivinos) C\u00e1stor, Polux y hasta el mism\u00edsimo H\u00e9rcules. As\u00ed hasta cincuenta bravos y valientes guerreros. <\/span><\/p>\n<p style=\"font-weight: 400;text-align: left\"><span style=\"font-family: 'book antiqua', palatino, serif;font-size: 14pt;color: #000000\">&nbsp; &nbsp; &nbsp; &nbsp; &nbsp; El carpintero de barcos, Argo (r\u00e1pido), fue el encargado de construir la mejor nave del momento, y con ella partieron rumbo a la aventura. Es por \u00e9sto que a todos sus tripulantes se le conoce en las historia como <strong>los argonautas<\/strong>. <\/span><\/p>\n<p style=\"font-weight: 400;text-align: left\"><span style=\"color: #000000\"><span style=\"font-family: 'book antiqua', palatino, serif;font-size: 14pt\">&nbsp; &nbsp; &nbsp; &nbsp; &nbsp; El barco parti\u00f3 con los argonautas, tras hacer un sacrificio a Apolo, ya que&nbsp;&nbsp;los or\u00e1culos hab\u00edan sido todos positivos y predec\u00edan la vuelta con vida a la mayor\u00eda de ellos. <\/span><span style=\"font-family: 'book antiqua', palatino, serif;font-size: 14pt\">Recorrieron todo el Mediterr\u00e1neo y en cada escala que hac\u00edan en tierra para poder aprovisionarse, encontraban aventuras misteriosas y de gran dificultad. <\/span><\/span><\/p>\n<p style=\"font-weight: 400;text-align: left\"><span style=\"font-family: 'book antiqua', palatino, serif;font-size: 14pt;color: #000000\">&nbsp; &nbsp; &nbsp; &nbsp; &nbsp; Los dioses del Olimpo los llevaban a su antojo de uno a otro conf\u00edn de mundo conocido. As\u00ed en una de sus traves\u00edas llegaron a las Columnas de H\u00e9rcules (actual Estrecho de Gibraltar), l\u00edmites del mundo conocido. Traspasando estas fronteras llegaron a nuestras costas d\u00f3nde bajaron a tierra a la altura de la Punta del Perro (enclave actual del Faro de Chipiona), donde luc\u00eda una gran pila de madera de pinos ardiendo constantemente para orientar a los navegantes que intentaban entrar en el reino de Geri\u00f3n a trav\u00e9s del gran rio (el Guadalquivir).<\/span><\/p>\n<p style=\"font-weight: 400;text-align: left\"><span style=\"font-family: 'book antiqua', palatino, serif;font-size: 14pt;color: #000000\">&nbsp; &nbsp; &nbsp; &nbsp; &nbsp; Una vez repostadas las bodegas del Argo con odres de agua y \u00e1nforas de&nbsp;&nbsp;ambros\u00eda (vino dulce), frutas frescas, pescado salado y carne de bueyes, partieron los Argonautas, dejando a H\u00e9rcules para que realizara su d\u00e9cimo trabajo: <\/span><\/p>\n<\/div>\n<p>&nbsp;<\/p>\n<div id=\"tituloItem\" class=\"blockTituloItem\">\n<p style=\"font-weight: 400;text-align: center\"><span style=\"font-family: 'book antiqua', palatino, serif;font-size: 12pt;color: #000000\">&#8220;Como d\u00e9cimo trabajo se orden\u00f3 a Heracles (nombre griego de H\u00e9rcules) el ir a buscar el ganado de Geri\u00f3n a Eriteia (podr\u00eda ser en la Piedra Salmedina). Es esta una isla, situada en las proximidades del Oc\u00e9ano,&nbsp;&nbsp;habitada por Geri\u00f3n, que ten\u00eda los cuerpos de tres hombres creados juntos, unidos, uno por el vientre, y divididos en tres desde los costados y los muslos. Este rey era propietario de un rojo reba\u00f1o (bueyes retintos) y estaban cuidados por&nbsp;&nbsp;Euriti\u00f3n,&nbsp;&nbsp;su pastor y Orto, su perro guardi\u00e1n de dos cabezas. H\u00e9rcules se enfrent\u00f3 a ellos,&nbsp;&nbsp;mat\u00e1ndolos y&nbsp;&nbsp;despu\u00e9s luch\u00f3 con&nbsp;&nbsp;Geri\u00f3n y tras diez horas de pelea le venci\u00f3 dispar\u00e1ndole una flecha que atraves\u00f3 los corazones de sus tres cuerpos. Finalmente rob\u00f3 su ganado.<\/span><\/p>\n<p style=\"text-align: left\"><span style=\"font-family: 'book antiqua', palatino, serif;font-size: 14pt;color: #000000\">&nbsp; &nbsp; &nbsp; &nbsp; &nbsp; En recuerdo de este viaje de Jas\u00f3n y los argonautas (entre ellos H\u00e9rcules que se qued\u00f3 por nuestras tierras para llevarse los bueyes de Geri\u00f3n y satisfacer a las divinidades del Olimpo), nuestro colegio se qued\u00f3 con este curioso nombre.\u201d<\/span><\/p>\n<\/div>\n<p>&nbsp;<\/p>\n<div id=\"tituloItem\" class=\"blockTituloItem\">\n<p style=\"font-weight: 400;text-align: left\"><span style=\"font-family: 'book antiqua', palatino, serif;font-size: 12pt;color: #000000\">&nbsp; &nbsp; &nbsp; &nbsp; &nbsp; Esta historia est\u00e1 basada en los escritos de los historiadores griegos y el autor de este p\u00e1rrafo ha realizado una libre interpretaci\u00f3n de dichos datos.<\/span><\/p>\n<p style=\"font-weight: 400;text-align: right\"><span style=\"font-family: 'comic sans ms', sans-serif;color: #000000\"><em><b><strong>Original @M.Vald\u00e9s M. 23\/10\/2012<\/strong><\/b><\/em><\/span><\/p>\n<\/div>\n<p>&nbsp;<\/p>\n<p>&nbsp;<\/p>\n<p>[\/et_pb_text][\/et_pb_column][\/et_pb_row][\/et_pb_section]<\/p>\n","protected":false},"excerpt":{"rendered":"<p>La mitolog\u00eda, especialmente la griega, est\u00e1 plagada de h\u00e9roes, cuyas aventuras y virtudes inspiraron a muchos artistas que reflejaron sus leyendas en poemas, canciones, novelas y pel\u00edculas. Dentro de esta inspiraci\u00f3n est\u00e1 el nombre de nuestro colegio. &nbsp; &nbsp; &nbsp; &nbsp; &nbsp; Son muchos los que preguntan por el nombre de nuestro centro. Siempre he [&hellip;]<\/p>\n","protected":false},"author":13094,"featured_media":0,"parent":0,"menu_order":0,"comment_status":"closed","ping_status":"closed","template":"","meta":{"_et_pb_use_builder":"on","_et_pb_old_content":"","_et_gb_content_width":"","ngg_post_thumbnail":0,"footnotes":""},"aioseo_notices":[],"_links":{"self":[{"href":"https:\/\/blogsaverroes.juntadeandalucia.es\/ceip-los-argonautas\/wp-json\/wp\/v2\/pages\/694"}],"collection":[{"href":"https:\/\/blogsaverroes.juntadeandalucia.es\/ceip-los-argonautas\/wp-json\/wp\/v2\/pages"}],"about":[{"href":"https:\/\/blogsaverroes.juntadeandalucia.es\/ceip-los-argonautas\/wp-json\/wp\/v2\/types\/page"}],"author":[{"embeddable":true,"href":"https:\/\/blogsaverroes.juntadeandalucia.es\/ceip-los-argonautas\/wp-json\/wp\/v2\/users\/13094"}],"replies":[{"embeddable":true,"href":"https:\/\/blogsaverroes.juntadeandalucia.es\/ceip-los-argonautas\/wp-json\/wp\/v2\/comments?post=694"}],"version-history":[{"count":7,"href":"https:\/\/blogsaverroes.juntadeandalucia.es\/ceip-los-argonautas\/wp-json\/wp\/v2\/pages\/694\/revisions"}],"predecessor-version":[{"id":713,"href":"https:\/\/blogsaverroes.juntadeandalucia.es\/ceip-los-argonautas\/wp-json\/wp\/v2\/pages\/694\/revisions\/713"}],"wp:attachment":[{"href":"https:\/\/blogsaverroes.juntadeandalucia.es\/ceip-los-argonautas\/wp-json\/wp\/v2\/media?parent=694"}],"curies":[{"name":"wp","href":"https:\/\/api.w.org\/{rel}","templated":true}]}}