{"id":817,"date":"2022-01-25T13:39:54","date_gmt":"2022-01-25T12:39:54","guid":{"rendered":"https:\/\/blogsaverroes.juntadeandalucia.es\/ceip-los-argonautas\/?page_id=817"},"modified":"2024-01-24T09:53:08","modified_gmt":"2024-01-24T08:53:08","slug":"educacion-infantil","status":"publish","type":"page","link":"https:\/\/blogsaverroes.juntadeandalucia.es\/ceip-los-argonautas\/educacion-infantil\/","title":{"rendered":"Educaci\u00f3n Infantil"},"content":{"rendered":"<p>[et_pb_section fb_built=&#8221;1&#8243; _builder_version=&#8221;3.23.3&#8243; custom_padding=&#8221;0px||0px|&#8221; z_index_tablet=&#8221;500&#8243; box_shadow_horizontal_tablet=&#8221;0px&#8221; box_shadow_vertical_tablet=&#8221;0px&#8221; box_shadow_blur_tablet=&#8221;40px&#8221; box_shadow_spread_tablet=&#8221;0px&#8221; global_colors_info=&#8221;{}&#8221;][et_pb_row _builder_version=&#8221;3.25&#8243; background_size=&#8221;initial&#8221; background_position=&#8221;top_left&#8221; background_repeat=&#8221;repeat&#8221; global_colors_info=&#8221;{}&#8221;][et_pb_column type=&#8221;4_4&#8243; _builder_version=&#8221;3.25&#8243; custom_padding=&#8221;|||&#8221; global_colors_info=&#8221;{}&#8221; custom_padding__hover=&#8221;|||&#8221;][et_pb_image src=&#8221;https:\/\/blogsaverroes.juntadeandalucia.es\/ceip-los-argonautas\/files\/2022\/01\/educacion_Infantil.jpg&#8221; title_text=&#8221;educacion_Infantil&#8221; align=&#8221;center&#8221; admin_label=&#8221;Imagen de la portada&#8221; _builder_version=&#8221;4.14.5&#8243; module_alignment=&#8221;center&#8221; z_index_tablet=&#8221;500&#8243; box_shadow_horizontal_tablet=&#8221;0px&#8221; box_shadow_vertical_tablet=&#8221;0px&#8221; box_shadow_blur_tablet=&#8221;40px&#8221; box_shadow_spread_tablet=&#8221;0px&#8221; global_colors_info=&#8221;{}&#8221;][\/et_pb_image][et_pb_text admin_label=&#8221;Texto descriptivo&#8221; _builder_version=&#8221;4.14.5&#8243; hover_enabled=&#8221;0&#8243; z_index_tablet=&#8221;500&#8243; text_text_shadow_horizontal_length_tablet=&#8221;0px&#8221; text_text_shadow_vertical_length_tablet=&#8221;0px&#8221; text_text_shadow_blur_strength_tablet=&#8221;1px&#8221; link_text_shadow_horizontal_length_tablet=&#8221;0px&#8221; link_text_shadow_vertical_length_tablet=&#8221;0px&#8221; link_text_shadow_blur_strength_tablet=&#8221;1px&#8221; ul_text_shadow_horizontal_length_tablet=&#8221;0px&#8221; ul_text_shadow_vertical_length_tablet=&#8221;0px&#8221; ul_text_shadow_blur_strength_tablet=&#8221;1px&#8221; ol_text_shadow_horizontal_length_tablet=&#8221;0px&#8221; ol_text_shadow_vertical_length_tablet=&#8221;0px&#8221; ol_text_shadow_blur_strength_tablet=&#8221;1px&#8221; quote_text_shadow_horizontal_length_tablet=&#8221;0px&#8221; quote_text_shadow_vertical_length_tablet=&#8221;0px&#8221; quote_text_shadow_blur_strength_tablet=&#8221;1px&#8221; header_text_shadow_horizontal_length_tablet=&#8221;0px&#8221; header_text_shadow_vertical_length_tablet=&#8221;0px&#8221; header_text_shadow_blur_strength_tablet=&#8221;1px&#8221; header_2_text_shadow_horizontal_length_tablet=&#8221;0px&#8221; header_2_text_shadow_vertical_length_tablet=&#8221;0px&#8221; header_2_text_shadow_blur_strength_tablet=&#8221;1px&#8221; header_3_text_shadow_horizontal_length_tablet=&#8221;0px&#8221; header_3_text_shadow_vertical_length_tablet=&#8221;0px&#8221; header_3_text_shadow_blur_strength_tablet=&#8221;1px&#8221; header_4_text_shadow_horizontal_length_tablet=&#8221;0px&#8221; header_4_text_shadow_vertical_length_tablet=&#8221;0px&#8221; header_4_text_shadow_blur_strength_tablet=&#8221;1px&#8221; header_5_text_shadow_horizontal_length_tablet=&#8221;0px&#8221; header_5_text_shadow_vertical_length_tablet=&#8221;0px&#8221; header_5_text_shadow_blur_strength_tablet=&#8221;1px&#8221; header_6_text_shadow_horizontal_length_tablet=&#8221;0px&#8221; header_6_text_shadow_vertical_length_tablet=&#8221;0px&#8221; header_6_text_shadow_blur_strength_tablet=&#8221;1px&#8221; box_shadow_horizontal_tablet=&#8221;0px&#8221; box_shadow_vertical_tablet=&#8221;0px&#8221; box_shadow_blur_tablet=&#8221;40px&#8221; box_shadow_spread_tablet=&#8221;0px&#8221; global_colors_info=&#8221;{}&#8221; sticky_enabled=&#8221;0&#8243;]<\/p>\n<h2 style=\"text-align: center\"><span style=\"color: #000000;font-size: 24pt;font-family: 'comic sans ms', sans-serif\"><strong>2\u00ba CICLO DE EDUCACI\u00d3N INFANTIL<\/strong><\/span><\/h2>\n<p>&nbsp;<\/p>\n<p><span style=\"color: #000000\">El ciclo de Educaci\u00f3n Infantil en nuestro centro est\u00e1 en un edificio independiente situado en la Calle Algaida S\/N.<\/span><\/p>\n<p><span style=\"color: #000000\">Contamos con tres clases, cada una de ellas dedicada a una edad diferente: 3, 4 y 5 a\u00f1os.<\/span><\/p>\n<p>&nbsp;<\/p>\n<table style=\"width: 100%;border-collapse: collapse;border-style: solid;border-color: #000000;height: 184px\">\n<tbody>\n<tr style=\"height: 25px\">\n<td style=\"width: 33.3333%;border-style: solid;border-color: #000000;text-align: center;height: 25px\"><span style=\"font-size: 14pt\"><strong><span style=\"color: #000000\">3 A\u00d1OS<\/span><\/strong><\/span><\/td>\n<td style=\"width: 33.3333%;border-style: solid;border-color: #000000;text-align: center;height: 25px\"><span style=\"font-size: 14pt\"><strong><span style=\"color: #000000\">4 A\u00d1OS<\/span><\/strong><\/span><\/td>\n<td style=\"width: 33.3333%;border-style: solid;border-color: #000000;text-align: center;height: 25px\"><span style=\"font-size: 14pt\"><strong><span style=\"color: #000000\">5 A\u00d1OS<\/span><\/strong><\/span><\/td>\n<\/tr>\n<tr style=\"height: 23px\">\n<td style=\"width: 33.3333%;border-style: solid;border-color: #000000;height: 23px\"><span style=\"color: #000000\">Tutora: Alexandra Laynez Poley<\/span><\/td>\n<td style=\"width: 33.3333%;border-style: solid;border-color: #000000;height: 23px\"><span style=\"color: #000000\">Tutora: \u00c1ngela M\u00aa Herrera M\u00e1rquez<\/span><\/td>\n<td style=\"width: 33.3333%;border-style: solid;border-color: #000000;height: 23px\"><span style=\"color: #000000\">Tutora: Alicia M\u00e1rquez Garc\u00eda<\/span><\/td>\n<\/tr>\n<tr style=\"height: 23px\">\n<td style=\"width: 33.3333%;border-style: solid;border-color: #000000;height: 23px\"><span style=\"color: #000000\">N\u00ba alumnos: 13<\/span><\/td>\n<td style=\"width: 33.3333%;border-style: solid;border-color: #000000;height: 23px\"><span style=\"color: #000000\">N\u00ba alumnos: 13<\/span><\/td>\n<td style=\"width: 33.3333%;border-style: solid;border-color: #000000;height: 23px\"><span style=\"color: #000000\">N\u00ba alumnos: 14<\/span><\/td>\n<\/tr>\n<tr style=\"height: 113px\">\n<td style=\"width: 33.3333%;border-style: solid;border-color: #000000;height: 113px\" colspan=\"3\">\n<p><span style=\"color: #000000\">Equipo Docente:&nbsp;<\/span><\/p>\n<ul>\n<li><span style=\"color: #000000\">Gloria Est\u00edvaliz L\u00f3pez (maestra de religi\u00f3n)<\/span><\/li>\n<li><span style=\"color: #000000\">David Gonz\u00e1lez Moreno (maestra de ingl\u00e9s)<\/span><\/li>\n<li>Francisco L\u00f3pez Tirado (maestro de m\u00fasica)<\/li>\n<\/ul>\n<\/td>\n<\/tr>\n<\/tbody>\n<\/table>\n<p>&nbsp;<\/p>\n<p><span style=\"color: #000000\">En el ciclo de Infantil nuestros alumnos trabajan por proyectos. Este curso escolar se eligieron los siguientes:<\/span><\/p>\n<p>&nbsp;<\/p>\n<table style=\"width: 100%;border-collapse: collapse;border-style: double;border-color: #000000\">\n<tbody>\n<tr>\n<td style=\"width: 50%;border-style: solid;border-color: #000000\"><span style=\"color: #000000\">&#8220;NUESTROS MAYORES&#8221; (Ed. Anaya).&nbsp;<\/span><\/td>\n<td style=\"width: 50%;border-style: solid;border-color: #000000\"><span style=\"color: #000000\"> &#8220;LOS DINOSAURIOS&#8221; (Ed. Anaya).<\/span><\/td>\n<\/tr>\n<tr>\n<td style=\"width: 50%;border-style: solid;border-color: #000000\"><img loading=\"lazy\" decoding=\"async\" class=\"alignnone size-medium wp-image-897\" src=\"https:\/\/blogsaverroes.juntadeandalucia.es\/ceip-los-argonautas\/files\/2022\/01\/proyecto-1-246x300.jpg\" alt=\"\" width=\"246\" height=\"300\" srcset=\"https:\/\/blogsaverroes.juntadeandalucia.es\/ceip-los-argonautas\/files\/2022\/01\/proyecto-1-246x300.jpg 246w, https:\/\/blogsaverroes.juntadeandalucia.es\/ceip-los-argonautas\/files\/2022\/01\/proyecto-1.jpg 396w\" sizes=\"(max-width: 246px) 100vw, 246px\" \/><\/td>\n<td style=\"width: 50%;border-style: solid;border-color: #000000\"><img loading=\"lazy\" decoding=\"async\" class=\"alignnone size-full wp-image-898\" src=\"https:\/\/blogsaverroes.juntadeandalucia.es\/ceip-los-argonautas\/files\/2022\/01\/proyectos-2.jpg\" alt=\"\" width=\"232\" height=\"283\"><\/td>\n<\/tr>\n<\/tbody>\n<\/table>\n<p>&nbsp;<\/p>\n<p>&nbsp;<\/p>\n<p>&nbsp;<\/p>\n<p style=\"text-align: center\">&nbsp;<\/p>\n<p>&nbsp;<\/p>\n<p style=\"text-align: center\">&nbsp;<\/p>\n<p>&nbsp;<\/p>\n<p>&nbsp;<\/p>\n<p>&nbsp;<\/p>\n<p>&nbsp;<\/p>\n<p>&nbsp;<\/p>\n<p>[\/et_pb_text][\/et_pb_column][\/et_pb_row][\/et_pb_section]<\/p>\n","protected":false},"excerpt":{"rendered":"<p>2\u00ba CICLO DE EDUCACI\u00d3N INFANTIL &nbsp; El ciclo de Educaci\u00f3n Infantil en nuestro centro est\u00e1 en un edificio independiente situado en la Calle Algaida S\/N. Contamos con tres clases, cada una de ellas dedicada a una edad diferente: 3, 4 y 5 a\u00f1os. &nbsp; 3 A\u00d1OS 4 A\u00d1OS 5 A\u00d1OS Tutora: Alexandra Laynez Poley Tutora: [&hellip;]<\/p>\n","protected":false},"author":13094,"featured_media":0,"parent":0,"menu_order":0,"comment_status":"closed","ping_status":"closed","template":"","meta":{"_et_pb_use_builder":"on","_et_pb_old_content":"","_et_gb_content_width":"","ngg_post_thumbnail":0,"footnotes":""},"aioseo_notices":[],"_links":{"self":[{"href":"https:\/\/blogsaverroes.juntadeandalucia.es\/ceip-los-argonautas\/wp-json\/wp\/v2\/pages\/817"}],"collection":[{"href":"https:\/\/blogsaverroes.juntadeandalucia.es\/ceip-los-argonautas\/wp-json\/wp\/v2\/pages"}],"about":[{"href":"https:\/\/blogsaverroes.juntadeandalucia.es\/ceip-los-argonautas\/wp-json\/wp\/v2\/types\/page"}],"author":[{"embeddable":true,"href":"https:\/\/blogsaverroes.juntadeandalucia.es\/ceip-los-argonautas\/wp-json\/wp\/v2\/users\/13094"}],"replies":[{"embeddable":true,"href":"https:\/\/blogsaverroes.juntadeandalucia.es\/ceip-los-argonautas\/wp-json\/wp\/v2\/comments?post=817"}],"version-history":[{"count":14,"href":"https:\/\/blogsaverroes.juntadeandalucia.es\/ceip-los-argonautas\/wp-json\/wp\/v2\/pages\/817\/revisions"}],"predecessor-version":[{"id":1242,"href":"https:\/\/blogsaverroes.juntadeandalucia.es\/ceip-los-argonautas\/wp-json\/wp\/v2\/pages\/817\/revisions\/1242"}],"wp:attachment":[{"href":"https:\/\/blogsaverroes.juntadeandalucia.es\/ceip-los-argonautas\/wp-json\/wp\/v2\/media?parent=817"}],"curies":[{"name":"wp","href":"https:\/\/api.w.org\/{rel}","templated":true}]}}