{"id":936,"date":"2022-01-28T11:22:47","date_gmt":"2022-01-28T10:22:47","guid":{"rendered":"https:\/\/blogsaverroes.juntadeandalucia.es\/ceip-los-argonautas\/?page_id=936"},"modified":"2024-02-22T11:13:15","modified_gmt":"2024-02-22T10:13:15","slug":"personal-del-centro","status":"publish","type":"page","link":"https:\/\/blogsaverroes.juntadeandalucia.es\/ceip-los-argonautas\/personal-del-centro\/","title":{"rendered":"Personal del centro"},"content":{"rendered":"<p>[et_pb_section fb_built=&#8221;1&#8243; _builder_version=&#8221;4.14.5&#8243; custom_padding=&#8221;0px||0px|&#8221; z_index_tablet=&#8221;500&#8243; box_shadow_horizontal_tablet=&#8221;0px&#8221; box_shadow_vertical_tablet=&#8221;0px&#8221; box_shadow_blur_tablet=&#8221;40px&#8221; box_shadow_spread_tablet=&#8221;0px&#8221; global_colors_info=&#8221;{}&#8221;][et_pb_row _builder_version=&#8221;4.14.5&#8243; background_size=&#8221;initial&#8221; background_position=&#8221;top_left&#8221; background_repeat=&#8221;repeat&#8221; global_colors_info=&#8221;{}&#8221;][et_pb_column type=&#8221;4_4&#8243; _builder_version=&#8221;3.25&#8243; custom_padding=&#8221;|||&#8221; global_colors_info=&#8221;{}&#8221; custom_padding__hover=&#8221;|||&#8221;][et_pb_image title_text=&#8221;5y6-900&#215;300&#8243; admin_label=&#8221;Imagen de la portada&#8221; _builder_version=&#8221;4.14.5&#8243; z_index_tablet=&#8221;500&#8243; box_shadow_horizontal_tablet=&#8221;0px&#8221; box_shadow_vertical_tablet=&#8221;0px&#8221; box_shadow_blur_tablet=&#8221;40px&#8221; box_shadow_spread_tablet=&#8221;0px&#8221; global_colors_info=&#8221;{}&#8221;][\/et_pb_image][et_pb_text admin_label=&#8221;Texto descriptivo&#8221; _builder_version=&#8221;4.14.5&#8243; hover_enabled=&#8221;0&#8243; z_index_tablet=&#8221;500&#8243; text_text_shadow_horizontal_length_tablet=&#8221;0px&#8221; text_text_shadow_vertical_length_tablet=&#8221;0px&#8221; text_text_shadow_blur_strength_tablet=&#8221;1px&#8221; link_text_shadow_horizontal_length_tablet=&#8221;0px&#8221; link_text_shadow_vertical_length_tablet=&#8221;0px&#8221; link_text_shadow_blur_strength_tablet=&#8221;1px&#8221; ul_text_shadow_horizontal_length_tablet=&#8221;0px&#8221; ul_text_shadow_vertical_length_tablet=&#8221;0px&#8221; ul_text_shadow_blur_strength_tablet=&#8221;1px&#8221; ol_text_shadow_horizontal_length_tablet=&#8221;0px&#8221; ol_text_shadow_vertical_length_tablet=&#8221;0px&#8221; ol_text_shadow_blur_strength_tablet=&#8221;1px&#8221; quote_text_shadow_horizontal_length_tablet=&#8221;0px&#8221; quote_text_shadow_vertical_length_tablet=&#8221;0px&#8221; quote_text_shadow_blur_strength_tablet=&#8221;1px&#8221; header_text_shadow_horizontal_length_tablet=&#8221;0px&#8221; header_text_shadow_vertical_length_tablet=&#8221;0px&#8221; header_text_shadow_blur_strength_tablet=&#8221;1px&#8221; header_2_text_shadow_horizontal_length_tablet=&#8221;0px&#8221; header_2_text_shadow_vertical_length_tablet=&#8221;0px&#8221; header_2_text_shadow_blur_strength_tablet=&#8221;1px&#8221; header_3_text_shadow_horizontal_length_tablet=&#8221;0px&#8221; header_3_text_shadow_vertical_length_tablet=&#8221;0px&#8221; header_3_text_shadow_blur_strength_tablet=&#8221;1px&#8221; header_4_text_shadow_horizontal_length_tablet=&#8221;0px&#8221; header_4_text_shadow_vertical_length_tablet=&#8221;0px&#8221; header_4_text_shadow_blur_strength_tablet=&#8221;1px&#8221; header_5_text_shadow_horizontal_length_tablet=&#8221;0px&#8221; header_5_text_shadow_vertical_length_tablet=&#8221;0px&#8221; header_5_text_shadow_blur_strength_tablet=&#8221;1px&#8221; header_6_text_shadow_horizontal_length_tablet=&#8221;0px&#8221; header_6_text_shadow_vertical_length_tablet=&#8221;0px&#8221; header_6_text_shadow_blur_strength_tablet=&#8221;1px&#8221; box_shadow_horizontal_tablet=&#8221;0px&#8221; box_shadow_vertical_tablet=&#8221;0px&#8221; box_shadow_blur_tablet=&#8221;40px&#8221; box_shadow_spread_tablet=&#8221;0px&#8221; locked=&#8221;off&#8221; global_colors_info=&#8221;{}&#8221; sticky_enabled=&#8221;0&#8243;]<\/p>\n<h2 style=\"text-align: center\"><span style=\"font-family: 'comic sans ms', sans-serif;font-size: 24pt\"><strong>PERSONAL DEL CENTRO<\/strong><\/span><\/h2>\n<p>&nbsp;<\/p>\n<p><span style=\"color: #000000\">En esta p\u00e1gina pod\u00e9is ver a todo el equipo humano de nuestro centro, el CEIP Los Argonautas, que dedica sus esfuerzos y conocimientos a formar, educar y apoyar a vuestros hijos e hijas.<\/span><\/p>\n<p>&nbsp;<\/p>\n<table style=\"width: 100%;border-collapse: collapse;border-style: solid;border-color: #000000;height: 1812px\">\n<tbody>\n<tr style=\"height: 25px;background-color: #8e8adb\">\n<td style=\"width: 1.05152%;border-style: solid;border-color: #000000;text-align: center;height: 25px\" colspan=\"2\"><span style=\"color: #000000\"><span style=\"font-size: 18.6667px\"><b>EQUIPO DIRECTIVO<\/b><\/span><\/span><\/td>\n<\/tr>\n<tr style=\"height: 155px\">\n<td style=\"width: 1.05152%;border-style: solid;border-color: #000000;height: 155px\" colspan=\"2\">\n<p><span style=\"color: #000000\"><strong>Directora<\/strong>: Mercedes Cantero \u00c1lvarez<\/span><\/p>\n<p><span style=\"color: #000000\"><strong>Jefe de Estudios<\/strong>: Francisco Jos\u00e9 L\u00f3pez Tirado<\/span><\/p>\n<p><span style=\"color: #000000\"><strong>Secretario<\/strong>: Jos\u00e9 Luis Oca\u00f1a L\u00f3pez<\/span><\/p>\n<\/td>\n<\/tr>\n<tr style=\"height: 32px;background-color: #6cd481\">\n<td style=\"border-style: solid;border-color: #000000;height: 32px;text-align: center;width: 1.05152%\" colspan=\"2\"><span style=\"color: #000000\"><span style=\"font-size: 18.6667px\"><b>EDUCACI\u00d3N INFANTIL<\/b><\/span><\/span><\/td>\n<\/tr>\n<tr style=\"height: 207px\">\n<td style=\"border-style: solid;border-color: #000000;text-align: left;height: 207px;width: 1.05152%\" colspan=\"2\">\n<p><span style=\"color: #000000\"><strong>Infantil 3 a\u00f1os<\/strong>: Alexandra Laynez Poley<\/span><\/p>\n<p><span style=\"color: #000000\"><strong>Infantil 4 a\u00f1os<\/strong>: \u00c1ngela Herrera M\u00e1rquez<\/span><\/p>\n<p><span style=\"color: #000000\"><strong>Infantil 5 a\u00f1os<\/strong>: Alicia M\u00e1rquez Garc\u00eda<\/span><\/p>\n<p>&nbsp;<\/p>\n<\/td>\n<\/tr>\n<tr style=\"height: 25px;background-color: #f0a44d\">\n<td style=\"border-style: solid;border-color: #000000;text-align: center;height: 25px;width: 1.05152%\" colspan=\"2\"><span style=\"color: #000000\"><span style=\"font-size: 18.6667px\"><b>EDUCACI\u00d3N PRIMARIA<\/b><\/span><\/span><\/td>\n<\/tr>\n<tr style=\"height: 414px\">\n<td style=\"border-style: solid;border-color: #000000;text-align: center;height: 414px;width: 1.05152%\" colspan=\"2\">\n<p style=\"text-align: left\"><span style=\"color: #000000\"><strong>1\u00ba Primaria<\/strong>: Mercedes Cantero \u00c1lvarez<\/span><\/p>\n<p style=\"text-align: left\"><span style=\"color: #000000\"><strong>2\u00ba Primaria<\/strong>: Jos\u00e9 Luis Oca\u00f1a L\u00f3pez<\/span><\/p>\n<p style=\"text-align: left\"><span style=\"color: #000000\"><strong>3\u00ba Primaria<\/strong>: David Gonz\u00e1lez Moreno<\/span><\/p>\n<p style=\"text-align: left\"><span style=\"color: #000000\"><strong>4\u00ba Primaria<\/strong>: Diego Mantero Fern\u00e1ndez<\/span><\/p>\n<p style=\"text-align: left\"><span style=\"color: #000000\"><strong>5\u00ba Primaria<\/strong>: Mar\u00eda del Mar Ramos Alcedo<\/span><\/p>\n<p style=\"text-align: left\"><span style=\"color: #000000\"><strong>6\u00ba A Primaria<\/strong>: \u00c1ngela Ben\u00edtez Soria<\/span><\/p>\n<p style=\"text-align: left\"><span style=\"color: #000000\"><strong>6\u00ba B Primaria<\/strong>: Ra\u00fal \u00c1lvarez Arag\u00f3n<\/span><\/p>\n<p>&nbsp;<\/p>\n<\/td>\n<\/tr>\n<tr style=\"height: 25px;background-color: #76bee8\">\n<td style=\"border-style: solid;border-color: #000000;text-align: center;height: 25px;width: 1.05152%\" colspan=\"2\"><span style=\"color: #000000\"><span style=\"font-size: 18.6667px\"><b>ESPECIALISTAS<\/b><\/span><\/span><\/td>\n<\/tr>\n<tr style=\"height: 517px\">\n<td style=\"border-style: solid;border-color: #000000;text-align: left;height: 517px;width: 1.05152%\" colspan=\"2\">\n<p><span style=\"color: #000000\"><strong>Ingl\u00e9s<\/strong>: David Gonz\u00e1lez Moreno (Infantil, 1\u00ba, 2\u00ba y 3\u00ba) \/ M\u00aa del Mar Ramos Alcedo (4\u00ba, 5\u00ba y 6\u00ba).&nbsp;<\/span><\/p>\n<p><span style=\"color: #000000\"><strong>Franc\u00e9s<\/strong>: Cristina Gim\u00e9nez S\u00e1nchez<\/span><\/p>\n<p><span style=\"color: #000000\"><strong>Educaci\u00f3n F\u00edsica<\/strong>: Manas\u00e9s Espada S\u00e1nchez<\/span><\/p>\n<p><span style=\"color: #000000\"><strong>M\u00fasica y Pl\u00e1stica: <\/strong>Francisco Jos\u00e9 L\u00f3pez Tirado<\/span><\/p>\n<p><span style=\"color: #000000\"><strong>Religi\u00f3n<\/strong>: Gloria Est\u00edvaliz L\u00f3pez<\/span><\/p>\n<p><span style=\"color: #000000\"><strong>Programa de Refuerzo<\/strong>: Cristina Gim\u00e9nez S\u00e1nchez, Diego Mantero Fern\u00e1ndez, \u00c1ngela Ben\u00edtez Soria.&nbsp;<\/span><\/p>\n<p><span style=\"color: #000000\"><strong>PT<\/strong>: Estela Rold\u00e1n Vel\u00e1zquez<\/span><\/p>\n<p><span style=\"color: #000000\"><strong>Logopeda<\/strong>: M\u00aa Rosario Romero Pastrana<\/span><\/p>\n<p><span style=\"color: #000000\"><strong>Orientadora<\/strong>: Lola Castellano Ca\u00f1as<\/span><\/p>\n<p>&nbsp;<\/p>\n<\/td>\n<\/tr>\n<tr style=\"height: 25px;background-color: #e697de\">\n<td style=\"border-style: solid;border-color: #000000;text-align: center;height: 25px;width: 1.05152%\" colspan=\"2\"><span style=\"color: #000000\"><span style=\"font-size: 18.6667px\"><b>PERSONAL NO DOCENTE<\/b><\/span><\/span><\/td>\n<\/tr>\n<tr style=\"height: 207px\">\n<td style=\"border-style: solid;border-color: #000000;text-align: left;height: 207px;width: 1.05152%\" colspan=\"2\">\n<p><span style=\"color: #000000\"><strong>Administrativa<\/strong>: Esther Ant\u00f3n Notario<\/span><\/p>\n<p><span style=\"color: #000000\"><strong>Conserje del edificio de Infantil<\/strong>: Javier V\u00e1zquez Rodr\u00edguez<\/span><\/p>\n<p><span style=\"color: #000000\"><strong>Conserje del edificio de Primaria<\/strong>: Silvia S\u00e1ez Romero<\/span><\/p>\n<p>&nbsp;<\/p>\n<\/td>\n<\/tr>\n<tr style=\"height: 25px;background-color: #faf573\">\n<td style=\"border-style: solid;border-color: #000000;text-align: center;height: 25px;width: 1.05152%\" colspan=\"2\"><span style=\"color: #000000\"><span style=\"font-size: 18.6667px\"><b>PERSONAL DE SERVICIOS COMPLEMENTARIOS<\/b><\/span><\/span><\/td>\n<\/tr>\n<tr style=\"height: 155px\">\n<td style=\"width: 1.05152%;border-style: solid;border-color: #000000;text-align: left;height: 155px\" colspan=\"2\">\n<p><span style=\"color: #000000\"><strong>Aula Matinal<\/strong>: M\u00aa Nieves Col\u00f3n Palacios y Mar\u00eda Torres G\u00f3mez<\/span><\/p>\n<p><span style=\"color: #000000\"><strong>Comedor<\/strong>: Roc\u00edo Cabo Cabo, Rosal\u00eda Casta\u00f1o G\u00f3mez y M\u00aa Jos\u00e9 Tirado Velarde<\/span><\/p>\n<p>&nbsp;<\/p>\n<\/td>\n<\/tr>\n<\/tbody>\n<\/table>\n<p>&nbsp;<\/p>\n<p>[\/et_pb_text][\/et_pb_column][\/et_pb_row][\/et_pb_section]<\/p>\n","protected":false},"excerpt":{"rendered":"<p>PERSONAL DEL CENTRO &nbsp; En esta p\u00e1gina pod\u00e9is ver a todo el equipo humano de nuestro centro, el CEIP Los Argonautas, que dedica sus esfuerzos y conocimientos a formar, educar y apoyar a vuestros hijos e hijas. &nbsp; EQUIPO DIRECTIVO Directora: Mercedes Cantero \u00c1lvarez Jefe de Estudios: Francisco Jos\u00e9 L\u00f3pez Tirado Secretario: Jos\u00e9 Luis Oca\u00f1a [&hellip;]<\/p>\n","protected":false},"author":13094,"featured_media":0,"parent":0,"menu_order":0,"comment_status":"closed","ping_status":"closed","template":"","meta":{"_et_pb_use_builder":"on","_et_pb_old_content":"","_et_gb_content_width":"","ngg_post_thumbnail":0,"footnotes":""},"aioseo_notices":[],"_links":{"self":[{"href":"https:\/\/blogsaverroes.juntadeandalucia.es\/ceip-los-argonautas\/wp-json\/wp\/v2\/pages\/936"}],"collection":[{"href":"https:\/\/blogsaverroes.juntadeandalucia.es\/ceip-los-argonautas\/wp-json\/wp\/v2\/pages"}],"about":[{"href":"https:\/\/blogsaverroes.juntadeandalucia.es\/ceip-los-argonautas\/wp-json\/wp\/v2\/types\/page"}],"author":[{"embeddable":true,"href":"https:\/\/blogsaverroes.juntadeandalucia.es\/ceip-los-argonautas\/wp-json\/wp\/v2\/users\/13094"}],"replies":[{"embeddable":true,"href":"https:\/\/blogsaverroes.juntadeandalucia.es\/ceip-los-argonautas\/wp-json\/wp\/v2\/comments?post=936"}],"version-history":[{"count":9,"href":"https:\/\/blogsaverroes.juntadeandalucia.es\/ceip-los-argonautas\/wp-json\/wp\/v2\/pages\/936\/revisions"}],"predecessor-version":[{"id":1258,"href":"https:\/\/blogsaverroes.juntadeandalucia.es\/ceip-los-argonautas\/wp-json\/wp\/v2\/pages\/936\/revisions\/1258"}],"wp:attachment":[{"href":"https:\/\/blogsaverroes.juntadeandalucia.es\/ceip-los-argonautas\/wp-json\/wp\/v2\/media?parent=936"}],"curies":[{"name":"wp","href":"https:\/\/api.w.org\/{rel}","templated":true}]}}