{"id":983,"date":"2022-02-22T13:50:50","date_gmt":"2022-02-22T12:50:50","guid":{"rendered":"https:\/\/blogsaverroes.juntadeandalucia.es\/ceip-los-argonautas\/?page_id=983"},"modified":"2022-03-09T09:38:51","modified_gmt":"2022-03-09T08:38:51","slug":"programa-prevencion-violencia-de-genero","status":"publish","type":"page","link":"https:\/\/blogsaverroes.juntadeandalucia.es\/ceip-los-argonautas\/programa-prevencion-violencia-de-genero\/","title":{"rendered":"Programa Prevenci\u00f3n Violencia de G\u00e9nero"},"content":{"rendered":"<p>[et_pb_section fb_built=&#8221;1&#8243; _builder_version=&#8221;3.23.3&#8243; custom_padding=&#8221;0px||0px|&#8221; z_index_tablet=&#8221;500&#8243; box_shadow_horizontal_tablet=&#8221;0px&#8221; box_shadow_vertical_tablet=&#8221;0px&#8221; box_shadow_blur_tablet=&#8221;40px&#8221; box_shadow_spread_tablet=&#8221;0px&#8221; global_colors_info=&#8221;{}&#8221;][et_pb_row _builder_version=&#8221;3.25&#8243; background_size=&#8221;initial&#8221; background_position=&#8221;top_left&#8221; background_repeat=&#8221;repeat&#8221; global_colors_info=&#8221;{}&#8221;][et_pb_column type=&#8221;4_4&#8243; _builder_version=&#8221;3.25&#8243; custom_padding=&#8221;|||&#8221; global_colors_info=&#8221;{}&#8221; custom_padding__hover=&#8221;|||&#8221;][et_pb_image src=&#8221;https:\/\/blogsaverroes.juntadeandalucia.es\/ceip-los-argonautas\/files\/2021\/11\/LOGO-PACTOE-STADO-VIOLENCIA-DE-G\u00c9NERO.jpg&#8221; title_text=&#8221;LOGO PACTOE STADO VIOLENCIA DE G\u00c9NERO&#8221; align=&#8221;center&#8221; admin_label=&#8221;Imagen de la portada&#8221; _builder_version=&#8221;4.14.5&#8243; module_alignment=&#8221;center&#8221; z_index_tablet=&#8221;500&#8243; box_shadow_horizontal_tablet=&#8221;0px&#8221; box_shadow_vertical_tablet=&#8221;0px&#8221; box_shadow_blur_tablet=&#8221;40px&#8221; box_shadow_spread_tablet=&#8221;0px&#8221; global_colors_info=&#8221;{}&#8221;][\/et_pb_image][et_pb_text admin_label=&#8221;Texto descriptivo&#8221; _builder_version=&#8221;4.14.5&#8243; hover_enabled=&#8221;0&#8243; z_index_tablet=&#8221;500&#8243; text_text_shadow_horizontal_length_tablet=&#8221;0px&#8221; text_text_shadow_vertical_length_tablet=&#8221;0px&#8221; text_text_shadow_blur_strength_tablet=&#8221;1px&#8221; link_text_shadow_horizontal_length_tablet=&#8221;0px&#8221; link_text_shadow_vertical_length_tablet=&#8221;0px&#8221; link_text_shadow_blur_strength_tablet=&#8221;1px&#8221; ul_text_shadow_horizontal_length_tablet=&#8221;0px&#8221; ul_text_shadow_vertical_length_tablet=&#8221;0px&#8221; ul_text_shadow_blur_strength_tablet=&#8221;1px&#8221; ol_text_shadow_horizontal_length_tablet=&#8221;0px&#8221; ol_text_shadow_vertical_length_tablet=&#8221;0px&#8221; ol_text_shadow_blur_strength_tablet=&#8221;1px&#8221; quote_text_shadow_horizontal_length_tablet=&#8221;0px&#8221; quote_text_shadow_vertical_length_tablet=&#8221;0px&#8221; quote_text_shadow_blur_strength_tablet=&#8221;1px&#8221; header_text_shadow_horizontal_length_tablet=&#8221;0px&#8221; header_text_shadow_vertical_length_tablet=&#8221;0px&#8221; header_text_shadow_blur_strength_tablet=&#8221;1px&#8221; header_2_text_shadow_horizontal_length_tablet=&#8221;0px&#8221; header_2_text_shadow_vertical_length_tablet=&#8221;0px&#8221; header_2_text_shadow_blur_strength_tablet=&#8221;1px&#8221; header_3_text_shadow_horizontal_length_tablet=&#8221;0px&#8221; header_3_text_shadow_vertical_length_tablet=&#8221;0px&#8221; header_3_text_shadow_blur_strength_tablet=&#8221;1px&#8221; header_4_text_shadow_horizontal_length_tablet=&#8221;0px&#8221; header_4_text_shadow_vertical_length_tablet=&#8221;0px&#8221; header_4_text_shadow_blur_strength_tablet=&#8221;1px&#8221; header_5_text_shadow_horizontal_length_tablet=&#8221;0px&#8221; header_5_text_shadow_vertical_length_tablet=&#8221;0px&#8221; header_5_text_shadow_blur_strength_tablet=&#8221;1px&#8221; header_6_text_shadow_horizontal_length_tablet=&#8221;0px&#8221; header_6_text_shadow_vertical_length_tablet=&#8221;0px&#8221; header_6_text_shadow_blur_strength_tablet=&#8221;1px&#8221; box_shadow_horizontal_tablet=&#8221;0px&#8221; box_shadow_vertical_tablet=&#8221;0px&#8221; box_shadow_blur_tablet=&#8221;40px&#8221; box_shadow_spread_tablet=&#8221;0px&#8221; global_colors_info=&#8221;{}&#8221; sticky_enabled=&#8221;0&#8243;]<\/p>\n<h2>&nbsp;<\/h2>\n<p><span style=\"color: #000000\">El II Plan Estrat\u00e9gico de Igualdad de G\u00e9nero en Educaci\u00f3n establece entre sus l\u00edneas estrat\u00e9gicas la prevenci\u00f3n de la violencia de g\u00e9nero, proponiendo para ello la inclusi\u00f3n en el Plan de Igualdad de G\u00e9nero de los centros docentes actuaciones de sensibilizaci\u00f3n, formaci\u00f3n e implicaci\u00f3n de la comunidad educativa en la prevenci\u00f3n de la violencia de g\u00e9nero.<\/span><\/p>\n<p><span style=\"color: #000000\">La eliminaci\u00f3n de la violencia contra las mujeres, uno de los problemas m\u00e1s graves y complejos que afronta nuestra sociedad, es una tarea conjunta que requiere la colaboraci\u00f3n y cooperaci\u00f3n de multitud de agentes, tanto p\u00fablicos como privados. Es la sociedad en su totalidad la que debe implicarse para lograr su erradicaci\u00f3n.<\/span><\/p>\n<p><span style=\"color: #000000\">En este cometido destaca el papel clave e indispensable de los centros docentes por ser contextos privilegiados para fomentar valores igualitarios, libres de prejuicios y de estereotipos sexistas y para proporcionar modelos de relaciones interpersonales basadas en el respeto y el rechazo de cualquier tipo de violencia.<\/span><\/p>\n<p><span style=\"color: #000000\">La Consejer\u00eda de Educaci\u00f3n y Deporte, con la aportaci\u00f3n presupuestaria del Pacto de Estado contra la Violencia de G\u00e9nero, promueve anualmente la Convocatoria para la realizaci\u00f3n de medidas y actuaciones destinadas a la prevenci\u00f3n de la violencia de g\u00e9nero en los centros docentes p\u00fablicos dependientes de la Consejer\u00eda Educaci\u00f3n y Deporte de la Junta de Andaluc\u00eda.<\/span><\/p>\n<h2>&nbsp;<\/h2>\n<p><span style=\"color: #000000\">Desde nuestro cole organizamos una serie de actividades durante el curso para visualizar y promover entre nuestro alumnado la prevenci\u00f3n de la violencia de g\u00e9nero, creando as\u00ed ni\u00f1os\/as m\u00e1s respetuosos y concienciados con la sociedad.<\/span><\/p>\n<p>&nbsp;<\/p>\n<h2><span style=\"color: #ae61e8\"><strong>D\u00cdA INTERNACIONAL DE LA ELIMINACI\u00d3N DE LA VIOLENCIA CONTRA LA MUJER 25N<\/strong><\/span><\/h2>\n<p>&nbsp;<\/p>\n<p><span style=\"color: #000000\">El curso comienza con la celebraci\u00f3n del D\u00eda de la NO violencia. Estas son algunas de las actividades que realizamos durante esa semana:&nbsp;<\/span><\/p>\n<p>&nbsp;<\/p>\n<div style=\"width: 640px;\" class=\"wp-video\"><!--[if lt IE 9]><script>document.createElement('video');<\/script><![endif]-->\n<video class=\"wp-video-shortcode\" id=\"video-983-1\" width=\"640\" height=\"352\" preload=\"metadata\" controls=\"controls\"><source type=\"video\/mp4\" src=\"https:\/\/blogsaverroes.juntadeandalucia.es\/ceip-los-argonautas\/files\/2022\/03\/e883b02b-f870-4bad-a2ea-7ec0e3eed569.mp4?_=1\" \/><a href=\"https:\/\/blogsaverroes.juntadeandalucia.es\/ceip-los-argonautas\/files\/2022\/03\/e883b02b-f870-4bad-a2ea-7ec0e3eed569.mp4\">https:\/\/blogsaverroes.juntadeandalucia.es\/ceip-los-argonautas\/files\/2022\/03\/e883b02b-f870-4bad-a2ea-7ec0e3eed569.mp4<\/a><\/video><\/div>\n<p>&nbsp;<\/p>\n<p>&nbsp;<\/p>\n<p><img loading=\"lazy\" decoding=\"async\" class=\"alignnone size-medium wp-image-1013\" src=\"https:\/\/blogsaverroes.juntadeandalucia.es\/ceip-los-argonautas\/files\/2022\/03\/260186048_1070419467055028_8321418958288816788_n-225x300.jpg\" alt=\"\" width=\"225\" height=\"300\"> <img loading=\"lazy\" decoding=\"async\" class=\"alignnone size-medium wp-image-1011\" src=\"https:\/\/blogsaverroes.juntadeandalucia.es\/ceip-los-argonautas\/files\/2022\/03\/260072652_1070419487055026_1451502791189052171_n-300x225.jpg\" alt=\"\" width=\"300\" height=\"225\"> <img loading=\"lazy\" decoding=\"async\" class=\"alignnone size-medium wp-image-1010\" src=\"https:\/\/blogsaverroes.juntadeandalucia.es\/ceip-los-argonautas\/files\/2022\/03\/260162940_1070419577055017_4697003878483283000_n-300x225.jpg\" alt=\"\" width=\"300\" height=\"225\"> <img loading=\"lazy\" decoding=\"async\" class=\"alignnone size-medium wp-image-1009\" src=\"https:\/\/blogsaverroes.juntadeandalucia.es\/ceip-los-argonautas\/files\/2022\/03\/260062258_1070419587055016_4076625100902689580_n-300x225.jpg\" alt=\"\" width=\"300\" height=\"225\"> <img loading=\"lazy\" decoding=\"async\" class=\"alignnone size-medium wp-image-1008\" src=\"https:\/\/blogsaverroes.juntadeandalucia.es\/ceip-los-argonautas\/files\/2022\/03\/260214111_1070419603721681_2373249817345521691_n-300x225.jpg\" alt=\"\" width=\"300\" height=\"225\"> <img loading=\"lazy\" decoding=\"async\" class=\"alignnone size-medium wp-image-1007\" src=\"https:\/\/blogsaverroes.juntadeandalucia.es\/ceip-los-argonautas\/files\/2022\/03\/260173889_1070419670388341_8724545062975668700_n-300x225.jpg\" alt=\"\" width=\"300\" height=\"225\"><\/p>\n<h2>&nbsp;<\/h2>\n<h2>&nbsp;<\/h2>\n<h2 style=\"text-align: left\"><strong><span style=\"color: #a458db\">CELEBRACI\u00d3N DEL D\u00cdA DE LA MUJER 8M<\/span><\/strong><\/h2>\n<p>&nbsp;<\/p>\n<p><span style=\"color: #000000\">Desde nuestro cole celebramos el D\u00eda de la Mujer con una carrera solidaria. As\u00ed aprendemos y nos lo pasamos bien!! \ud83d\ude09<\/span><\/p>\n<p>&nbsp;<\/p>\n<p><img loading=\"lazy\" decoding=\"async\" class=\"size-medium wp-image-1004 aligncenter\" src=\"https:\/\/blogsaverroes.juntadeandalucia.es\/ceip-los-argonautas\/files\/2022\/03\/Cartel-Carrera-Solidaria_page-0001-212x300.jpg\" alt=\"\" width=\"212\" height=\"300\"><\/p>\n<p>&nbsp;<\/p>\n<p><img loading=\"lazy\" decoding=\"async\" class=\"alignnone size-medium wp-image-1022\" src=\"https:\/\/blogsaverroes.juntadeandalucia.es\/ceip-los-argonautas\/files\/2022\/03\/b528fffc-d447-480e-be6b-1354719e1d14-300x226.jpg\" alt=\"\" width=\"300\" height=\"226\"> <img loading=\"lazy\" decoding=\"async\" class=\"alignnone size-medium wp-image-1033\" src=\"https:\/\/blogsaverroes.juntadeandalucia.es\/ceip-los-argonautas\/files\/2022\/03\/e4eb4348-a187-440d-8ce3-caacfdc1c10a-300x226.jpg\" alt=\"\" width=\"300\" height=\"226\"> <img loading=\"lazy\" decoding=\"async\" class=\"alignnone size-medium wp-image-1031\" src=\"https:\/\/blogsaverroes.juntadeandalucia.es\/ceip-los-argonautas\/files\/2022\/03\/0c5436be-902e-447a-ac96-014a05573bf5-300x226.jpg\" alt=\"\" width=\"300\" height=\"226\"> <img loading=\"lazy\" decoding=\"async\" class=\"alignnone size-medium wp-image-1028\" src=\"https:\/\/blogsaverroes.juntadeandalucia.es\/ceip-los-argonautas\/files\/2022\/03\/0fcfebc8-e0b6-4ef3-afe9-d973b0d7eafe-226x300.jpg\" alt=\"\" width=\"226\" height=\"300\"> <img loading=\"lazy\" decoding=\"async\" class=\"alignnone size-medium wp-image-1027\" src=\"https:\/\/blogsaverroes.juntadeandalucia.es\/ceip-los-argonautas\/files\/2022\/03\/822913b1-783e-4c24-86f7-00c8778689ff-300x226.jpg\" alt=\"\" width=\"300\" height=\"226\"><img loading=\"lazy\" decoding=\"async\" class=\"alignnone size-medium wp-image-1036\" src=\"https:\/\/blogsaverroes.juntadeandalucia.es\/ceip-los-argonautas\/files\/2022\/03\/d48b52ad-9862-4ebc-8a27-c67962909495-300x133.jpg\" alt=\"\" width=\"300\" height=\"133\"><img loading=\"lazy\" decoding=\"async\" class=\"alignnone size-medium wp-image-1044\" src=\"https:\/\/blogsaverroes.juntadeandalucia.es\/ceip-los-argonautas\/files\/2022\/03\/a28ad173-de2b-413f-91ee-5280b8846326-225x300.jpg\" alt=\"\" width=\"225\" height=\"300\"> <img loading=\"lazy\" decoding=\"async\" class=\"alignnone size-medium wp-image-1043\" src=\"https:\/\/blogsaverroes.juntadeandalucia.es\/ceip-los-argonautas\/files\/2022\/03\/3f3de1b4-ec8f-488d-a4f0-be6ebfc032d0-225x300.jpg\" alt=\"\" width=\"225\" height=\"300\"> <img loading=\"lazy\" decoding=\"async\" class=\"alignnone size-medium wp-image-1042\" src=\"https:\/\/blogsaverroes.juntadeandalucia.es\/ceip-los-argonautas\/files\/2022\/03\/6b298c5e-95aa-4d61-ae4f-e5eb00e21b56-300x225.jpg\" alt=\"\" width=\"300\" height=\"225\"> <img loading=\"lazy\" decoding=\"async\" class=\"alignnone size-medium wp-image-1041\" src=\"https:\/\/blogsaverroes.juntadeandalucia.es\/ceip-los-argonautas\/files\/2022\/03\/d9fc9d67-827a-4eb1-9cc1-a6466221abce-225x300.jpg\" alt=\"\" width=\"225\" height=\"300\"> <img loading=\"lazy\" decoding=\"async\" class=\"alignnone size-medium wp-image-1040\" src=\"https:\/\/blogsaverroes.juntadeandalucia.es\/ceip-los-argonautas\/files\/2022\/03\/ef624891-e58d-4dcc-a2c4-93f0f1f6ad4e-300x225.jpg\" alt=\"\" width=\"300\" height=\"225\"> <img loading=\"lazy\" decoding=\"async\" class=\"alignnone size-medium wp-image-1039\" src=\"https:\/\/blogsaverroes.juntadeandalucia.es\/ceip-los-argonautas\/files\/2022\/03\/d0638df6-acfc-47cf-90d3-0a7675732662-225x300.jpg\" alt=\"\" width=\"225\" height=\"300\"><\/p>\n<p>&nbsp;<\/p>\n<p>&nbsp;<\/p>\n<p>&nbsp;<\/p>\n<p>&nbsp;<\/p>\n<p style=\"text-align: center\">&nbsp;<\/p>\n<p>&nbsp;<\/p>\n<p>[\/et_pb_text][\/et_pb_column][\/et_pb_row][\/et_pb_section]<\/p>\n","protected":false},"excerpt":{"rendered":"<p>&nbsp; El II Plan Estrat\u00e9gico de Igualdad de G\u00e9nero en Educaci\u00f3n establece entre sus l\u00edneas estrat\u00e9gicas la prevenci\u00f3n de la violencia de g\u00e9nero, proponiendo para ello la inclusi\u00f3n en el Plan de Igualdad de G\u00e9nero de los centros docentes actuaciones de sensibilizaci\u00f3n, formaci\u00f3n e implicaci\u00f3n de la comunidad educativa en la prevenci\u00f3n de la violencia [&hellip;]<\/p>\n","protected":false},"author":13094,"featured_media":0,"parent":0,"menu_order":0,"comment_status":"closed","ping_status":"closed","template":"","meta":{"_et_pb_use_builder":"on","_et_pb_old_content":"","_et_gb_content_width":"","ngg_post_thumbnail":0,"footnotes":""},"aioseo_notices":[],"_links":{"self":[{"href":"https:\/\/blogsaverroes.juntadeandalucia.es\/ceip-los-argonautas\/wp-json\/wp\/v2\/pages\/983"}],"collection":[{"href":"https:\/\/blogsaverroes.juntadeandalucia.es\/ceip-los-argonautas\/wp-json\/wp\/v2\/pages"}],"about":[{"href":"https:\/\/blogsaverroes.juntadeandalucia.es\/ceip-los-argonautas\/wp-json\/wp\/v2\/types\/page"}],"author":[{"embeddable":true,"href":"https:\/\/blogsaverroes.juntadeandalucia.es\/ceip-los-argonautas\/wp-json\/wp\/v2\/users\/13094"}],"replies":[{"embeddable":true,"href":"https:\/\/blogsaverroes.juntadeandalucia.es\/ceip-los-argonautas\/wp-json\/wp\/v2\/comments?post=983"}],"version-history":[{"count":13,"href":"https:\/\/blogsaverroes.juntadeandalucia.es\/ceip-los-argonautas\/wp-json\/wp\/v2\/pages\/983\/revisions"}],"predecessor-version":[{"id":1046,"href":"https:\/\/blogsaverroes.juntadeandalucia.es\/ceip-los-argonautas\/wp-json\/wp\/v2\/pages\/983\/revisions\/1046"}],"wp:attachment":[{"href":"https:\/\/blogsaverroes.juntadeandalucia.es\/ceip-los-argonautas\/wp-json\/wp\/v2\/media?parent=983"}],"curies":[{"name":"wp","href":"https:\/\/api.w.org\/{rel}","templated":true}]}}