{"id":984,"date":"2022-02-22T13:50:51","date_gmt":"2022-02-22T12:50:51","guid":{"rendered":"https:\/\/blogsaverroes.juntadeandalucia.es\/ceip-los-argonautas\/?page_id=984"},"modified":"2022-03-29T11:48:03","modified_gmt":"2022-03-29T10:48:03","slug":"otras-actividades","status":"publish","type":"page","link":"https:\/\/blogsaverroes.juntadeandalucia.es\/ceip-los-argonautas\/otras-actividades\/","title":{"rendered":"Otras Actividades"},"content":{"rendered":"<p>[et_pb_section fb_built=&#8221;1&#8243; _builder_version=&#8221;3.23.3&#8243; custom_padding=&#8221;0px||0px|&#8221; z_index_tablet=&#8221;500&#8243; box_shadow_horizontal_tablet=&#8221;0px&#8221; box_shadow_vertical_tablet=&#8221;0px&#8221; box_shadow_blur_tablet=&#8221;40px&#8221; box_shadow_spread_tablet=&#8221;0px&#8221; global_colors_info=&#8221;{}&#8221;][et_pb_row _builder_version=&#8221;3.25&#8243; background_size=&#8221;initial&#8221; background_position=&#8221;top_left&#8221; background_repeat=&#8221;repeat&#8221; global_colors_info=&#8221;{}&#8221;][et_pb_column type=&#8221;4_4&#8243; _builder_version=&#8221;3.25&#8243; custom_padding=&#8221;|||&#8221; global_colors_info=&#8221;{}&#8221; custom_padding__hover=&#8221;|||&#8221;][et_pb_image src=&#8221;https:\/\/blogsaverroes.juntadeandalucia.es\/ceip-los-argonautas\/files\/2022\/03\/school-flat-vector-illustrations-set-3646057.jpg&#8221; title_text=&#8221;school-flat-vector-illustrations-set-3646057&#8243; align=&#8221;center&#8221; admin_label=&#8221;Imagen de la portada&#8221; _builder_version=&#8221;4.14.5&#8243; module_alignment=&#8221;center&#8221; z_index_tablet=&#8221;500&#8243; box_shadow_horizontal_tablet=&#8221;0px&#8221; box_shadow_vertical_tablet=&#8221;0px&#8221; box_shadow_blur_tablet=&#8221;40px&#8221; box_shadow_spread_tablet=&#8221;0px&#8221; global_colors_info=&#8221;{}&#8221;][\/et_pb_image][et_pb_text admin_label=&#8221;Texto descriptivo&#8221; _builder_version=&#8221;4.14.5&#8243; hover_enabled=&#8221;0&#8243; z_index_tablet=&#8221;500&#8243; text_text_shadow_horizontal_length_tablet=&#8221;0px&#8221; text_text_shadow_vertical_length_tablet=&#8221;0px&#8221; text_text_shadow_blur_strength_tablet=&#8221;1px&#8221; link_text_shadow_horizontal_length_tablet=&#8221;0px&#8221; link_text_shadow_vertical_length_tablet=&#8221;0px&#8221; link_text_shadow_blur_strength_tablet=&#8221;1px&#8221; ul_text_shadow_horizontal_length_tablet=&#8221;0px&#8221; ul_text_shadow_vertical_length_tablet=&#8221;0px&#8221; ul_text_shadow_blur_strength_tablet=&#8221;1px&#8221; ol_text_shadow_horizontal_length_tablet=&#8221;0px&#8221; ol_text_shadow_vertical_length_tablet=&#8221;0px&#8221; ol_text_shadow_blur_strength_tablet=&#8221;1px&#8221; quote_text_shadow_horizontal_length_tablet=&#8221;0px&#8221; quote_text_shadow_vertical_length_tablet=&#8221;0px&#8221; quote_text_shadow_blur_strength_tablet=&#8221;1px&#8221; header_text_shadow_horizontal_length_tablet=&#8221;0px&#8221; header_text_shadow_vertical_length_tablet=&#8221;0px&#8221; header_text_shadow_blur_strength_tablet=&#8221;1px&#8221; header_2_text_shadow_horizontal_length_tablet=&#8221;0px&#8221; header_2_text_shadow_vertical_length_tablet=&#8221;0px&#8221; header_2_text_shadow_blur_strength_tablet=&#8221;1px&#8221; header_3_text_shadow_horizontal_length_tablet=&#8221;0px&#8221; header_3_text_shadow_vertical_length_tablet=&#8221;0px&#8221; header_3_text_shadow_blur_strength_tablet=&#8221;1px&#8221; header_4_text_shadow_horizontal_length_tablet=&#8221;0px&#8221; header_4_text_shadow_vertical_length_tablet=&#8221;0px&#8221; header_4_text_shadow_blur_strength_tablet=&#8221;1px&#8221; header_5_text_shadow_horizontal_length_tablet=&#8221;0px&#8221; header_5_text_shadow_vertical_length_tablet=&#8221;0px&#8221; header_5_text_shadow_blur_strength_tablet=&#8221;1px&#8221; header_6_text_shadow_horizontal_length_tablet=&#8221;0px&#8221; header_6_text_shadow_vertical_length_tablet=&#8221;0px&#8221; header_6_text_shadow_blur_strength_tablet=&#8221;1px&#8221; box_shadow_horizontal_tablet=&#8221;0px&#8221; box_shadow_vertical_tablet=&#8221;0px&#8221; box_shadow_blur_tablet=&#8221;40px&#8221; box_shadow_spread_tablet=&#8221;0px&#8221; global_colors_info=&#8221;{}&#8221; sticky_enabled=&#8221;0&#8243;]<\/p>\n<p>Empieza un nuevo curso escolar, pero todo no va a ser trabajar, no? As\u00ed que adem\u00e1s de organizar y preparar nuestras clases diarias tambi\u00e9n hay tiempo para pensar en pas\u00e1rnoslo bien junto a nuestros alumnos, jugando sin dejar de aprender.<\/p>\n<p>Aqu\u00ed os iremos dejando algunas de esas actividades que vamos haciendo a lo largo del curso. Esperemos que os encanten!!!!<\/p>\n<p>&nbsp;<\/p>\n<p>&nbsp;<\/p>\n<h2><span style=\"color: #ff6600\"><strong>NUESTRO HUERTO ESCOLAR<\/strong><\/span><\/h2>\n<p>&nbsp;<\/p>\n<p><img loading=\"lazy\" decoding=\"async\" class=\"alignnone size-medium wp-image-1114\" src=\"https:\/\/blogsaverroes.juntadeandalucia.es\/ceip-los-argonautas\/files\/2022\/03\/271851796_1100082697422038_5143853894667923360_n-225x300.jpg\" alt=\"\" width=\"225\" height=\"300\"> <img loading=\"lazy\" decoding=\"async\" class=\"alignnone size-medium wp-image-1117\" src=\"https:\/\/blogsaverroes.juntadeandalucia.es\/ceip-los-argonautas\/files\/2022\/03\/271845644_1100082517422056_8898182586919800177_n-300x225.jpg\" alt=\"\" width=\"300\" height=\"225\"> <img loading=\"lazy\" decoding=\"async\" class=\"alignnone size-medium wp-image-1118\" src=\"https:\/\/blogsaverroes.juntadeandalucia.es\/ceip-los-argonautas\/files\/2022\/03\/271852487_1100082507422057_6108785887305432272_n-300x225.jpg\" alt=\"\" width=\"300\" height=\"225\"> <img loading=\"lazy\" decoding=\"async\" class=\"alignnone size-medium wp-image-1119\" src=\"https:\/\/blogsaverroes.juntadeandalucia.es\/ceip-los-argonautas\/files\/2022\/03\/271846441_1100082510755390_6733354775369722950_n-300x225.jpg\" alt=\"\" width=\"300\" height=\"225\"><\/p>\n<p><img loading=\"lazy\" decoding=\"async\" class=\"alignnone size-medium wp-image-1116\" src=\"https:\/\/blogsaverroes.juntadeandalucia.es\/ceip-los-argonautas\/files\/2022\/03\/271850126_1100082627422045_4589490327012442983_n-300x225.jpg\" alt=\"\" width=\"300\" height=\"225\"> <img loading=\"lazy\" decoding=\"async\" class=\"alignnone size-medium wp-image-1113\" src=\"https:\/\/blogsaverroes.juntadeandalucia.es\/ceip-los-argonautas\/files\/2022\/03\/271859444_1100082777422030_8568659549323952896_n-300x225.jpg\" alt=\"\" width=\"300\" height=\"225\"><\/p>\n<h2>&nbsp;<\/h2>\n<h2>&nbsp;<\/h2>\n<h2><span style=\"color: #ff0000\"><strong>D\u00cdA DE HALLOWEEN 31 OCTUBRE<\/strong><\/span><\/h2>\n<p>&nbsp;<\/p>\n<p><img loading=\"lazy\" decoding=\"async\" class=\"size-medium wp-image-1109 aligncenter\" src=\"https:\/\/blogsaverroes.juntadeandalucia.es\/ceip-los-argonautas\/files\/2022\/03\/248621592_1052415162188792_3096735905455222522_n-300x225.jpg\" alt=\"\" width=\"300\" height=\"225\"><\/p>\n<div style=\"width: 1080px;\" class=\"wp-video\"><!--[if lt IE 9]><script>document.createElement('video');<\/script><![endif]-->\n<video class=\"wp-video-shortcode\" id=\"video-984-1\" width=\"1080\" height=\"608\" preload=\"metadata\" controls=\"controls\"><source type=\"video\/mp4\" src=\"https:\/\/blogsaverroes.juntadeandalucia.es\/ceip-los-argonautas\/files\/2022\/03\/272675841_1941193166264158_6552745342384939675_n-1.mp4?_=1\" \/><a href=\"https:\/\/blogsaverroes.juntadeandalucia.es\/ceip-los-argonautas\/files\/2022\/03\/272675841_1941193166264158_6552745342384939675_n-1.mp4\">https:\/\/blogsaverroes.juntadeandalucia.es\/ceip-los-argonautas\/files\/2022\/03\/272675841_1941193166264158_6552745342384939675_n-1.mp4<\/a><\/video><\/div>\n<div style=\"width: 1080px;\" class=\"wp-video\"><video class=\"wp-video-shortcode\" id=\"video-984-2\" width=\"1080\" height=\"608\" preload=\"metadata\" controls=\"controls\"><source type=\"video\/mp4\" src=\"https:\/\/blogsaverroes.juntadeandalucia.es\/ceip-los-argonautas\/files\/2022\/03\/274984173_253482623646093_6215890323764590809_n-1.mp4?_=2\" \/><a href=\"https:\/\/blogsaverroes.juntadeandalucia.es\/ceip-los-argonautas\/files\/2022\/03\/274984173_253482623646093_6215890323764590809_n-1.mp4\">https:\/\/blogsaverroes.juntadeandalucia.es\/ceip-los-argonautas\/files\/2022\/03\/274984173_253482623646093_6215890323764590809_n-1.mp4<\/a><\/video><\/div>\n<p><img loading=\"lazy\" decoding=\"async\" class=\"alignnone size-medium wp-image-1108\" src=\"https:\/\/blogsaverroes.juntadeandalucia.es\/ceip-los-argonautas\/files\/2022\/03\/250856931_1055306175233024_3969488117645332429_n-300x225.jpg\" alt=\"\" width=\"300\" height=\"225\"> <img loading=\"lazy\" decoding=\"async\" class=\"alignnone size-medium wp-image-1106\" src=\"https:\/\/blogsaverroes.juntadeandalucia.es\/ceip-los-argonautas\/files\/2022\/03\/250921662_1055306188566356_6097417155546529951_n-300x225.jpg\" alt=\"\" width=\"300\" height=\"225\"> <img loading=\"lazy\" decoding=\"async\" class=\"alignnone size-medium wp-image-1107\" src=\"https:\/\/blogsaverroes.juntadeandalucia.es\/ceip-los-argonautas\/files\/2022\/03\/250716727_1055306178566357_3779328232580662368_n-300x225.jpg\" alt=\"\" width=\"300\" height=\"225\"><\/p>\n<p>&nbsp;<\/p>\n<p>&nbsp;<\/p>\n<h2><span style=\"color: #008000\"><strong>D\u00cdA DEL FLAMENCO 16 NOVIEMBRE<\/strong><\/span><\/h2>\n<p>&nbsp;<\/p>\n<p><img loading=\"lazy\" decoding=\"async\" class=\"alignnone size-medium wp-image-1131\" src=\"https:\/\/blogsaverroes.juntadeandalucia.es\/ceip-los-argonautas\/files\/2022\/03\/255920795_1065403700889938_3824374696658453006_n-240x300.jpg\" alt=\"\" width=\"240\" height=\"300\"> <img loading=\"lazy\" decoding=\"async\" class=\"alignnone size-medium wp-image-1129\" src=\"https:\/\/blogsaverroes.juntadeandalucia.es\/ceip-los-argonautas\/files\/2022\/03\/256530226_1065403804223261_8452072254392788315_n-225x300.jpg\" alt=\"\" width=\"225\" height=\"300\"> <img loading=\"lazy\" decoding=\"async\" class=\"alignnone size-medium wp-image-1128\" src=\"https:\/\/blogsaverroes.juntadeandalucia.es\/ceip-los-argonautas\/files\/2022\/03\/257223994_1065403820889926_5408621828639802564_n-300x225.jpg\" alt=\"\" width=\"300\" height=\"225\"> <img loading=\"lazy\" decoding=\"async\" class=\"alignnone size-medium wp-image-1127\" src=\"https:\/\/blogsaverroes.juntadeandalucia.es\/ceip-los-argonautas\/files\/2022\/03\/256766395_1065403850889923_4791300725826774151_n-225x300.jpg\" alt=\"\" width=\"225\" height=\"300\"><\/p>\n<p><img loading=\"lazy\" decoding=\"async\" class=\"alignnone size-medium wp-image-1125\" src=\"https:\/\/blogsaverroes.juntadeandalucia.es\/ceip-los-argonautas\/files\/2022\/03\/256787804_1065403924223249_6556927775074731141_n-300x225.jpg\" alt=\"\" width=\"300\" height=\"225\"> <img loading=\"lazy\" decoding=\"async\" class=\"alignnone size-medium wp-image-1130\" src=\"https:\/\/blogsaverroes.juntadeandalucia.es\/ceip-los-argonautas\/files\/2022\/03\/256815283_1065403744223267_9014791518341868943_n-300x225.jpg\" alt=\"\" width=\"300\" height=\"225\"> <img loading=\"lazy\" decoding=\"async\" class=\"alignnone size-medium wp-image-1126\" src=\"https:\/\/blogsaverroes.juntadeandalucia.es\/ceip-los-argonautas\/files\/2022\/03\/256595171_1065403910889917_6663207122335405346_n-300x174.jpg\" alt=\"\" width=\"300\" height=\"174\"> <img loading=\"lazy\" decoding=\"async\" class=\"alignnone size-medium wp-image-1124\" src=\"https:\/\/blogsaverroes.juntadeandalucia.es\/ceip-los-argonautas\/files\/2022\/03\/256688083_1065406097556365_8636622255137341817_n-300x173.jpg\" alt=\"\" width=\"300\" height=\"173\"><\/p>\n<h2>&nbsp;<\/h2>\n<h2><span style=\"color: #ff00ff\"><strong>VISITA DE SUS MAJESTADES LOS REYES MAGOS A NUESTRO COLE<\/strong><\/span><\/h2>\n<p>&nbsp;<\/p>\n<p><img loading=\"lazy\" decoding=\"async\" class=\"alignnone size-medium wp-image-1122\" src=\"https:\/\/blogsaverroes.juntadeandalucia.es\/ceip-los-argonautas\/files\/2022\/03\/270103320_1089398398490468_5835366113283486953_n-300x225.jpg\" alt=\"\" width=\"300\" height=\"225\"> <img loading=\"lazy\" decoding=\"async\" class=\"alignnone size-medium wp-image-1121\" src=\"https:\/\/blogsaverroes.juntadeandalucia.es\/ceip-los-argonautas\/files\/2022\/03\/270118895_1089398395157135_2304411544982401073_n-225x300.jpg\" alt=\"\" width=\"225\" height=\"300\"> <img loading=\"lazy\" decoding=\"async\" class=\"alignnone size-medium wp-image-1120\" src=\"https:\/\/blogsaverroes.juntadeandalucia.es\/ceip-los-argonautas\/files\/2022\/03\/270101557_1089398475157127_1283819303367552325_n-300x225.jpg\" alt=\"\" width=\"300\" height=\"225\"><\/p>\n<h2>&nbsp;<\/h2>\n<h2>&nbsp;<\/h2>\n<h2><span style=\"color: #339966\"><strong>D\u00cdA DE ANDALUC\u00cdA 28 FEBRERO&nbsp;<\/strong><\/span><\/h2>\n<p>&nbsp;<\/p>\n<div dir=\"auto\"><span style=\"color: #000000\">El viernes 25 de Febrero, fue un d\u00eda especial en nuestro centro. Un d\u00eda en el que nuestro alumnado disfrut\u00f3 como se merece. <\/span><\/div>\n<div dir=\"auto\">&nbsp;<\/div>\n<div dir=\"auto\"><span style=\"color: #000000\">Con motivo de la celebraci\u00f3n del d\u00eda de Andaluc\u00eda, desarrollamos a lo largo de la semana numerosas actividades que desembocaron en un buen desayuno andaluz y una Gymkana con juegos t\u00edpicos de nuestra tierra.<\/span><\/div>\n<div dir=\"auto\">&nbsp;<\/div>\n<div dir=\"auto\"><span style=\"color: #000000\"><span style=\"color: #000000\">Desde aqu\u00ed queremos agradecer al AMPA Jason su colaboraci\u00f3n en la elaboraci\u00f3n del desayuno y por el zumo y el az\u00facar que se sirvi\u00f3 al alumnado. Tambi\u00e9n nuestro agradecimiento al Ecmo. Ayuntamiento de Chipiona por el pan y a Delegaci\u00f3n de Educaci\u00f3n por el aceite (ofrecido a trav\u00e9s del Plan Creciendo en Salud).<\/span><\/span><\/div>\n<div dir=\"auto\"><span style=\"color: #000000\">Por supuesto tampoco queremos dejar de dar las gracias a nuestro claustro de maestros por su trabajo en todas las actividades organizadas para este d\u00eda, ya que sin ellos no hubiera sido posible ninguna de ellas.<\/span><\/div>\n<div dir=\"auto\">&nbsp;<\/div>\n<div dir=\"auto\"><span style=\"color: #000000\">\u00a1\u00a1VIVA ANDALUC\u00cdA!!!<\/span><\/div>\n<div dir=\"auto\">&nbsp;<\/div>\n<div dir=\"auto\"><span style=\"color: #000000\">aqu\u00ed os dejamos algunas fotos para que ve\u00e1is que bien lo pasamos:<\/span><\/div>\n<p>&nbsp;<\/p>\n<p><img loading=\"lazy\" decoding=\"async\" class=\"alignnone size-medium wp-image-1074\" src=\"https:\/\/blogsaverroes.juntadeandalucia.es\/ceip-los-argonautas\/files\/2022\/03\/274876280_1128494791247495_8881093603112719040_n-300x225.jpg\" alt=\"\" width=\"300\" height=\"225\"> <img loading=\"lazy\" decoding=\"async\" class=\"alignnone size-medium wp-image-1070\" src=\"https:\/\/blogsaverroes.juntadeandalucia.es\/ceip-los-argonautas\/files\/2022\/03\/PHOTO-2022-02-23-09-44-39-226x300.jpg\" alt=\"\" width=\"226\" height=\"300\"> <img loading=\"lazy\" decoding=\"async\" class=\"alignnone size-medium wp-image-1069\" src=\"https:\/\/blogsaverroes.juntadeandalucia.es\/ceip-los-argonautas\/files\/2022\/03\/PHOTO-2022-02-23-09-44-39-1-226x300.jpg\" alt=\"\" width=\"226\" height=\"300\"> <img loading=\"lazy\" decoding=\"async\" class=\"alignnone size-medium wp-image-1073\" src=\"https:\/\/blogsaverroes.juntadeandalucia.es\/ceip-los-argonautas\/files\/2022\/03\/274878642_1128494821247492_5037501972790319424_n-300x225.jpg\" alt=\"\" width=\"300\" height=\"225\"><\/p>\n<p><img loading=\"lazy\" decoding=\"async\" class=\"alignnone size-medium wp-image-1071\" src=\"https:\/\/blogsaverroes.juntadeandalucia.es\/ceip-los-argonautas\/files\/2022\/03\/274887297_1128494891247485_155386645657664547_n-300x225.jpg\" alt=\"\" width=\"300\" height=\"225\"> <img loading=\"lazy\" decoding=\"async\" class=\"alignnone size-medium wp-image-1068\" src=\"https:\/\/blogsaverroes.juntadeandalucia.es\/ceip-los-argonautas\/files\/2022\/03\/PHOTO-2022-02-25-13-18-58-300x225.jpg\" alt=\"\" width=\"300\" height=\"225\"> <img loading=\"lazy\" decoding=\"async\" class=\"alignnone size-medium wp-image-1067\" src=\"https:\/\/blogsaverroes.juntadeandalucia.es\/ceip-los-argonautas\/files\/2022\/03\/PHOTO-2022-02-25-13-18-58-1-300x225.jpg\" alt=\"\" width=\"300\" height=\"225\"> <img loading=\"lazy\" decoding=\"async\" class=\"alignnone size-medium wp-image-1066\" src=\"https:\/\/blogsaverroes.juntadeandalucia.es\/ceip-los-argonautas\/files\/2022\/03\/PHOTO-2022-02-25-13-18-58-2-300x225.jpg\" alt=\"\" width=\"300\" height=\"225\"> <img loading=\"lazy\" decoding=\"async\" class=\"alignnone size-medium wp-image-1065\" src=\"https:\/\/blogsaverroes.juntadeandalucia.es\/ceip-los-argonautas\/files\/2022\/03\/PHOTO-2022-02-25-13-18-58-3-300x225.jpg\" alt=\"\" width=\"300\" height=\"225\"> <img loading=\"lazy\" decoding=\"async\" class=\"alignnone size-medium wp-image-1064\" src=\"https:\/\/blogsaverroes.juntadeandalucia.es\/ceip-los-argonautas\/files\/2022\/03\/PHOTO-2022-02-25-13-18-58-4-300x225.jpg\" alt=\"\" width=\"300\" height=\"225\"> <img loading=\"lazy\" decoding=\"async\" class=\"alignnone size-medium wp-image-1063\" src=\"https:\/\/blogsaverroes.juntadeandalucia.es\/ceip-los-argonautas\/files\/2022\/03\/PHOTO-2022-02-25-13-18-58-5-300x225.jpg\" alt=\"\" width=\"300\" height=\"225\"> <img loading=\"lazy\" decoding=\"async\" class=\"alignnone size-medium wp-image-1062\" src=\"https:\/\/blogsaverroes.juntadeandalucia.es\/ceip-los-argonautas\/files\/2022\/03\/PHOTO-2022-02-25-13-18-58-6-300x225.jpg\" alt=\"\" width=\"300\" height=\"225\"><\/p>\n<p>&nbsp;<\/p>\n<h2><span style=\"color: #339966\"><strong><span style=\"color: #5e28bd\">CARNAVAL 2022<\/span>&nbsp;<\/strong><\/span><\/h2>\n<div class=\"kvgmc6g5 cxmmr5t8 oygrvhab hcukyx3x c1et5uql ii04i59q\">\n<div dir=\"auto\"><span style=\"color: #000000\">\u00a1Qu\u00e9 corto se nos ha hecho el Carnaval 2022! Nos queda el consuelo que, pese al mal clima, lo pasamos en grande.<\/span><\/div>\n<\/div>\n<div class=\"cxmmr5t8 oygrvhab hcukyx3x c1et5uql o9v6fnle ii04i59q\">\n<div dir=\"auto\"><span style=\"color: #000000\">Durante el pasado viernes 11 de marzo, nuestro alumnado y profesorado realizaron numerosas actividades relacionadas con el carnaval: preg\u00f3n, concurso de carteles, cupl\u00e9s \u2026.<\/span><\/div>\n<\/div>\n<div class=\"cxmmr5t8 oygrvhab hcukyx3x c1et5uql o9v6fnle ii04i59q\">\n<div dir=\"auto\"><span style=\"color: #000000\"><span style=\"color: #000000\">La tem\u00e1tica de este a\u00f1o fueron los superh\u00e9roes, pero no los que estamos acostumbrados a ver en las pel\u00edculas o leer en c\u00f3mics, sino que nuestro alumnado cre\u00f3 los suyos propios en torno a sus cualidades. <\/span>Como colof\u00f3n final de nuestros Carnavales<span class=\"pq6dq46d tbxw36s4 knj5qynh kvgmc6g5 ditlmg2l oygrvhab nvdbi5me sf5mxxl7 gl3lb2sf hhz5lgdu\"><img loading=\"lazy\" decoding=\"async\" src=\"https:\/\/static.xx.fbcdn.net\/images\/emoji.php\/v9\/t8c\/1\/16\/1f389.png\" alt=\"\ud83c\udf89\" width=\"16\" height=\"16\"><\/span> el alumnado de 4\u00baA y 4\u00baB&nbsp; prepar\u00f3 con sus tutores dos cupl\u00e9s \u00a1Que artistas son!<span class=\"pq6dq46d tbxw36s4 knj5qynh kvgmc6g5 ditlmg2l oygrvhab nvdbi5me sf5mxxl7 gl3lb2sf hhz5lgdu\"><img loading=\"lazy\" decoding=\"async\" src=\"https:\/\/static.xx.fbcdn.net\/images\/emoji.php\/v9\/t6d\/1\/16\/1f973.png\" alt=\"\ud83e\udd73\" width=\"16\" height=\"16\"><\/span><\/span><\/div>\n<\/div>\n<div class=\"cxmmr5t8 oygrvhab hcukyx3x c1et5uql o9v6fnle ii04i59q\">\n<div dir=\"auto\">&nbsp;<\/div>\n<\/div>\n<div dir=\"auto\"><span style=\"color: #000000\">aqu\u00ed os dejamos algunas fotos y v\u00eddeos para que ve\u00e1is que bien lo pasamos:<\/span><\/div>\n<div dir=\"auto\">&nbsp;<\/div>\n<div style=\"width: 426px;\" class=\"wp-video\"><video class=\"wp-video-shortcode\" id=\"video-984-3\" width=\"426\" height=\"240\" preload=\"metadata\" controls=\"controls\"><source type=\"video\/mp4\" src=\"https:\/\/blogsaverroes.juntadeandalucia.es\/ceip-los-argonautas\/files\/2022\/03\/275779743_5181662145187893_8191267856212194509_n.mp4?_=3\" \/><a href=\"https:\/\/blogsaverroes.juntadeandalucia.es\/ceip-los-argonautas\/files\/2022\/03\/275779743_5181662145187893_8191267856212194509_n.mp4\">https:\/\/blogsaverroes.juntadeandalucia.es\/ceip-los-argonautas\/files\/2022\/03\/275779743_5181662145187893_8191267856212194509_n.mp4<\/a><\/video><\/div>\n<div style=\"width: 426px;\" class=\"wp-video\"><video class=\"wp-video-shortcode\" id=\"video-984-4\" width=\"426\" height=\"240\" preload=\"metadata\" controls=\"controls\"><source type=\"video\/mp4\" src=\"https:\/\/blogsaverroes.juntadeandalucia.es\/ceip-los-argonautas\/files\/2022\/03\/275781117_542787943710529_5465642403617829167_n.mp4?_=4\" \/><a href=\"https:\/\/blogsaverroes.juntadeandalucia.es\/ceip-los-argonautas\/files\/2022\/03\/275781117_542787943710529_5465642403617829167_n.mp4\">https:\/\/blogsaverroes.juntadeandalucia.es\/ceip-los-argonautas\/files\/2022\/03\/275781117_542787943710529_5465642403617829167_n.mp4<\/a><\/video><\/div>\n<h2>&nbsp;<\/h2>\n<h2 style=\"text-align: left\"><img loading=\"lazy\" decoding=\"async\" class=\"alignnone size-medium wp-image-1142\" src=\"https:\/\/blogsaverroes.juntadeandalucia.es\/ceip-los-argonautas\/files\/2022\/03\/275706571_1136370257126615_4235944917627547244_n-1-300x225.jpg\" alt=\"\" width=\"300\" height=\"225\"> <img loading=\"lazy\" decoding=\"async\" class=\"alignnone size-medium wp-image-1143\" src=\"https:\/\/blogsaverroes.juntadeandalucia.es\/ceip-los-argonautas\/files\/2022\/03\/275719509_1136370240459950_8726308707941658723_n-300x225.jpg\" alt=\"\" width=\"300\" height=\"225\"> <img loading=\"lazy\" decoding=\"async\" class=\"alignnone size-medium wp-image-1144\" src=\"https:\/\/blogsaverroes.juntadeandalucia.es\/ceip-los-argonautas\/files\/2022\/03\/275755563_1136370237126617_5432457360483058_n-300x225.jpg\" alt=\"\" width=\"300\" height=\"225\"> <img loading=\"lazy\" decoding=\"async\" class=\"alignnone size-medium wp-image-1145\" src=\"https:\/\/blogsaverroes.juntadeandalucia.es\/ceip-los-argonautas\/files\/2022\/03\/275730469_1136370153793292_8243695613804242328_n-300x225.jpg\" alt=\"\" width=\"300\" height=\"225\"> <img loading=\"lazy\" decoding=\"async\" class=\"alignnone size-medium wp-image-1146\" src=\"https:\/\/blogsaverroes.juntadeandalucia.es\/ceip-los-argonautas\/files\/2022\/03\/275731959_1136370163793291_1947824569016914072_n-300x226.jpg\" alt=\"\" width=\"300\" height=\"226\"> <img loading=\"lazy\" decoding=\"async\" class=\"alignnone size-medium wp-image-1147\" src=\"https:\/\/blogsaverroes.juntadeandalucia.es\/ceip-los-argonautas\/files\/2022\/03\/275726716_1136370150459959_4283580399956515087_n-273x300.jpg\" alt=\"\" width=\"273\" height=\"300\"> <img loading=\"lazy\" decoding=\"async\" class=\"alignnone size-medium wp-image-1148\" src=\"https:\/\/blogsaverroes.juntadeandalucia.es\/ceip-los-argonautas\/files\/2022\/03\/275889745_1136995290397445_8933687531187284529_n-169x300.jpg\" alt=\"\" width=\"169\" height=\"300\"> <img loading=\"lazy\" decoding=\"async\" class=\"alignnone size-medium wp-image-1149\" src=\"https:\/\/blogsaverroes.juntadeandalucia.es\/ceip-los-argonautas\/files\/2022\/03\/275916589_1136995200397454_4960376209490498390_n-169x300.jpg\" alt=\"\" width=\"169\" height=\"300\"> <img loading=\"lazy\" decoding=\"async\" class=\"alignnone size-medium wp-image-1150\" src=\"https:\/\/blogsaverroes.juntadeandalucia.es\/ceip-los-argonautas\/files\/2022\/03\/275964991_1136995127064128_3534952907937428914_n-300x225.jpg\" alt=\"\" width=\"300\" height=\"225\"><\/h2>\n<p>&nbsp;<\/p>\n<p>&nbsp;<\/p>\n<p>&nbsp;<\/p>\n<p>&nbsp;<\/p>\n<p>&nbsp;<\/p>\n<p>&nbsp;<\/p>\n<p>&nbsp;<\/p>\n<p>&nbsp;<\/p>\n<p>&nbsp;<\/p>\n<p>&nbsp;<\/p>\n<p style=\"text-align: center\">&nbsp;<\/p>\n<p>&nbsp;<\/p>\n<p>[\/et_pb_text][\/et_pb_column][\/et_pb_row][\/et_pb_section]<\/p>\n","protected":false},"excerpt":{"rendered":"<p>Empieza un nuevo curso escolar, pero todo no va a ser trabajar, no? As\u00ed que adem\u00e1s de organizar y preparar nuestras clases diarias tambi\u00e9n hay tiempo para pensar en pas\u00e1rnoslo bien junto a nuestros alumnos, jugando sin dejar de aprender. Aqu\u00ed os iremos dejando algunas de esas actividades que vamos haciendo a lo largo del [&hellip;]<\/p>\n","protected":false},"author":13094,"featured_media":0,"parent":0,"menu_order":0,"comment_status":"closed","ping_status":"closed","template":"","meta":{"_et_pb_use_builder":"on","_et_pb_old_content":"","_et_gb_content_width":"","ngg_post_thumbnail":0,"footnotes":""},"aioseo_notices":[],"_links":{"self":[{"href":"https:\/\/blogsaverroes.juntadeandalucia.es\/ceip-los-argonautas\/wp-json\/wp\/v2\/pages\/984"}],"collection":[{"href":"https:\/\/blogsaverroes.juntadeandalucia.es\/ceip-los-argonautas\/wp-json\/wp\/v2\/pages"}],"about":[{"href":"https:\/\/blogsaverroes.juntadeandalucia.es\/ceip-los-argonautas\/wp-json\/wp\/v2\/types\/page"}],"author":[{"embeddable":true,"href":"https:\/\/blogsaverroes.juntadeandalucia.es\/ceip-los-argonautas\/wp-json\/wp\/v2\/users\/13094"}],"replies":[{"embeddable":true,"href":"https:\/\/blogsaverroes.juntadeandalucia.es\/ceip-los-argonautas\/wp-json\/wp\/v2\/comments?post=984"}],"version-history":[{"count":12,"href":"https:\/\/blogsaverroes.juntadeandalucia.es\/ceip-los-argonautas\/wp-json\/wp\/v2\/pages\/984\/revisions"}],"predecessor-version":[{"id":1155,"href":"https:\/\/blogsaverroes.juntadeandalucia.es\/ceip-los-argonautas\/wp-json\/wp\/v2\/pages\/984\/revisions\/1155"}],"wp:attachment":[{"href":"https:\/\/blogsaverroes.juntadeandalucia.es\/ceip-los-argonautas\/wp-json\/wp\/v2\/media?parent=984"}],"curies":[{"name":"wp","href":"https:\/\/api.w.org\/{rel}","templated":true}]}}