{"id":1156,"date":"2022-02-04T18:35:59","date_gmt":"2022-02-04T17:35:59","guid":{"rendered":"https:\/\/blogsaverroes.juntadeandalucia.es\/ceip-manuel-cano-damian\/?page_id=1156"},"modified":"2025-03-22T21:02:11","modified_gmt":"2025-03-22T20:02:11","slug":"consejo-escolar","status":"publish","type":"page","link":"https:\/\/blogsaverroes.juntadeandalucia.es\/ceip-manuel-cano-damian\/consejo-escolar\/","title":{"rendered":"CONSEJO ESCOLAR"},"content":{"rendered":"<h4><span style=\"color: #003366\">CONSEJO ESCOLAR Y SUS COMISIONES<\/span><\/h4>\n<h5><span style=\"text-decoration: underline\"><span style=\"color: #003366;text-decoration: underline\">MIEMBROS DEL CONSEJO ESCOLAR<\/span><\/span><\/h5>\n<ul>\n<li><strong><span style=\"color: #003366\"><span style=\"font-size: 14pt\">EQUIPO DIRECTIVO D\u00f1a. Emi D\u00edaz Nieto (Directora).<\/span><\/span><\/strong><\/li>\n<li><strong><span style=\"color: #003366\"><span style=\"font-size: 14pt\">EQUIPO DIRECTIVO D. Francisco Espejo Carmona (Jefe de Estudios).<\/span><\/span><\/strong><\/li>\n<li><strong><span style=\"color: #003366\"><span style=\"font-size: 14pt\">EQUIPO DIRECTIVO D\u00aa. David Garc\u00eda Ru\u00edz. (Secretario).<\/span><\/span><\/strong><\/li>\n<li><strong><span style=\"color: #003366\"><span style=\"font-size: 14pt\">PROFESORADO D\u00f1a. Pilar Alba Fern\u00e1ndez.<\/span><\/span><\/strong><\/li>\n<li><strong><span style=\"color: #003366\"><span style=\"font-size: 14pt\">PROFESORADO D\u00f1a. Sara Guijo Ferrando.<\/span><\/span><\/strong><\/li>\n<li><strong><span style=\"color: #003366\"><span style=\"font-size: 14pt\">PROFESORADO D\u00f1a. M\u00aa Carmen L\u00f3pez Garc\u00eda.<\/span><\/span><\/strong><\/li>\n<li><strong><span style=\"color: #003366\"><span style=\"font-size: 14pt\">PROFESORADO D\u00f1a. Marisa Morales Baena.<\/span><\/span><\/strong><\/li>\n<li><strong><span style=\"color: #003366\"><span style=\"font-size: 14pt\">PROFESORADO D\u00f1a. Isabel Moreno Cobos.<\/span><\/span><\/strong><\/li>\n<li><strong><span style=\"color: #003366\"><span style=\"font-size: 14pt\">PROFESORADO D\u00f1a. \u00c1ngela Moreno M\u00e1rquez (Impulsora&nbsp; medidas de Igualdad).<\/span><\/span><\/strong><\/li>\n<li><strong><span style=\"color: #003366\"><span style=\"font-size: 14pt\">PROFESORADO D\u00f1a. Antonia Rojas Merino.<\/span><\/span><\/strong><\/li>\n<li><strong><span style=\"color: #003366\"><span style=\"font-size: 14pt\">PROFESORADO D\u00f1a. Rafaela Rubio Garc\u00eda.<\/span><\/span><\/strong><\/li>\n<li><strong><span style=\"color: #003366\"><span style=\"font-size: 14pt\">MADRES\/PADRES\/TUTORES\/AS LEGALES &#8211; D\u00f1a. Araceli Araujo Gonz\u00e1lez.<\/span><\/span><\/strong><\/li>\n<li><strong><span style=\"color: #003366\"><span style=\"font-size: 14pt\">MADRES\/PADRES\/TUTORES\/AS LEGALES &#8211; D\u00f1a. Ana Castro Ram\u00edrez.<\/span><\/span><\/strong><\/li>\n<li><strong><span style=\"color: #003366\"><span style=\"font-size: 14pt\">MADRES\/PADRES\/TUTORES\/AS LEGALES &#8211; D. Antonio Cruz Redondo.<\/span><\/span><\/strong><\/li>\n<li><strong><span style=\"color: #003366\"><span style=\"font-size: 14pt\">MADRES\/PADRES\/TUTORES\/AS LEGALES-&nbsp; D\u00f1a. Amelia M\u00e1rquez Jurado.<\/span><\/span><\/strong><\/li>\n<li><strong><span style=\"color: #003366\"><span style=\"font-size: 14pt\">MADRES\/PADRES\/TUTORES\/AS LEGALES &#8211; D\u00f1a. \u00c1ngela M\u00e1rquez Jurado.<\/span><\/span><\/strong><\/li>\n<li><strong><span style=\"color: #003366\"><span style=\"font-size: 14pt\">MADRES\/PADRES\/TUTORES\/AS LEGALES &#8211; D\u00f1a. Cristina Moreno Calero.<\/span><\/span><\/strong><\/li>\n<li><strong><span style=\"color: #003366\"><span style=\"font-size: 14pt\">MADRES\/PADRES\/TUTORES\/AS LEGALES &#8211; D\u00f1a. Begonia Ruiz Moyano.<\/span><\/span><\/strong><\/li>\n<li><strong><span style=\"color: #003366\"><span style=\"font-size: 14pt\">MADRES\/PADRES\/TUTORES\/AS LEGALES &#8211; D. Juan Vizcarro L\u00f3pez.<\/span><\/span><\/strong><\/li>\n<li><strong><span style=\"color: #003366\"><span style=\"font-size: 14pt\">MADRES\/PADRES\/TUTORES\/AS LEGALES &#8211; D. Guillermo Jes\u00fas Garc\u00eda Cabrera (representante de la AMPA).<\/span><\/span><\/strong><\/li>\n<li><strong><span style=\"color: #003366\"><span style=\"font-size: 14pt\">REPRESENTANTE DEL AYUNTAMIENTO &#8211; D\u00f1a. M\u00aa Isabel S\u00e1nchez Alba.<\/span><\/span><\/strong><\/li>\n<li><strong><span style=\"color: #003366\"><span style=\"font-size: 14pt\">REPRESENTANTE DEL PAS &#8211; D. Jos\u00e9 Agust\u00edn Fern\u00e1ndez Moreno.<\/span><\/span><\/strong><\/li>\n<\/ul>\n<h5><span style=\"text-decoration: underline\"><span style=\"color: #003366;text-decoration: underline\">COMISIONES DEL CONSEJO ESCOLAR<\/span><\/span><\/h5>\n<h6><span style=\"color: #003366\">COMISI\u00d3N PERMANENTE<\/span><\/h6>\n<ul>\n<li><strong><span style=\"font-size: 14pt;color: #003366\">D\u00f1a. Emi D\u00edaz Nieto (Directora).<\/span><\/strong><\/li>\n<li><strong><span style=\"font-size: 14pt;color: #003366\">D. Francisco Espejo Carmona (Jefe de estudios).<\/span><\/strong><\/li>\n<li><strong><span style=\"font-size: 14pt;color: #003366\"><span style=\"color: #003366\"><span style=\"font-size: 14pt\">D\u00f1a. Isabel Moreno Cobos<\/span><\/span>&nbsp;(Profesorado).<\/span><\/strong><\/li>\n<li><strong><span style=\"font-size: 14pt;color: #003366\"><span style=\"color: #003366\"><span style=\"font-size: 14pt\">D\u00f1a. Begonia Ruiz Moyano<\/span><\/span>&nbsp;(Padres\/madres).<\/span><\/strong><\/li>\n<\/ul>\n<h6><span style=\"color: #003366\">COMISI\u00d3N DE CONVIVENCIA<\/span><\/h6>\n<ul>\n<li><strong><span style=\"font-size: 14pt;color: #003366\">D\u00f1a. Emi D\u00edaz Nieto (Directora).<\/span><\/strong><\/li>\n<li><strong><span style=\"font-size: 14pt;color: #003366\">D. Francisco Espejo Carmona (Jefe de Estudios).<\/span><\/strong><\/li>\n<li><strong><span style=\"font-size: 14pt;color: #003366\">D\u00f1a. Marisa Morales Baena (Profesorado).<\/span><\/strong><\/li>\n<li><strong><span style=\"font-size: 14pt;color: #003366\">D\u00f1a. M\u00aa Carmen L\u00f3pez Garc\u00eda (Profesorado).<\/span><\/strong><\/li>\n<li><strong><span style=\"font-size: 14pt;color: #003366\"><span style=\"color: #003366\"><span style=\"font-size: 14pt\">D. Antonio Cruz Redondo.<\/span><\/span>(Padres\/madres).<\/span><\/strong><\/li>\n<li><strong><span style=\"font-size: 14pt;color: #003366\">D\u00f1a. Amelia M\u00e1rquez Jurado (Padres\/madres).<\/span><\/strong><\/li>\n<li><strong><span style=\"font-size: 14pt;color: #003366\">D. Juan Vizcarro L\u00f3pez (Padres\/madres).<\/span><\/strong><\/li>\n<li><strong><span style=\"font-size: 14pt;color: #003366\">D. Guillermo Jes\u00fas Garc\u00eda Cabrera (Padres\/madres).<\/span><\/strong><\/li>\n<\/ul>\n<h6><span style=\"color: #003366\">EQUIPO DE EVALUACI\u00d3N<\/span><\/h6>\n<ul>\n<li><strong><span style=\"font-size: 14pt;color: #003366\">D\u00f1a. Emi D\u00edaz Nieto (Directora).<\/span><\/strong><\/li>\n<li><strong><span style=\"color: #003366\"><span style=\"font-size: 14pt\">D. Francisco Espejo Carmona (Jefe de Estudios).<\/span><\/span><\/strong><\/li>\n<li><strong><span style=\"font-size: 14pt;color: #003366\">D. David Garc\u00eda Ru\u00edz (Secretario).<\/span><\/strong><\/li>\n<li><strong><span style=\"font-size: 14pt;color: #003366\">D\u00f1a. Sara Guijo Ferrando(Profesorado).<\/span><\/strong><\/li>\n<li><strong><span style=\"font-size: 14pt;color: #003366\">D\u00f1a. \u00c1ngela M\u00e1rquez Jurado (Padres\/madres).<\/span><\/strong><\/li>\n<li><strong><span style=\"color: #003366\"><span style=\"font-size: 14pt\">D. Jos\u00e9 Agust\u00edn Fern\u00e1ndez Moreno (Sector PAS).<\/span><\/span><\/strong><\/li>\n<\/ul>\n<h6><span style=\"color: #003366\">PERSONA ENCARGADA DEL FOMENTO DE LA IGUALDAD EN EL CONSEJO ESCOLAR:<\/span><\/h6>\n<ul>\n<li><strong><span style=\"color: #003366\"><span style=\"font-size: 14pt\">D\u00f1a. \u00c1ngela Moreno M\u00e1rquez (Profesorado).<\/span><\/span><\/strong><\/li>\n<\/ul>\n","protected":false},"excerpt":{"rendered":"<p>CONSEJO ESCOLAR Y SUS COMISIONES MIEMBROS DEL CONSEJO ESCOLAR EQUIPO DIRECTIVO D\u00f1a. Emi D\u00edaz Nieto (Directora). EQUIPO DIRECTIVO D. Francisco Espejo Carmona (Jefe de Estudios). EQUIPO DIRECTIVO D\u00aa. David Garc\u00eda Ru\u00edz. (Secretario). PROFESORADO D\u00f1a.&#46;&#46;&#46;<\/p>\n","protected":false},"author":14491,"featured_media":0,"parent":0,"menu_order":0,"comment_status":"closed","ping_status":"closed","template":"","meta":{"ngg_post_thumbnail":0,"footnotes":""},"aioseo_notices":[],"_links":{"self":[{"href":"https:\/\/blogsaverroes.juntadeandalucia.es\/ceip-manuel-cano-damian\/wp-json\/wp\/v2\/pages\/1156"}],"collection":[{"href":"https:\/\/blogsaverroes.juntadeandalucia.es\/ceip-manuel-cano-damian\/wp-json\/wp\/v2\/pages"}],"about":[{"href":"https:\/\/blogsaverroes.juntadeandalucia.es\/ceip-manuel-cano-damian\/wp-json\/wp\/v2\/types\/page"}],"author":[{"embeddable":true,"href":"https:\/\/blogsaverroes.juntadeandalucia.es\/ceip-manuel-cano-damian\/wp-json\/wp\/v2\/users\/14491"}],"replies":[{"embeddable":true,"href":"https:\/\/blogsaverroes.juntadeandalucia.es\/ceip-manuel-cano-damian\/wp-json\/wp\/v2\/comments?post=1156"}],"version-history":[{"count":13,"href":"https:\/\/blogsaverroes.juntadeandalucia.es\/ceip-manuel-cano-damian\/wp-json\/wp\/v2\/pages\/1156\/revisions"}],"predecessor-version":[{"id":1159,"href":"https:\/\/blogsaverroes.juntadeandalucia.es\/ceip-manuel-cano-damian\/wp-json\/wp\/v2\/pages\/1156\/revisions\/1159"}],"wp:attachment":[{"href":"https:\/\/blogsaverroes.juntadeandalucia.es\/ceip-manuel-cano-damian\/wp-json\/wp\/v2\/media?parent=1156"}],"curies":[{"name":"wp","href":"https:\/\/api.w.org\/{rel}","templated":true}]}}