{"id":1312,"date":"2022-02-09T21:38:24","date_gmt":"2022-02-09T20:38:24","guid":{"rendered":"https:\/\/blogsaverroes.juntadeandalucia.es\/ceip-manuel-cano-damian\/?page_id=1312"},"modified":"2022-02-12T18:26:43","modified_gmt":"2022-02-12T17:26:43","slug":"conoce-nuestro-centro","status":"publish","type":"page","link":"https:\/\/blogsaverroes.juntadeandalucia.es\/ceip-manuel-cano-damian\/conoce-nuestro-centro\/","title":{"rendered":"CONOCE NUESTRO CENTRO"},"content":{"rendered":"<h1 style=\"text-align: center\"><span style=\"color: #800000\"><strong>HISTORIA DEL CENTRO<\/strong><\/span><\/h1>\n<p><strong>En el Pleno de 16 de Julio de 1.945, Francisco Herrero Garc\u00eda solicita le sean permutados unos terrenos de su propiedad por otros ocupados por el Cementerio Viejo. El Ayuntamiento no acepta la permuta porque tiene prevista la construcci\u00f3n de 26 viviendas en el Cementerio Viejo y el Callej\u00f3n del Mes\u00f3n.<\/strong><\/p>\n<p><strong>Tras una serie de negociaciones, el Ayuntamiento cambia unos terrenos pr\u00f3ximos por otros donde piensa construir, adem\u00e1s de las viviendas, un colegio, pagando la diferencia: 49.469,38 pesetas.<\/strong><\/p>\n<p><strong>El 1 de mayo de 1.946, se ponen los terrenos adquiridos por el Ayuntamiento a disposici\u00f3n de la Direcci\u00f3n General de Regiones Devastadas (hac\u00eda siete a\u00f1os que termin\u00f3 la Guerra Civil) para la construcci\u00f3n de un Colegio, que se llamar\u00eda \u201cGrupos Escolares\u201d.<\/strong><\/p>\n<p><strong>En el Pleno de 26 de Abril de 1.956 se lee un escrito de varios vecinos de la localidad solicitando que a los \u201cGrupos Escolares\u201d en construcci\u00f3n se les de el nombre de D. Manuel Cano Dami\u00e1n.<\/strong><\/p>\n<p><strong>El Colegio fue inaugurado el 27 de noviembre de 1.958, siendo un colegio de ni\u00f1os y ni\u00f1as, hasta que unos a\u00f1os m\u00e1s tarde, se construy\u00f3 el Colegio \u201cVirgen de Luna\u201d, al que se trasladaron los ni\u00f1os, pasando a ser nuestro colegio solamente de ni\u00f1as hasta el a\u00f1o 1.979.<\/strong><\/p>\n<p><strong>En la actualidad, nuestro colegio cuenta con dos l\u00edneas de infantil y primaria, una unidad de pedagog\u00eda terap\u00e9utica y otra de audici\u00f3n y lenguaje.<\/strong><\/p>\n<p><img decoding=\"async\" class=\"aligncenter\" src=\"https:\/\/www.juntadeandalucia.es\/averroes\/centros-tic\/14005584\/helvia\/sitio\/upload\/img\/FOTO_ANTIGUA_PEQUENIA.jpg\" border=\"0\"><\/p>\n<p><img decoding=\"async\" class=\"aligncenter\" src=\"https:\/\/www.juntadeandalucia.es\/averroes\/centros-tic\/14005584\/helvia\/sitio\/upload\/img\/FOTO1_editedPEQ.jpg\" border=\"0\"><\/p>\n<p><img decoding=\"async\" class=\"aligncenter\" src=\"https:\/\/www.juntadeandalucia.es\/averroes\/centros-tic\/14005584\/helvia\/sitio\/upload\/img\/FOTO2_editedPQU.jpg\" border=\"0\"><\/p>\n<p><img decoding=\"async\" class=\"aligncenter\" src=\"https:\/\/www.juntadeandalucia.es\/averroes\/centros-tic\/14005584\/helvia\/sitio\/upload\/img\/FOTO3_editedPEQ.jpg\" border=\"0\"><\/p>\n<hr>\n<h1 style=\"text-align: center\"><strong><span style=\"color: #800000\">LOCALIZACI\u00d3N<\/span><\/strong><\/h1>\n<div style=\"width: 618px\" class=\"wp-caption aligncenter\"><a href=\"https:\/\/goo.gl\/maps\/6tXZDHFJ4Z9HKPubA\"><img loading=\"lazy\" decoding=\"async\" src=\"https:\/\/www.juntadeandalucia.es\/averroes\/centros-tic\/14005584\/helvia\/sitio\/upload\/img\/localizacion.jpg\" alt=\"Localizaci\u00f3n1\" width=\"608\" height=\"399\"><\/a><p class=\"wp-caption-text\">\u00bfC\u00d3MO LLEGAR?<\/p><\/div>\n<p>&nbsp;<\/p>\n<p><img decoding=\"async\" class=\"aligncenter\" title=\"Localizaci\u00f3n2\" src=\"https:\/\/www.juntadeandalucia.es\/averroes\/centros-tic\/14005584\/helvia\/sitio\/upload\/img\/localizacion2.jpg\" alt=\"Localizaci\u00f3n2\" border=\"0\"><\/p>\n<hr>\n<h1 style=\"text-align: center\"><span style=\"color: #800000\"><strong>INSTALACIONES<\/strong><\/span><\/h1>\n<h1><span style=\"font-size: 14pt\"><strong>El centro consta de 3 edificios:<\/strong><\/span><\/h1>\n<h2><span style=\"font-size: 14pt\"><strong>-Edificio principal:<\/strong><\/span><\/h2>\n<div><strong>* Planta baja: aulas de infantil con aseos, aula de recursos y AMPA, Conserjer\u00eda, aula de m\u00fasica, biblioteca-sala de usos m\u00faltiples, caldera de gas natural, cuarto de limpieza, aseos, ascensor.<\/strong><\/div>\n<div><strong>*Planta alta: aulas de primaria, aula de refuerzo, aulas de A.L. y P.T., sala con servidor de datos y recursos TIC, aseos.<\/strong><\/div>\n<h2><span style=\"font-size: 14pt\"><strong>-Administraci\u00f3n:<\/strong><\/span><\/h2>\n<div><strong>*Planta baja: Secretar\u00eda, sala de profesores y aseos.<\/strong><\/div>\n<div><strong>*Planta alta: Direcci\u00f3n, Jefatura de Estudios, aula de inform\u00e1tica y almac\u00e9n.<\/strong><\/div>\n<div><strong>-Gimnasio.<\/strong><\/div>\n<div><strong>-Comedor.<\/strong><\/div>\n<h2><span style=\"font-size: 14pt\"><strong>-Instalaciones exteriores:&nbsp;<\/strong><\/span><\/h2>\n<div>\n<div><strong>\u2022Patio delantero con porche para recreos del alumnado de 1er ciclo de Ed. Primaria.<\/strong><\/div>\n<div><strong>\u2022Patio y Pistas deportivas para Ed. F\u00edsica y recreos del alumnado de Infantil, 2\u00ba y 3er ciclo de Ed. Primaria (dos pistas de f\u00fatbol-sala y dos de baloncesto).<\/strong><\/div>\n<div><strong>\u2022P\u00e9rgola.<\/strong><\/div>\n<\/div>\n","protected":false},"excerpt":{"rendered":"<p>HISTORIA DEL CENTRO En el Pleno de 16 de Julio de 1.945, Francisco Herrero Garc\u00eda solicita le sean permutados unos terrenos de su propiedad por otros ocupados por el Cementerio Viejo. El Ayuntamiento no&#46;&#46;&#46;<\/p>\n","protected":false},"author":14491,"featured_media":0,"parent":0,"menu_order":0,"comment_status":"closed","ping_status":"closed","template":"","meta":{"ngg_post_thumbnail":0,"footnotes":""},"aioseo_notices":[],"_links":{"self":[{"href":"https:\/\/blogsaverroes.juntadeandalucia.es\/ceip-manuel-cano-damian\/wp-json\/wp\/v2\/pages\/1312"}],"collection":[{"href":"https:\/\/blogsaverroes.juntadeandalucia.es\/ceip-manuel-cano-damian\/wp-json\/wp\/v2\/pages"}],"about":[{"href":"https:\/\/blogsaverroes.juntadeandalucia.es\/ceip-manuel-cano-damian\/wp-json\/wp\/v2\/types\/page"}],"author":[{"embeddable":true,"href":"https:\/\/blogsaverroes.juntadeandalucia.es\/ceip-manuel-cano-damian\/wp-json\/wp\/v2\/users\/14491"}],"replies":[{"embeddable":true,"href":"https:\/\/blogsaverroes.juntadeandalucia.es\/ceip-manuel-cano-damian\/wp-json\/wp\/v2\/comments?post=1312"}],"version-history":[{"count":13,"href":"https:\/\/blogsaverroes.juntadeandalucia.es\/ceip-manuel-cano-damian\/wp-json\/wp\/v2\/pages\/1312\/revisions"}],"predecessor-version":[{"id":1553,"href":"https:\/\/blogsaverroes.juntadeandalucia.es\/ceip-manuel-cano-damian\/wp-json\/wp\/v2\/pages\/1312\/revisions\/1553"}],"wp:attachment":[{"href":"https:\/\/blogsaverroes.juntadeandalucia.es\/ceip-manuel-cano-damian\/wp-json\/wp\/v2\/media?parent=1312"}],"curies":[{"name":"wp","href":"https:\/\/api.w.org\/{rel}","templated":true}]}}