{"id":1327,"date":"2022-02-09T21:47:39","date_gmt":"2022-02-09T20:47:39","guid":{"rendered":"https:\/\/blogsaverroes.juntadeandalucia.es\/ceip-manuel-cano-damian\/?page_id=1327"},"modified":"2022-02-09T21:50:16","modified_gmt":"2022-02-09T20:50:16","slug":"instalaciones","status":"publish","type":"page","link":"https:\/\/blogsaverroes.juntadeandalucia.es\/ceip-manuel-cano-damian\/instalaciones\/","title":{"rendered":"INSTALACIONES"},"content":{"rendered":"<h1><strong>El centro consta de 3 edificios:<\/strong><\/h1>\n<h2><strong>-Edificio principal:<\/strong><\/h2>\n<div>* Planta baja: aulas de infantil con aseos, aula de recursos y AMPA, Conserjer\u00eda, aula de m\u00fasica, biblioteca-sala de usos m\u00faltiples, caldera de gas natural, cuarto de limpieza, aseos, ascensor.<\/div>\n<div>*Planta alta: aulas de primaria, aula de refuerzo, aulas de A.L. y P.T., sala con servidor de datos y recursos TIC, aseos.<\/div>\n<div>&nbsp;<\/div>\n<h2><strong>-Administraci\u00f3n:<\/strong><\/h2>\n<div>*Planta baja: Secretar\u00eda, sala de profesores y aseos.<\/div>\n<div>*Planta alta: Direcci\u00f3n, Jefatura de Estudios, aula de inform\u00e1tica y almac\u00e9n.<\/div>\n<div><strong>-Gimnasio.<\/strong><\/div>\n<div>-Comedor.<\/div>\n<h2><strong>-Instalaciones exteriores:&nbsp;<\/strong><\/h2>\n<div><strong>&nbsp;<\/strong><\/div>\n<div>\n<div>\u2022Patio delantero con porche para recreos del alumnado de 1er ciclo de Ed. Primaria.<\/div>\n<div>\u2022Patio y Pistas deportivas para Ed. F\u00edsica y recreos del alumnado de Infantil, 2\u00ba y 3er ciclo de Ed. Primaria (dos pistas de f\u00fatbol-sala y dos de baloncesto).<\/div>\n<div>\u2022P\u00e9rgola.<\/div>\n<\/div>\n","protected":false},"excerpt":{"rendered":"<p>El centro consta de 3 edificios: -Edificio principal: * Planta baja: aulas de infantil con aseos, aula de recursos y AMPA, Conserjer\u00eda, aula de m\u00fasica, biblioteca-sala de usos m\u00faltiples, caldera de gas natural, cuarto&#46;&#46;&#46;<\/p>\n","protected":false},"author":14491,"featured_media":0,"parent":0,"menu_order":0,"comment_status":"closed","ping_status":"closed","template":"","meta":{"ngg_post_thumbnail":0,"footnotes":""},"aioseo_notices":[],"_links":{"self":[{"href":"https:\/\/blogsaverroes.juntadeandalucia.es\/ceip-manuel-cano-damian\/wp-json\/wp\/v2\/pages\/1327"}],"collection":[{"href":"https:\/\/blogsaverroes.juntadeandalucia.es\/ceip-manuel-cano-damian\/wp-json\/wp\/v2\/pages"}],"about":[{"href":"https:\/\/blogsaverroes.juntadeandalucia.es\/ceip-manuel-cano-damian\/wp-json\/wp\/v2\/types\/page"}],"author":[{"embeddable":true,"href":"https:\/\/blogsaverroes.juntadeandalucia.es\/ceip-manuel-cano-damian\/wp-json\/wp\/v2\/users\/14491"}],"replies":[{"embeddable":true,"href":"https:\/\/blogsaverroes.juntadeandalucia.es\/ceip-manuel-cano-damian\/wp-json\/wp\/v2\/comments?post=1327"}],"version-history":[{"count":3,"href":"https:\/\/blogsaverroes.juntadeandalucia.es\/ceip-manuel-cano-damian\/wp-json\/wp\/v2\/pages\/1327\/revisions"}],"predecessor-version":[{"id":1332,"href":"https:\/\/blogsaverroes.juntadeandalucia.es\/ceip-manuel-cano-damian\/wp-json\/wp\/v2\/pages\/1327\/revisions\/1332"}],"wp:attachment":[{"href":"https:\/\/blogsaverroes.juntadeandalucia.es\/ceip-manuel-cano-damian\/wp-json\/wp\/v2\/media?parent=1327"}],"curies":[{"name":"wp","href":"https:\/\/api.w.org\/{rel}","templated":true}]}}