{"id":1438,"date":"2022-02-10T17:37:35","date_gmt":"2022-02-10T16:37:35","guid":{"rendered":"https:\/\/blogsaverroes.juntadeandalucia.es\/ceip-manuel-cano-damian\/?page_id=1438"},"modified":"2025-10-28T20:40:54","modified_gmt":"2025-10-28T19:40:54","slug":"igualdad","status":"publish","type":"page","link":"https:\/\/blogsaverroes.juntadeandalucia.es\/ceip-manuel-cano-damian\/igualdad\/","title":{"rendered":"IGUALDAD"},"content":{"rendered":"<p><img loading=\"lazy\" decoding=\"async\" class=\"alignnone size-medium wp-image-1470\" src=\"https:\/\/blogsaverroes.juntadeandalucia.es\/ceip-manuel-cano-damian\/files\/2022\/02\/IGUALDAD-1-300x63.png\" alt=\"\" width=\"300\" height=\"63\" srcset=\"https:\/\/blogsaverroes.juntadeandalucia.es\/ceip-manuel-cano-damian\/files\/2022\/02\/IGUALDAD-1-300x63.png 300w, https:\/\/blogsaverroes.juntadeandalucia.es\/ceip-manuel-cano-damian\/files\/2022\/02\/IGUALDAD-1.png 418w\" sizes=\"(max-width: 300px) 100vw, 300px\" \/><\/p>\n<p><strong><span style=\"font-size: 14pt;color: #000000\">Hoy en d\u00eda existe una problem\u00e1tica respecto a la<img loading=\"lazy\" decoding=\"async\" class=\"alignright wp-image-5679 \" src=\"https:\/\/blogsaverroes.juntadeandalucia.es\/ceip-manuel-cano-damian\/files\/2025\/10\/IGUALDAD-200x300.jpg\" alt=\"\" width=\"262\" height=\"394\" srcset=\"https:\/\/blogsaverroes.juntadeandalucia.es\/ceip-manuel-cano-damian\/files\/2025\/10\/IGUALDAD-200x300.jpg 200w, https:\/\/blogsaverroes.juntadeandalucia.es\/ceip-manuel-cano-damian\/files\/2025\/10\/IGUALDAD.jpg 683w\" sizes=\"(max-width: 262px) 100vw, 262px\" \/> violencia de g\u00e9nero y es desde la escuela donde se debe comenzar a trabajar en la consecuci\u00f3n de unos valores que fomenten el respeto y la igualdad entre hombres y mujeres.<\/span><\/strong><\/p>\n<p><strong><span style=\"font-size: 14pt;color: #000000\">La escuela debe preparar un itinerario formativo que facilite el desarrollo de cada individuo, hombre o mujer, en todas sus dimensiones, que trabaje activamente y de modo transversal para la superaci\u00f3n de prejuicios y estereotipos sexistas.<\/span><\/strong><\/p>\n<p><strong><span style=\"font-size: 14pt;color: #000000\">La familia y los centros educativos son agentes sociales imprescindibles para la transmisi\u00f3n de valores como el respeto y la igualdad entre hombres y mujeres. A la vez desempe\u00f1an una funci\u00f3n crucial en la compensaci\u00f3n de desigualdades, como las que provienen de prejuicios sexistas y que pueden incidir en el desarrollo de las ni\u00f1as y los ni\u00f1os desde su infancia.<\/span><\/strong><\/p>\n<p><strong><span style=\"font-size: 14pt;color: #000000\">Ya que la familia y los centros educativos facilitan modelos de conducta, la sociedad pide a toda la comunidad educativa su implicaci\u00f3n en la transmisi\u00f3n de una educaci\u00f3n que promueva la igualdad, el respeto mutuo, la colaboraci\u00f3n y el trabajo en com\u00fan, sin olvidar que las diferencias entre los sexos son enriquecedoras y que la igualdad no es la eliminaci\u00f3n de las diferencias, sino la eliminaci\u00f3n de toda discriminaci\u00f3n a causa de esas diferencias.<\/span><\/strong><\/p>\n<p><strong><span style=\"font-size: 14pt;color: #000000\">La escuela debe:<\/span><\/strong><\/p>\n<ul>\n<li><strong><span style=\"font-size: 14pt;color: #000000\">Transmitir un estilo de vida libre de prejuicios y de estereotipos machistas.<\/span><\/strong><\/li>\n<li><strong><span style=\"font-size: 14pt;color: #000000\">Inculcar una actitud cr\u00edtica en nuestro alumnado que les permita actuar ante mensajes no igualitarios.<\/span><\/strong><\/li>\n<li><strong><span style=\"font-size: 14pt;color: #000000\">Conseguir en nuestros alumnos y alumnas una conducta responsable y democr\u00e1tica que no tolere discriminaciones.<\/span><\/strong><\/li>\n<li><strong><span style=\"font-size: 14pt;color: #000000\">Establecer relaciones sociales que se fundamenten en el respeto mutuo y en la igualdad de derechos y oportunidades.<\/span><\/strong><\/li>\n<li><strong><span style=\"font-size: 14pt;color: #000000\">Incorporar las competencias y conocimientos necesarios para que alumnas y alumnos se eduquen en la corresponsabilidad y se hagan cargo de sus actuales y futuras necesidades y responsabilidades relacionadas con el trabajo dom\u00e9stico y el cuidado de las personas.<\/span><\/strong><\/li>\n<\/ul>\n<p><strong><span style=\"font-size: 14pt;color: #000000\">Desde hace varios cursos en nuestro centro la l\u00ednea fundamental que inspira el Plan de Igualdad es la de preparar a los alumnos y alumnas para participar activamente en la vida escolar, familiar, social, laboral y cultural.<\/span><\/strong><\/p>\n<p><strong><span style=\"font-size: 14pt;color: #000000\">Educar significa promover el desarrollo integral de las personas, por lo que resulta necesario favorecer ese valor entre el alumnado para superar las limitaciones impuestas por el g\u00e9nero a trav\u00e9s de un trabajo sistem\u00e1tico de la Comunidad Educativa.<\/span><\/strong><\/p>\n<p><strong><span style=\"font-size: 14pt;color: #000000\">Ese reto es el que nos proponemos, un curso m\u00e1s, a trav\u00e9s del&nbsp; Plan de Igualdad entre hombre y mujeres.<\/span><\/strong><\/p>\n","protected":false},"excerpt":{"rendered":"<p>Hoy en d\u00eda existe una problem\u00e1tica respecto a la violencia de g\u00e9nero y es desde la escuela donde se debe comenzar a trabajar en la consecuci\u00f3n de unos valores que fomenten el respeto y&#46;&#46;&#46;<\/p>\n","protected":false},"author":14491,"featured_media":0,"parent":0,"menu_order":0,"comment_status":"closed","ping_status":"closed","template":"","meta":{"ngg_post_thumbnail":0,"footnotes":""},"aioseo_notices":[],"_links":{"self":[{"href":"https:\/\/blogsaverroes.juntadeandalucia.es\/ceip-manuel-cano-damian\/wp-json\/wp\/v2\/pages\/1438"}],"collection":[{"href":"https:\/\/blogsaverroes.juntadeandalucia.es\/ceip-manuel-cano-damian\/wp-json\/wp\/v2\/pages"}],"about":[{"href":"https:\/\/blogsaverroes.juntadeandalucia.es\/ceip-manuel-cano-damian\/wp-json\/wp\/v2\/types\/page"}],"author":[{"embeddable":true,"href":"https:\/\/blogsaverroes.juntadeandalucia.es\/ceip-manuel-cano-damian\/wp-json\/wp\/v2\/users\/14491"}],"replies":[{"embeddable":true,"href":"https:\/\/blogsaverroes.juntadeandalucia.es\/ceip-manuel-cano-damian\/wp-json\/wp\/v2\/comments?post=1438"}],"version-history":[{"count":5,"href":"https:\/\/blogsaverroes.juntadeandalucia.es\/ceip-manuel-cano-damian\/wp-json\/wp\/v2\/pages\/1438\/revisions"}],"predecessor-version":[{"id":5680,"href":"https:\/\/blogsaverroes.juntadeandalucia.es\/ceip-manuel-cano-damian\/wp-json\/wp\/v2\/pages\/1438\/revisions\/5680"}],"wp:attachment":[{"href":"https:\/\/blogsaverroes.juntadeandalucia.es\/ceip-manuel-cano-damian\/wp-json\/wp\/v2\/media?parent=1438"}],"curies":[{"name":"wp","href":"https:\/\/api.w.org\/{rel}","templated":true}]}}