{"id":1440,"date":"2022-02-10T17:37:35","date_gmt":"2022-02-10T16:37:35","guid":{"rendered":"https:\/\/blogsaverroes.juntadeandalucia.es\/ceip-manuel-cano-damian\/?page_id=1440"},"modified":"2022-02-13T17:56:03","modified_gmt":"2022-02-13T16:56:03","slug":"tde","status":"publish","type":"page","link":"https:\/\/blogsaverroes.juntadeandalucia.es\/ceip-manuel-cano-damian\/tde\/","title":{"rendered":"TDE"},"content":{"rendered":"<p><img loading=\"lazy\" decoding=\"async\" class=\"alignnone  wp-image-1478\" src=\"https:\/\/blogsaverroes.juntadeandalucia.es\/ceip-manuel-cano-damian\/files\/2022\/02\/TDE-1-300x46.png\" alt=\"\" width=\"398\" height=\"61\" srcset=\"https:\/\/blogsaverroes.juntadeandalucia.es\/ceip-manuel-cano-damian\/files\/2022\/02\/TDE-1-300x46.png 300w, https:\/\/blogsaverroes.juntadeandalucia.es\/ceip-manuel-cano-damian\/files\/2022\/02\/TDE-1.png 360w\" sizes=\"(max-width: 398px) 100vw, 398px\" \/><img loading=\"lazy\" decoding=\"async\" class=\"alignnone size-medium wp-image-1479 alignright\" src=\"https:\/\/blogsaverroes.juntadeandalucia.es\/ceip-manuel-cano-damian\/files\/2022\/02\/TDE-259x300.png\" alt=\"\" width=\"259\" height=\"300\" srcset=\"https:\/\/blogsaverroes.juntadeandalucia.es\/ceip-manuel-cano-damian\/files\/2022\/02\/TDE-259x300.png 259w, https:\/\/blogsaverroes.juntadeandalucia.es\/ceip-manuel-cano-damian\/files\/2022\/02\/TDE-885x1024.png 885w, https:\/\/blogsaverroes.juntadeandalucia.es\/ceip-manuel-cano-damian\/files\/2022\/02\/TDE-768x889.png 768w, https:\/\/blogsaverroes.juntadeandalucia.es\/ceip-manuel-cano-damian\/files\/2022\/02\/TDE-1327x1536.png 1327w, https:\/\/blogsaverroes.juntadeandalucia.es\/ceip-manuel-cano-damian\/files\/2022\/02\/TDE.png 1695w\" sizes=\"(max-width: 259px) 100vw, 259px\" \/><\/p>\n<p><strong><span style=\"font-size: 14pt;color: #000000\">La transformaci\u00f3n digital educativa es una de las principales respuestas a los retos planteados actualmente, con repercusiones inmediatas en el \u00e1mbito escolar pero que lo trasciende, para facilitar la adquisici\u00f3n y desarrollo de competencias y habilidades a quienes formar\u00e1n la ciudadan\u00eda en un futuro inmediato.<\/span><\/strong><\/p>\n<p><strong><span style=\"font-size: 14pt;color: #000000\">Este punto de partida implica adoptar nuevos planteamientos que mejoren los logros alcanzados con el Plan Escuela TIC 2.0 para avanzar hacia modelos m\u00e1s hol\u00edsticos y pr\u00f3ximos al entorno comunitario.<\/span><\/strong><\/p>\n<p><strong><span style=\"font-size: 14pt;color: #000000\">Para ello se han puesto en marcha medidas que nos afectan a todos los centros que imparten ense\u00f1anzas no universitarias y de car\u00e1cter obligatorio, tales como el desarrollo de herramientas en S\u00e9neca para la autoevaluaci\u00f3n de nuestro centro como organizaci\u00f3n digitalmente competente mediante la R\u00fabrica TDE y el formulario para obtener el Plan de Actuaci\u00f3n Digital (PAD), del que a su vez se derivan el Plan de Formaci\u00f3n del Profesorado y el Plan de Contingencia. Asimismo, se ha realizado el Test de Competencia Digital Docente que nos ha proporcionado un Informe Individual y un Informe de Centro.<\/span><\/strong><\/p>\n<p><strong><span style=\"font-size: 14pt;color: #000000\">La formaci\u00f3n del profesorado es un aspecto primordial en el proceso de transformaci\u00f3n digital educativa, que incluir\u00e1 durante el presente curso 2021\/22 itinerarios formativos, haciendo hincapi\u00e9 en la modalidad de Formaci\u00f3n en Centro con caracter\u00edsticas h\u00edbridas (presencial y online) para facilitar su trasposici\u00f3n a este tipo de docencia, cada vez m\u00e1s importante, a la par que se incide en la importancia del Dise\u00f1o Universal para el Aprendizaje (DUA) y en el conocimiento y difusi\u00f3n de los Objetivos de Desarrollo Sostenible (ODS) desde una perspectiva de trabajo cooperativo en el que adquiera especial relevancia la competencia de Aprender a aprender.<\/span><\/strong><\/p>\n<p>&nbsp;<\/p>\n","protected":false},"excerpt":{"rendered":"<p>La transformaci\u00f3n digital educativa es una de las principales respuestas a los retos planteados actualmente, con repercusiones inmediatas en el \u00e1mbito escolar pero que lo trasciende, para facilitar la adquisici\u00f3n y desarrollo de competencias&#46;&#46;&#46;<\/p>\n","protected":false},"author":14491,"featured_media":0,"parent":0,"menu_order":0,"comment_status":"closed","ping_status":"closed","template":"","meta":{"ngg_post_thumbnail":0,"footnotes":""},"aioseo_notices":[],"_links":{"self":[{"href":"https:\/\/blogsaverroes.juntadeandalucia.es\/ceip-manuel-cano-damian\/wp-json\/wp\/v2\/pages\/1440"}],"collection":[{"href":"https:\/\/blogsaverroes.juntadeandalucia.es\/ceip-manuel-cano-damian\/wp-json\/wp\/v2\/pages"}],"about":[{"href":"https:\/\/blogsaverroes.juntadeandalucia.es\/ceip-manuel-cano-damian\/wp-json\/wp\/v2\/types\/page"}],"author":[{"embeddable":true,"href":"https:\/\/blogsaverroes.juntadeandalucia.es\/ceip-manuel-cano-damian\/wp-json\/wp\/v2\/users\/14491"}],"replies":[{"embeddable":true,"href":"https:\/\/blogsaverroes.juntadeandalucia.es\/ceip-manuel-cano-damian\/wp-json\/wp\/v2\/comments?post=1440"}],"version-history":[{"count":4,"href":"https:\/\/blogsaverroes.juntadeandalucia.es\/ceip-manuel-cano-damian\/wp-json\/wp\/v2\/pages\/1440\/revisions"}],"predecessor-version":[{"id":1480,"href":"https:\/\/blogsaverroes.juntadeandalucia.es\/ceip-manuel-cano-damian\/wp-json\/wp\/v2\/pages\/1440\/revisions\/1480"}],"wp:attachment":[{"href":"https:\/\/blogsaverroes.juntadeandalucia.es\/ceip-manuel-cano-damian\/wp-json\/wp\/v2\/media?parent=1440"}],"curies":[{"name":"wp","href":"https:\/\/api.w.org\/{rel}","templated":true}]}}