{"id":1445,"date":"2022-02-10T17:37:36","date_gmt":"2022-02-10T16:37:36","guid":{"rendered":"https:\/\/blogsaverroes.juntadeandalucia.es\/ceip-manuel-cano-damian\/?page_id=1445"},"modified":"2022-02-13T17:51:13","modified_gmt":"2022-02-13T16:51:13","slug":"proyecto-steam","status":"publish","type":"page","link":"https:\/\/blogsaverroes.juntadeandalucia.es\/ceip-manuel-cano-damian\/proyecto-steam\/","title":{"rendered":"PROYECTO STEAM"},"content":{"rendered":"<p><img loading=\"lazy\" decoding=\"async\" class=\"alignnone size-full wp-image-1499\" src=\"https:\/\/blogsaverroes.juntadeandalucia.es\/ceip-manuel-cano-damian\/files\/2022\/02\/ROB\u00d3TICA-1-1.png\" alt=\"\" width=\"479\" height=\"88\" srcset=\"https:\/\/blogsaverroes.juntadeandalucia.es\/ceip-manuel-cano-damian\/files\/2022\/02\/ROB\u00d3TICA-1-1.png 479w, https:\/\/blogsaverroes.juntadeandalucia.es\/ceip-manuel-cano-damian\/files\/2022\/02\/ROB\u00d3TICA-1-1-300x55.png 300w\" sizes=\"(max-width: 479px) 100vw, 479px\" \/><img loading=\"lazy\" decoding=\"async\" class=\"alignnone wp-image-1501 alignright\" src=\"https:\/\/blogsaverroes.juntadeandalucia.es\/ceip-manuel-cano-damian\/files\/2022\/02\/ROB\u00d3TICA-2.png\" alt=\"\" width=\"341\" height=\"239\"><\/p>\n<p><strong><span style=\"font-size: 14pt;color: #000000\">Este a\u00f1o, hemos solicitado, el&nbsp;Proyecto STEAM: Rob\u00f3tica aplicada al aula, con el objetivo de formar al profesorado en esta tem\u00e1tica y fomentar en el alumnado las vocaciones STEAM promoviendo proyectos centrados en la innovaci\u00f3n, la creatividad, el dise\u00f1o y la resoluci\u00f3n de problemas con la rob\u00f3tica como herramienta.<\/span><\/strong><\/p>\n<p>&nbsp;<\/p>\n<h3><strong><span style=\"font-size: 14pt;color: #000000\">OBJETIVOS<\/span><\/strong><\/h3>\n<p><strong><span style=\"font-size: 14pt;color: #000000\">Son objetivos espec\u00edficos de este Proyecto:<\/span><\/strong><br \/>\n<strong><span style=\"font-size: 14pt;color: #000000\">a) Facilitar la formaci\u00f3n del profesorado y el alumnado en el estudio de la&nbsp;rob\u00f3tica, la&nbsp;impresi\u00f3n 3D&nbsp;y el&nbsp;pensamiento computacional.<\/span><\/strong><br \/>\n<strong><span style=\"font-size: 14pt;color: #000000\">b) Favorecer la integraci\u00f3n de tareas y actividades&nbsp;STEAM&nbsp;en el curr\u00edculo de las asignaturas y en el proyecto de centro.<\/span><\/strong><br \/>\n<strong><span style=\"font-size: 14pt;color: #000000\">c) Fomentar las vocaciones&nbsp;STEAM&nbsp;en el alumnado, contribuyendo a la igualdad de oportunidades.<\/span><\/strong><br \/>\n<strong><span style=\"font-size: 14pt;color: #000000\">d) Impulsar un cambio metodol\u00f3gico en las materias&nbsp;STEAM&nbsp;hacia metodolog\u00edas activas e inclusivas.<\/span><\/strong><br \/>\n<strong><span style=\"font-size: 14pt;color: #000000\">e) Favorecer la actualizaci\u00f3n cient\u00edfica y tecnol\u00f3gica del profesorado en el \u00e1mbito&nbsp;STEAM.<\/span><\/strong><br \/>\n<strong><span style=\"font-size: 14pt;color: #000000\">f) Participar en proyectos de fomento y acercamiento al alumnado de las disciplinas&nbsp;STEAM, poniendo el foco en la incorporaci\u00f3n de la mujer a las profesiones de este \u00e1mbito.<\/span><\/strong><\/p>\n","protected":false},"excerpt":{"rendered":"<p>Este a\u00f1o, hemos solicitado, el&nbsp;Proyecto STEAM: Rob\u00f3tica aplicada al aula, con el objetivo de formar al profesorado en esta tem\u00e1tica y fomentar en el alumnado las vocaciones STEAM promoviendo proyectos centrados en la innovaci\u00f3n,&#46;&#46;&#46;<\/p>\n","protected":false},"author":14491,"featured_media":0,"parent":0,"menu_order":0,"comment_status":"closed","ping_status":"closed","template":"","meta":{"ngg_post_thumbnail":0,"footnotes":""},"aioseo_notices":[],"_links":{"self":[{"href":"https:\/\/blogsaverroes.juntadeandalucia.es\/ceip-manuel-cano-damian\/wp-json\/wp\/v2\/pages\/1445"}],"collection":[{"href":"https:\/\/blogsaverroes.juntadeandalucia.es\/ceip-manuel-cano-damian\/wp-json\/wp\/v2\/pages"}],"about":[{"href":"https:\/\/blogsaverroes.juntadeandalucia.es\/ceip-manuel-cano-damian\/wp-json\/wp\/v2\/types\/page"}],"author":[{"embeddable":true,"href":"https:\/\/blogsaverroes.juntadeandalucia.es\/ceip-manuel-cano-damian\/wp-json\/wp\/v2\/users\/14491"}],"replies":[{"embeddable":true,"href":"https:\/\/blogsaverroes.juntadeandalucia.es\/ceip-manuel-cano-damian\/wp-json\/wp\/v2\/comments?post=1445"}],"version-history":[{"count":4,"href":"https:\/\/blogsaverroes.juntadeandalucia.es\/ceip-manuel-cano-damian\/wp-json\/wp\/v2\/pages\/1445\/revisions"}],"predecessor-version":[{"id":1597,"href":"https:\/\/blogsaverroes.juntadeandalucia.es\/ceip-manuel-cano-damian\/wp-json\/wp\/v2\/pages\/1445\/revisions\/1597"}],"wp:attachment":[{"href":"https:\/\/blogsaverroes.juntadeandalucia.es\/ceip-manuel-cano-damian\/wp-json\/wp\/v2\/media?parent=1445"}],"curies":[{"name":"wp","href":"https:\/\/api.w.org\/{rel}","templated":true}]}}