{"id":4684,"date":"2024-10-18T07:55:56","date_gmt":"2024-10-18T06:55:56","guid":{"rendered":"https:\/\/blogsaverroes.juntadeandalucia.es\/ceip-manuel-cano-damian\/?page_id=4684"},"modified":"2026-02-16T18:17:49","modified_gmt":"2026-02-16T17:17:49","slug":"comedor-escolar-2","status":"publish","type":"page","link":"https:\/\/blogsaverroes.juntadeandalucia.es\/ceip-manuel-cano-damian\/comedor-escolar-2\/","title":{"rendered":"COMEDOR ESCOLAR  2025\/2026"},"content":{"rendered":"<p style=\"text-align: center\">&nbsp;<\/p>\n<p><img loading=\"lazy\" decoding=\"async\" class=\"aligncenter size-full wp-image-6296\" src=\"https:\/\/blogsaverroes.juntadeandalucia.es\/ceip-manuel-cano-damian\/files\/2026\/02\/cooltext502528252655047.png\" alt=\"\" width=\"505\" height=\"97\" srcset=\"https:\/\/blogsaverroes.juntadeandalucia.es\/ceip-manuel-cano-damian\/files\/2026\/02\/cooltext502528252655047.png 505w, https:\/\/blogsaverroes.juntadeandalucia.es\/ceip-manuel-cano-damian\/files\/2026\/02\/cooltext502528252655047-300x58.png 300w\" sizes=\"(max-width: 505px) 100vw, 505px\" \/><\/p>\n<p><img loading=\"lazy\" decoding=\"async\" class=\"aligncenter size-full wp-image-6297\" src=\"https:\/\/blogsaverroes.juntadeandalucia.es\/ceip-manuel-cano-damian\/files\/2026\/02\/MENU-FEBRERO-scaled.jpg\" alt=\"\" width=\"2560\" height=\"1921\" srcset=\"https:\/\/blogsaverroes.juntadeandalucia.es\/ceip-manuel-cano-damian\/files\/2026\/02\/MENU-FEBRERO-scaled.jpg 2560w, https:\/\/blogsaverroes.juntadeandalucia.es\/ceip-manuel-cano-damian\/files\/2026\/02\/MENU-FEBRERO-300x225.jpg 300w, https:\/\/blogsaverroes.juntadeandalucia.es\/ceip-manuel-cano-damian\/files\/2026\/02\/MENU-FEBRERO-1024x768.jpg 1024w, https:\/\/blogsaverroes.juntadeandalucia.es\/ceip-manuel-cano-damian\/files\/2026\/02\/MENU-FEBRERO-768x576.jpg 768w, https:\/\/blogsaverroes.juntadeandalucia.es\/ceip-manuel-cano-damian\/files\/2026\/02\/MENU-FEBRERO-1536x1153.jpg 1536w, https:\/\/blogsaverroes.juntadeandalucia.es\/ceip-manuel-cano-damian\/files\/2026\/02\/MENU-FEBRERO-2048x1537.jpg 2048w\" sizes=\"(max-width: 2560px) 100vw, 2560px\" \/><\/p>\n<p><img loading=\"lazy\" decoding=\"async\" class=\"aligncenter size-full wp-image-5628\" src=\"https:\/\/blogsaverroes.juntadeandalucia.es\/ceip-manuel-cano-damian\/files\/2025\/09\/COMEDOR.png\" alt=\"\" width=\"890\" height=\"172\" srcset=\"https:\/\/blogsaverroes.juntadeandalucia.es\/ceip-manuel-cano-damian\/files\/2025\/09\/COMEDOR.png 890w, https:\/\/blogsaverroes.juntadeandalucia.es\/ceip-manuel-cano-damian\/files\/2025\/09\/COMEDOR-300x58.png 300w, https:\/\/blogsaverroes.juntadeandalucia.es\/ceip-manuel-cano-damian\/files\/2025\/09\/COMEDOR-768x148.png 768w\" sizes=\"(max-width: 890px) 100vw, 890px\" \/><\/p>\n<p style=\"text-align: center\"><span style=\"font-size: 18pt;color: #0000ff\"><strong><img loading=\"lazy\" decoding=\"async\" class=\"wp-image-5629 alignleft\" src=\"https:\/\/blogsaverroes.juntadeandalucia.es\/ceip-manuel-cano-damian\/files\/2025\/09\/medi1.jpg\" alt=\"\" width=\"199\" height=\"86\" srcset=\"https:\/\/blogsaverroes.juntadeandalucia.es\/ceip-manuel-cano-damian\/files\/2025\/09\/medi1.jpg 422w, https:\/\/blogsaverroes.juntadeandalucia.es\/ceip-manuel-cano-damian\/files\/2025\/09\/medi1-300x129.jpg 300w\" sizes=\"(max-width: 199px) 100vw, 199px\" \/><\/strong><\/span><\/p>\n<p>&nbsp;<\/p>\n<p><img loading=\"lazy\" decoding=\"async\" class=\" wp-image-5630 alignright\" src=\"https:\/\/blogsaverroes.juntadeandalucia.es\/ceip-manuel-cano-damian\/files\/2025\/09\/medi2.jpg\" alt=\"\" width=\"220\" height=\"32\"><\/p>\n<p style=\"text-align: center\"><span style=\"font-family: 'trebuchet ms', geneva, sans-serif\"><span style=\"font-size: 18pt;color: #0000ff\"><strong>GESTI\u00d3N SERVICIO COMEDOR <\/strong><\/span><span style=\"color: #0000ff\"><strong>CURSO 2025-2026<\/strong><\/span><\/span><\/p>\n<p><span style=\"font-size: 14pt;font-family: 'trebuchet ms', geneva, sans-serif;color: #000000\"><strong>El grupo Mediterr\u00e1nea de catering<\/strong> es la empresa que gestiona el servicio de comedor, por favor lea detenidamente la carta para evitar posibles incidencias.<\/span><\/p>\n<p><span style=\"font-size: 14pt;font-family: 'trebuchet ms', geneva, sans-serif;color: #000000\">El precio del men\u00fa para el curso escolar es 5.54 \u20ac\/ d\u00eda sin bonificaci\u00f3n.<\/span><\/p>\n<p><span style=\"font-size: 14pt;font-family: 'trebuchet ms', geneva, sans-serif;color: #000000\">La utilizaci\u00f3n del servicio podr\u00e1 solicitarse por meses completos o para d\u00edas concretos de la semana, existiendo \u00fanicamente los siguientes tipos de usuarios:<\/span><\/p>\n<p><span style=\"font-size: 14pt;font-family: 'trebuchet ms', geneva, sans-serif;color: #000000\"><u>Usuario habitual<\/u>, come de lunes a viernes<\/span><\/p>\n<p><span style=\"font-size: 14pt;font-family: 'trebuchet ms', geneva, sans-serif;color: #000000\"><u>Usuario habitual fijo-discontinuo<\/u>, no come todos los d\u00edas de la semana, pero come d\u00edas fijos (ej, lunes y mi\u00e9rcoles). Si usted solicita el fijo discontinuo debe informarnos a nosotros de los d\u00edas de la semana que <strong><u>no asiste<\/u> <\/strong>(mi hijo no va a asistir nunca martes, jueves y viernes), ya que dicha informaci\u00f3n no la recibimos por parte del centro.<\/span><\/p>\n<p><span style=\"font-size: 14pt;font-family: 'trebuchet ms', geneva, sans-serif;color: #000000\"><strong>Para el resto de los usuarios que no cumplan ninguno de estos dos tipos deber\u00e1n de notificar con el tiempo impuesto en los pliegos de prescripciones (3 d\u00edas de preaviso) la NO asistencia al comedor. Los casos de usuarios que necesiten el servicio solo alg\u00fan d\u00eda del mes tendr\u00e1n que notificar la ausencia de todos los d\u00edas que no utilicen el servicio. (Ej ,Si mi hij@ solo va a asistir 3 d\u00edas en el mes de octubre o asiste semanas alternas, tendr\u00e1 que marcar en la web o avisar por correo electr\u00f3nico <u>los d\u00edas que NO va asistir<\/u> , siempre cumpliendo con el preaviso de tres d\u00edas).<\/strong><\/span><\/p>\n<p><span style=\"font-size: 14pt;font-family: 'trebuchet ms', geneva, sans-serif\"><span style=\"color: #000000\">Si el alumno requiere una DIETA especial, debe aportar informe m\u00e9dico completo del alerg\u00f3logo\/pediatra adjunt\u00e1ndolo en un email a:<\/span> <a href=\"mailto:dietetica.andalucia@mediterranea-group.com\">dietetica.andalucia@mediterranea-group.com<\/a>.<\/span><\/p>\n<p><span style=\"font-size: 14pt;font-family: 'trebuchet ms', geneva, sans-serif;color: #000000\"><strong><u>Si ya nos lo aport\u00f3 el curso pasado<\/u><\/strong> no es necesario, salvo comunicaci\u00f3n de baja o modificaci\u00f3n. Desde esta direcci\u00f3n se le responder\u00e1 su fecha de inicio o recepci\u00f3n en el centro. A esta misma direcci\u00f3n puede solicitar el men\u00fa correspondiente o informaci\u00f3n sobre AL\u00c9RGENOS y\/o <strong>dieta blanda\/astringente<\/strong><\/span><\/p>\n<p><span style=\"font-size: 14pt;font-family: 'trebuchet ms', geneva, sans-serif;color: #000000\">Los usuarios podr\u00e1n avisar de sus ausencias del comedor con una antelaci\u00f3n m\u00ednima de <strong>tres d\u00edas<\/strong>, sin coste econ\u00f3mico alguno para el usuario. Las <strong>ausencias por excursi\u00f3n<\/strong> deben se informadas a nosotros ya que el centro no tiene obligaci\u00f3n de informar de dicha salida.<\/span><\/p>\n<p><span style=\"font-size: 14pt;font-family: 'trebuchet ms', geneva, sans-serif\"><span style=\"color: #000000\">La notificaci\u00f3n de la No asistencia o faltas se debe registrar a trav\u00e9s de la web de padres (en el mes de septiembre y parte de octubre a\u00fan no est\u00e1n registrados correctamente todos los usuarios con sus bonificaciones por lo cual le aconsejamos que la ausencia la tramite a trav\u00e9s del correo mientras la web no se encuentra operativa) y en el caso de que no est\u00e9 registrado puede enviarlo a:<\/span>&nbsp; &nbsp;&nbsp;<\/span><\/p>\n<p style=\"text-align: center\"><span style=\"font-size: 14pt;font-family: 'trebuchet ms', geneva, sans-serif\"><a href=\"mailto:administracion.cordoba@mediterranea-group.com\"><strong>administracion.cordoba@mediterranea-group.com<\/strong><\/a><\/span><\/p>\n<p><span style=\"font-size: 14pt;font-family: 'trebuchet ms', geneva, sans-serif;color: #000000\">&nbsp;con un preaviso de <strong>tres d\u00edas <\/strong><strong>(no se contesta a estos mails, existe una respuesta autom\u00e1tica para garantizar su recepci\u00f3n).<\/strong><\/span><\/p>\n<p><span style=\"font-size: 14pt;font-family: 'trebuchet ms', geneva, sans-serif;color: #000000\">En caso de enfermedad, tambi\u00e9n se podr\u00e1 anular el servicio durante cualquier d\u00eda de la prestaci\u00f3n siempre que la anulaci\u00f3n quede acreditada por la asistencia del usuario a consulta m\u00e9dica, tendr\u00e1 un plazo m\u00e1ximo de 5 d\u00edas para aportarlo.<\/span><\/p>\n<p><span style=\"font-size: 14pt;font-family: 'trebuchet ms', geneva, sans-serif;color: #000000\">Se considerar\u00e1 suficientemente justificada este tipo de ausencia con la presentaci\u00f3n de cualquiera de los documentos siguientes:<\/span><\/p>\n<p><span style=\"font-size: 14pt;font-family: 'trebuchet ms', geneva, sans-serif;color: #000000\">-Informe de asistencia a consulta &nbsp;o justificante de acceso a demanda de asistencia.<\/span><\/p>\n<p><span style=\"font-size: 14pt;font-family: 'trebuchet ms', geneva, sans-serif;color: #000000\">La solicitud de <strong>baja<\/strong> en el servicio se comunicar\u00e1 con <strong>una antelaci\u00f3n de al menos una semana<\/strong> del inicio del mes en el que se pretenda hacer efectiva la baja. (Ej. Si mi intenci\u00f3n es dar de baja el servicio para el d\u00eda 1 de octubre tendr\u00e9 que solicitarla la baja a la empresa que gestiona el servicio y al centro escolar antes del 25 de septiembre).<\/span><\/p>\n<p><span style=\"font-size: 14pt;font-family: 'trebuchet ms', geneva, sans-serif;color: #000000\">Las familias podr\u00e1n registrarse en la web de familias para poder notificar dichas ausencias, consultar recibos, visualizar el men\u00fa\u2026..<\/span><\/p>\n<p><span style=\"font-size: 14pt;font-family: 'trebuchet ms', geneva, sans-serif\"><a href=\"http:\/\/andalucia.mediterranea-group.com\/\">http:\/\/andalucia.mediterranea-group.com\/<\/a>&nbsp;&nbsp;&nbsp;&nbsp;&nbsp;&nbsp;<\/span><\/p>\n<p><span style=\"font-size: 14pt;font-family: 'trebuchet ms', geneva, sans-serif;color: #000000\">Para poder registrarse en la web, el usuario debe tener registrado un correo electr\u00f3nico en la ficha del alumno. Si no puede registrarse correctamente contacte con nosotros a trav\u00e9s del mail para subsanar la incidencia. <strong>La web no estar\u00e1 disponible hasta la publicaci\u00f3n del listado definitivo de bonificaciones.<\/strong><\/span><\/p>\n<p><span style=\"font-size: 14pt;font-family: 'trebuchet ms', geneva, sans-serif;color: #000000\">Los recibos del comedor se emitir\u00e1n a mes vencido alrededor del d\u00eda 10 del siguiente mes, a excepci\u00f3n de los meses de septiembre y octubre que se emitir\u00e1n casi conjuntamente una vez est\u00e9n publicadas las bonificaciones definitivas. Rogamos que lo tengan en cuenta para evitar posibles devoluciones.<\/span><\/p>\n<p><span style=\"font-size: 14pt;font-family: 'trebuchet ms', geneva, sans-serif;color: #000000\">El pago del comedor se realizar\u00e1 solo y exclusivamente a trav\u00e9s de domiciliaci\u00f3n bancaria (el comensal solo podr\u00e1 tener asignado un \u00fanico n\u00famero de cuenta).<\/span><\/p>\n<p><span style=\"font-size: 14pt;font-family: 'trebuchet ms', geneva, sans-serif;color: #000000\">Aquellos usuarios que no dispongan de n\u00famero de cta. bancaria causar\u00e1n baja inmediata en el comedor. &nbsp;Si modifica su n\u00famero de cuenta una vez comenzado el curso, debe informarlo a nosotros directamente para evitar intermediarios y posibles domiciliaciones err\u00f3neas.<\/span><\/p>\n<p><span style=\"font-size: 14pt;font-family: 'trebuchet ms', geneva, sans-serif;color: #000000\">Si alg\u00fan recibo no es correcto le rogamos que contacte con nosotros a trav\u00e9s de mail para proceder a la soluci\u00f3n de dicha incidencia y NO devuelva el recibo ya que conllevar\u00e1 unos gastos de 2\u20ac de devoluci\u00f3n por cada recibo devuelto.<\/span><\/p>\n<p><span style=\"font-size: 14pt;font-family: 'trebuchet ms', geneva, sans-serif;color: #000000\">Por causas motivadas de impago de recibo, la empresa adjudicataria del servicio podr\u00e1 autorizar en conjunto con el Centro la baja temporal o definitiva de los usuarios del servicio de comedor.<\/span><\/p>\n<p><span style=\"font-size: 14pt;font-family: 'trebuchet ms', geneva, sans-serif;color: #000000\">El resto de las incidencias se tramitar\u00e1n a trav\u00e9s del mismo mail y le daremos una contestaci\u00f3n a la mayor brevedad posible.<\/span><\/p>\n<p><span style=\"font-size: 14pt;font-family: 'trebuchet ms', geneva, sans-serif;color: #000000\">Atentamente.<\/span><\/p>\n<p style=\"text-align: center\"><span style=\"font-family: 'trebuchet ms', geneva, sans-serif\"><a href=\"https:\/\/drive.google.com\/file\/d\/1W3fLGyFspgK87HY9cpx3JQFRD6QXVSMy\/view?usp=sharing\"><span style=\"color: #0000ff\">Descarga esta informaci\u00f3n.<\/span><\/a><\/span><\/p>\n<p><img loading=\"lazy\" decoding=\"async\" class=\"aligncenter size-full wp-image-5631\" src=\"https:\/\/blogsaverroes.juntadeandalucia.es\/ceip-manuel-cano-damian\/files\/2025\/09\/medi3.png\" alt=\"\" width=\"2774\" height=\"66\" srcset=\"https:\/\/blogsaverroes.juntadeandalucia.es\/ceip-manuel-cano-damian\/files\/2025\/09\/medi3.png 2774w, https:\/\/blogsaverroes.juntadeandalucia.es\/ceip-manuel-cano-damian\/files\/2025\/09\/medi3-300x7.png 300w, https:\/\/blogsaverroes.juntadeandalucia.es\/ceip-manuel-cano-damian\/files\/2025\/09\/medi3-1024x24.png 1024w, https:\/\/blogsaverroes.juntadeandalucia.es\/ceip-manuel-cano-damian\/files\/2025\/09\/medi3-768x18.png 768w, https:\/\/blogsaverroes.juntadeandalucia.es\/ceip-manuel-cano-damian\/files\/2025\/09\/medi3-1536x37.png 1536w, https:\/\/blogsaverroes.juntadeandalucia.es\/ceip-manuel-cano-damian\/files\/2025\/09\/medi3-2048x49.png 2048w\" sizes=\"(max-width: 2774px) 100vw, 2774px\" \/><\/p>\n<p>&nbsp;<\/p>\n<p><img loading=\"lazy\" decoding=\"async\" class=\"aligncenter size-full wp-image-5632\" src=\"https:\/\/blogsaverroes.juntadeandalucia.es\/ceip-manuel-cano-damian\/files\/2025\/09\/medi4.png\" alt=\"\" width=\"351\" height=\"77\" srcset=\"https:\/\/blogsaverroes.juntadeandalucia.es\/ceip-manuel-cano-damian\/files\/2025\/09\/medi4.png 351w, https:\/\/blogsaverroes.juntadeandalucia.es\/ceip-manuel-cano-damian\/files\/2025\/09\/medi4-300x66.png 300w\" sizes=\"(max-width: 351px) 100vw, 351px\" \/><\/p>\n<p style=\"text-align: center\"><span style=\"color: #ff0000;font-size: 18pt;font-family: 'trebuchet ms', geneva, sans-serif\"><strong>NORMAS SIMPLIFICADAS DEL COMEDOR<\/strong><\/span><\/p>\n<p><span style=\"font-size: 14pt;font-family: 'trebuchet ms', geneva, sans-serif;color: #000000\">\u00bfC\u00f3mo contacto con la empresa?<\/span><\/p>\n<p><span style=\"font-size: 14pt;font-family: 'trebuchet ms', geneva, sans-serif\"><a href=\"https:\/\/andalucia.mediterranea-group.com\/\">administracion.cordoba@mediterranea-group.com<\/a><\/span><\/p>\n<p><span style=\"font-size: 14pt;font-family: 'trebuchet ms', geneva, sans-serif\"><span style=\"color: #000000\">\u00bfD\u00f3nde notifico<\/span><span style=\"color: #ff0000\"> las ausencias o las bajas<\/span> <span style=\"color: #000000\">del servicio?<\/span><\/span><\/p>\n<p><span style=\"font-size: 14pt;font-family: 'trebuchet ms', geneva, sans-serif\">&nbsp;<a href=\"https:\/\/andalucia.mediterranea-group.com\/\">administracion.cordoba@mediterranea-group.com<\/a><\/span><\/p>\n<p><span style=\"font-size: 14pt;font-family: 'trebuchet ms', geneva, sans-serif\">&nbsp; &nbsp; &nbsp;\ud83d\udc40 <span style=\"color: #000000\">con 3 d\u00edas de antelaci\u00f3n ausencias y una semana antes, en caso de baja en el servicio.<\/span><\/span><\/p>\n<p><span style=\"font-size: 14pt;font-family: 'trebuchet ms', geneva, sans-serif;color: #000000\">Si mi hijo est\u00e1 enfermo, \u00bfC\u00f3mo notifico la falta?<\/span><\/p>\n<p><span style=\"font-size: 14pt;font-family: 'trebuchet ms', geneva, sans-serif\"><a href=\"https:\/\/andalucia.mediterranea-group.com\/\">administracion.cordoba@mediterranea-group.com<\/a><\/span><\/p>\n<p><span style=\"font-size: 14pt;font-family: 'trebuchet ms', geneva, sans-serif\">&nbsp; &nbsp; &nbsp;\ud83e\ude7a<span style=\"color: #000000\">aportando en un plazo m\u00e1ximo de 5 d\u00edas justificaci\u00f3n m\u00e9dica para descontar el d\u00eda<\/span><\/span><\/p>\n<p><span style=\"font-size: 14pt;font-family: 'trebuchet ms', geneva, sans-serif;color: #000000\">Si mi hijo necesita una dieta especial o blanda \u00bfD\u00f3nde la solicito?<\/span><\/p>\n<p><span style=\"font-size: 14pt;font-family: 'trebuchet ms', geneva, sans-serif\"><a href=\"mailto:dietetica.andalucia@mediterranea-group.com\">dietetica.andalucia@mediterranea-group.com<\/a><\/span><\/p>\n<p><span style=\"font-size: 14pt;font-family: 'trebuchet ms', geneva, sans-serif\">&nbsp; &nbsp; &nbsp;\ud83c\udf5d<span style=\"color: #000000\">aportando informe completo del m\u00e9dico &nbsp;o del alerg\u00f3logo.<\/span><\/span><\/p>\n<p style=\"text-align: center\"><span style=\"font-family: 'trebuchet ms', geneva, sans-serif\"><a href=\"https:\/\/drive.google.com\/file\/d\/1ScZfJHNoN4LnD8e0l99DhHjsvXkOL3uY\/view?usp=sharing\">Descarga esta informaci\u00f3n<\/a>.<\/span><\/p>\n<p><img loading=\"lazy\" decoding=\"async\" class=\"aligncenter size-full wp-image-4685\" src=\"https:\/\/blogsaverroes.juntadeandalucia.es\/ceip-manuel-cano-damian\/files\/2024\/10\/cooltext468503611225436.png\" alt=\"\" width=\"534\" height=\"99\" srcset=\"https:\/\/blogsaverroes.juntadeandalucia.es\/ceip-manuel-cano-damian\/files\/2024\/10\/cooltext468503611225436.png 534w, https:\/\/blogsaverroes.juntadeandalucia.es\/ceip-manuel-cano-damian\/files\/2024\/10\/cooltext468503611225436-300x56.png 300w\" sizes=\"(max-width: 534px) 100vw, 534px\" \/><\/p>\n<p><img loading=\"lazy\" decoding=\"async\" class=\"aligncenter size-full wp-image-5530\" src=\"https:\/\/blogsaverroes.juntadeandalucia.es\/ceip-manuel-cano-damian\/files\/2025\/05\/menu-basal-JUNIO-scaled.jpg\" alt=\"\" width=\"2560\" height=\"1921\" srcset=\"https:\/\/blogsaverroes.juntadeandalucia.es\/ceip-manuel-cano-damian\/files\/2025\/05\/menu-basal-JUNIO-scaled.jpg 2560w, https:\/\/blogsaverroes.juntadeandalucia.es\/ceip-manuel-cano-damian\/files\/2025\/05\/menu-basal-JUNIO-300x225.jpg 300w, https:\/\/blogsaverroes.juntadeandalucia.es\/ceip-manuel-cano-damian\/files\/2025\/05\/menu-basal-JUNIO-1024x768.jpg 1024w, https:\/\/blogsaverroes.juntadeandalucia.es\/ceip-manuel-cano-damian\/files\/2025\/05\/menu-basal-JUNIO-768x576.jpg 768w, https:\/\/blogsaverroes.juntadeandalucia.es\/ceip-manuel-cano-damian\/files\/2025\/05\/menu-basal-JUNIO-1536x1153.jpg 1536w, https:\/\/blogsaverroes.juntadeandalucia.es\/ceip-manuel-cano-damian\/files\/2025\/05\/menu-basal-JUNIO-2048x1537.jpg 2048w\" sizes=\"(max-width: 2560px) 100vw, 2560px\" \/><\/p>\n<p><img loading=\"lazy\" decoding=\"async\" class=\"aligncenter size-full wp-image-5383\" src=\"https:\/\/blogsaverroes.juntadeandalucia.es\/ceip-manuel-cano-damian\/files\/2025\/04\/menu-mayo-2025-scaled.jpg\" alt=\"\" width=\"2560\" height=\"1921\" srcset=\"https:\/\/blogsaverroes.juntadeandalucia.es\/ceip-manuel-cano-damian\/files\/2025\/04\/menu-mayo-2025-scaled.jpg 2560w, https:\/\/blogsaverroes.juntadeandalucia.es\/ceip-manuel-cano-damian\/files\/2025\/04\/menu-mayo-2025-300x225.jpg 300w, https:\/\/blogsaverroes.juntadeandalucia.es\/ceip-manuel-cano-damian\/files\/2025\/04\/menu-mayo-2025-1024x768.jpg 1024w, https:\/\/blogsaverroes.juntadeandalucia.es\/ceip-manuel-cano-damian\/files\/2025\/04\/menu-mayo-2025-768x576.jpg 768w, https:\/\/blogsaverroes.juntadeandalucia.es\/ceip-manuel-cano-damian\/files\/2025\/04\/menu-mayo-2025-1536x1153.jpg 1536w, https:\/\/blogsaverroes.juntadeandalucia.es\/ceip-manuel-cano-damian\/files\/2025\/04\/menu-mayo-2025-2048x1537.jpg 2048w\" sizes=\"(max-width: 2560px) 100vw, 2560px\" \/><img loading=\"lazy\" decoding=\"async\" class=\"aligncenter size-full wp-image-5384\" src=\"https:\/\/blogsaverroes.juntadeandalucia.es\/ceip-manuel-cano-damian\/files\/2025\/04\/menu-abril_mayo-2025-scaled.jpg\" alt=\"\" width=\"2560\" height=\"1921\" srcset=\"https:\/\/blogsaverroes.juntadeandalucia.es\/ceip-manuel-cano-damian\/files\/2025\/04\/menu-abril_mayo-2025-scaled.jpg 2560w, https:\/\/blogsaverroes.juntadeandalucia.es\/ceip-manuel-cano-damian\/files\/2025\/04\/menu-abril_mayo-2025-300x225.jpg 300w, https:\/\/blogsaverroes.juntadeandalucia.es\/ceip-manuel-cano-damian\/files\/2025\/04\/menu-abril_mayo-2025-1024x768.jpg 1024w, https:\/\/blogsaverroes.juntadeandalucia.es\/ceip-manuel-cano-damian\/files\/2025\/04\/menu-abril_mayo-2025-768x576.jpg 768w, https:\/\/blogsaverroes.juntadeandalucia.es\/ceip-manuel-cano-damian\/files\/2025\/04\/menu-abril_mayo-2025-1536x1153.jpg 1536w, https:\/\/blogsaverroes.juntadeandalucia.es\/ceip-manuel-cano-damian\/files\/2025\/04\/menu-abril_mayo-2025-2048x1537.jpg 2048w\" sizes=\"(max-width: 2560px) 100vw, 2560px\" \/><\/p>\n<p><img loading=\"lazy\" decoding=\"async\" class=\"aligncenter size-full wp-image-5308\" src=\"https:\/\/blogsaverroes.juntadeandalucia.es\/ceip-manuel-cano-damian\/files\/2025\/03\/MENU-MARZO_ABRIL-2025-scaled.jpg\" alt=\"\" width=\"2560\" height=\"1921\" srcset=\"https:\/\/blogsaverroes.juntadeandalucia.es\/ceip-manuel-cano-damian\/files\/2025\/03\/MENU-MARZO_ABRIL-2025-scaled.jpg 2560w, https:\/\/blogsaverroes.juntadeandalucia.es\/ceip-manuel-cano-damian\/files\/2025\/03\/MENU-MARZO_ABRIL-2025-300x225.jpg 300w, https:\/\/blogsaverroes.juntadeandalucia.es\/ceip-manuel-cano-damian\/files\/2025\/03\/MENU-MARZO_ABRIL-2025-1024x768.jpg 1024w, https:\/\/blogsaverroes.juntadeandalucia.es\/ceip-manuel-cano-damian\/files\/2025\/03\/MENU-MARZO_ABRIL-2025-768x576.jpg 768w, https:\/\/blogsaverroes.juntadeandalucia.es\/ceip-manuel-cano-damian\/files\/2025\/03\/MENU-MARZO_ABRIL-2025-1536x1153.jpg 1536w, https:\/\/blogsaverroes.juntadeandalucia.es\/ceip-manuel-cano-damian\/files\/2025\/03\/MENU-MARZO_ABRIL-2025-2048x1537.jpg 2048w\" sizes=\"(max-width: 2560px) 100vw, 2560px\" \/><\/p>\n<p style=\"text-align: center\">&nbsp;<\/p>\n<p><img loading=\"lazy\" decoding=\"async\" class=\"aligncenter size-full wp-image-5307\" src=\"https:\/\/blogsaverroes.juntadeandalucia.es\/ceip-manuel-cano-damian\/files\/2025\/03\/MENU-FEBRERO_MARZO-2025-scaled.jpg\" alt=\"\" width=\"2560\" height=\"1921\" srcset=\"https:\/\/blogsaverroes.juntadeandalucia.es\/ceip-manuel-cano-damian\/files\/2025\/03\/MENU-FEBRERO_MARZO-2025-scaled.jpg 2560w, https:\/\/blogsaverroes.juntadeandalucia.es\/ceip-manuel-cano-damian\/files\/2025\/03\/MENU-FEBRERO_MARZO-2025-300x225.jpg 300w, https:\/\/blogsaverroes.juntadeandalucia.es\/ceip-manuel-cano-damian\/files\/2025\/03\/MENU-FEBRERO_MARZO-2025-1024x768.jpg 1024w, https:\/\/blogsaverroes.juntadeandalucia.es\/ceip-manuel-cano-damian\/files\/2025\/03\/MENU-FEBRERO_MARZO-2025-768x576.jpg 768w, https:\/\/blogsaverroes.juntadeandalucia.es\/ceip-manuel-cano-damian\/files\/2025\/03\/MENU-FEBRERO_MARZO-2025-1536x1153.jpg 1536w, https:\/\/blogsaverroes.juntadeandalucia.es\/ceip-manuel-cano-damian\/files\/2025\/03\/MENU-FEBRERO_MARZO-2025-2048x1537.jpg 2048w\" sizes=\"(max-width: 2560px) 100vw, 2560px\" \/><\/p>\n<p>&nbsp;<\/p>\n<p>&nbsp;<\/p>\n","protected":false},"excerpt":{"rendered":"<p>&nbsp; &nbsp; GESTI\u00d3N SERVICIO COMEDOR CURSO 2025-2026 El grupo Mediterr\u00e1nea de catering es la empresa que gestiona el servicio de comedor, por favor lea detenidamente la carta para evitar posibles incidencias. El precio del&#46;&#46;&#46;<\/p>\n","protected":false},"author":14491,"featured_media":0,"parent":0,"menu_order":0,"comment_status":"closed","ping_status":"closed","template":"","meta":{"ngg_post_thumbnail":0,"footnotes":""},"aioseo_notices":[],"_links":{"self":[{"href":"https:\/\/blogsaverroes.juntadeandalucia.es\/ceip-manuel-cano-damian\/wp-json\/wp\/v2\/pages\/4684"}],"collection":[{"href":"https:\/\/blogsaverroes.juntadeandalucia.es\/ceip-manuel-cano-damian\/wp-json\/wp\/v2\/pages"}],"about":[{"href":"https:\/\/blogsaverroes.juntadeandalucia.es\/ceip-manuel-cano-damian\/wp-json\/wp\/v2\/types\/page"}],"author":[{"embeddable":true,"href":"https:\/\/blogsaverroes.juntadeandalucia.es\/ceip-manuel-cano-damian\/wp-json\/wp\/v2\/users\/14491"}],"replies":[{"embeddable":true,"href":"https:\/\/blogsaverroes.juntadeandalucia.es\/ceip-manuel-cano-damian\/wp-json\/wp\/v2\/comments?post=4684"}],"version-history":[{"count":18,"href":"https:\/\/blogsaverroes.juntadeandalucia.es\/ceip-manuel-cano-damian\/wp-json\/wp\/v2\/pages\/4684\/revisions"}],"predecessor-version":[{"id":6298,"href":"https:\/\/blogsaverroes.juntadeandalucia.es\/ceip-manuel-cano-damian\/wp-json\/wp\/v2\/pages\/4684\/revisions\/6298"}],"wp:attachment":[{"href":"https:\/\/blogsaverroes.juntadeandalucia.es\/ceip-manuel-cano-damian\/wp-json\/wp\/v2\/media?parent=4684"}],"curies":[{"name":"wp","href":"https:\/\/api.w.org\/{rel}","templated":true}]}}