{"id":64,"date":"2022-02-09T11:41:42","date_gmt":"2022-02-09T10:41:42","guid":{"rendered":"http:\/\/blogsaverroes.juntadeandalucia.es\/pre\/nuevoceipv2\/?page_id=64"},"modified":"2023-05-01T09:56:18","modified_gmt":"2023-05-01T08:56:18","slug":"biblioteca","status":"publish","type":"page","link":"https:\/\/blogsaverroes.juntadeandalucia.es\/ceip-manuel-cano-damian\/biblioteca\/","title":{"rendered":"BIBLIOTECA"},"content":{"rendered":"<p><a href=\"http:\/\/canodamianbiblioteca.blogspot.com\/\"><img loading=\"lazy\" decoding=\"async\" class=\"alignnone wp-image-1137 size-full\" src=\"https:\/\/blogsaverroes.juntadeandalucia.es\/ceip-manuel-cano-damian\/files\/2022\/02\/foto-biblioteca.png\" alt=\"\" width=\"1126\" height=\"415\" srcset=\"https:\/\/blogsaverroes.juntadeandalucia.es\/ceip-manuel-cano-damian\/files\/2022\/02\/foto-biblioteca.png 1126w, https:\/\/blogsaverroes.juntadeandalucia.es\/ceip-manuel-cano-damian\/files\/2022\/02\/foto-biblioteca-300x111.png 300w, https:\/\/blogsaverroes.juntadeandalucia.es\/ceip-manuel-cano-damian\/files\/2022\/02\/foto-biblioteca-1024x377.png 1024w, https:\/\/blogsaverroes.juntadeandalucia.es\/ceip-manuel-cano-damian\/files\/2022\/02\/foto-biblioteca-768x283.png 768w, https:\/\/blogsaverroes.juntadeandalucia.es\/ceip-manuel-cano-damian\/files\/2022\/02\/foto-biblioteca-1080x398.png 1080w, https:\/\/blogsaverroes.juntadeandalucia.es\/ceip-manuel-cano-damian\/files\/2022\/02\/foto-biblioteca-980x361.png 980w, https:\/\/blogsaverroes.juntadeandalucia.es\/ceip-manuel-cano-damian\/files\/2022\/02\/foto-biblioteca-480x177.png 480w, https:\/\/blogsaverroes.juntadeandalucia.es\/ceip-manuel-cano-damian\/files\/2022\/02\/foto-biblioteca-600x220.png 600w\" sizes=\"(max-width: 1126px) 100vw, 1126px\" \/><\/a><\/p>\n<h3>Os presentamos a CANITO, nuestra mascota de la BIBLIOTECA.<\/h3>\n<p><a href=\"http:\/\/canodamianbiblioteca.blogspot.com\/\" target=\"_blank\" rel=\"noopener noreferrer\"><img loading=\"lazy\" decoding=\"async\" class=\"aligncenter wp-image-3626 size-full\" src=\"https:\/\/blogsaverroes.juntadeandalucia.es\/ceip-manuel-cano-damian\/files\/2023\/05\/Canito.png\" alt=\"\" width=\"364\" height=\"373\" srcset=\"https:\/\/blogsaverroes.juntadeandalucia.es\/ceip-manuel-cano-damian\/files\/2023\/05\/Canito.png 364w, https:\/\/blogsaverroes.juntadeandalucia.es\/ceip-manuel-cano-damian\/files\/2023\/05\/Canito-293x300.png 293w\" sizes=\"(max-width: 364px) 100vw, 364px\" \/><\/a><\/p>\n<h3>A trav\u00e9s de \u00e9l,&nbsp; pod\u00e9is llegar a nuestra BIBLIOTECA ONLINE.<\/h3>\n","protected":false},"excerpt":{"rendered":"<p>Os presentamos a CANITO, nuestra mascota de la BIBLIOTECA. A trav\u00e9s de \u00e9l,&nbsp; pod\u00e9is llegar a nuestra BIBLIOTECA ONLINE.<\/p>\n","protected":false},"author":14491,"featured_media":0,"parent":0,"menu_order":0,"comment_status":"closed","ping_status":"closed","template":"","meta":{"ngg_post_thumbnail":0,"footnotes":""},"aioseo_notices":[],"_links":{"self":[{"href":"https:\/\/blogsaverroes.juntadeandalucia.es\/ceip-manuel-cano-damian\/wp-json\/wp\/v2\/pages\/64"}],"collection":[{"href":"https:\/\/blogsaverroes.juntadeandalucia.es\/ceip-manuel-cano-damian\/wp-json\/wp\/v2\/pages"}],"about":[{"href":"https:\/\/blogsaverroes.juntadeandalucia.es\/ceip-manuel-cano-damian\/wp-json\/wp\/v2\/types\/page"}],"author":[{"embeddable":true,"href":"https:\/\/blogsaverroes.juntadeandalucia.es\/ceip-manuel-cano-damian\/wp-json\/wp\/v2\/users\/14491"}],"replies":[{"embeddable":true,"href":"https:\/\/blogsaverroes.juntadeandalucia.es\/ceip-manuel-cano-damian\/wp-json\/wp\/v2\/comments?post=64"}],"version-history":[{"count":7,"href":"https:\/\/blogsaverroes.juntadeandalucia.es\/ceip-manuel-cano-damian\/wp-json\/wp\/v2\/pages\/64\/revisions"}],"predecessor-version":[{"id":3627,"href":"https:\/\/blogsaverroes.juntadeandalucia.es\/ceip-manuel-cano-damian\/wp-json\/wp\/v2\/pages\/64\/revisions\/3627"}],"wp:attachment":[{"href":"https:\/\/blogsaverroes.juntadeandalucia.es\/ceip-manuel-cano-damian\/wp-json\/wp\/v2\/media?parent=64"}],"curies":[{"name":"wp","href":"https:\/\/api.w.org\/{rel}","templated":true}]}}