{"id":853,"date":"2022-02-12T08:50:47","date_gmt":"2022-02-12T07:50:47","guid":{"rendered":"https:\/\/blogsaverroes.juntadeandalucia.es\/pre\/plantilla-pencil\/?page_id=853"},"modified":"2025-11-09T21:00:01","modified_gmt":"2025-11-09T20:00:01","slug":"nuestra-historia","status":"publish","type":"page","link":"https:\/\/blogsaverroes.juntadeandalucia.es\/ceip-manuel-cano-damian\/nuestra-historia\/","title":{"rendered":"PLAN DE CENTRO"},"content":{"rendered":"<p style=\"text-align: center\"><span style=\"color: #003366;font-size: 36pt\"><strong>PLAN DE CENTRO<\/strong><\/span><\/p>\n<p><span style=\"color: #003366;font-size: 18pt\">El Plan de Centro del CEIP. Manuel Cano Dami\u00e1n de Pozoblanco (C\u00f3rdoba) comprende los siguientes elementos prescriptivos referenciados en la normativa:<\/span><\/p>\n<ul>\n<li style=\"list-style-type: none\">\n<ul>\n<li><span style=\"color: #003366;font-size: 18pt\">Proyecto Educativo<\/span><\/li>\n<li><span style=\"color: #003366;font-size: 18pt\">Reglamento de Organizaci\u00f3n y Funcionamiento<\/span><\/li>\n<li><span style=\"color: #003366;font-size: 18pt\">Proyecto de Gesti\u00f3n.<\/span><\/li>\n<\/ul>\n<\/li>\n<\/ul>\n<p><span style=\"color: #003366;font-size: 18pt\">El <strong>Proyecto Educativo<\/strong> del Centro recoge los valores, los objetivos, las prioridades y las formas de actuaci\u00f3n. Asimismo, incorpora la concreci\u00f3n del curr\u00edculum establecido por la Administraci\u00f3n educativa fijado y aprobado por el Claustro, as\u00ed como el tratamiento transversal en las \u00e1reas, materias o \u00e1mbitos de la educaci\u00f3n en valores y otras ense\u00f1anzas.<\/span><\/p>\n<p><span style=\"color: #003366;font-size: 18pt\">Tal Proyecto tiene en cuenta las caracter\u00edsticas del entorno social y cultural del Centro, recoge la forma de atenci\u00f3n a la diversidad del alumnado y la acci\u00f3n tutorial, as\u00ed como el plan de convivencia, respetando el principio de no discriminaci\u00f3n y de inclusi\u00f3n educativa como valores fundamentales, as\u00ed como los principios y objetivos recogidos en la LOMLOE y la LEA<em>.<\/em><\/span><\/p>\n<p><span style=\"font-size: 18pt;color: #003366\"><em>&nbsp;<\/em>El <strong>Reglamento de Organizaci\u00f3n y Funcionamiento<\/strong> recoge las normas organizativas y funcionales que facilitan un clima de trabajo adecuado para que logremos alcanzar los objetivos que nos hemos planteado. Asimismo, permite mantener un ambiente de respeto, confianza y colaboraci\u00f3n entre todos los sectores de la comunidad educativa.<\/span><\/p>\n<p><span style=\"color: #003366;font-size: 18pt\">El <strong>Proyecto de Gesti\u00f3n<\/strong> es el que recoge la ordenaci\u00f3n y utilizaci\u00f3n de los recursos del centro, tanto materiales como humanos.<\/span><\/p>\n<p><span style=\"color: #003366;font-size: 18pt\">Sirva como \u00edndice del Plan de Centro el siguiente listado de documentos, que contempla, adem\u00e1s de lo prescrito la normativa vigente, otros de car\u00e1cter propio y singular:<\/span><\/p>\n<p style=\"text-align: center\"><strong><a href=\"https:\/\/drive.google.com\/file\/d\/11GQzIeWIayKGOGPzp1FyE65ALGGZ8DVL\/view?usp=drive_link\" target=\"_blank\" rel=\"noopener noreferrer\"><img loading=\"lazy\" decoding=\"async\" class=\"aligncenter wp-image-4258 size-medium\" src=\"https:\/\/blogsaverroes.juntadeandalucia.es\/ceip-manuel-cano-damian\/files\/2024\/01\/PROYECTO-EDUCATIVO-MCD-206x300.jpg\" alt=\"\" width=\"206\" height=\"300\" srcset=\"https:\/\/blogsaverroes.juntadeandalucia.es\/ceip-manuel-cano-damian\/files\/2024\/01\/PROYECTO-EDUCATIVO-MCD-206x300.jpg 206w, https:\/\/blogsaverroes.juntadeandalucia.es\/ceip-manuel-cano-damian\/files\/2024\/01\/PROYECTO-EDUCATIVO-MCD-703x1024.jpg 703w, https:\/\/blogsaverroes.juntadeandalucia.es\/ceip-manuel-cano-damian\/files\/2024\/01\/PROYECTO-EDUCATIVO-MCD-768x1119.jpg 768w, https:\/\/blogsaverroes.juntadeandalucia.es\/ceip-manuel-cano-damian\/files\/2024\/01\/PROYECTO-EDUCATIVO-MCD-1054x1536.jpg 1054w, https:\/\/blogsaverroes.juntadeandalucia.es\/ceip-manuel-cano-damian\/files\/2024\/01\/PROYECTO-EDUCATIVO-MCD-1406x2048.jpg 1406w, https:\/\/blogsaverroes.juntadeandalucia.es\/ceip-manuel-cano-damian\/files\/2024\/01\/PROYECTO-EDUCATIVO-MCD.jpg 1447w\" sizes=\"(max-width: 206px) 100vw, 206px\" \/><\/a><\/strong><span style=\"color: #003366;font-size: 18pt\"><a href=\"https:\/\/drive.google.com\/file\/d\/1VKrjz-AGZfVkO1syQhw089de9CyMfnLS\/view?usp=drive_link\"><strong>PROYECTO EDUCATIVO<\/strong><\/a><strong>: (<span style=\"color: #008000\"><em>Documentos vinculados,&nbsp; hagan clic para abrirlos<\/em><\/span>).<\/strong><\/span><\/p>\n<ol>\n<li><a href=\"https:\/\/drive.google.com\/file\/d\/1CP5u-XGvUusZFv_Bv78BXiNIdfApGUKh\/view?usp=drive_link\"><span style=\"color: #003366\">Objetivos propios para la mejora del desarrollo de las competencias clave previstas en los perfiles competenciales.<\/span><\/a><\/li>\n<li><a href=\"https:\/\/drive.google.com\/file\/d\/1FxliOPX6eZ-Qv6bbk7LTmU7syZpgwCip\/view?usp=drive_link\"><span style=\"color: #003366\">Principios generales de las distintas etapas, principios pedag\u00f3gicos y metodol\u00f3gicos del centro.<\/span><\/a><\/li>\n<li><a href=\"https:\/\/drive.google.com\/file\/d\/14WLIPW7jigHIif1xz8vmetR6n-6BKaoy\/view?usp=drive_link\"><span style=\"color: #003366\">Coordinaci\u00f3n y concreci\u00f3n de los contenidos curriculares, as\u00ed como el tratamiento transversal en las \u00e1reas de la educaci\u00f3n en valores y otras ense\u00f1anzas, integrando la igualdad de g\u00e9nero como un objetivo primordial.<\/span><\/a><\/li>\n<li><a href=\"https:\/\/drive.google.com\/file\/d\/1nsMjm2V_IEHBViJtqt64kFXBTZlpr2fw\/view?usp=drive_link\"><span style=\"color: #003366\">Criterios pedag\u00f3gicos para la&nbsp; determinaci\u00f3n&nbsp; de&nbsp; los&nbsp; \u00f3rganos&nbsp; de&nbsp; coordinaci\u00f3n docente del centro y&nbsp; del&nbsp; horario&nbsp; de&nbsp; dedicaci\u00f3n&nbsp; de&nbsp; las&nbsp; personas responsables de los mismos para la realizaci\u00f3n de sus funciones, de conformidad con el n\u00famero total de horas que, a tales efectos, se establezca por orden de la persona titular de la consejer\u00eda competente en materia de educaci\u00f3n.<\/span><\/a><\/li>\n<li><a href=\"https:\/\/drive.google.com\/file\/d\/1Ov81ZRE3ys0T5RCx3ybQaLwbtH5lCrFY\/view?usp=drive_link\"><span style=\"color: #003366\">Procedimientos y criterios de evaluaci\u00f3n y promoci\u00f3n del alumnado.<\/span><\/a><\/li>\n<li><a href=\"https:\/\/drive.google.com\/file\/d\/1CQv_-yEpEq-7xxJJwmX3Xvk7ulBFG-dR\/view?usp=drive_link\"><span style=\"color: #003366\">Atenci\u00f3n a la diversidad del alumnado.<\/span><\/a><\/li>\n<li><a href=\"https:\/\/drive.google.com\/file\/d\/1XnSUQ7836cUgvZnFD7whfJlAzMS-Fswz\/view?usp=drive_link\"><span style=\"color: #003366\">Organizaci\u00f3n de las actividades de recuperaci\u00f3n para el alumnado con \u00e1reas pendientes de evaluaci\u00f3n positiva.<\/span><\/a><\/li>\n<li><a href=\"https:\/\/drive.google.com\/file\/d\/1eFYu4BXBCQMREPlrU3JVg8dL9RrP3MVX\/view?usp=drive_link\"><span style=\"color: #003366\">Plan de orientaci\u00f3n y acci\u00f3n tutorial.<\/span><\/a><\/li>\n<li><a href=\"https:\/\/drive.google.com\/file\/d\/1EFN8CREbnvk5OZv7MORBsjn0l-L0ik9R\/view?usp=drive_link\"><span style=\"color: #003366\">Procedimiento para suscribir compromisos educativos y de convivencia con las familias, de acuerdo con lo que se establezca por orden de la persona titular de la consejer\u00eda competente en materia de educaci\u00f3n.<\/span><\/a><\/li>\n<li><a href=\"https:\/\/drive.google.com\/file\/d\/10smLahoUy-22JnTfClZgHIYaJ70bFjjS\/view?usp=drive_link\"><span style=\"color: #003366\">El plan de convivencia a&nbsp; desarrollar&nbsp; para&nbsp; prevenir&nbsp; la&nbsp; aparici\u00f3n&nbsp; de&nbsp; conductas contrarias a las normas de convivencia y facilitar un adecuado clima escolar a que se refiere el art\u00edculo.<\/span><\/a><\/li>\n<li><a href=\"https:\/\/drive.google.com\/file\/d\/122jvVwBDUI5sTNAit8h_pWX98we8wC2T\/view?usp=drive_link\"><span style=\"color: #003366\">Plan de formaci\u00f3n del profesorado.<\/span><\/a><\/li>\n<li><a href=\"https:\/\/drive.google.com\/file\/d\/1CqU5YYmFysnGz09t42xmh8Ki1JNh1YII\/view?usp=drive_link\"><span style=\"color: #003366\">Criterios para organizar y distribuir el tiempo escolar, as\u00ed&nbsp; como los objetivos y programas de intervenci\u00f3n en el tiempo extraescolar.<\/span><\/a><\/li>\n<li><a href=\"https:\/\/drive.google.com\/file\/d\/13gxmElFw3j-19kziKlqII4qDZEXvxVWC\/view?usp=drive_link\"><span style=\"color: #003366\">Procedimientos de evaluaci\u00f3n interna.<\/span><\/a><\/li>\n<li><a href=\"https:\/\/drive.google.com\/file\/d\/1pJqNd5_kam457KM2vPFhMgm3R1RX920e\/view?usp=drive_link\"><span style=\"color: #003366\">Criterios para establecer&nbsp; los&nbsp; agrupamientos&nbsp; del&nbsp; alumnado&nbsp; y&nbsp; la asignaci\u00f3n de las tutor\u00edas, de acuerdo con las l\u00edneas generales de actuaci\u00f3n pedag\u00f3gica del centro y orientados a favorecer el \u00e9xito escolar del alumnado.<\/span><\/a><\/li>\n<li><a href=\"https:\/\/drive.google.com\/file\/d\/1nwZpa73jmJegQxqAl6oMEl9QdPUKsjPU\/view?usp=drive_link\"><span style=\"color: #003366\">Criterios generales para&nbsp; la&nbsp; elaboraci\u00f3n&nbsp; de las&nbsp;&nbsp; programaciones did\u00e1cticas&nbsp;&nbsp; de las \u00e1reas de la educaci\u00f3n primaria y de la educaci\u00f3n especial y las propuestas pedag\u00f3gicas de la educaci\u00f3n infantil.<\/span><\/a><\/li>\n<\/ol>\n<ul>\n<li style=\"list-style-type: none\">\n<ul>\n<li style=\"list-style-type: none\">\n<ul>\n<li><a href=\"https:\/\/drive.google.com\/file\/d\/11fT0_TJtzijDDfxIKjVxu2l0QxjvCEO5\/view?usp=drive_link\"><span style=\"color: #003366\">Programaci\u00f3n Did\u00e1ctica EP Matem\u00e1ticas<\/span><\/a><\/li>\n<li><span style=\"color: #003366\"><a style=\"color: #003366\" href=\"https:\/\/drive.google.com\/file\/d\/1G-FGB_hXeyoJHlYV-pIZZVkfrM46dpeC\/view?usp=drive_link\">Programaci\u00f3n Did\u00e1ctica EP Lengua Castellana y Literatura<\/a><\/span><\/li>\n<li><span style=\"color: #003366\"><a style=\"color: #003366\" href=\"https:\/\/drive.google.com\/file\/d\/1tJr30k8oLaLxaTRTfCaxUxiyoORJQpBK\/view?usp=drive_link\">Programaci\u00f3n Did\u00e1ctica EP Ingl\u00e9s<\/a><\/span><\/li>\n<li><span style=\"color: #003366\"><a style=\"color: #003366\" href=\"https:\/\/drive.google.com\/file\/d\/13HWSCpi_u2aOCb1jeGc9ydXH9R7iyC0g\/view?usp=drive_link\">Programaci\u00f3n Did\u00e1ctica EP Conocimiento del Medio Natural, Social y Cultural<\/a><\/span><\/li>\n<li><span style=\"color: #003366\"><a style=\"color: #003366\" href=\"https:\/\/drive.google.com\/file\/d\/11i0v754lS7fzRwhtnFt-s6pdGZTNPBKe\/view?usp=drive_link\">Programaci\u00f3n Did\u00e1ctica EP Educaci\u00f3n F\u00edsica <\/a><\/span><\/li>\n<li><span style=\"color: #003366\"><a style=\"color: #003366\" href=\"https:\/\/drive.google.com\/file\/d\/1lS_EZ4XSZZxbOmCoBcHciCqca7yZH1jj\/view?usp=drive_link\">Programaci\u00f3n Did\u00e1ctica EP Educaci\u00f3n Art\u00edstica <\/a><\/span><\/li>\n<li><span style=\"color: #003366\"><a style=\"color: #003366\" href=\"https:\/\/drive.google.com\/file\/d\/1ntNGAmjyxsuYPcYGC6J7FdX9Y4yiNicg\/view?usp=drive_link\">Programaci\u00f3n Did\u00e1ctica EP Franc\u00e9s <\/a><\/span><\/li>\n<li><span style=\"color: #003366\"><a style=\"color: #003366\" href=\"https:\/\/drive.google.com\/file\/d\/157iYZszLGYyGHZMpuofc-4rlWRvth7NO\/view?usp=drive_link\">Programaci\u00f3n Did\u00e1ctica EP Religi\u00f3n<\/a><\/span><\/li>\n<li><span style=\"color: #003366\"><a style=\"color: #003366\" href=\"https:\/\/drive.google.com\/file\/d\/1rGJ65Y4AMMi8rRvBaVovkfedZYvNW1CE\/view?usp=drive_link\">Programaci\u00f3n Did\u00e1ctica EP Valores sociales y c\u00edvicos<\/a><\/span><\/li>\n<li><span style=\"color: #003366\"><a style=\"color: #003366\" href=\"https:\/\/drive.google.com\/file\/d\/11G7fAanlrRcb3sB6pst8E_8I62g37z9S\/view?usp=drive_link\">Propuesta Pedag\u00f3gica EI Crecimiento en Armon\u00eda<\/a><\/span><\/li>\n<li><span style=\"color: #003366\"><a style=\"color: #003366\" href=\"https:\/\/drive.google.com\/file\/d\/1ugkoGe2BzBsRFcakcPSy6S_GsDcYZxyF\/view?usp=drive_link\">Propuesta Pedag\u00f3gica EI Comunicaci\u00f3n y Representaci\u00f3n de la Realidad <\/a><\/span><\/li>\n<li><span style=\"color: #003366\"><a style=\"color: #003366\" href=\"https:\/\/drive.google.com\/file\/d\/17pzMfsWRxSWBk1k_vg_hltgORmxT8lFZ\/view?usp=drive_link\">Propuesta Pedag\u00f3gica EI Descubrimiento del Entorno <\/a><\/span><\/li>\n<li><span style=\"color: #003366\"><a style=\"color: #003366\" href=\"https:\/\/drive.google.com\/file\/d\/1gxP77paalY1V8R8F6A8fSGAyFSObGmSU\/view?usp=drive_link\">Propuesta Pedag\u00f3gica EI Religi\u00f3n<\/a><\/span><\/li>\n<\/ul>\n<\/li>\n<\/ul>\n<\/li>\n<\/ul>\n<p>&nbsp; &nbsp; &nbsp; 16. <a href=\"https:\/\/drive.google.com\/file\/d\/1P6ycXMW3hgLac8uxy3qAUEuA7Do7nWBO\/view?usp=drive_link\"><span style=\"color: #003366\">Planes estrat\u00e9gicos que se desarrollan en el centro.<\/span><\/a><\/p>\n<ul>\n<li style=\"list-style-type: none\">\n<ul>\n<li style=\"list-style-type: none\">\n<ul>\n<li><span style=\"color: #003366\">PLAN DE ACTUACI\u00d3N DE LA BIBLIOTECA ESCOLAR &nbsp;<\/span><\/li>\n<li><span style=\"color: #003366\">PLAN DE IGUALDAD ENTRE HOMBRES Y MUJERES<\/span><\/li>\n<li><span style=\"color: #003366\">PROYECTO TDE &nbsp;<\/span><\/li>\n<li><span style=\"color: #003366\">PLAN DE APERTURA DE CENTROS<\/span><\/li>\n<li><span style=\"color: #003366\">PLAN DE AUTOPROTECCI\u00d3N<\/span><\/li>\n<li><span style=\"color: #003366\">PROYECTO ESCUELA: ESPACIO DE PAZ<\/span><\/li>\n<li><span style=\"color: #003366\">PROGRAMA H\u00c1BITOS DE VIDA SALUDABLE 2025<\/span><\/li>\n<li><span style=\"color: #003366\">PROGRAMA STEM<\/span><\/li>\n<li><span style=\"color: #003366\">PROGRAMA DE PREVENCI\u00d3N DEL ACOSO ESCOLAR Y CIBERACOSO (CONRED)<\/span><\/li>\n<li><span style=\"color: #003366\">CENTRO COLABORADOR DE PR\u00c1CTICAS<\/span><\/li>\n<li><span style=\"color: #003366\">PLAN DE CONVIVENCIA ANUAL<\/span><\/li>\n<\/ul>\n<\/li>\n<\/ul>\n<\/li>\n<\/ul>\n<ol start=\"17\">\n<li><a href=\"https:\/\/drive.google.com\/file\/d\/1ET0Re6-bbOLnDPEHe6f5Fa3DmVKv_590\/view?usp=drive_link\"><span style=\"color: #003366\">Proceso de tr\u00e1nsito.<\/span><\/a><\/li>\n<\/ol>\n<p style=\"text-align: center\"><span style=\"font-size: 18pt\"><strong><span style=\"color: #003366\"><a style=\"color: #003366\" href=\"https:\/\/drive.google.com\/file\/d\/1FN2FAlpk2_89E1BQMwi12eHwnJeJkyvs\/view?usp=drive_link\">R.O.F.(Reglamento de Organizaci\u00f3n y Funcionamiento).<\/a><\/span><\/strong><\/span><br \/>\n<a href=\"https:\/\/drive.google.com\/file\/d\/1RrbgtLWW6IPYDraO85XUCvQFVheQMH1P\/view?usp=drive_link\" target=\"_blank\" rel=\"noopener noreferrer\"><img loading=\"lazy\" decoding=\"async\" class=\"aligncenter wp-image-4260 size-medium\" src=\"https:\/\/blogsaverroes.juntadeandalucia.es\/ceip-manuel-cano-damian\/files\/2024\/01\/ROF-MCD-209x300.jpg\" alt=\"\" width=\"209\" height=\"300\" srcset=\"https:\/\/blogsaverroes.juntadeandalucia.es\/ceip-manuel-cano-damian\/files\/2024\/01\/ROF-MCD-209x300.jpg 209w, https:\/\/blogsaverroes.juntadeandalucia.es\/ceip-manuel-cano-damian\/files\/2024\/01\/ROF-MCD-712x1024.jpg 712w, https:\/\/blogsaverroes.juntadeandalucia.es\/ceip-manuel-cano-damian\/files\/2024\/01\/ROF-MCD-768x1105.jpg 768w, https:\/\/blogsaverroes.juntadeandalucia.es\/ceip-manuel-cano-damian\/files\/2024\/01\/ROF-MCD-1068x1536.jpg 1068w, https:\/\/blogsaverroes.juntadeandalucia.es\/ceip-manuel-cano-damian\/files\/2024\/01\/ROF-MCD-1424x2048.jpg 1424w, https:\/\/blogsaverroes.juntadeandalucia.es\/ceip-manuel-cano-damian\/files\/2024\/01\/ROF-MCD.jpg 1514w\" sizes=\"(max-width: 209px) 100vw, 209px\" \/><\/a><\/p>\n<p style=\"text-align: center\"><span style=\"font-size: 18pt\"><a href=\"https:\/\/drive.google.com\/file\/d\/1OskgGbUxqXnFSC4TYQ1sCX6YVzg6HO1b\/view?usp=sharing\"><span style=\"color: #003366\"><strong>PROYECTO DE GESTI\u00d3N:<\/strong><\/span><\/a><\/span><a href=\"https:\/\/drive.google.com\/file\/d\/1WbCQbKQFuKtT3jluOHT35qb2h4jY93pm\/view?usp=drive_link\"><img loading=\"lazy\" decoding=\"async\" class=\"aligncenter wp-image-4259 size-medium\" src=\"https:\/\/blogsaverroes.juntadeandalucia.es\/ceip-manuel-cano-damian\/files\/2024\/01\/PROYECTO-DE-GESTI\u00d3N-MCD-207x300.jpg\" alt=\"\" width=\"207\" height=\"300\" srcset=\"https:\/\/blogsaverroes.juntadeandalucia.es\/ceip-manuel-cano-damian\/files\/2024\/01\/PROYECTO-DE-GESTI\u00d3N-MCD-207x300.jpg 207w, https:\/\/blogsaverroes.juntadeandalucia.es\/ceip-manuel-cano-damian\/files\/2024\/01\/PROYECTO-DE-GESTI\u00d3N-MCD-707x1024.jpg 707w, https:\/\/blogsaverroes.juntadeandalucia.es\/ceip-manuel-cano-damian\/files\/2024\/01\/PROYECTO-DE-GESTI\u00d3N-MCD-768x1112.jpg 768w, https:\/\/blogsaverroes.juntadeandalucia.es\/ceip-manuel-cano-damian\/files\/2024\/01\/PROYECTO-DE-GESTI\u00d3N-MCD-1061x1536.jpg 1061w, https:\/\/blogsaverroes.juntadeandalucia.es\/ceip-manuel-cano-damian\/files\/2024\/01\/PROYECTO-DE-GESTI\u00d3N-MCD-1414x2048.jpg 1414w, https:\/\/blogsaverroes.juntadeandalucia.es\/ceip-manuel-cano-damian\/files\/2024\/01\/PROYECTO-DE-GESTI\u00d3N-MCD.jpg 1508w\" sizes=\"(max-width: 207px) 100vw, 207px\" \/><\/a><\/p>\n<p>&nbsp;<\/p>\n","protected":false},"excerpt":{"rendered":"<p>PLAN DE CENTRO El Plan de Centro del CEIP. Manuel Cano Dami\u00e1n de Pozoblanco (C\u00f3rdoba) comprende los siguientes elementos prescriptivos referenciados en la normativa: Proyecto Educativo Reglamento de Organizaci\u00f3n y Funcionamiento Proyecto de Gesti\u00f3n.&#46;&#46;&#46;<\/p>\n","protected":false},"author":14491,"featured_media":4258,"parent":0,"menu_order":0,"comment_status":"closed","ping_status":"closed","template":"","meta":{"ngg_post_thumbnail":0,"footnotes":""},"aioseo_notices":[],"_links":{"self":[{"href":"https:\/\/blogsaverroes.juntadeandalucia.es\/ceip-manuel-cano-damian\/wp-json\/wp\/v2\/pages\/853"}],"collection":[{"href":"https:\/\/blogsaverroes.juntadeandalucia.es\/ceip-manuel-cano-damian\/wp-json\/wp\/v2\/pages"}],"about":[{"href":"https:\/\/blogsaverroes.juntadeandalucia.es\/ceip-manuel-cano-damian\/wp-json\/wp\/v2\/types\/page"}],"author":[{"embeddable":true,"href":"https:\/\/blogsaverroes.juntadeandalucia.es\/ceip-manuel-cano-damian\/wp-json\/wp\/v2\/users\/14491"}],"replies":[{"embeddable":true,"href":"https:\/\/blogsaverroes.juntadeandalucia.es\/ceip-manuel-cano-damian\/wp-json\/wp\/v2\/comments?post=853"}],"version-history":[{"count":26,"href":"https:\/\/blogsaverroes.juntadeandalucia.es\/ceip-manuel-cano-damian\/wp-json\/wp\/v2\/pages\/853\/revisions"}],"predecessor-version":[{"id":5738,"href":"https:\/\/blogsaverroes.juntadeandalucia.es\/ceip-manuel-cano-damian\/wp-json\/wp\/v2\/pages\/853\/revisions\/5738"}],"wp:featuredmedia":[{"embeddable":true,"href":"https:\/\/blogsaverroes.juntadeandalucia.es\/ceip-manuel-cano-damian\/wp-json\/wp\/v2\/media\/4258"}],"wp:attachment":[{"href":"https:\/\/blogsaverroes.juntadeandalucia.es\/ceip-manuel-cano-damian\/wp-json\/wp\/v2\/media?parent=853"}],"curies":[{"name":"wp","href":"https:\/\/api.w.org\/{rel}","templated":true}]}}