{"id":1017,"date":"2023-01-20T10:44:10","date_gmt":"2023-01-20T09:44:10","guid":{"rendered":"https:\/\/blogsaverroes.juntadeandalucia.es\/ceip-migueldecervantes\/?page_id=1017"},"modified":"2023-02-01T09:42:55","modified_gmt":"2023-02-01T08:42:55","slug":"dia-de-la-paz-2","status":"publish","type":"page","link":"https:\/\/blogsaverroes.juntadeandalucia.es\/ceip-migueldecervantes\/dia-de-la-paz-2\/","title":{"rendered":"D\u00eda de la Paz"},"content":{"rendered":"<p>En la ma\u00f1ana del d\u00eda 30 de enero, celebramos en nuestro cole el D\u00eda de la Paz, con una gymkana de juegos, donde participaron todos los alumnos tanto de infantil como de primaria.&nbsp;&nbsp;Al finalizar la gymkana, todo el alumnado del centro bail\u00f3 y cant\u00f3 la canci\u00f3n &#8220;Sole\u00e1, bailal\u00f3&#8221;.<\/p>\n<p>El d\u00eda 31 de enero, en la Plaza de la Paz de nuestro pueblo, todos los centros del mismo, celebraron un acto en defensa de la paz y repulsa de la guerra al que asistieron nuestros alumnos de 6\u00ba junto con sus tutoras, la coordinadora del proyecto Escuela, Espacio de Paz y la directora.&nbsp;<\/p>\n<p>En el siguiente enlace, pod\u00e9is encontrar un video resumen de las actividades realizadas durante estos dos d\u00edas. \u00a1Esperamos que os gusten!<\/p>\n<p>&nbsp;<\/p>\n<p><a href=\"https:\/\/drive.google.com\/file\/d\/1JDCRmC2g7KaTMEjY6V5YMqiP7dboLWEV\/view?usp=sharing\">https:\/\/drive.google.com\/file\/d\/1JDCRmC2g7KaTMEjY6V5YMqiP7dboLWEV\/view?usp=sharing<\/a><\/p>\n","protected":false},"excerpt":{"rendered":"<p>En la ma\u00f1ana del d\u00eda 30 de enero, celebramos en nuestro cole el D\u00eda de la Paz, con una gymkana de juegos, donde participaron todos los alumnos tanto de infantil como de primaria.&nbsp;&nbsp;Al finalizar&#46;&#46;&#46;<\/p>\n","protected":false},"author":9424,"featured_media":0,"parent":0,"menu_order":0,"comment_status":"closed","ping_status":"closed","template":"","meta":{"ngg_post_thumbnail":0,"footnotes":""},"aioseo_notices":[],"_links":{"self":[{"href":"https:\/\/blogsaverroes.juntadeandalucia.es\/ceip-migueldecervantes\/wp-json\/wp\/v2\/pages\/1017"}],"collection":[{"href":"https:\/\/blogsaverroes.juntadeandalucia.es\/ceip-migueldecervantes\/wp-json\/wp\/v2\/pages"}],"about":[{"href":"https:\/\/blogsaverroes.juntadeandalucia.es\/ceip-migueldecervantes\/wp-json\/wp\/v2\/types\/page"}],"author":[{"embeddable":true,"href":"https:\/\/blogsaverroes.juntadeandalucia.es\/ceip-migueldecervantes\/wp-json\/wp\/v2\/users\/9424"}],"replies":[{"embeddable":true,"href":"https:\/\/blogsaverroes.juntadeandalucia.es\/ceip-migueldecervantes\/wp-json\/wp\/v2\/comments?post=1017"}],"version-history":[{"count":4,"href":"https:\/\/blogsaverroes.juntadeandalucia.es\/ceip-migueldecervantes\/wp-json\/wp\/v2\/pages\/1017\/revisions"}],"predecessor-version":[{"id":1114,"href":"https:\/\/blogsaverroes.juntadeandalucia.es\/ceip-migueldecervantes\/wp-json\/wp\/v2\/pages\/1017\/revisions\/1114"}],"wp:attachment":[{"href":"https:\/\/blogsaverroes.juntadeandalucia.es\/ceip-migueldecervantes\/wp-json\/wp\/v2\/media?parent=1017"}],"curies":[{"name":"wp","href":"https:\/\/api.w.org\/{rel}","templated":true}]}}