{"id":1258,"date":"2023-03-09T09:52:27","date_gmt":"2023-03-09T08:52:27","guid":{"rendered":"https:\/\/blogsaverroes.juntadeandalucia.es\/ceip-migueldecervantes\/?page_id=1258"},"modified":"2023-03-09T13:31:34","modified_gmt":"2023-03-09T12:31:34","slug":"8-marzo","status":"publish","type":"page","link":"https:\/\/blogsaverroes.juntadeandalucia.es\/ceip-migueldecervantes\/8-marzo\/","title":{"rendered":"8 MARZO &#8211; DIA DE LA MUJER TRABAJADORA"},"content":{"rendered":"<p>En la ma\u00f1ana del d\u00eda 8 de marzo celebramos en nuestro centro el D\u00eda Internacional de la Mujer, con la asistencia de cinco mujeres, madres y abuelas de alumnos, que se dedican o se ha dedicado a realizar trabajos que tradicionalmente se han considerado de hombres.<\/p>\n<p>Hemos contado con&nbsp; una ingeniera, una conductora de autobuses, una agricultora, una presidente de equipo de f\u00fatbol y una polic\u00eda local.&nbsp;<\/p>\n<p>Cada una de ellas, se present\u00f3 al alumnado, explicaron en qu\u00e9 consiste su trabajo y nos contaron su experiencia en esos trabajos, donde sus compa\u00f1eros, mayoritariamente son hombres.&nbsp; Despu\u00e9s, contestaron a las preguntas que los alumnos ten\u00edan preparadas.<\/p>\n<p>Ha resultado una actividad muy fruct\u00edfera y motivadora tanto para los alumnos como para las mam\u00e1s y abuelas.&nbsp;&nbsp;<\/p>\n<p>Queremos agradecer desde aqu\u00ed la participaci\u00f3n de estas super mujeres, por venir a contarnos su experiencia.&nbsp; Mil gracias a las cinco.&nbsp;<\/p>\n<p>Os dejamos algunas im\u00e1genes de la actividad.&nbsp;<\/p>\n<p><img loading=\"lazy\" decoding=\"async\" class=\"alignnone size-medium wp-image-1268\" src=\"https:\/\/blogsaverroes.juntadeandalucia.es\/ceip-migueldecervantes\/files\/2023\/03\/CC778315-9AD8-4F76-AE8D-805D91012CB1-300x225.jpeg\" alt=\"\" width=\"300\" height=\"225\" srcset=\"https:\/\/blogsaverroes.juntadeandalucia.es\/ceip-migueldecervantes\/files\/2023\/03\/CC778315-9AD8-4F76-AE8D-805D91012CB1-300x225.jpeg 300w, https:\/\/blogsaverroes.juntadeandalucia.es\/ceip-migueldecervantes\/files\/2023\/03\/CC778315-9AD8-4F76-AE8D-805D91012CB1-1024x768.jpeg 1024w, https:\/\/blogsaverroes.juntadeandalucia.es\/ceip-migueldecervantes\/files\/2023\/03\/CC778315-9AD8-4F76-AE8D-805D91012CB1-768x576.jpeg 768w, https:\/\/blogsaverroes.juntadeandalucia.es\/ceip-migueldecervantes\/files\/2023\/03\/CC778315-9AD8-4F76-AE8D-805D91012CB1-1536x1152.jpeg 1536w, https:\/\/blogsaverroes.juntadeandalucia.es\/ceip-migueldecervantes\/files\/2023\/03\/CC778315-9AD8-4F76-AE8D-805D91012CB1.jpeg 1600w\" sizes=\"(max-width: 300px) 100vw, 300px\" \/> <img loading=\"lazy\" decoding=\"async\" class=\"alignnone size-medium wp-image-1267\" src=\"https:\/\/blogsaverroes.juntadeandalucia.es\/ceip-migueldecervantes\/files\/2023\/03\/F4964075-B144-41C3-B054-DEABE8AA29F7-300x225.jpeg\" alt=\"\" width=\"300\" height=\"225\" srcset=\"https:\/\/blogsaverroes.juntadeandalucia.es\/ceip-migueldecervantes\/files\/2023\/03\/F4964075-B144-41C3-B054-DEABE8AA29F7-300x225.jpeg 300w, https:\/\/blogsaverroes.juntadeandalucia.es\/ceip-migueldecervantes\/files\/2023\/03\/F4964075-B144-41C3-B054-DEABE8AA29F7-1024x768.jpeg 1024w, https:\/\/blogsaverroes.juntadeandalucia.es\/ceip-migueldecervantes\/files\/2023\/03\/F4964075-B144-41C3-B054-DEABE8AA29F7-768x576.jpeg 768w, https:\/\/blogsaverroes.juntadeandalucia.es\/ceip-migueldecervantes\/files\/2023\/03\/F4964075-B144-41C3-B054-DEABE8AA29F7-1536x1152.jpeg 1536w, https:\/\/blogsaverroes.juntadeandalucia.es\/ceip-migueldecervantes\/files\/2023\/03\/F4964075-B144-41C3-B054-DEABE8AA29F7.jpeg 2048w\" sizes=\"(max-width: 300px) 100vw, 300px\" \/><\/p>\n<p><img loading=\"lazy\" decoding=\"async\" class=\"alignnone size-medium wp-image-1266\" src=\"https:\/\/blogsaverroes.juntadeandalucia.es\/ceip-migueldecervantes\/files\/2023\/03\/E926F594-3E58-411E-8091-269BCE71ED39-300x225.jpeg\" alt=\"\" width=\"300\" height=\"225\" srcset=\"https:\/\/blogsaverroes.juntadeandalucia.es\/ceip-migueldecervantes\/files\/2023\/03\/E926F594-3E58-411E-8091-269BCE71ED39-300x225.jpeg 300w, https:\/\/blogsaverroes.juntadeandalucia.es\/ceip-migueldecervantes\/files\/2023\/03\/E926F594-3E58-411E-8091-269BCE71ED39-1024x768.jpeg 1024w, https:\/\/blogsaverroes.juntadeandalucia.es\/ceip-migueldecervantes\/files\/2023\/03\/E926F594-3E58-411E-8091-269BCE71ED39-768x576.jpeg 768w, https:\/\/blogsaverroes.juntadeandalucia.es\/ceip-migueldecervantes\/files\/2023\/03\/E926F594-3E58-411E-8091-269BCE71ED39-1536x1152.jpeg 1536w, https:\/\/blogsaverroes.juntadeandalucia.es\/ceip-migueldecervantes\/files\/2023\/03\/E926F594-3E58-411E-8091-269BCE71ED39.jpeg 2048w\" sizes=\"(max-width: 300px) 100vw, 300px\" \/> <img loading=\"lazy\" decoding=\"async\" class=\"alignnone size-medium wp-image-1265\" src=\"https:\/\/blogsaverroes.juntadeandalucia.es\/ceip-migueldecervantes\/files\/2023\/03\/D13FEF5A-5AFB-45EE-B57F-EE396B6467B5-300x225.jpeg\" alt=\"\" width=\"300\" height=\"225\" srcset=\"https:\/\/blogsaverroes.juntadeandalucia.es\/ceip-migueldecervantes\/files\/2023\/03\/D13FEF5A-5AFB-45EE-B57F-EE396B6467B5-300x225.jpeg 300w, https:\/\/blogsaverroes.juntadeandalucia.es\/ceip-migueldecervantes\/files\/2023\/03\/D13FEF5A-5AFB-45EE-B57F-EE396B6467B5-1024x768.jpeg 1024w, https:\/\/blogsaverroes.juntadeandalucia.es\/ceip-migueldecervantes\/files\/2023\/03\/D13FEF5A-5AFB-45EE-B57F-EE396B6467B5-768x576.jpeg 768w, https:\/\/blogsaverroes.juntadeandalucia.es\/ceip-migueldecervantes\/files\/2023\/03\/D13FEF5A-5AFB-45EE-B57F-EE396B6467B5-1536x1152.jpeg 1536w, https:\/\/blogsaverroes.juntadeandalucia.es\/ceip-migueldecervantes\/files\/2023\/03\/D13FEF5A-5AFB-45EE-B57F-EE396B6467B5.jpeg 2048w\" sizes=\"(max-width: 300px) 100vw, 300px\" \/><\/p>\n<p><img loading=\"lazy\" decoding=\"async\" class=\"alignnone size-medium wp-image-1264\" src=\"https:\/\/blogsaverroes.juntadeandalucia.es\/ceip-migueldecervantes\/files\/2023\/03\/31CA09D4-ABC8-496E-893B-AA4E5B0325A3-300x225.jpeg\" alt=\"\" width=\"300\" height=\"225\" srcset=\"https:\/\/blogsaverroes.juntadeandalucia.es\/ceip-migueldecervantes\/files\/2023\/03\/31CA09D4-ABC8-496E-893B-AA4E5B0325A3-300x225.jpeg 300w, https:\/\/blogsaverroes.juntadeandalucia.es\/ceip-migueldecervantes\/files\/2023\/03\/31CA09D4-ABC8-496E-893B-AA4E5B0325A3-1024x768.jpeg 1024w, https:\/\/blogsaverroes.juntadeandalucia.es\/ceip-migueldecervantes\/files\/2023\/03\/31CA09D4-ABC8-496E-893B-AA4E5B0325A3-768x576.jpeg 768w, https:\/\/blogsaverroes.juntadeandalucia.es\/ceip-migueldecervantes\/files\/2023\/03\/31CA09D4-ABC8-496E-893B-AA4E5B0325A3-1536x1152.jpeg 1536w, https:\/\/blogsaverroes.juntadeandalucia.es\/ceip-migueldecervantes\/files\/2023\/03\/31CA09D4-ABC8-496E-893B-AA4E5B0325A3.jpeg 2048w\" sizes=\"(max-width: 300px) 100vw, 300px\" \/> <img loading=\"lazy\" decoding=\"async\" class=\"alignnone size-medium wp-image-1263\" src=\"https:\/\/blogsaverroes.juntadeandalucia.es\/ceip-migueldecervantes\/files\/2023\/03\/03453D3F-4F28-4F7E-B479-F53DDE8417AA-300x225.jpeg\" alt=\"\" width=\"300\" height=\"225\" srcset=\"https:\/\/blogsaverroes.juntadeandalucia.es\/ceip-migueldecervantes\/files\/2023\/03\/03453D3F-4F28-4F7E-B479-F53DDE8417AA-300x225.jpeg 300w, https:\/\/blogsaverroes.juntadeandalucia.es\/ceip-migueldecervantes\/files\/2023\/03\/03453D3F-4F28-4F7E-B479-F53DDE8417AA-1024x768.jpeg 1024w, https:\/\/blogsaverroes.juntadeandalucia.es\/ceip-migueldecervantes\/files\/2023\/03\/03453D3F-4F28-4F7E-B479-F53DDE8417AA-768x576.jpeg 768w, https:\/\/blogsaverroes.juntadeandalucia.es\/ceip-migueldecervantes\/files\/2023\/03\/03453D3F-4F28-4F7E-B479-F53DDE8417AA-1536x1152.jpeg 1536w, https:\/\/blogsaverroes.juntadeandalucia.es\/ceip-migueldecervantes\/files\/2023\/03\/03453D3F-4F28-4F7E-B479-F53DDE8417AA.jpeg 1600w\" sizes=\"(max-width: 300px) 100vw, 300px\" \/><\/p>\n<p>&nbsp;<\/p>\n<p>Adem\u00e1s, paralelamente tambi\u00e9n se hicieron en las clases, lecturas de cuentos relacionados con la tem\u00e1tica, como &#8220;\u00bfQui\u00e9n ayuda en casa?&#8221;, &#8220;\u00bfHay algo mas aburrido que ser una princesa rosa?&#8221;, &#8220;Cuando los ni\u00f1os vuelan alto&#8221;, &#8220;\u00a1Las chicas tambi\u00e9n pueden!&#8221;, y &#8220;SuperLola&#8221;.<\/p>\n<p>Aqu\u00ed ten\u00e9is algunas im\u00e1genes que el alumnado de infantil ha realizado tras la lectura de esos cuentos.&nbsp;<\/p>\n<p><img loading=\"lazy\" decoding=\"async\" class=\"alignnone size-medium wp-image-1269\" src=\"https:\/\/blogsaverroes.juntadeandalucia.es\/ceip-migueldecervantes\/files\/2023\/03\/A0EC8237-19D2-4A54-83C1-393D926D2932-300x224.jpeg\" alt=\"\" width=\"300\" height=\"224\" srcset=\"https:\/\/blogsaverroes.juntadeandalucia.es\/ceip-migueldecervantes\/files\/2023\/03\/A0EC8237-19D2-4A54-83C1-393D926D2932-300x224.jpeg 300w, https:\/\/blogsaverroes.juntadeandalucia.es\/ceip-migueldecervantes\/files\/2023\/03\/A0EC8237-19D2-4A54-83C1-393D926D2932-1024x766.jpeg 1024w, https:\/\/blogsaverroes.juntadeandalucia.es\/ceip-migueldecervantes\/files\/2023\/03\/A0EC8237-19D2-4A54-83C1-393D926D2932-768x575.jpeg 768w, https:\/\/blogsaverroes.juntadeandalucia.es\/ceip-migueldecervantes\/files\/2023\/03\/A0EC8237-19D2-4A54-83C1-393D926D2932-1536x1149.jpeg 1536w, https:\/\/blogsaverroes.juntadeandalucia.es\/ceip-migueldecervantes\/files\/2023\/03\/A0EC8237-19D2-4A54-83C1-393D926D2932.jpeg 2048w\" sizes=\"(max-width: 300px) 100vw, 300px\" \/> <img loading=\"lazy\" decoding=\"async\" class=\"alignnone size-medium wp-image-1270\" src=\"https:\/\/blogsaverroes.juntadeandalucia.es\/ceip-migueldecervantes\/files\/2023\/03\/E805CD26-F1D4-492F-91CB-A23E89EAD433-300x224.jpeg\" alt=\"\" width=\"300\" height=\"224\" srcset=\"https:\/\/blogsaverroes.juntadeandalucia.es\/ceip-migueldecervantes\/files\/2023\/03\/E805CD26-F1D4-492F-91CB-A23E89EAD433-300x224.jpeg 300w, https:\/\/blogsaverroes.juntadeandalucia.es\/ceip-migueldecervantes\/files\/2023\/03\/E805CD26-F1D4-492F-91CB-A23E89EAD433-1024x766.jpeg 1024w, https:\/\/blogsaverroes.juntadeandalucia.es\/ceip-migueldecervantes\/files\/2023\/03\/E805CD26-F1D4-492F-91CB-A23E89EAD433-768x575.jpeg 768w, https:\/\/blogsaverroes.juntadeandalucia.es\/ceip-migueldecervantes\/files\/2023\/03\/E805CD26-F1D4-492F-91CB-A23E89EAD433-1536x1149.jpeg 1536w, https:\/\/blogsaverroes.juntadeandalucia.es\/ceip-migueldecervantes\/files\/2023\/03\/E805CD26-F1D4-492F-91CB-A23E89EAD433.jpeg 2048w\" sizes=\"(max-width: 300px) 100vw, 300px\" \/> <img loading=\"lazy\" decoding=\"async\" class=\"alignnone size-medium wp-image-1271\" src=\"https:\/\/blogsaverroes.juntadeandalucia.es\/ceip-migueldecervantes\/files\/2023\/03\/311E9D3D-082B-4BA1-A9B7-24E6D0868F66-300x224.jpeg\" alt=\"\" width=\"300\" height=\"224\" srcset=\"https:\/\/blogsaverroes.juntadeandalucia.es\/ceip-migueldecervantes\/files\/2023\/03\/311E9D3D-082B-4BA1-A9B7-24E6D0868F66-300x224.jpeg 300w, https:\/\/blogsaverroes.juntadeandalucia.es\/ceip-migueldecervantes\/files\/2023\/03\/311E9D3D-082B-4BA1-A9B7-24E6D0868F66-1024x766.jpeg 1024w, https:\/\/blogsaverroes.juntadeandalucia.es\/ceip-migueldecervantes\/files\/2023\/03\/311E9D3D-082B-4BA1-A9B7-24E6D0868F66-768x575.jpeg 768w, https:\/\/blogsaverroes.juntadeandalucia.es\/ceip-migueldecervantes\/files\/2023\/03\/311E9D3D-082B-4BA1-A9B7-24E6D0868F66-1536x1149.jpeg 1536w, https:\/\/blogsaverroes.juntadeandalucia.es\/ceip-migueldecervantes\/files\/2023\/03\/311E9D3D-082B-4BA1-A9B7-24E6D0868F66.jpeg 2048w\" sizes=\"(max-width: 300px) 100vw, 300px\" \/> <img loading=\"lazy\" decoding=\"async\" class=\"alignnone size-medium wp-image-1272\" src=\"https:\/\/blogsaverroes.juntadeandalucia.es\/ceip-migueldecervantes\/files\/2023\/03\/B52EEE7B-5C28-4919-9C79-FFDAD7321FCB-300x224.jpeg\" alt=\"\" width=\"300\" height=\"224\" srcset=\"https:\/\/blogsaverroes.juntadeandalucia.es\/ceip-migueldecervantes\/files\/2023\/03\/B52EEE7B-5C28-4919-9C79-FFDAD7321FCB-300x224.jpeg 300w, https:\/\/blogsaverroes.juntadeandalucia.es\/ceip-migueldecervantes\/files\/2023\/03\/B52EEE7B-5C28-4919-9C79-FFDAD7321FCB-1024x766.jpeg 1024w, https:\/\/blogsaverroes.juntadeandalucia.es\/ceip-migueldecervantes\/files\/2023\/03\/B52EEE7B-5C28-4919-9C79-FFDAD7321FCB-768x575.jpeg 768w, https:\/\/blogsaverroes.juntadeandalucia.es\/ceip-migueldecervantes\/files\/2023\/03\/B52EEE7B-5C28-4919-9C79-FFDAD7321FCB-1536x1149.jpeg 1536w, https:\/\/blogsaverroes.juntadeandalucia.es\/ceip-migueldecervantes\/files\/2023\/03\/B52EEE7B-5C28-4919-9C79-FFDAD7321FCB.jpeg 2048w\" sizes=\"(max-width: 300px) 100vw, 300px\" \/> <img loading=\"lazy\" decoding=\"async\" class=\"size-medium wp-image-1273 alignleft\" src=\"https:\/\/blogsaverroes.juntadeandalucia.es\/ceip-migueldecervantes\/files\/2023\/03\/115396A5-5265-4C6C-910E-D2B7685E8220-300x224.jpeg\" alt=\"\" width=\"300\" height=\"224\" srcset=\"https:\/\/blogsaverroes.juntadeandalucia.es\/ceip-migueldecervantes\/files\/2023\/03\/115396A5-5265-4C6C-910E-D2B7685E8220-300x224.jpeg 300w, https:\/\/blogsaverroes.juntadeandalucia.es\/ceip-migueldecervantes\/files\/2023\/03\/115396A5-5265-4C6C-910E-D2B7685E8220-1024x766.jpeg 1024w, https:\/\/blogsaverroes.juntadeandalucia.es\/ceip-migueldecervantes\/files\/2023\/03\/115396A5-5265-4C6C-910E-D2B7685E8220-768x575.jpeg 768w, https:\/\/blogsaverroes.juntadeandalucia.es\/ceip-migueldecervantes\/files\/2023\/03\/115396A5-5265-4C6C-910E-D2B7685E8220-1536x1149.jpeg 1536w, https:\/\/blogsaverroes.juntadeandalucia.es\/ceip-migueldecervantes\/files\/2023\/03\/115396A5-5265-4C6C-910E-D2B7685E8220.jpeg 2048w\" sizes=\"(max-width: 300px) 100vw, 300px\" \/><\/p>\n","protected":false},"excerpt":{"rendered":"<p>En la ma\u00f1ana del d\u00eda 8 de marzo celebramos en nuestro centro el D\u00eda Internacional de la Mujer, con la asistencia de cinco mujeres, madres y abuelas de alumnos, que se dedican o se&#46;&#46;&#46;<\/p>\n","protected":false},"author":9424,"featured_media":0,"parent":0,"menu_order":0,"comment_status":"closed","ping_status":"closed","template":"","meta":{"ngg_post_thumbnail":0,"footnotes":""},"aioseo_notices":[],"_links":{"self":[{"href":"https:\/\/blogsaverroes.juntadeandalucia.es\/ceip-migueldecervantes\/wp-json\/wp\/v2\/pages\/1258"}],"collection":[{"href":"https:\/\/blogsaverroes.juntadeandalucia.es\/ceip-migueldecervantes\/wp-json\/wp\/v2\/pages"}],"about":[{"href":"https:\/\/blogsaverroes.juntadeandalucia.es\/ceip-migueldecervantes\/wp-json\/wp\/v2\/types\/page"}],"author":[{"embeddable":true,"href":"https:\/\/blogsaverroes.juntadeandalucia.es\/ceip-migueldecervantes\/wp-json\/wp\/v2\/users\/9424"}],"replies":[{"embeddable":true,"href":"https:\/\/blogsaverroes.juntadeandalucia.es\/ceip-migueldecervantes\/wp-json\/wp\/v2\/comments?post=1258"}],"version-history":[{"count":3,"href":"https:\/\/blogsaverroes.juntadeandalucia.es\/ceip-migueldecervantes\/wp-json\/wp\/v2\/pages\/1258\/revisions"}],"predecessor-version":[{"id":1274,"href":"https:\/\/blogsaverroes.juntadeandalucia.es\/ceip-migueldecervantes\/wp-json\/wp\/v2\/pages\/1258\/revisions\/1274"}],"wp:attachment":[{"href":"https:\/\/blogsaverroes.juntadeandalucia.es\/ceip-migueldecervantes\/wp-json\/wp\/v2\/media?parent=1258"}],"curies":[{"name":"wp","href":"https:\/\/api.w.org\/{rel}","templated":true}]}}