{"id":1269,"date":"2025-04-23T08:55:09","date_gmt":"2025-04-23T07:55:09","guid":{"rendered":"https:\/\/blogsaverroes.juntadeandalucia.es\/ceip-ribera-de-ciudadeja\/?page_id=1269"},"modified":"2025-04-23T08:55:09","modified_gmt":"2025-04-23T07:55:09","slug":"curso-24-25","status":"publish","type":"page","link":"https:\/\/blogsaverroes.juntadeandalucia.es\/ceip-ribera-de-ciudadeja\/curso-24-25\/","title":{"rendered":"Curso 24\/25"},"content":{"rendered":"<p class=\"\" data-start=\"102\" data-end=\"160\"><strong data-start=\"102\" data-end=\"160\">\u00a1Bienvenidos a nuestro espacio del curso 24\/25!<\/strong><\/p>\n<p class=\"\" data-start=\"162\" data-end=\"406\">Desde esta p\u00e1gina podr\u00e1s mantenerte informado de todo lo que ha ocurrido a lo largo del curso escolar. Aqu\u00ed encontrar\u00e1s un resumen completo de las actividades, eventos, logros, proyectos y momentos destacados que han marcado este a\u00f1o acad\u00e9mico.<\/p>\n<p class=\"\" data-start=\"408\" data-end=\"710\">Nuestro objetivo es ofrecer a las familias, alumnos y toda la comunidad educativa un lugar de encuentro donde recordar y celebrar cada paso dado durante estos meses. Ya sea una excursi\u00f3n, una jornada especial, una muestra de trabajos, o simplemente el d\u00eda a d\u00eda en las aulas, todo queda reflejado aqu\u00ed.<\/p>\n<p class=\"\" data-start=\"712\" data-end=\"805\">\u00a1Gracias por acompa\u00f1arnos en este recorrido lleno de aprendizajes y experiencias compartidas!<\/p>\n","protected":false},"excerpt":{"rendered":"<p>\u00a1Bienvenidos a nuestro espacio del curso 24\/25! Desde esta p\u00e1gina podr\u00e1s mantenerte informado de todo lo que ha ocurrido a lo largo del curso escolar. Aqu\u00ed encontrar\u00e1s un resumen completo de las actividades, eventos, logros, proyectos y momentos destacados que han marcado este a\u00f1o acad\u00e9mico. Nuestro objetivo es ofrecer a las familias, alumnos y toda [&hellip;]<\/p>\n","protected":false},"author":20643,"featured_media":0,"parent":0,"menu_order":0,"comment_status":"closed","ping_status":"closed","template":"","meta":{"_et_pb_use_builder":"","_et_pb_old_content":"","_et_gb_content_width":"","ngg_post_thumbnail":0,"footnotes":""},"aioseo_notices":[],"_links":{"self":[{"href":"https:\/\/blogsaverroes.juntadeandalucia.es\/ceip-ribera-de-ciudadeja\/wp-json\/wp\/v2\/pages\/1269"}],"collection":[{"href":"https:\/\/blogsaverroes.juntadeandalucia.es\/ceip-ribera-de-ciudadeja\/wp-json\/wp\/v2\/pages"}],"about":[{"href":"https:\/\/blogsaverroes.juntadeandalucia.es\/ceip-ribera-de-ciudadeja\/wp-json\/wp\/v2\/types\/page"}],"author":[{"embeddable":true,"href":"https:\/\/blogsaverroes.juntadeandalucia.es\/ceip-ribera-de-ciudadeja\/wp-json\/wp\/v2\/users\/20643"}],"replies":[{"embeddable":true,"href":"https:\/\/blogsaverroes.juntadeandalucia.es\/ceip-ribera-de-ciudadeja\/wp-json\/wp\/v2\/comments?post=1269"}],"version-history":[{"count":2,"href":"https:\/\/blogsaverroes.juntadeandalucia.es\/ceip-ribera-de-ciudadeja\/wp-json\/wp\/v2\/pages\/1269\/revisions"}],"predecessor-version":[{"id":1271,"href":"https:\/\/blogsaverroes.juntadeandalucia.es\/ceip-ribera-de-ciudadeja\/wp-json\/wp\/v2\/pages\/1269\/revisions\/1271"}],"wp:attachment":[{"href":"https:\/\/blogsaverroes.juntadeandalucia.es\/ceip-ribera-de-ciudadeja\/wp-json\/wp\/v2\/media?parent=1269"}],"curies":[{"name":"wp","href":"https:\/\/api.w.org\/{rel}","templated":true}]}}