{"id":1390,"date":"2025-06-05T09:19:06","date_gmt":"2025-06-05T08:19:06","guid":{"rendered":"https:\/\/blogsaverroes.juntadeandalucia.es\/ceip-ribera-de-ciudadeja\/?page_id=1390"},"modified":"2025-06-06T08:45:46","modified_gmt":"2025-06-06T07:45:46","slug":"plan-de-igualdad","status":"publish","type":"page","link":"https:\/\/blogsaverroes.juntadeandalucia.es\/ceip-ribera-de-ciudadeja\/plan-de-igualdad\/","title":{"rendered":"Plan de igualdad"},"content":{"rendered":"<p>[et_pb_section fb_built=&#8221;1&#8243; _builder_version=&#8221;4.24.2&#8243; _module_preset=&#8221;default&#8221; global_colors_info=&#8221;{}&#8221;][et_pb_row _builder_version=&#8221;4.24.2&#8243; _module_preset=&#8221;default&#8221; global_colors_info=&#8221;{}&#8221;][et_pb_column type=&#8221;4_4&#8243; _builder_version=&#8221;4.24.2&#8243; _module_preset=&#8221;default&#8221; global_colors_info=&#8221;{}&#8221;][et_pb_text _builder_version=&#8221;4.24.2&#8243; _module_preset=&#8221;default&#8221; global_colors_info=&#8221;{}&#8221;]<\/p>\n<p data-start=\"205\" data-end=\"412\">En nuestro colegio, comprometidos con la igualdad y el respeto, hemos desarrollado un <strong data-start=\"291\" data-end=\"311\">Plan de Igualdad<\/strong> para garantizar oportunidades y trato justo para todas las personas de nuestra comunidad educativa.<\/p>\n<p data-start=\"414\" data-end=\"623\">En este espacio podr\u00e1s consultar todas las actividades y proyectos relacionados con el plan, dise\u00f1ados para fomentar la igualdad de g\u00e9nero, prevenir la discriminaci\u00f3n y promover valores de respeto e inclusi\u00f3n.<\/p>\n<p style=\"text-align: center\" data-start=\"625\" data-end=\"753\">\u00a1Te invitamos a conocer y participar en estas iniciativas que nos ayudan a construir un ambiente escolar m\u00e1s justo y equitativo!<\/p>\n<p>[\/et_pb_text][\/et_pb_column][\/et_pb_row][et_pb_row _builder_version=&#8221;4.24.2&#8243; _module_preset=&#8221;default&#8221; global_colors_info=&#8221;{}&#8221;][et_pb_column type=&#8221;4_4&#8243; _builder_version=&#8221;4.24.2&#8243; _module_preset=&#8221;default&#8221; global_colors_info=&#8221;{}&#8221;][et_pb_divider _builder_version=&#8221;4.24.2&#8243; _module_preset=&#8221;default&#8221; global_colors_info=&#8221;{}&#8221;][\/et_pb_divider][\/et_pb_column][\/et_pb_row][et_pb_row _builder_version=&#8221;4.24.2&#8243; _module_preset=&#8221;default&#8221; global_colors_info=&#8221;{}&#8221;][et_pb_column type=&#8221;4_4&#8243; _builder_version=&#8221;4.24.2&#8243; _module_preset=&#8221;default&#8221; global_colors_info=&#8221;{}&#8221;][et_pb_image src=&#8221;https:\/\/blogsaverroes.juntadeandalucia.es\/ceip-ribera-de-ciudadeja\/files\/2025\/06\/Pacto-de-estado.jpg&#8221; title_text=&#8221;Pacto de estado&#8221; _builder_version=&#8221;4.24.2&#8243; _module_preset=&#8221;default&#8221; global_colors_info=&#8221;{}&#8221;][\/et_pb_image][\/et_pb_column][\/et_pb_row][et_pb_row column_structure=&#8221;1_3,2_3&#8243; _builder_version=&#8221;4.24.2&#8243; _module_preset=&#8221;default&#8221; global_colors_info=&#8221;{}&#8221;][et_pb_column type=&#8221;1_3&#8243; _builder_version=&#8221;4.24.2&#8243; _module_preset=&#8221;default&#8221; global_colors_info=&#8221;{}&#8221;][et_pb_image src=&#8221;https:\/\/blogsaverroes.juntadeandalucia.es\/ceip-ribera-de-ciudadeja\/files\/2025\/06\/logo-pacto.png&#8221; title_text=&#8221;logo pacto&#8221; _builder_version=&#8221;4.24.2&#8243; _module_preset=&#8221;default&#8221; global_colors_info=&#8221;{}&#8221;][\/et_pb_image][\/et_pb_column][et_pb_column type=&#8221;2_3&#8243; _builder_version=&#8221;4.24.2&#8243; _module_preset=&#8221;default&#8221; global_colors_info=&#8221;{}&#8221;][et_pb_text _builder_version=&#8221;4.24.2&#8243; _module_preset=&#8221;default&#8221; global_colors_info=&#8221;{}&#8221;]<\/p>\n<p style=\"text-align: center\"><strong>PLAN DE IGUALDAD<\/strong><\/p>\n<p style=\"text-align: center\">PACTO DE ESTADO<\/p>\n<p><strong>\u00a0<\/strong><strong><em>CEIP RIBERA DE CIUDADEJA<\/em><\/strong><\/p>\n<p><strong><em>CURSO 2024-2025<\/em><\/strong><\/p>\n<p><strong><em>\u00a0<\/em><\/strong>En el marco del Pacto de Estado contra la Violencia de G\u00e9nero, nuestro colegio reafirma su compromiso con la promoci\u00f3n de la igualdad de g\u00e9nero y la prevenci\u00f3n de cualquier forma de violencia. Como parte de nuestro Plan de Igualdad, trabajamos de forma constante para sensibilizar al alumnado sobre la importancia de construir relaciones basadas en el respeto, la empat\u00eda y la equidad.<\/p>\n<p>Entre las actividades destacadas, hemos creado un espacio\/rinc\u00f3n violeta en la biblioteca del centro educativo y hemos desarrollado sesiones con cuentos coeducativos, una herramienta pedag\u00f3gica que nos permite trabajar valores como la igualdad, el respeto a la diversidad y la corresponsabilidad. A trav\u00e9s de estas lecturas y din\u00e1micas, el alumnado reflexiona y debate sobre los estereotipos de g\u00e9nero, desmontando roles tradicionales y fomentando una convivencia m\u00e1s igualitaria.<\/p>\n<p>Con esta iniciativa, nuestro centro educativo avanza en la creaci\u00f3n de un entorno inclusivo y seguro, en el que todas las personas tengan las mismas oportunidades de aprendizaje y desarrollo personal.<\/p>\n<p>[\/et_pb_text][\/et_pb_column][\/et_pb_row][et_pb_row _builder_version=&#8221;4.24.2&#8243; _module_preset=&#8221;default&#8221; global_colors_info=&#8221;{}&#8221;][et_pb_column type=&#8221;4_4&#8243; _builder_version=&#8221;4.24.2&#8243; _module_preset=&#8221;default&#8221; global_colors_info=&#8221;{}&#8221;][et_pb_divider _builder_version=&#8221;4.24.2&#8243; _module_preset=&#8221;default&#8221; global_colors_info=&#8221;{}&#8221;][\/et_pb_divider][\/et_pb_column][\/et_pb_row][et_pb_row column_structure=&#8221;2_3,1_3&#8243; _builder_version=&#8221;4.24.2&#8243; _module_preset=&#8221;default&#8221; global_colors_info=&#8221;{}&#8221;][et_pb_column type=&#8221;2_3&#8243; _builder_version=&#8221;4.24.2&#8243; _module_preset=&#8221;default&#8221; global_colors_info=&#8221;{}&#8221;][et_pb_image src=&#8221;https:\/\/blogsaverroes.juntadeandalucia.es\/ceip-ribera-de-ciudadeja\/files\/2025\/06\/2b050e7b-cd6f-4efb-be4e-0e67d4594160.jpg&#8221; title_text=&#8221;2b050e7b-cd6f-4efb-be4e-0e67d4594160&#8243; _builder_version=&#8221;4.24.2&#8243; _module_preset=&#8221;default&#8221; width=&#8221;50%&#8221; max_width=&#8221;57%&#8221; global_colors_info=&#8221;{}&#8221;][\/et_pb_image][\/et_pb_column][et_pb_column type=&#8221;1_3&#8243; _builder_version=&#8221;4.24.2&#8243; _module_preset=&#8221;default&#8221; global_colors_info=&#8221;{}&#8221;][et_pb_text _builder_version=&#8221;4.24.2&#8243; _module_preset=&#8221;default&#8221; min_height=&#8221;288.5px&#8221; custom_margin=&#8221;|||-240px||&#8221; custom_padding=&#8221;2px|||||&#8221; global_colors_info=&#8221;{}&#8221;]<\/p>\n<p data-start=\"196\" data-end=\"449\">El<strong> 2 de abril<\/strong> celebramos el <span style=\"color: #333399\"><em><strong>D\u00eda Mundial de Concienciaci\u00f3n sobre el Trastorno del Espectro Autista (TEA)<\/strong><\/em><\/span>. En nuestro colegio, hemos llevado a cabo diversas actividades para fomentar el respeto, la comprensi\u00f3n y la inclusi\u00f3n de todas las personas con TEA.<\/p>\n<p data-start=\"451\" data-end=\"618\">Te invitamos a visitar esta secci\u00f3n para conocer las iniciativas y talleres que hemos realizado, y as\u00ed apoyar juntos una comunidad educativa m\u00e1s inclusiva y solidaria.<\/p>\n<p>[\/et_pb_text][\/et_pb_column][\/et_pb_row][et_pb_row _builder_version=&#8221;4.24.2&#8243; _module_preset=&#8221;default&#8221; global_colors_info=&#8221;{}&#8221;][et_pb_column type=&#8221;4_4&#8243; _builder_version=&#8221;4.24.2&#8243; _module_preset=&#8221;default&#8221; global_colors_info=&#8221;{}&#8221;][et_pb_gallery gallery_ids=&#8221;1428,1427,1426,1425,1424,1423,1422,1421,1420,1419,1418,1417,1416,1410,1409,1408,1407,1406&#8243; fullwidth=&#8221;on&#8221; _builder_version=&#8221;4.24.2&#8243; _module_preset=&#8221;default&#8221; global_colors_info=&#8221;{}&#8221;][\/et_pb_gallery][\/et_pb_column][\/et_pb_row][et_pb_row _builder_version=&#8221;4.24.2&#8243; _module_preset=&#8221;default&#8221; global_colors_info=&#8221;{}&#8221;][et_pb_column type=&#8221;4_4&#8243; _builder_version=&#8221;4.24.2&#8243; _module_preset=&#8221;default&#8221; global_colors_info=&#8221;{}&#8221;][et_pb_divider _builder_version=&#8221;4.24.2&#8243; _module_preset=&#8221;default&#8221; global_colors_info=&#8221;{}&#8221;][\/et_pb_divider][\/et_pb_column][\/et_pb_row][et_pb_row column_structure=&#8221;1_2,1_2&#8243; _builder_version=&#8221;4.24.2&#8243; _module_preset=&#8221;default&#8221; global_colors_info=&#8221;{}&#8221;][et_pb_column type=&#8221;1_2&#8243; _builder_version=&#8221;4.24.2&#8243; _module_preset=&#8221;default&#8221; global_colors_info=&#8221;{}&#8221;][et_pb_gallery gallery_ids=&#8221;1431,1432,1433,1434,1435,1436,1437,1438,1439,1440,1441,1442&#8243; fullwidth=&#8221;on&#8221; _builder_version=&#8221;4.24.2&#8243; _module_preset=&#8221;default&#8221; global_colors_info=&#8221;{}&#8221;][\/et_pb_gallery][\/et_pb_column][et_pb_column type=&#8221;1_2&#8243; _builder_version=&#8221;4.24.2&#8243; _module_preset=&#8221;default&#8221; global_colors_info=&#8221;{}&#8221;][et_pb_text _builder_version=&#8221;4.24.2&#8243; _module_preset=&#8221;default&#8221; global_colors_info=&#8221;{}&#8221;]<\/p>\n<p data-start=\"55\" data-end=\"144\"><strong data-start=\"55\" data-end=\"144\">Nuestros ni\u00f1os han trabajado sobre el D\u00eda Mundial del S\u00edndrome de Down (21 de marzo).<\/strong><\/p>\n<p data-start=\"146\" data-end=\"449\">En nuestro cole, hemos dedicado tiempo a aprender y reflexionar sobre la importancia de la inclusi\u00f3n y el respeto hacia todas las personas, especialmente aquellas con S\u00edndrome de Down. A trav\u00e9s de actividades educativas, los ni\u00f1os han descubierto valores como la empat\u00eda, la diversidad y la solidaridad.<\/p>\n<p data-start=\"451\" data-end=\"514\">\u00a1Seguimos construyendo un mundo m\u00e1s inclusivo desde la escuela!<\/p>\n<p>[\/et_pb_text][\/et_pb_column][\/et_pb_row][et_pb_row _builder_version=&#8221;4.24.2&#8243; _module_preset=&#8221;default&#8221; global_colors_info=&#8221;{}&#8221;][et_pb_column type=&#8221;4_4&#8243; _builder_version=&#8221;4.24.2&#8243; _module_preset=&#8221;default&#8221; global_colors_info=&#8221;{}&#8221;][et_pb_divider _builder_version=&#8221;4.24.2&#8243; _module_preset=&#8221;default&#8221; global_colors_info=&#8221;{}&#8221;][\/et_pb_divider][\/et_pb_column][\/et_pb_row][et_pb_row _builder_version=&#8221;4.24.2&#8243; _module_preset=&#8221;default&#8221; column_structure=&#8221;1_3,2_3&#8243;][et_pb_column _builder_version=&#8221;4.24.2&#8243; _module_preset=&#8221;default&#8221; type=&#8221;1_3&#8243;][et_pb_image src=&#8221;https:\/\/blogsaverroes.juntadeandalucia.es\/ceip-ribera-de-ciudadeja\/files\/2025\/06\/IMG20250130123829-scaled.jpg&#8221; _builder_version=&#8221;4.24.2&#8243; _module_preset=&#8221;default&#8221; title_text=&#8221;IMG20250130123829&#8243; hover_enabled=&#8221;0&#8243; sticky_enabled=&#8221;0&#8243;][\/et_pb_image][\/et_pb_column][et_pb_column _builder_version=&#8221;4.24.2&#8243; _module_preset=&#8221;default&#8221; type=&#8221;2_3&#8243;][et_pb_text _builder_version=&#8221;4.24.2&#8243; _module_preset=&#8221;default&#8221; hover_enabled=&#8221;0&#8243; sticky_enabled=&#8221;0&#8243;]<\/p>\n<h3 data-start=\"267\" data-end=\"330\">Celebramos el D\u00eda de la Paz con &#8220;El l\u00e1piz m\u00e1gico de Malala&#8221;<\/h3>\n<p data-start=\"332\" data-end=\"556\">El pasado 30 de enero, nuestro colegio celebr\u00f3 el <strong data-start=\"382\" data-end=\"425\">D\u00eda Escolar de la No Violencia y la Paz<\/strong>, una jornada dedicada a reflexionar sobre la importancia de la convivencia, el respeto y la resoluci\u00f3n pac\u00edfica de los conflictos.<\/p>\n<p data-start=\"558\" data-end=\"902\">Durante esta semana, el alumnado particip\u00f3 en diferentes actividades orientadas a promover los valores de la paz, la igualdad y la justicia. Como eje central de nuestro trabajo, utilizamos el libro <strong data-start=\"756\" data-end=\"787\">&#8220;El l\u00e1piz m\u00e1gico de Malala&#8221;<\/strong>, una emotiva historia basada en la infancia de Malala Yousafzai, la activista paquistan\u00ed y Premio Nobel de la Paz.<\/p>\n<p data-start=\"904\" data-end=\"1369\">En el cuento, Malala imagina tener un l\u00e1piz m\u00e1gico con el que podr\u00eda cambiar el mundo: borrar el olor de los vertederos cerca de su casa, cerrar las puertas del colegio para que ning\u00fan ni\u00f1o se quede fuera, o dibujar una sonrisa en el rostro de quienes sufren. A trav\u00e9s de esta lectura, nuestro alumnado reflexion\u00f3 sobre el poder de la palabra, la importancia de la educaci\u00f3n y c\u00f3mo, aunque no tengamos un l\u00e1piz m\u00e1gico, nuestras acciones pueden marcar la diferencia.<\/p>\n<p data-start=\"1371\" data-end=\"1416\">Entre las actividades realizadas, destacaron:<\/p>\n<ul data-start=\"1417\" data-end=\"1811\">\n<li data-start=\"1417\" data-end=\"1502\">\n<p data-start=\"1419\" data-end=\"1502\">Talleres de expresi\u00f3n art\u00edstica para imaginar &#8220;\u00bfQu\u00e9 har\u00edas t\u00fa con un l\u00e1piz m\u00e1gico?&#8221;<\/p>\n<\/li>\n<li data-start=\"1503\" data-end=\"1561\">\n<p data-start=\"1505\" data-end=\"1561\">Murales colaborativos con mensajes de paz y solidaridad.<\/p>\n<\/li>\n<li data-start=\"1562\" data-end=\"1651\">\n<p data-start=\"1564\" data-end=\"1651\">Lecturas compartidas y debates sobre el derecho a la educaci\u00f3n y la igualdad de g\u00e9nero.<\/p>\n<\/li>\n<li data-start=\"1652\" data-end=\"1811\">\n<p data-start=\"1654\" data-end=\"1811\">Un acto final en el que se compartieron los trabajos y reflexiones del alumnado, acompa\u00f1ado de una suelta simb\u00f3lica de globos blancos y canciones por la paz.<\/p>\n<\/li>\n<\/ul>\n<p data-start=\"1813\" data-end=\"1937\">Fue una jornada emotiva y enriquecedora que nos recuerda que cada gesto cuenta para construir un mundo m\u00e1s justo y pac\u00edfico.<\/p>\n<p>[\/et_pb_text][\/et_pb_column][\/et_pb_row][et_pb_row _builder_version=&#8221;4.24.2&#8243; _module_preset=&#8221;default&#8221;][et_pb_column _builder_version=&#8221;4.24.2&#8243; _module_preset=&#8221;default&#8221; type=&#8221;4_4&#8243;][et_pb_divider _builder_version=&#8221;4.24.2&#8243; _module_preset=&#8221;default&#8221; hover_enabled=&#8221;0&#8243; sticky_enabled=&#8221;0&#8243;][\/et_pb_divider][\/et_pb_column][\/et_pb_row][et_pb_row column_structure=&#8221;1_3,2_3&#8243; _builder_version=&#8221;4.24.2&#8243; _module_preset=&#8221;default&#8221; global_colors_info=&#8221;{}&#8221;][et_pb_column type=&#8221;1_3&#8243; _builder_version=&#8221;4.24.2&#8243; _module_preset=&#8221;default&#8221; global_colors_info=&#8221;{}&#8221;][et_pb_text _builder_version=&#8221;4.24.2&#8243; _module_preset=&#8221;default&#8221; global_colors_info=&#8221;{}&#8221;]<\/p>\n<p data-start=\"64\" data-end=\"161\"><strong data-start=\"64\" data-end=\"161\">Nuestros ni\u00f1os han trabajado sobre el D\u00eda Mundial de los Derechos del Ni\u00f1o (20 de noviembre).<\/strong><\/p>\n<p data-start=\"163\" data-end=\"469\">Para conmemorar este d\u00eda, realizamos diversas actividades de concienciaci\u00f3n sobre los derechos de la infancia. Adem\u00e1s, los ni\u00f1os vinieron al cole en pijama para simbolizar el calor y la protecci\u00f3n que brinda la familia, una iniciativa propuesta por la Junta de Andaluc\u00eda para abordar el tema de la acogida.<\/p>\n<p data-start=\"471\" data-end=\"591\">Desde nuestro centro seguimos comprometidos con la educaci\u00f3n en valores y la defensa de los derechos de todos los ni\u00f1os.<\/p>\n<p>[\/et_pb_text][\/et_pb_column][et_pb_column type=&#8221;2_3&#8243; _builder_version=&#8221;4.24.2&#8243; _module_preset=&#8221;default&#8221; global_colors_info=&#8221;{}&#8221;][et_pb_image src=&#8221;https:\/\/blogsaverroes.juntadeandalucia.es\/ceip-ribera-de-ciudadeja\/files\/2025\/06\/IMG20241120104312-scaled.jpg&#8221; title_text=&#8221;IMG20241120104312&#8243; _builder_version=&#8221;4.24.2&#8243; _module_preset=&#8221;default&#8221; global_colors_info=&#8221;{}&#8221;][\/et_pb_image][\/et_pb_column][\/et_pb_row][et_pb_row _builder_version=&#8221;4.24.2&#8243; _module_preset=&#8221;default&#8221; global_colors_info=&#8221;{}&#8221;][et_pb_column type=&#8221;4_4&#8243; _builder_version=&#8221;4.24.2&#8243; _module_preset=&#8221;default&#8221; global_colors_info=&#8221;{}&#8221;][et_pb_divider _builder_version=&#8221;4.24.2&#8243; _module_preset=&#8221;default&#8221; global_colors_info=&#8221;{}&#8221;][\/et_pb_divider][\/et_pb_column][\/et_pb_row][et_pb_row column_structure=&#8221;1_2,1_2&#8243; _builder_version=&#8221;4.24.2&#8243; _module_preset=&#8221;default&#8221; global_colors_info=&#8221;{}&#8221;][et_pb_column type=&#8221;1_2&#8243; _builder_version=&#8221;4.24.2&#8243; _module_preset=&#8221;default&#8221; global_colors_info=&#8221;{}&#8221;][et_pb_image src=&#8221;https:\/\/blogsaverroes.juntadeandalucia.es\/ceip-ribera-de-ciudadeja\/files\/2025\/05\/IMG_20241125_124103-scaled.jpg&#8221; title_text=&#8221;IMG_20241125_124103&#8243; _builder_version=&#8221;4.24.2&#8243; _module_preset=&#8221;default&#8221; global_colors_info=&#8221;{}&#8221;][\/et_pb_image][\/et_pb_column][et_pb_column type=&#8221;1_2&#8243; _builder_version=&#8221;4.24.2&#8243; _module_preset=&#8221;default&#8221; global_colors_info=&#8221;{}&#8221;][et_pb_text _builder_version=&#8221;4.24.2&#8243; _module_preset=&#8221;default&#8221; global_colors_info=&#8221;{}&#8221;]<\/p>\n<p data-start=\"85\" data-end=\"199\"><strong data-start=\"85\" data-end=\"199\">Nuestros alumnos trabajan en el 25N con actividades centradas en \u201cPepuka y el monstruo que le rob\u00f3 la sonrisa\u201d<\/strong><\/p>\n<p data-start=\"201\" data-end=\"621\">Con motivo del 25 de noviembre, D\u00eda Internacional de la Eliminaci\u00f3n de la Violencia contra la Mujer, nuestros alumnos se han involucrado en diversas actividades educativas para reflexionar sobre esta problem\u00e1tica tan importante. Como eje central, han trabajado con el cuento <strong data-start=\"476\" data-end=\"525\">\u201cPepuka y el monstruo que le rob\u00f3 la sonrisa\u201d<\/strong>, una historia que invita a reconocer y afrontar la violencia desde la empat\u00eda y la comprensi\u00f3n.<\/p>\n<p data-start=\"623\" data-end=\"873\">A trav\u00e9s de talleres, debates y din\u00e1micas creativas, los estudiantes han explorado los valores del respeto, la igualdad y la solidaridad, reforzando as\u00ed el compromiso de nuestra comunidad educativa en la construcci\u00f3n de un entorno libre de violencia.<\/p>\n<p data-start=\"623\" data-end=\"873\"><em>Para ver m\u00e1s fotos visita la galeria o pulsa <a href=\"https:\/\/blogsaverroes.juntadeandalucia.es\/ceip-ribera-de-ciudadeja\/anos-escolar\/curso-24-25\/galeria\/\">aqu\u00ed<\/a><\/em><\/p>\n<p>[\/et_pb_text][\/et_pb_column][\/et_pb_row][\/et_pb_section]<\/p>\n","protected":false},"excerpt":{"rendered":"<p>En nuestro colegio, comprometidos con la igualdad y el respeto, hemos desarrollado un Plan de Igualdad para garantizar oportunidades y trato justo para todas las personas de nuestra comunidad educativa. En este espacio podr\u00e1s consultar todas las actividades y proyectos relacionados con el plan, dise\u00f1ados para fomentar la igualdad de g\u00e9nero, prevenir la discriminaci\u00f3n y [&hellip;]<\/p>\n","protected":false},"author":20643,"featured_media":0,"parent":0,"menu_order":0,"comment_status":"closed","ping_status":"closed","template":"","meta":{"_et_pb_use_builder":"on","_et_pb_old_content":"","_et_gb_content_width":"","ngg_post_thumbnail":0,"footnotes":""},"aioseo_notices":[],"_links":{"self":[{"href":"https:\/\/blogsaverroes.juntadeandalucia.es\/ceip-ribera-de-ciudadeja\/wp-json\/wp\/v2\/pages\/1390"}],"collection":[{"href":"https:\/\/blogsaverroes.juntadeandalucia.es\/ceip-ribera-de-ciudadeja\/wp-json\/wp\/v2\/pages"}],"about":[{"href":"https:\/\/blogsaverroes.juntadeandalucia.es\/ceip-ribera-de-ciudadeja\/wp-json\/wp\/v2\/types\/page"}],"author":[{"embeddable":true,"href":"https:\/\/blogsaverroes.juntadeandalucia.es\/ceip-ribera-de-ciudadeja\/wp-json\/wp\/v2\/users\/20643"}],"replies":[{"embeddable":true,"href":"https:\/\/blogsaverroes.juntadeandalucia.es\/ceip-ribera-de-ciudadeja\/wp-json\/wp\/v2\/comments?post=1390"}],"version-history":[{"count":8,"href":"https:\/\/blogsaverroes.juntadeandalucia.es\/ceip-ribera-de-ciudadeja\/wp-json\/wp\/v2\/pages\/1390\/revisions"}],"predecessor-version":[{"id":1452,"href":"https:\/\/blogsaverroes.juntadeandalucia.es\/ceip-ribera-de-ciudadeja\/wp-json\/wp\/v2\/pages\/1390\/revisions\/1452"}],"wp:attachment":[{"href":"https:\/\/blogsaverroes.juntadeandalucia.es\/ceip-ribera-de-ciudadeja\/wp-json\/wp\/v2\/media?parent=1390"}],"curies":[{"name":"wp","href":"https:\/\/api.w.org\/{rel}","templated":true}]}}