{"id":1022,"date":"2025-02-11T11:51:45","date_gmt":"2025-02-11T10:51:45","guid":{"rendered":"https:\/\/blogsaverroes.juntadeandalucia.es\/ceip-severo-ochoa\/?page_id=1022"},"modified":"2025-03-11T00:21:39","modified_gmt":"2025-03-10T23:21:39","slug":"teatro","status":"publish","type":"page","link":"https:\/\/blogsaverroes.juntadeandalucia.es\/ceip-severo-ochoa\/teatro\/","title":{"rendered":"Teatro"},"content":{"rendered":"<p>[et_pb_section fb_built=&#8221;1&#8243; _builder_version=&#8221;4.24.2&#8243; background_enable_image=&#8221;off&#8221; global_colors_info=&#8221;{}&#8221;][et_pb_row _builder_version=&#8221;4.24.2&#8243; background_enable_image=&#8221;off&#8221; background_size=&#8221;initial&#8221; background_position=&#8221;top_left&#8221; background_repeat=&#8221;repeat&#8221; global_colors_info=&#8221;{}&#8221;][et_pb_column type=&#8221;4_4&#8243; _builder_version=&#8221;4.16&#8243; custom_padding=&#8221;|||&#8221; global_colors_info=&#8221;{}&#8221; custom_padding__hover=&#8221;|||&#8221;][et_pb_text _builder_version=&#8221;4.24.2&#8243; background_enable_image=&#8221;off&#8221; background_size=&#8221;initial&#8221; background_position=&#8221;top_left&#8221; background_repeat=&#8221;repeat&#8221; global_colors_info=&#8221;{}&#8221;]<\/p>\n<h2><img loading=\"lazy\" decoding=\"async\" class=\"wp-image-1033 alignleft size-large\" src=\"https:\/\/blogsaverroes.juntadeandalucia.es\/ceip-severo-ochoa\/files\/2025\/02\/scene-1-1024x213.jpg\" alt=\"\" width=\"1024\" height=\"213\" srcset=\"https:\/\/blogsaverroes.juntadeandalucia.es\/ceip-severo-ochoa\/files\/2025\/02\/scene-1-980x204.jpg 980w, https:\/\/blogsaverroes.juntadeandalucia.es\/ceip-severo-ochoa\/files\/2025\/02\/scene-1-480x100.jpg 480w\" sizes=\"(min-width: 0px) and (max-width: 480px) 480px, (min-width: 481px) and (max-width: 980px) 980px, (min-width: 981px) 1024px, 100vw\" \/><\/h2>\n<h2>Teatro<\/h2>\n<p>El centro educativo otorga importancia a las manifestaciones art\u00edsticas relacionadas con las competencias ling\u00fc\u00edsticas y comunicativas. De este modo, se montan peque\u00f1os teatros durante el curso, coincidiendo con algunas efem\u00e9rides o fiestas. Tambi\u00e9n tenemos un renovado compromiso para presentarnos anualmente a la <strong><a href=\"https:\/\/educacion.malaga.eu\/programas\/muestra-de-teatro-escolar\/\" target=\"_blank\" rel=\"noopener\"><span style=\"color: #0c71c3\">Muestra de Teatro Escolar de la ciudad de M\u00e1laga<\/span><\/a><\/strong>, que se celebra anualmente.<\/p>\n<p>Por otra parte, tambi\u00e9n contamos con un peque\u00f1o croma y solemos realizar v\u00eddeos con diferentes objetivos, siendo nuestro proyecto m\u00e1s reciente y ambicioso la adaptaci\u00f3n del cuento de Fidel del Castillo <a href=\"https:\/\/youtu.be\/gF9Ei3CB-Yc?si=Fwta1p1CFyOyd3yi&amp;hd=1\"><strong><span style=\"color: #0c71c3\">&#8220;Clara tiene dos caminos&#8221;<\/span><\/strong><\/a><span style=\"color: #0c71c3\">,<\/span> para realizar un cortometraje.<\/p>\n<p>[\/et_pb_text][et_pb_gallery gallery_ids=&#8221;1045,1043,1044&#8243; fullwidth=&#8221;on&#8221; _builder_version=&#8221;4.24.2&#8243; _module_preset=&#8221;default&#8221; global_colors_info=&#8221;{}&#8221;][\/et_pb_gallery][\/et_pb_column][\/et_pb_row][\/et_pb_section]<\/p>\n","protected":false},"excerpt":{"rendered":"<p>Teatro El centro educativo otorga importancia a las manifestaciones art\u00edsticas relacionadas con las competencias ling\u00fc\u00edsticas y comunicativas. De este modo, se montan peque\u00f1os teatros durante el curso, coincidiendo con algunas efem\u00e9rides o fiestas. Tambi\u00e9n tenemos un renovado compromiso para presentarnos anualmente a la Muestra de Teatro Escolar de la ciudad de M\u00e1laga, que se celebra [&hellip;]<\/p>\n","protected":false},"author":15140,"featured_media":0,"parent":0,"menu_order":0,"comment_status":"closed","ping_status":"closed","template":"","meta":{"_et_pb_use_builder":"on","_et_pb_old_content":"<h2>Teatro<\/h2><p>El centro educativo otorga importancia a las manifestaciones art\u00edsticas relacionadas con las competencias ling\u00fc\u00edsticas y comunicativas. De este modo, se montan peque\u00f1os teatros durante el curso, coincidiendo con algunas efem\u00e9rides o fiestas. Tambi\u00e9n tenemos un renovado compromiso para presentarnos anualmente a la <strong><a href=\"https:\/\/educacion.malaga.eu\/programas\/muestra-de-teatro-escolar\/\" target=\"_blank\" rel=\"noopener\">Muestra de Teatro Escolar de la ciudad de M\u00e1laga<\/a><\/strong>, que se celebra anualmente.<\/p><p>Por otra parte, tambi\u00e9n contamos con un peque\u00f1o croma y solemos realizar v\u00eddeos con diferentes objetivos, siendo nuestro proyecto m\u00e1s reciente y ambicioso la adaptaci\u00f3n del cuento de Fidel del Castillo <a href=\"https:\/\/blogsaverroes.juntadeandalucia.es\/ceip-severo-ochoa\/planes-y-proyectos\/\" target=\"_blank\" rel=\"noopener\"><strong>\"Clara tiene dos caminos\"<\/strong><\/a>, para realizar un cortometraje.<\/p>","_et_gb_content_width":"","ngg_post_thumbnail":0,"footnotes":""},"aioseo_notices":[],"_links":{"self":[{"href":"https:\/\/blogsaverroes.juntadeandalucia.es\/ceip-severo-ochoa\/wp-json\/wp\/v2\/pages\/1022"}],"collection":[{"href":"https:\/\/blogsaverroes.juntadeandalucia.es\/ceip-severo-ochoa\/wp-json\/wp\/v2\/pages"}],"about":[{"href":"https:\/\/blogsaverroes.juntadeandalucia.es\/ceip-severo-ochoa\/wp-json\/wp\/v2\/types\/page"}],"author":[{"embeddable":true,"href":"https:\/\/blogsaverroes.juntadeandalucia.es\/ceip-severo-ochoa\/wp-json\/wp\/v2\/users\/15140"}],"replies":[{"embeddable":true,"href":"https:\/\/blogsaverroes.juntadeandalucia.es\/ceip-severo-ochoa\/wp-json\/wp\/v2\/comments?post=1022"}],"version-history":[{"count":15,"href":"https:\/\/blogsaverroes.juntadeandalucia.es\/ceip-severo-ochoa\/wp-json\/wp\/v2\/pages\/1022\/revisions"}],"predecessor-version":[{"id":1456,"href":"https:\/\/blogsaverroes.juntadeandalucia.es\/ceip-severo-ochoa\/wp-json\/wp\/v2\/pages\/1022\/revisions\/1456"}],"wp:attachment":[{"href":"https:\/\/blogsaverroes.juntadeandalucia.es\/ceip-severo-ochoa\/wp-json\/wp\/v2\/media?parent=1022"}],"curies":[{"name":"wp","href":"https:\/\/api.w.org\/{rel}","templated":true}]}}