{"id":295,"date":"2020-01-23T11:42:26","date_gmt":"2020-01-23T10:42:26","guid":{"rendered":"http:\/\/blogsaverroes.juntadeandalucia.es\/pre\/nuevoiesv2\/?page_id=295"},"modified":"2025-03-11T00:18:20","modified_gmt":"2025-03-10T23:18:20","slug":"nuestra-historia","status":"publish","type":"page","link":"https:\/\/blogsaverroes.juntadeandalucia.es\/ceip-severo-ochoa\/nuestra-historia\/","title":{"rendered":"Nuestra Historia"},"content":{"rendered":"<p>[et_pb_section fb_built=&#8221;1&#8243; _builder_version=&#8221;4.16&#8243; custom_padding=&#8221;0px||0px|&#8221; z_index_tablet=&#8221;500&#8243; box_shadow_horizontal_tablet=&#8221;0px&#8221; box_shadow_vertical_tablet=&#8221;0px&#8221; box_shadow_blur_tablet=&#8221;40px&#8221; box_shadow_spread_tablet=&#8221;0px&#8221; global_colors_info=&#8221;{}&#8221;][et_pb_row _builder_version=&#8221;4.24.2&#8243; custom_margin=&#8221;-10px|||&#8221; z_index_tablet=&#8221;500&#8243; box_shadow_horizontal_tablet=&#8221;0px&#8221; box_shadow_vertical_tablet=&#8221;0px&#8221; box_shadow_blur_tablet=&#8221;40px&#8221; box_shadow_spread_tablet=&#8221;0px&#8221; global_colors_info=&#8221;{}&#8221;][et_pb_column type=&#8221;4_4&#8243; _builder_version=&#8221;4.16&#8243; custom_padding=&#8221;|||&#8221; global_colors_info=&#8221;{}&#8221; custom_padding__hover=&#8221;|||&#8221;][et_pb_image src=&#8221;https:\/\/blogsaverroes.juntadeandalucia.es\/ceip-severo-ochoa\/files\/2025\/02\/frontal_cole-1.jpg&#8221; title_text=&#8221;frontal_cole&#8221; admin_label=&#8221;Imagen de la portada&#8221; _builder_version=&#8221;4.24.2&#8243; vertical_offset_tablet=&#8221;0&#8243; horizontal_offset_tablet=&#8221;0&#8243; z_index_tablet=&#8221;500&#8243; box_shadow_horizontal_tablet=&#8221;0px&#8221; box_shadow_vertical_tablet=&#8221;0px&#8221; box_shadow_blur_tablet=&#8221;40px&#8221; box_shadow_spread_tablet=&#8221;0px&#8221; global_colors_info=&#8221;{}&#8221;][\/et_pb_image][et_pb_text admin_label=&#8221;Texto descriptivo&#8221; _builder_version=&#8221;4.24.2&#8243; z_index_tablet=&#8221;500&#8243; text_text_shadow_horizontal_length_tablet=&#8221;0px&#8221; text_text_shadow_vertical_length_tablet=&#8221;0px&#8221; text_text_shadow_blur_strength_tablet=&#8221;1px&#8221; link_text_shadow_horizontal_length_tablet=&#8221;0px&#8221; link_text_shadow_vertical_length_tablet=&#8221;0px&#8221; link_text_shadow_blur_strength_tablet=&#8221;1px&#8221; ul_text_shadow_horizontal_length_tablet=&#8221;0px&#8221; ul_text_shadow_vertical_length_tablet=&#8221;0px&#8221; ul_text_shadow_blur_strength_tablet=&#8221;1px&#8221; ol_text_shadow_horizontal_length_tablet=&#8221;0px&#8221; ol_text_shadow_vertical_length_tablet=&#8221;0px&#8221; ol_text_shadow_blur_strength_tablet=&#8221;1px&#8221; quote_text_shadow_horizontal_length_tablet=&#8221;0px&#8221; quote_text_shadow_vertical_length_tablet=&#8221;0px&#8221; quote_text_shadow_blur_strength_tablet=&#8221;1px&#8221; header_text_shadow_horizontal_length_tablet=&#8221;0px&#8221; header_text_shadow_vertical_length_tablet=&#8221;0px&#8221; header_text_shadow_blur_strength_tablet=&#8221;1px&#8221; header_2_text_shadow_horizontal_length_tablet=&#8221;0px&#8221; header_2_text_shadow_vertical_length_tablet=&#8221;0px&#8221; header_2_text_shadow_blur_strength_tablet=&#8221;1px&#8221; header_3_text_shadow_horizontal_length_tablet=&#8221;0px&#8221; header_3_text_shadow_vertical_length_tablet=&#8221;0px&#8221; header_3_text_shadow_blur_strength_tablet=&#8221;1px&#8221; header_4_text_shadow_horizontal_length_tablet=&#8221;0px&#8221; header_4_text_shadow_vertical_length_tablet=&#8221;0px&#8221; header_4_text_shadow_blur_strength_tablet=&#8221;1px&#8221; header_5_text_shadow_horizontal_length_tablet=&#8221;0px&#8221; header_5_text_shadow_vertical_length_tablet=&#8221;0px&#8221; header_5_text_shadow_blur_strength_tablet=&#8221;1px&#8221; header_6_text_shadow_horizontal_length_tablet=&#8221;0px&#8221; header_6_text_shadow_vertical_length_tablet=&#8221;0px&#8221; header_6_text_shadow_blur_strength_tablet=&#8221;1px&#8221; box_shadow_horizontal_tablet=&#8221;0px&#8221; box_shadow_vertical_tablet=&#8221;0px&#8221; box_shadow_blur_tablet=&#8221;40px&#8221; box_shadow_spread_tablet=&#8221;0px&#8221; global_colors_info=&#8221;{}&#8221;]<\/p>\n<h2>Nuestra Historia<\/h2>\n<p>El CEIP Severo Ochoa es un centro educativo con solera \u2014fue inaugurado en 1975\u2014, ubicado al norte de la ciudad de M\u00e1laga, en la <strong><a href=\"https:\/\/maps.app.goo.gl\/96nQXW4yxdWvhw5j9\" target=\"_blank\" rel=\"noopener\"><span style=\"color: #0c71c3\">barriada de Carlinda<\/span><\/a><\/strong>, perteneciente al distrito n\u00ba 4: Bail\u00e9n-Miraflores.<\/p>\n<p>El entorno socioecon\u00f3mico del centro es diverso, predominando la clase trabajadora. En \u00e1reas como Granja Su\u00e1rez y La Milagrosa, la mayor\u00eda de las familias han completado estudios primarios y secundarios; aunque en otras zonas como La Corta es m\u00e1s com\u00fan no concluir la formaci\u00f3n secundaria.<\/p>\n<p>La baja ratio del centro, la amplitud de sus espacios y patios, la disposici\u00f3n de diversas aulas de aprendizaje multiusos, de zonas verdes, huerto&#8230; junto con la estupenda orientaci\u00f3n sur de todas las dependencias de trabajo y estudio, hacen que el d\u00eda a d\u00eda en el centro sea abierto y luminoso. En este centro es muy natural estar en contacto con la naturaleza y con el barrio.<\/p>\n<p>En el apartado pedag\u00f3gico y formativo, el centro desarrolla <strong><a href=\"https:\/\/blogsaverroes.juntadeandalucia.es\/ceip-severo-ochoa\/radio\/#\" target=\"_blank\" rel=\"noopener\"><span style=\"color: #0c71c3\">proyectos de innovaci\u00f3n<\/span><\/a><\/strong> (como docencia compartida, Aula del Futuro, actualizaci\u00f3n del enfoque de ense\u00f1anza de las competencias ling\u00fc\u00edsticas y matem\u00e1ticas&#8230;), apostando al mismo tiempo por el uso de la tecnolog\u00eda para apoyar diferentes tipos de aprendizajes y las relaciones entre familias y escuela.<\/p>\n<p>Asimismo, ser <strong><a href=\"https:\/\/blogsaverroes.juntadeandalucia.es\/ceip-severo-ochoa\/cda\/\" target=\"_blank\" rel=\"noopener\"><span style=\"color: #0c71c3\">comunidad de aprendizaje<\/span><\/a> <\/strong>desde el curso 2017 pone de manifiesto nuestro compromiso de apertura a la comunidad escolar y al vecindario, promoviendo los valores democr\u00e1ticos e inclusivos que consideramos la base de una educaci\u00f3n humanista y comprometida desde el punto de vista social.<\/p>\n<p>El compromiso de los equipos docentes y su dedicaci\u00f3n, as\u00ed como la perseverancia y buen hacer del alumnado, han supuesto a lo largo de los a\u00f1os reconocimientos para el centro educativo en \u00e1mbitos tan diversos como la <strong><span style=\"color: #0c71c3\"><a style=\"color: #0c71c3\" href=\"https:\/\/www.malagahoy.es\/malaga\/colegios-malaguenos-galardonados-convivencia-aulas_0_1432357135.html\" target=\"_blank\" rel=\"noopener\">convivencia<\/a><\/span><\/strong>, los <span style=\"color: #0c71c3\"><a style=\"color: #0c71c3\" href=\"https:\/\/www.fundacioncaser.org\/actividades\/premios-vida-sana\/historico\/premios-vida-sana-2022\" target=\"_blank\" rel=\"noopener\"><strong>h\u00e1bitos de vida saludable<\/strong><\/a><\/span>, <a href=\"https:\/\/blogsaverroes.juntadeandalucia.es\/ordenacioneducativamalaga\/2022\/05\/16\/premiados-vi-concurso-de-ilustracion-lieteraria-emilia-pardo-bazan\/\" target=\"_blank\" rel=\"noopener\"><span style=\"color: #0c71c3\"><strong>expresiones art\u00edsticas<\/strong><\/span><\/a>, etc&#8230;<\/p>\n<p>&nbsp;<\/p>\n<p>&nbsp;<\/p>\n<p>&nbsp;<\/p>\n<p>&nbsp;<\/p>\n<p>&nbsp;<\/p>\n<p>[\/et_pb_text][et_pb_button button_url=&#8221;https:\/\/www.juntadeandalucia.es\/educacion\/secretariavirtual\/&#8221; url_new_window=&#8221;on&#8221; button_text=&#8221;\u00bfTe animas a venir a aprender con nosotros?&#8221; button_alignment=&#8221;center&#8221; admin_label=&#8221;Bot\u00f3n Gancho&#8221; _builder_version=&#8221;4.24.2&#8243; _module_preset=&#8221;default&#8221; custom_button=&#8221;on&#8221; button_text_color=&#8221;#7CDA24&#8243; box_shadow_style=&#8221;preset2&#8243; global_colors_info=&#8221;{}&#8221;][\/et_pb_button][et_pb_code _builder_version=&#8221;4.24.2&#8243; _module_preset=&#8221;default&#8221; global_colors_info=&#8221;{}&#8221;]<iframe loading=\"lazy\" width=\"560\" height=\"315\" src=\"https:\/\/www.youtube.com\/embed\/3jGXw-dPzDs?si=802zjnqCXp8ShLCB\" frameborder=\"0\"><\/iframe>[\/et_pb_code][\/et_pb_column][\/et_pb_row][et_pb_row column_structure=&#8221;1_3,1_3,1_3&#8243; _builder_version=&#8221;4.16&#8243; background_size=&#8221;initial&#8221; background_position=&#8221;top_left&#8221; background_repeat=&#8221;repeat&#8221; global_colors_info=&#8221;{}&#8221;][et_pb_column type=&#8221;1_3&#8243; _builder_version=&#8221;4.16&#8243; custom_padding=&#8221;|||&#8221; global_colors_info=&#8221;{}&#8221; custom_padding__hover=&#8221;|||&#8221;][et_pb_image src=&#8221;https:\/\/blogsaverroes.juntadeandalucia.es\/ceip-severo-ochoa\/files\/2025\/02\/Alumno-programando-efectos-sonoros-para-un-teatro.jpg&#8221; title_text=&#8221;Alumno programando efectos sonoros para un teatro&#8221; align=&#8221;center&#8221; admin_label=&#8221;Imagen para Anuncio innovaci\u00f3n&#8221; _builder_version=&#8221;4.24.2&#8243; vertical_offset_tablet=&#8221;0&#8243; horizontal_offset_tablet=&#8221;0&#8243; z_index_tablet=&#8221;500&#8243; box_shadow_horizontal_tablet=&#8221;0px&#8221; box_shadow_vertical_tablet=&#8221;0px&#8221; box_shadow_blur_tablet=&#8221;40px&#8221; box_shadow_spread_tablet=&#8221;0px&#8221; global_colors_info=&#8221;{}&#8221;][\/et_pb_image][et_pb_blurb title=&#8221;INNOVACI\u00d3N&#8221; url=&#8221;https:\/\/blogsaverroes.juntadeandalucia.es\/ceip-severo-ochoa\/adf\/&#8221; url_new_window=&#8221;on&#8221; use_icon=&#8221;on&#8221; font_icon=&#8221;&#xf109;||fa||900&#8243; icon_placement=&#8221;left&#8221; admin_label=&#8221;Texto innovaci\u00f3n&#8221; _builder_version=&#8221;4.24.2&#8243; background_color=&#8221;#0eaff9&#8243; custom_padding=&#8221;20px|20px|20px|20px&#8221; link_option_url_new_window=&#8221;on&#8221; z_index_tablet=&#8221;500&#8243; header_text_shadow_horizontal_length_tablet=&#8221;0px&#8221; header_text_shadow_vertical_length_tablet=&#8221;0px&#8221; header_text_shadow_blur_strength_tablet=&#8221;1px&#8221; body_text_shadow_horizontal_length_tablet=&#8221;0px&#8221; body_text_shadow_vertical_length_tablet=&#8221;0px&#8221; body_text_shadow_blur_strength_tablet=&#8221;1px&#8221; body_link_text_shadow_horizontal_length_tablet=&#8221;0px&#8221; body_link_text_shadow_vertical_length_tablet=&#8221;0px&#8221; body_link_text_shadow_blur_strength_tablet=&#8221;1px&#8221; body_ul_text_shadow_horizontal_length_tablet=&#8221;0px&#8221; body_ul_text_shadow_vertical_length_tablet=&#8221;0px&#8221; body_ul_text_shadow_blur_strength_tablet=&#8221;1px&#8221; body_ol_text_shadow_horizontal_length_tablet=&#8221;0px&#8221; body_ol_text_shadow_vertical_length_tablet=&#8221;0px&#8221; body_ol_text_shadow_blur_strength_tablet=&#8221;1px&#8221; body_quote_text_shadow_horizontal_length_tablet=&#8221;0px&#8221; body_quote_text_shadow_vertical_length_tablet=&#8221;0px&#8221; body_quote_text_shadow_blur_strength_tablet=&#8221;1px&#8221; box_shadow_horizontal_tablet=&#8221;0px&#8221; box_shadow_vertical_tablet=&#8221;0px&#8221; box_shadow_blur_tablet=&#8221;40px&#8221; box_shadow_spread_tablet=&#8221;0px&#8221; box_shadow_horizontal_image_tablet=&#8221;0px&#8221; box_shadow_vertical_image_tablet=&#8221;0px&#8221; box_shadow_blur_image_tablet=&#8221;40px&#8221; box_shadow_spread_image_tablet=&#8221;0px&#8221; text_shadow_horizontal_length_tablet=&#8221;0px&#8221; text_shadow_vertical_length_tablet=&#8221;0px&#8221; text_shadow_blur_strength_tablet=&#8221;1px&#8221; global_colors_info=&#8221;{}&#8221;]<\/p>\n<p>Tecnolog\u00edas para educar<\/p>\n<p>[\/et_pb_blurb][\/et_pb_column][et_pb_column type=&#8221;1_3&#8243; _builder_version=&#8221;4.16&#8243; custom_padding=&#8221;|||&#8221; global_colors_info=&#8221;{}&#8221; custom_padding__hover=&#8221;|||&#8221;][et_pb_image src=&#8221;https:\/\/blogsaverroes.juntadeandalucia.es\/ceip-severo-ochoa\/files\/2025\/02\/Tutoria-entre-iguales.jpg&#8221; title_text=&#8221;Tutori\u0301a entre iguales&#8221; align=&#8221;center&#8221; admin_label=&#8221;Imagen para anuncio biling\u00fce&#8221; _builder_version=&#8221;4.24.2&#8243; vertical_offset_tablet=&#8221;0&#8243; horizontal_offset_tablet=&#8221;0&#8243; z_index_tablet=&#8221;500&#8243; box_shadow_horizontal_tablet=&#8221;0px&#8221; box_shadow_vertical_tablet=&#8221;0px&#8221; box_shadow_blur_tablet=&#8221;40px&#8221; box_shadow_spread_tablet=&#8221;0px&#8221; global_colors_info=&#8221;{}&#8221;][\/et_pb_image][et_pb_blurb title=&#8221;COMUNIDAD&#8221; url=&#8221;https:\/\/blogsaverroes.juntadeandalucia.es\/ceip-severo-ochoa\/cda\/&#8221; url_new_window=&#8221;on&#8221; use_icon=&#8221;on&#8221; font_icon=&#8221;&#xe0de;||divi||400&#8243; icon_placement=&#8221;left&#8221; admin_label=&#8221;Texto biling\u00fce&#8221; _builder_version=&#8221;4.24.2&#8243; background_color=&#8221;#f9e582&#8243; custom_padding=&#8221;20px|20px|20px|20px&#8221; link_option_url_new_window=&#8221;on&#8221; z_index_tablet=&#8221;500&#8243; header_text_shadow_horizontal_length_tablet=&#8221;0px&#8221; header_text_shadow_vertical_length_tablet=&#8221;0px&#8221; header_text_shadow_blur_strength_tablet=&#8221;1px&#8221; body_text_shadow_horizontal_length_tablet=&#8221;0px&#8221; body_text_shadow_vertical_length_tablet=&#8221;0px&#8221; body_text_shadow_blur_strength_tablet=&#8221;1px&#8221; body_link_text_shadow_horizontal_length_tablet=&#8221;0px&#8221; body_link_text_shadow_vertical_length_tablet=&#8221;0px&#8221; body_link_text_shadow_blur_strength_tablet=&#8221;1px&#8221; body_ul_text_shadow_horizontal_length_tablet=&#8221;0px&#8221; body_ul_text_shadow_vertical_length_tablet=&#8221;0px&#8221; body_ul_text_shadow_blur_strength_tablet=&#8221;1px&#8221; body_ol_text_shadow_horizontal_length_tablet=&#8221;0px&#8221; body_ol_text_shadow_vertical_length_tablet=&#8221;0px&#8221; body_ol_text_shadow_blur_strength_tablet=&#8221;1px&#8221; body_quote_text_shadow_horizontal_length_tablet=&#8221;0px&#8221; body_quote_text_shadow_vertical_length_tablet=&#8221;0px&#8221; body_quote_text_shadow_blur_strength_tablet=&#8221;1px&#8221; box_shadow_horizontal_tablet=&#8221;0px&#8221; box_shadow_vertical_tablet=&#8221;0px&#8221; box_shadow_blur_tablet=&#8221;40px&#8221; box_shadow_spread_tablet=&#8221;0px&#8221; box_shadow_horizontal_image_tablet=&#8221;0px&#8221; box_shadow_vertical_image_tablet=&#8221;0px&#8221; box_shadow_blur_image_tablet=&#8221;40px&#8221; box_shadow_spread_image_tablet=&#8221;0px&#8221; text_shadow_horizontal_length_tablet=&#8221;0px&#8221; text_shadow_vertical_length_tablet=&#8221;0px&#8221; text_shadow_blur_strength_tablet=&#8221;1px&#8221; global_colors_info=&#8221;{}&#8221;]<\/p>\n<p>Aprendemos juntos<\/p>\n<p>[\/et_pb_blurb][\/et_pb_column][et_pb_column type=&#8221;1_3&#8243; _builder_version=&#8221;4.16&#8243; custom_padding=&#8221;|||&#8221; global_colors_info=&#8221;{}&#8221; custom_padding__hover=&#8221;|||&#8221;][et_pb_image src=&#8221;https:\/\/blogsaverroes.juntadeandalucia.es\/ceip-severo-ochoa\/files\/2025\/02\/contactar-1.jpg&#8221; title_text=&#8221;contactar&#8221; align=&#8221;center&#8221; admin_label=&#8221;Imagen para anuncio contacta&#8221; _builder_version=&#8221;4.24.2&#8243; vertical_offset_tablet=&#8221;0&#8243; horizontal_offset_tablet=&#8221;0&#8243; z_index_tablet=&#8221;500&#8243; box_shadow_horizontal_tablet=&#8221;0px&#8221; box_shadow_vertical_tablet=&#8221;0px&#8221; box_shadow_blur_tablet=&#8221;40px&#8221; box_shadow_spread_tablet=&#8221;0px&#8221; global_colors_info=&#8221;{}&#8221;][\/et_pb_image][et_pb_blurb title=&#8221;CONTACTAR&#8221; url=&#8221;https:\/\/blogsaverroes.juntadeandalucia.es\/ceip-severo-ochoa\/contactar-con-el-centro\/&#8221; url_new_window=&#8221;on&#8221; use_icon=&#8221;on&#8221; font_icon=&#8221;&#xe010;||divi||400&#8243; icon_placement=&#8221;left&#8221; admin_label=&#8221;Texto contacta&#8221; _builder_version=&#8221;4.24.2&#8243; background_color=&#8221;#7CDA24&#8243; custom_padding=&#8221;20px|20px|20px|20px&#8221; link_option_url_new_window=&#8221;on&#8221; z_index_tablet=&#8221;500&#8243; header_text_shadow_horizontal_length_tablet=&#8221;0px&#8221; header_text_shadow_vertical_length_tablet=&#8221;0px&#8221; header_text_shadow_blur_strength_tablet=&#8221;1px&#8221; body_text_shadow_horizontal_length_tablet=&#8221;0px&#8221; body_text_shadow_vertical_length_tablet=&#8221;0px&#8221; body_text_shadow_blur_strength_tablet=&#8221;1px&#8221; body_link_text_shadow_horizontal_length_tablet=&#8221;0px&#8221; body_link_text_shadow_vertical_length_tablet=&#8221;0px&#8221; body_link_text_shadow_blur_strength_tablet=&#8221;1px&#8221; body_ul_text_shadow_horizontal_length_tablet=&#8221;0px&#8221; body_ul_text_shadow_vertical_length_tablet=&#8221;0px&#8221; body_ul_text_shadow_blur_strength_tablet=&#8221;1px&#8221; body_ol_text_shadow_horizontal_length_tablet=&#8221;0px&#8221; body_ol_text_shadow_vertical_length_tablet=&#8221;0px&#8221; body_ol_text_shadow_blur_strength_tablet=&#8221;1px&#8221; body_quote_text_shadow_horizontal_length_tablet=&#8221;0px&#8221; body_quote_text_shadow_vertical_length_tablet=&#8221;0px&#8221; body_quote_text_shadow_blur_strength_tablet=&#8221;1px&#8221; box_shadow_horizontal_tablet=&#8221;0px&#8221; box_shadow_vertical_tablet=&#8221;0px&#8221; box_shadow_blur_tablet=&#8221;40px&#8221; box_shadow_spread_tablet=&#8221;0px&#8221; box_shadow_horizontal_image_tablet=&#8221;0px&#8221; box_shadow_vertical_image_tablet=&#8221;0px&#8221; box_shadow_blur_image_tablet=&#8221;40px&#8221; box_shadow_spread_image_tablet=&#8221;0px&#8221; text_shadow_horizontal_length_tablet=&#8221;0px&#8221; text_shadow_vertical_length_tablet=&#8221;0px&#8221; text_shadow_blur_strength_tablet=&#8221;1px&#8221; global_colors_info=&#8221;{}&#8221;]<\/p>\n<p>Enlace a nuestro formulario<\/p>\n<p>[\/et_pb_blurb][\/et_pb_column][\/et_pb_row][\/et_pb_section]<\/p>\n","protected":false},"excerpt":{"rendered":"<p>Nuestra Historia El CEIP Severo Ochoa es un centro educativo con solera \u2014fue inaugurado en 1975\u2014, ubicado al norte de la ciudad de M\u00e1laga, en la barriada de Carlinda, perteneciente al distrito n\u00ba 4: Bail\u00e9n-Miraflores. El entorno socioecon\u00f3mico del centro es diverso, predominando la clase trabajadora. En \u00e1reas como Granja Su\u00e1rez y La Milagrosa, la [&hellip;]<\/p>\n","protected":false},"author":7051,"featured_media":0,"parent":0,"menu_order":0,"comment_status":"closed","ping_status":"closed","template":"","meta":{"_et_pb_use_builder":"on","_et_pb_old_content":"","_et_gb_content_width":"","ngg_post_thumbnail":0,"footnotes":""},"aioseo_notices":[],"_links":{"self":[{"href":"https:\/\/blogsaverroes.juntadeandalucia.es\/ceip-severo-ochoa\/wp-json\/wp\/v2\/pages\/295"}],"collection":[{"href":"https:\/\/blogsaverroes.juntadeandalucia.es\/ceip-severo-ochoa\/wp-json\/wp\/v2\/pages"}],"about":[{"href":"https:\/\/blogsaverroes.juntadeandalucia.es\/ceip-severo-ochoa\/wp-json\/wp\/v2\/types\/page"}],"author":[{"embeddable":true,"href":"https:\/\/blogsaverroes.juntadeandalucia.es\/ceip-severo-ochoa\/wp-json\/wp\/v2\/users\/7051"}],"replies":[{"embeddable":true,"href":"https:\/\/blogsaverroes.juntadeandalucia.es\/ceip-severo-ochoa\/wp-json\/wp\/v2\/comments?post=295"}],"version-history":[{"count":24,"href":"https:\/\/blogsaverroes.juntadeandalucia.es\/ceip-severo-ochoa\/wp-json\/wp\/v2\/pages\/295\/revisions"}],"predecessor-version":[{"id":1455,"href":"https:\/\/blogsaverroes.juntadeandalucia.es\/ceip-severo-ochoa\/wp-json\/wp\/v2\/pages\/295\/revisions\/1455"}],"wp:attachment":[{"href":"https:\/\/blogsaverroes.juntadeandalucia.es\/ceip-severo-ochoa\/wp-json\/wp\/v2\/media?parent=295"}],"curies":[{"name":"wp","href":"https:\/\/api.w.org\/{rel}","templated":true}]}}