{"id":848,"date":"2025-02-06T12:54:24","date_gmt":"2025-02-06T11:54:24","guid":{"rendered":"https:\/\/blogsaverroes.juntadeandalucia.es\/ceip-severo-ochoa\/?page_id=848"},"modified":"2025-03-15T14:23:14","modified_gmt":"2025-03-15T13:23:14","slug":"aula-matinal","status":"publish","type":"page","link":"https:\/\/blogsaverroes.juntadeandalucia.es\/ceip-severo-ochoa\/aula-matinal\/","title":{"rendered":"Aula matinal"},"content":{"rendered":"<p>[et_pb_section fb_built=&#8221;1&#8243; admin_label=&#8221;section&#8221; _builder_version=&#8221;4.16&#8243; global_colors_info=&#8221;{}&#8221;][et_pb_row admin_label=&#8221;row&#8221; _builder_version=&#8221;4.16&#8243; background_size=&#8221;initial&#8221; background_position=&#8221;top_left&#8221; background_repeat=&#8221;repeat&#8221; global_colors_info=&#8221;{}&#8221;][et_pb_column type=&#8221;4_4&#8243; _builder_version=&#8221;4.16&#8243; custom_padding=&#8221;|||&#8221; global_colors_info=&#8221;{}&#8221; custom_padding__hover=&#8221;|||&#8221;][et_pb_image src=&#8221;https:\/\/blogsaverroes.juntadeandalucia.es\/ceip-severo-ochoa\/files\/2025\/02\/PApert-banner.jpg&#8221; title_text=&#8221;PApert banner&#8221; _builder_version=&#8221;4.24.2&#8243; _module_preset=&#8221;default&#8221; global_colors_info=&#8221;{}&#8221;][\/et_pb_image][et_pb_text admin_label=&#8221;Text&#8221; _builder_version=&#8221;4.24.2&#8243; background_size=&#8221;initial&#8221; background_position=&#8221;top_left&#8221; background_repeat=&#8221;repeat&#8221; global_colors_info=&#8221;{}&#8221;]<\/p>\n<p>&nbsp;<\/p>\n<h2>Aula matinal<\/h2>\n<p>El servicio de alula matinal del centro est\u00e1 a cargo de la <span style=\"color: #0c71c3\"><strong><a href=\"https:\/\/www.asociaciontrans.org\/trans\/\" target=\"_blank\" rel=\"noopener\" style=\"color: #0c71c3\">Asociaci\u00f3n TRANS<\/a><\/strong><\/span>, colectivo con experiencia en el desarrollo de proyectos socioeducativos para la infancia y la juventud. El horario de atenci\u00f3n del servicio abarca desde las<span style=\"color: #0c71c3\"><strong> <a href=\"https:\/\/www.asociaciontrans.org\/trans\/aula-matinal\/\" target=\"_blank\" rel=\"noopener\" style=\"color: #0c71c3\">7:30 a las 9:00, de lunes a viernes<\/a>.<\/strong><\/span><\/p>\n<p>[\/et_pb_text][et_pb_button button_url=&#8221;https:\/\/juntadeandalucia.es\/servicios\/sede\/tramites\/procedimientos\/detalle\/25586.html&#8221; url_new_window=&#8221;on&#8221; button_text=&#8221;Gratuidad\/bonificaci\u00f3n del precio p\u00fablico por los servicios complementarios&#8221; button_alignment=&#8221;center&#8221; admin_label=&#8221;Bot\u00f3n acceso a ayudas oficiales&#8221; _builder_version=&#8221;4.24.2&#8243; _module_preset=&#8221;default&#8221; custom_button=&#8221;on&#8221; button_text_color=&#8221;#7CDA24&#8243; box_shadow_style=&#8221;preset2&#8243; global_colors_info=&#8221;{}&#8221;][\/et_pb_button][et_pb_image src=&#8221;https:\/\/blogsaverroes.juntadeandalucia.es\/ceip-severo-ochoa\/files\/2025\/02\/Aula-matinal-scaled.jpg&#8221; title_text=&#8221;Aula matinal&#8221; _builder_version=&#8221;4.24.2&#8243; _module_preset=&#8221;default&#8221; global_colors_info=&#8221;{}&#8221;][\/et_pb_image][\/et_pb_column][\/et_pb_row][\/et_pb_section]<\/p>\n","protected":false},"excerpt":{"rendered":"<p>&nbsp; Aula matinal El servicio de alula matinal del centro est\u00e1 a cargo de la Asociaci\u00f3n TRANS, colectivo con experiencia en el desarrollo de proyectos socioeducativos para la infancia y la juventud. El horario de atenci\u00f3n del servicio abarca desde las 7:30 a las 9:00, de lunes a viernes.<\/p>\n","protected":false},"author":15140,"featured_media":0,"parent":0,"menu_order":0,"comment_status":"closed","ping_status":"closed","template":"","meta":{"_et_pb_use_builder":"on","_et_pb_old_content":"<img class=\"alignleft size-large wp-image-1088\" src=\"https:\/\/blogsaverroes.juntadeandalucia.es\/ceip-severo-ochoa\/files\/2025\/02\/PApert-1024x213.jpg\" alt=\"\" width=\"1024\" height=\"213\">\r\n<h2>Aula matinal<\/h2>\r\nEl servicio de alula matinal del centro est\u00e1 a cargo de la <a href=\"https:\/\/www.asociaciontrans.org\/trans\/\" target=\"_blank\" rel=\"noopener\">Asociaci\u00f3n TRANS<\/a>, colectivo con experiencia en el desarrollo de proyectos socioeducativos para la infancia y la juventud. El horario de atenci\u00f3n del servicio abarca desde las <a href=\"https:\/\/www.asociaciontrans.org\/trans\/aula-matinal\/\" target=\"_blank\" rel=\"noopener\">7:30 a las 9:00, de lunes a viernes<\/a>.","_et_gb_content_width":"","ngg_post_thumbnail":0,"footnotes":""},"aioseo_notices":[],"_links":{"self":[{"href":"https:\/\/blogsaverroes.juntadeandalucia.es\/ceip-severo-ochoa\/wp-json\/wp\/v2\/pages\/848"}],"collection":[{"href":"https:\/\/blogsaverroes.juntadeandalucia.es\/ceip-severo-ochoa\/wp-json\/wp\/v2\/pages"}],"about":[{"href":"https:\/\/blogsaverroes.juntadeandalucia.es\/ceip-severo-ochoa\/wp-json\/wp\/v2\/types\/page"}],"author":[{"embeddable":true,"href":"https:\/\/blogsaverroes.juntadeandalucia.es\/ceip-severo-ochoa\/wp-json\/wp\/v2\/users\/15140"}],"replies":[{"embeddable":true,"href":"https:\/\/blogsaverroes.juntadeandalucia.es\/ceip-severo-ochoa\/wp-json\/wp\/v2\/comments?post=848"}],"version-history":[{"count":9,"href":"https:\/\/blogsaverroes.juntadeandalucia.es\/ceip-severo-ochoa\/wp-json\/wp\/v2\/pages\/848\/revisions"}],"predecessor-version":[{"id":1447,"href":"https:\/\/blogsaverroes.juntadeandalucia.es\/ceip-severo-ochoa\/wp-json\/wp\/v2\/pages\/848\/revisions\/1447"}],"wp:attachment":[{"href":"https:\/\/blogsaverroes.juntadeandalucia.es\/ceip-severo-ochoa\/wp-json\/wp\/v2\/media?parent=848"}],"curies":[{"name":"wp","href":"https:\/\/api.w.org\/{rel}","templated":true}]}}