{"id":984,"date":"2025-02-10T14:43:31","date_gmt":"2025-02-10T13:43:31","guid":{"rendered":"https:\/\/blogsaverroes.juntadeandalucia.es\/ceip-severo-ochoa\/?page_id=984"},"modified":"2025-03-11T00:09:09","modified_gmt":"2025-03-10T23:09:09","slug":"aula-del-futuro","status":"publish","type":"page","link":"https:\/\/blogsaverroes.juntadeandalucia.es\/ceip-severo-ochoa\/aula-del-futuro\/","title":{"rendered":"Aula del Futuro"},"content":{"rendered":"<p>[et_pb_section fb_built=&#8221;1&#8243; _builder_version=&#8221;4.24.2&#8243; background_enable_image=&#8221;off&#8221; global_colors_info=&#8221;{}&#8221;][et_pb_row _builder_version=&#8221;4.24.2&#8243; background_enable_image=&#8221;off&#8221; background_size=&#8221;initial&#8221; background_position=&#8221;top_left&#8221; background_repeat=&#8221;repeat&#8221; global_colors_info=&#8221;{}&#8221;][et_pb_column type=&#8221;4_4&#8243; _builder_version=&#8221;4.16&#8243; custom_padding=&#8221;|||&#8221; global_colors_info=&#8221;{}&#8221; custom_padding__hover=&#8221;|||&#8221;][et_pb_text _builder_version=&#8221;4.24.2&#8243; background_size=&#8221;initial&#8221; background_position=&#8221;top_left&#8221; background_repeat=&#8221;repeat&#8221; global_colors_info=&#8221;{}&#8221;]<\/p>\n<h2 style=\"text-align: left\"><img loading=\"lazy\" decoding=\"async\" class=\"wp-image-990 alignleft size-large\" src=\"https:\/\/blogsaverroes.juntadeandalucia.es\/ceip-severo-ochoa\/files\/2025\/02\/adf-1024x213.jpg\" alt=\"\" width=\"1024\" height=\"213\" srcset=\"https:\/\/blogsaverroes.juntadeandalucia.es\/ceip-severo-ochoa\/files\/2025\/02\/adf-980x204.jpg 980w, https:\/\/blogsaverroes.juntadeandalucia.es\/ceip-severo-ochoa\/files\/2025\/02\/adf-480x100.jpg 480w\" sizes=\"(min-width: 0px) and (max-width: 480px) 480px, (min-width: 481px) and (max-width: 980px) 980px, (min-width: 981px) 1024px, 100vw\" \/><\/h2>\n<h2 style=\"text-align: left\">&nbsp;<\/h2>\n<h2 style=\"text-align: left\">Aula del Futuro<\/h2>\n<p style=\"text-align: left\">&nbsp;<\/p>\n<p style=\"text-align: left\">Desde el curso 2024 el centro cuenta con un espacio AdF que asocia y emplea dos aulas: un peque\u00f1o estudio de grabaci\u00f3n de <a href=\"https:\/\/blogsaverroes.juntadeandalucia.es\/ceip-severo-ochoa\/radio\/\" target=\"_blank\" rel=\"noopener\">audio<\/a> y v\u00eddeo, y una gran sala con mobiliario flexible y pantalla digital m\u00f3vil. En la la actualidad se da m\u00e1s uso al espacio de producci\u00f3n medi\u00e1tica, emple\u00e1ndose la sala para la planificaci\u00f3n y pr\u00e1ctica de guiones para desarrollar secciones de futuros programas de radio. Pero esperamos poder desarrollar pronto nuestras propias situaciones de aprendizaje con una orientaci\u00f3n cient\u00edfica y art\u00edstica.<\/p>\n<p>[\/et_pb_text][et_pb_gallery gallery_ids=&#8221;1083&#8243; _builder_version=&#8221;4.24.2&#8243; _module_preset=&#8221;default&#8221; global_colors_info=&#8221;{}&#8221;][\/et_pb_gallery][\/et_pb_column][\/et_pb_row][\/et_pb_section]<\/p>\n","protected":false},"excerpt":{"rendered":"<p>&nbsp; Aula del Futuro &nbsp; Desde el curso 2024 el centro cuenta con un espacio AdF que asocia y emplea dos aulas: un peque\u00f1o estudio de grabaci\u00f3n de audio y v\u00eddeo, y una gran sala con mobiliario flexible y pantalla digital m\u00f3vil. En la la actualidad se da m\u00e1s uso al espacio de producci\u00f3n medi\u00e1tica, [&hellip;]<\/p>\n","protected":false},"author":15140,"featured_media":0,"parent":0,"menu_order":0,"comment_status":"closed","ping_status":"closed","template":"","meta":{"_et_pb_use_builder":"on","_et_pb_old_content":"<h2 style=\"text-align: left;\">Aula del Futuro<\/h2><p style=\"text-align: left;\">Desde el curso 2024 el centro cuenta con un espacio AdF que asocia y emplea dos aulas: un peque\u00f1o estudio de grabaci\u00f3n de audio y v\u00eddeo, y una gran sala con mobiliario flexible y pantalla digital m\u00f3vil. En la la actualidad se da m\u00e1s uso al espacio de producci\u00f3n medi\u00e1tica, emple\u00e1ndose la sala para la planificaci\u00f3n y pr\u00e1ctica de guiones para desarrollar secciones de futuros programas de radio. Pero esperamos poder desarrollar pronto nuestras propias situaciones de aprendizaje con una orientaci\u00f3n cient\u00edfica y art\u00edstica.<\/p>","_et_gb_content_width":"","ngg_post_thumbnail":0,"footnotes":""},"aioseo_notices":[],"_links":{"self":[{"href":"https:\/\/blogsaverroes.juntadeandalucia.es\/ceip-severo-ochoa\/wp-json\/wp\/v2\/pages\/984"}],"collection":[{"href":"https:\/\/blogsaverroes.juntadeandalucia.es\/ceip-severo-ochoa\/wp-json\/wp\/v2\/pages"}],"about":[{"href":"https:\/\/blogsaverroes.juntadeandalucia.es\/ceip-severo-ochoa\/wp-json\/wp\/v2\/types\/page"}],"author":[{"embeddable":true,"href":"https:\/\/blogsaverroes.juntadeandalucia.es\/ceip-severo-ochoa\/wp-json\/wp\/v2\/users\/15140"}],"replies":[{"embeddable":true,"href":"https:\/\/blogsaverroes.juntadeandalucia.es\/ceip-severo-ochoa\/wp-json\/wp\/v2\/comments?post=984"}],"version-history":[{"count":10,"href":"https:\/\/blogsaverroes.juntadeandalucia.es\/ceip-severo-ochoa\/wp-json\/wp\/v2\/pages\/984\/revisions"}],"predecessor-version":[{"id":1382,"href":"https:\/\/blogsaverroes.juntadeandalucia.es\/ceip-severo-ochoa\/wp-json\/wp\/v2\/pages\/984\/revisions\/1382"}],"wp:attachment":[{"href":"https:\/\/blogsaverroes.juntadeandalucia.es\/ceip-severo-ochoa\/wp-json\/wp\/v2\/media?parent=984"}],"curies":[{"name":"wp","href":"https:\/\/api.w.org\/{rel}","templated":true}]}}