{"id":995,"date":"2025-02-10T15:23:11","date_gmt":"2025-02-10T14:23:11","guid":{"rendered":"https:\/\/blogsaverroes.juntadeandalucia.es\/ceip-severo-ochoa\/?page_id=995"},"modified":"2025-04-08T22:47:10","modified_gmt":"2025-04-08T20:47:10","slug":"radio","status":"publish","type":"page","link":"https:\/\/blogsaverroes.juntadeandalucia.es\/ceip-severo-ochoa\/radio\/","title":{"rendered":"Radio"},"content":{"rendered":"<p>[et_pb_section fb_built=&#8221;1&#8243; admin_label=&#8221;section&#8221; _builder_version=&#8221;4.16&#8243; global_colors_info=&#8221;{}&#8221;][et_pb_row column_structure=&#8221;1_2,1_2&#8243; admin_label=&#8221;row&#8221; _builder_version=&#8221;4.24.2&#8243; background_size=&#8221;initial&#8221; background_position=&#8221;top_left&#8221; background_repeat=&#8221;repeat&#8221; global_colors_info=&#8221;{}&#8221;][et_pb_column type=&#8221;1_2&#8243; _builder_version=&#8221;4.16&#8243; custom_padding=&#8221;|||&#8221; global_colors_info=&#8221;{}&#8221; custom_padding__hover=&#8221;|||&#8221;][et_pb_text admin_label=&#8221;Text&#8221; _builder_version=&#8221;4.24.2&#8243; background_size=&#8221;initial&#8221; background_position=&#8221;top_left&#8221; background_repeat=&#8221;repeat&#8221; global_colors_info=&#8221;{}&#8221;]<\/p>\n<h2><img loading=\"lazy\" decoding=\"async\" class=\"alignleft size-large wp-image-996\" src=\"https:\/\/blogsaverroes.juntadeandalucia.es\/ceip-severo-ochoa\/files\/2025\/02\/radio-1024x213.jpg\" alt=\"\" width=\"1024\" height=\"213\" srcset=\"https:\/\/blogsaverroes.juntadeandalucia.es\/ceip-severo-ochoa\/files\/2025\/02\/radio-980x204.jpg 980w, https:\/\/blogsaverroes.juntadeandalucia.es\/ceip-severo-ochoa\/files\/2025\/02\/radio-480x100.jpg 480w\" sizes=\"(min-width: 0px) and (max-width: 480px) 480px, (min-width: 481px) and (max-width: 980px) 980px, (min-width: 981px) 1024px, 100vw\" \/>Radio<\/h2>\n<p>El CEIP Severo Ochoa propone distintas actividades para el desarrollo de la competencia ling\u00fc\u00edstica, siendo algunas de las m\u00e1s importantes las que est\u00e1n relacionadas con la producci\u00f3n oral como elaboraci\u00f3n final. En la actualidad nos estamos centrando fundamentalmente en las experiencias de \u00e9xito \u2014en este caso hablamos de las <strong><span style=\"color: #0c71c3\"><a href=\"https:\/\/blogsaverroes.juntadeandalucia.es\/ceip-severo-ochoa\/cda\/\" target=\"_blank\" rel=\"noopener\" style=\"color: #0c71c3\">tertulias dial\u00f3gicas<\/a><\/span><\/strong>\u2014relacionadas con nuestra pertenencia a la <strong><span style=\"color: #0c71c3\">Red de Comunidades de Aprendizaje<\/span><\/strong>. Sin embargo, estamos trabajando ya con el alumnado en lo que esperamos que sea un programa de radio de producci\u00f3n peri\u00f3dica en el que los conductores y protagonistas sean nuestros alumnos y alumnas.<\/p>\n<p>[\/et_pb_text][et_pb_accordion toggle_icon=&#8221;&#x22;||divi||400&#8243; _builder_version=&#8221;4.24.2&#8243; _module_preset=&#8221;default&#8221; box_shadow_style=&#8221;preset1&#8243; global_colors_info=&#8221;{}&#8221;][et_pb_accordion_item open=&#8221;on&#8221; _builder_version=&#8221;4.24.2&#8243; _module_preset=&#8221;default&#8221; global_colors_info=&#8221;{}&#8221;]<\/p>\n<p><img loading=\"lazy\" decoding=\"async\" class=\"wp-image-1005 alignleft size-large\" src=\"https:\/\/blogsaverroes.juntadeandalucia.es\/ceip-severo-ochoa\/files\/2025\/02\/radio_four-1024x557.jpg\" alt=\"\" width=\"1024\" height=\"557\" srcset=\"https:\/\/blogsaverroes.juntadeandalucia.es\/ceip-severo-ochoa\/files\/2025\/02\/radio_four-980x533.jpg 980w, https:\/\/blogsaverroes.juntadeandalucia.es\/ceip-severo-ochoa\/files\/2025\/02\/radio_four-480x261.jpg 480w\" sizes=\"(min-width: 0px) and (max-width: 480px) 480px, (min-width: 481px) and (max-width: 980px) 980px, (min-width: 981px) 1024px, 100vw\" \/> <img loading=\"lazy\" decoding=\"async\" class=\"wp-image-1006 alignleft size-large\" src=\"https:\/\/blogsaverroes.juntadeandalucia.es\/ceip-severo-ochoa\/files\/2025\/02\/radio_one-1024x768.jpg\" alt=\"\" width=\"1024\" height=\"768\" srcset=\"https:\/\/blogsaverroes.juntadeandalucia.es\/ceip-severo-ochoa\/files\/2025\/02\/radio_one-980x735.jpg 980w, https:\/\/blogsaverroes.juntadeandalucia.es\/ceip-severo-ochoa\/files\/2025\/02\/radio_one-480x360.jpg 480w\" sizes=\"(min-width: 0px) and (max-width: 480px) 480px, (min-width: 481px) and (max-width: 980px) 980px, (min-width: 981px) 1024px, 100vw\" \/> <img loading=\"lazy\" decoding=\"async\" class=\"wp-image-1007 alignleft size-large\" src=\"https:\/\/blogsaverroes.juntadeandalucia.es\/ceip-severo-ochoa\/files\/2025\/02\/radio_threee-1024x746.jpg\" alt=\"\" width=\"1024\" height=\"746\" srcset=\"https:\/\/blogsaverroes.juntadeandalucia.es\/ceip-severo-ochoa\/files\/2025\/02\/radio_threee-980x714.jpg 980w, https:\/\/blogsaverroes.juntadeandalucia.es\/ceip-severo-ochoa\/files\/2025\/02\/radio_threee-480x350.jpg 480w\" sizes=\"(min-width: 0px) and (max-width: 480px) 480px, (min-width: 481px) and (max-width: 980px) 980px, (min-width: 981px) 1024px, 100vw\" \/> <img loading=\"lazy\" decoding=\"async\" class=\"wp-image-1008 alignleft size-large\" src=\"https:\/\/blogsaverroes.juntadeandalucia.es\/ceip-severo-ochoa\/files\/2025\/02\/radio_two-1024x590.jpg\" alt=\"\" width=\"1024\" height=\"590\" srcset=\"https:\/\/blogsaverroes.juntadeandalucia.es\/ceip-severo-ochoa\/files\/2025\/02\/radio_two-980x564.jpg 980w, https:\/\/blogsaverroes.juntadeandalucia.es\/ceip-severo-ochoa\/files\/2025\/02\/radio_two-480x276.jpg 480w\" sizes=\"(min-width: 0px) and (max-width: 480px) 480px, (min-width: 481px) and (max-width: 980px) 980px, (min-width: 981px) 1024px, 100vw\" \/><\/p>\n<p>[\/et_pb_accordion_item][\/et_pb_accordion][\/et_pb_column][et_pb_column type=&#8221;1_2&#8243; _builder_version=&#8221;4.24.2&#8243; background_color=&#8221;rgba(208,126,247,0.5)&#8221; custom_padding=&#8221;|||&#8221; global_colors_info=&#8221;{}&#8221; custom_padding__hover=&#8221;|||&#8221;][et_pb_text admin_label=&#8221;Texto&#8221; _builder_version=&#8221;4.24.2&#8243; _module_preset=&#8221;default&#8221; background_enable_color=&#8221;off&#8221; global_colors_info=&#8221;{}&#8221;]<\/p>\n<h2>Entrevistas<\/h2>\n<p>Hasta el momento en que podamos estrenar nuestro programa radiof\u00f3nico con publicaciones regulares, os iremos dejando en esta secci\u00f3n las entrevistas que nuestro alumnado vaya realizando a lo largo del curso escolar.<\/p>\n<p>[\/et_pb_text][et_pb_audio audio=&#8221;https:\/\/blogsaverroes.juntadeandalucia.es\/ceip-severo-ochoa\/files\/2025\/03\/Entrevista-enfermeria-sobre-sexualidad.mp3&#8243; title=&#8221;Entrevista sobre sexualidad a los enfermeros del Centro de Salud de Carlinda&#8221; artist_name=&#8221;CEIP Severo Ochoa&#8221; album_name=&#8221;Entrevistas 2024-2025&#8243; image_url=&#8221;https:\/\/blogsaverroes.juntadeandalucia.es\/ceip-severo-ochoa\/files\/2025\/03\/Entrevista-a-enfermeros-scaled.jpg&#8221; _builder_version=&#8221;4.24.2&#8243; _module_preset=&#8221;default&#8221; background_color=&#8221;#FFBDFC&#8221; link_option_url_new_window=&#8221;on&#8221; box_shadow_style=&#8221;preset1&#8243; global_colors_info=&#8221;{}&#8221;][\/et_pb_audio][et_pb_audio _builder_version=&#8221;4.24.2&#8243; _module_preset=&#8221;default&#8221; title=&#8221;Entrevista al alumnado del Grado de Primaria de la UMA&#8221; artist_name=&#8221;CEIP Severo Ochoa&#8221; album_name=&#8221;Entrevistas 2024-2025&#8243; title_text=&#8221;Entrevista a Grado de Primaria UMA&#8221; audio=&#8221;https:\/\/blogsaverroes.juntadeandalucia.es\/ceip-severo-ochoa\/files\/2025\/04\/Entrevista-a-alumnado-Grado-Primaria-UMA.mp3&#8243; hover_enabled=&#8221;0&#8243; sticky_enabled=&#8221;0&#8243; alt=&#8221;Alumnado del Grado de Primaria de la UMA en la radio del colegio.&#8221; image_url=&#8221;https:\/\/blogsaverroes.juntadeandalucia.es\/ceip-severo-ochoa\/files\/2025\/04\/Entrevista-a-Grado-de-Primaria-UMA.jpg&#8221; background_color=&#8221;#8300E9&#8243;][\/et_pb_audio][\/et_pb_column][\/et_pb_row][\/et_pb_section]<\/p>\n","protected":false},"excerpt":{"rendered":"<p>Radio El CEIP Severo Ochoa propone distintas actividades para el desarrollo de la competencia ling\u00fc\u00edstica, siendo algunas de las m\u00e1s importantes las que est\u00e1n relacionadas con la producci\u00f3n oral como elaboraci\u00f3n final. En la actualidad nos estamos centrando fundamentalmente en las experiencias de \u00e9xito \u2014en este caso hablamos de las tertulias dial\u00f3gicas\u2014relacionadas con nuestra pertenencia [&hellip;]<\/p>\n","protected":false},"author":15140,"featured_media":0,"parent":0,"menu_order":0,"comment_status":"closed","ping_status":"closed","template":"","meta":{"_et_pb_use_builder":"on","_et_pb_old_content":"<h2><img class=\"alignleft size-large wp-image-996\" src=\"https:\/\/blogsaverroes.juntadeandalucia.es\/ceip-severo-ochoa\/files\/2025\/02\/radio-1024x213.jpg\" alt=\"\" width=\"1024\" height=\"213\"><\/h2><h2>Radio<\/h2><p>El CEIP Severo Ochoa propone distintas actividades para el desarrollo de la competencia ling\u00fc\u00edstica, siendo algunas de las m\u00e1s importantes las que est\u00e1n relacionadas con la producci\u00f3n oral como elaboraci\u00f3n final. En la actualidad nos estamos centrando fundamentalmente en las experiencias de \u00e9xito \u2014en este caso hablamos de las <a href=\"https:\/\/blogsaverroes.juntadeandalucia.es\/ceip-severo-ochoa\/cda\/\" target=\"_blank\" rel=\"noopener\">tertulias dial\u00f3gicas<\/a>\u2014relacionadas con nuestra pertenencia a la Red de Comunidades de Aprendizaje. Sin embargo, estamos trabajando ya con el alumnado en lo que esperamos que sea un programa de radio de producci\u00f3n peri\u00f3dica en el que los conductores y protagonistas sean nuestros alumnos y alumnas.<\/p>","_et_gb_content_width":"","ngg_post_thumbnail":0,"footnotes":""},"aioseo_notices":[],"_links":{"self":[{"href":"https:\/\/blogsaverroes.juntadeandalucia.es\/ceip-severo-ochoa\/wp-json\/wp\/v2\/pages\/995"}],"collection":[{"href":"https:\/\/blogsaverroes.juntadeandalucia.es\/ceip-severo-ochoa\/wp-json\/wp\/v2\/pages"}],"about":[{"href":"https:\/\/blogsaverroes.juntadeandalucia.es\/ceip-severo-ochoa\/wp-json\/wp\/v2\/types\/page"}],"author":[{"embeddable":true,"href":"https:\/\/blogsaverroes.juntadeandalucia.es\/ceip-severo-ochoa\/wp-json\/wp\/v2\/users\/15140"}],"replies":[{"embeddable":true,"href":"https:\/\/blogsaverroes.juntadeandalucia.es\/ceip-severo-ochoa\/wp-json\/wp\/v2\/comments?post=995"}],"version-history":[{"count":28,"href":"https:\/\/blogsaverroes.juntadeandalucia.es\/ceip-severo-ochoa\/wp-json\/wp\/v2\/pages\/995\/revisions"}],"predecessor-version":[{"id":1748,"href":"https:\/\/blogsaverroes.juntadeandalucia.es\/ceip-severo-ochoa\/wp-json\/wp\/v2\/pages\/995\/revisions\/1748"}],"wp:attachment":[{"href":"https:\/\/blogsaverroes.juntadeandalucia.es\/ceip-severo-ochoa\/wp-json\/wp\/v2\/media?parent=995"}],"curies":[{"name":"wp","href":"https:\/\/api.w.org\/{rel}","templated":true}]}}