{"id":1295,"date":"2026-02-14T21:41:24","date_gmt":"2026-02-14T20:41:24","guid":{"rendered":"https:\/\/blogsaverroes.juntadeandalucia.es\/ceipadriano\/?page_id=1295"},"modified":"2026-02-28T22:24:34","modified_gmt":"2026-02-28T21:24:34","slug":"escolarizacion","status":"publish","type":"page","link":"https:\/\/blogsaverroes.juntadeandalucia.es\/ceipadriano\/escolarizacion\/","title":{"rendered":"ESCOLARIZACI\u00d3N 2026\/27"},"content":{"rendered":"<p>[et_pb_section fb_built=&#8221;1&#8243; admin_label=&#8221;section&#8221; _builder_version=&#8221;4.16&#8243; global_colors_info=&#8221;{}&#8221;][et_pb_row admin_label=&#8221;row&#8221; _builder_version=&#8221;4.16&#8243; background_size=&#8221;initial&#8221; background_position=&#8221;top_left&#8221; background_repeat=&#8221;repeat&#8221; global_colors_info=&#8221;{}&#8221;][et_pb_column type=&#8221;4_4&#8243; _builder_version=&#8221;4.16&#8243; custom_padding=&#8221;|||&#8221; global_colors_info=&#8221;{}&#8221; custom_padding__hover=&#8221;|||&#8221;][et_pb_text admin_label=&#8221;Text&#8221; _builder_version=&#8221;4.24.2&#8243; background_size=&#8221;initial&#8221; background_position=&#8221;top_left&#8221; background_repeat=&#8221;repeat&#8221; global_colors_info=&#8221;{}&#8221;][\/et_pb_text][et_pb_text admin_label=&#8221;Texto&#8221; _builder_version=&#8221;4.24.2&#8243; _module_preset=&#8221;default&#8221; hover_enabled=&#8221;0&#8243; global_colors_info=&#8221;{}&#8221; sticky_enabled=&#8221;0&#8243;]<\/p>\n<p><strong>\u00bfBUSCAS UN COLEGIO DONDE TU HIJO\/A CREZCA FELIZ, SEGURO\/A Y ACOMPA\u00d1ADO\/A?<\/strong> Pues te invitamos a conocernos de cerca, el CEIP Adriano, es tu colegio. <strong>\u00a1\u00danete a nuestra familia!<\/strong> Te dejamos en esta p\u00e1gina toda la informaci\u00f3n que necesitas saber sobre el periodo ordinario del proceso de <strong>ADMISI\u00d3N<\/strong> para el curso 2026\/27 para Educaci\u00f3n Infantil y Educaci\u00f3n Primaria:<\/p>\n<p><img loading=\"lazy\" decoding=\"async\" class=\"aligncenter wp-image-1347 \" src=\"https:\/\/blogsaverroes.juntadeandalucia.es\/ceipadriano\/files\/2026\/02\/Cartel-admision-curso-infantil-escolar-celeste-724x1024.png\" alt=\"\" width=\"314\" height=\"444\"><\/p>\n<p>La Consejer\u00eda de Desarrollo Educativo y Formaci\u00f3n Profesional convoca el procedimiento de admisi\u00f3n del alumnado en los centros docentes p\u00fablicos para cursar las ense\u00f1anzas de 2\u00ba Ciclo de Educaci\u00f3n Infantil, Educaci\u00f3n Primaria y Educaci\u00f3n Especial, para el curso escolar 2026\/27.<\/p>\n<p>Del 1 al 31 de marzo permanecer\u00e1 abierto en Andaluc\u00eda el plazo para la presentaci\u00f3n de solicitudes de admisi\u00f3n correspondientes al curso escolar 2026\/27. Se inicia de este modo el proceso de escolarizaci\u00f3n en el que participan todos los ni\u00f1os y ni\u00f1as que se incorporan por primera vez al sistema educativo (normalmente Infantil 3 a\u00f1os), as\u00ed como el alumnado que cambie de centro escolar.<\/p>\n<p>El alumnado que ya est\u00e1 matriculado en nuestro centro, NO debe tramitar en este proceso nada, solo formalizar nueva matr\u00edcula para el pr\u00f3ximo curso en el mes de junio.<\/p>\n<p>La<strong> <a href=\"https:\/\/www.juntadeandalucia.es\/educacion\/portales\/documents\/100629\/669352\/3_Anexo%20III_002535_5.pdf\/16050806-cd1f-89da-678f-001bb54aab73?version=1.1\"><span style=\"color: #0000ff\"><em>solicitud de ADMISI\u00d3N<\/em><\/span><\/a><\/strong> puede hacerla de forma presencial en la Secretar\u00eda de nuestro centro de lunes a viernes en horario de 9:15 a 11h. Igualmente, con la misma validez, puede presentar su solicitud de forma telem\u00e1tica por la Secretar\u00eda Virtual de los Centros Educativos en el siguiente enlace:<\/p>\n<p><a href=\"https:\/\/secretariavirtual.juntadeandalucia.es\/secretariavirtual\/?\"><img loading=\"lazy\" decoding=\"async\" class=\"wp-image-1149 aligncenter size-full\" src=\"https:\/\/blogsaverroes.juntadeandalucia.es\/ceipadriano\/files\/2025\/08\/secretaria-virtual.png\" alt=\"\" width=\"472\" height=\"107\" srcset=\"https:\/\/blogsaverroes.juntadeandalucia.es\/ceipadriano\/files\/2025\/08\/secretaria-virtual.png 472w, https:\/\/blogsaverroes.juntadeandalucia.es\/ceipadriano\/files\/2025\/08\/secretaria-virtual-300x68.png 300w\" sizes=\"(max-width: 472px) 100vw, 472px\" \/><\/a><\/p>\n<p><strong>AUTOBAREMO:<\/strong><\/p>\n<p>Calcula los puntos de baremo (hermanos en el centro, domicilio familiar o laboral, renta anual, discapacidad, familia numerosa o monoparental o con dos hijos, guardadores legales con actividad laboral remunerada, matr\u00edcula en el primer ciclo de Educaci\u00f3n Infantil y expediente acad\u00e9mico de Bachillerato) que corresponden por domicilio en caso de que la oferta de plazas sea inferior a las solicitudes y se deban admitir a los solicitantes en funci\u00f3n de la baremaci\u00f3n de las peticiones.&nbsp;<em><span style=\"color: #0000ff\"><strong><a style=\"color: #0000ff\" href=\"https:\/\/www.juntadeandalucia.es\/educacion\/portales\/web\/escolarizacion\/infantil-a-bachillerato\/autobaremo\">ACCEDE A LA CALCULADORA PARA EL AUTOBAREMO<\/a><\/strong><\/span><\/em><\/p>\n<p><strong>FECHAS IMPORTANTES:<\/strong><\/p>\n<p>Los centros har\u00e1n p\u00fablica en su tabl\u00f3n de anuncios,&nbsp;antes del 21 de abril, la relaci\u00f3n de solicitantes con la puntuaci\u00f3n asignada y, a partir de esa fecha, se abrir\u00e1 un plazo de&nbsp;10 d\u00edas lectivos para la presentaci\u00f3n de alegaciones. Si tras la aplicaci\u00f3n de los criterios de baremaci\u00f3n se producen empates, se aplicar\u00e1 el resultado del&nbsp;sorteo p\u00fablico&nbsp;que se celebrar\u00e1 el d\u00eda&nbsp;13 de mayo de 2026. La relaci\u00f3n definitiva de admitidos y no admitidos saldr\u00e1 el&nbsp;14 de mayo.<\/p>\n<p>Para cualquier duda o aclaraci\u00f3n, puede llamar al 955623100 o escribirnos al correo 41004836.edu@juntadeandalucia.es<\/p>\n<p>Tambi\u00e9n puedes acceder al apartado FAQ (Preguntas Frecuentes) del <span style=\"color: #0000ff\"><strong><em><a style=\"color: #0000ff\" href=\"https:\/\/www.juntadeandalucia.es\/educacion\/portales\/web\/escolarizacion\/infantil-a-bachillerato\">Portal de Escolarizaci\u00f3n de la Junta de Andaluc\u00eda<\/a><\/em><\/strong><\/span> pinchando en el siguiente enlace:&nbsp;<em><strong><a title=\"FAQ JUNTA DE ANDALUC\u00cdA\" href=\"https:\/\/www.juntadeandalucia.es\/educacion\/portales\/web\/escolarizacion\/infantil-a-bachillerato\/preguntas-frecuentes\" target=\"_blank\" rel=\"noopener\">FAQ JUNTA DE ANDALUC\u00cdA<\/a><\/strong><\/em><\/p>\n<p><strong>CEIP ADRIANO, ESCUELA P\u00daBLICA:<\/strong><\/p>\n<p><iframe loading=\"lazy\" title=\"HD Campa\u00f1a en defensa de la Educaci\u00f3n P\u00fablica- Yo Estudi\u00e9 en la P\u00fablica\" width=\"1080\" height=\"608\" src=\"https:\/\/www.youtube.com\/embed\/frKsSFxY8BY?feature=oembed\"  allow=\"accelerometer; autoplay; clipboard-write; encrypted-media; gyroscope; picture-in-picture; web-share\" referrerpolicy=\"strict-origin-when-cross-origin\" allowfullscreen><\/iframe><\/p>\n<p>[\/et_pb_text][\/et_pb_column][\/et_pb_row][\/et_pb_section]<\/p>\n","protected":false},"excerpt":{"rendered":"<p>\u00bfBUSCAS UN COLEGIO DONDE TU HIJO\/A CREZCA FELIZ, SEGURO\/A Y ACOMPA\u00d1ADO\/A? Pues te invitamos a conocernos de cerca, el CEIP Adriano, es tu colegio. \u00a1\u00danete a nuestra familia! Te dejamos en esta p\u00e1gina toda la informaci\u00f3n que necesitas saber sobre el periodo ordinario del proceso de ADMISI\u00d3N para el curso 2026\/27 para Educaci\u00f3n Infantil y [&hellip;]<\/p>\n","protected":false},"author":21098,"featured_media":0,"parent":0,"menu_order":0,"comment_status":"closed","ping_status":"closed","template":"","meta":{"_et_pb_use_builder":"on","_et_pb_old_content":"\u00a0\r\n\r\n\u00a0","_et_gb_content_width":"","ngg_post_thumbnail":0,"footnotes":""},"aioseo_notices":[],"_links":{"self":[{"href":"https:\/\/blogsaverroes.juntadeandalucia.es\/ceipadriano\/wp-json\/wp\/v2\/pages\/1295"}],"collection":[{"href":"https:\/\/blogsaverroes.juntadeandalucia.es\/ceipadriano\/wp-json\/wp\/v2\/pages"}],"about":[{"href":"https:\/\/blogsaverroes.juntadeandalucia.es\/ceipadriano\/wp-json\/wp\/v2\/types\/page"}],"author":[{"embeddable":true,"href":"https:\/\/blogsaverroes.juntadeandalucia.es\/ceipadriano\/wp-json\/wp\/v2\/users\/21098"}],"replies":[{"embeddable":true,"href":"https:\/\/blogsaverroes.juntadeandalucia.es\/ceipadriano\/wp-json\/wp\/v2\/comments?post=1295"}],"version-history":[{"count":15,"href":"https:\/\/blogsaverroes.juntadeandalucia.es\/ceipadriano\/wp-json\/wp\/v2\/pages\/1295\/revisions"}],"predecessor-version":[{"id":1352,"href":"https:\/\/blogsaverroes.juntadeandalucia.es\/ceipadriano\/wp-json\/wp\/v2\/pages\/1295\/revisions\/1352"}],"wp:attachment":[{"href":"https:\/\/blogsaverroes.juntadeandalucia.es\/ceipadriano\/wp-json\/wp\/v2\/media?parent=1295"}],"curies":[{"name":"wp","href":"https:\/\/api.w.org\/{rel}","templated":true}]}}