{"id":850,"date":"2020-12-18T08:41:27","date_gmt":"2020-12-18T07:41:27","guid":{"rendered":"https:\/\/blogsaverroes.juntadeandalucia.es\/pre\/plantilla-pencil\/?page_id=850"},"modified":"2026-02-14T21:56:33","modified_gmt":"2026-02-14T20:56:33","slug":"planes-y-proyectos","status":"publish","type":"page","link":"https:\/\/blogsaverroes.juntadeandalucia.es\/ceipadriano\/planes-y-proyectos\/","title":{"rendered":"Planes y Proyectos"},"content":{"rendered":"<p>[et_pb_section fb_built=&#8221;1&#8243; _builder_version=&#8221;4.16&#8243; global_colors_info=&#8221;{}&#8221;][et_pb_row _builder_version=&#8221;4.16&#8243; background_size=&#8221;initial&#8221; background_position=&#8221;top_left&#8221; background_repeat=&#8221;repeat&#8221; global_colors_info=&#8221;{}&#8221;][et_pb_column type=&#8221;4_4&#8243; _builder_version=&#8221;4.16&#8243; custom_padding=&#8221;|||&#8221; global_colors_info=&#8221;{}&#8221; custom_padding__hover=&#8221;|||&#8221;][et_pb_image src=&#8221;https:\/\/blogsaverroes.juntadeandalucia.es\/ceipadriano\/files\/2025\/08\/IMG_0132C2E2CF44-1.jpeg&#8221; title_text=&#8221;IMG_0132C2E2CF44-1&#8243; align=&#8221;center&#8221; admin_label=&#8221;Imagen de la portada&#8221; _builder_version=&#8221;4.24.2&#8243; width=&#8221;90%&#8221; max_width=&#8221;92%&#8221; min_height=&#8221;388px&#8221; height=&#8221;418px&#8221; max_height=&#8221;332px&#8221; animation_style=&#8221;zoom&#8221; z_index_tablet=&#8221;500&#8243; border_width_all=&#8221;1px&#8221; box_shadow_horizontal_tablet=&#8221;0px&#8221; box_shadow_vertical_tablet=&#8221;0px&#8221; box_shadow_blur_tablet=&#8221;40px&#8221; box_shadow_spread_tablet=&#8221;0px&#8221; global_colors_info=&#8221;{}&#8221;][\/et_pb_image][et_pb_text admin_label=&#8221;Texto descriptivo&#8221; _builder_version=&#8221;4.24.2&#8243; hover_enabled=&#8221;0&#8243; z_index_tablet=&#8221;500&#8243; text_text_shadow_horizontal_length_tablet=&#8221;0px&#8221; text_text_shadow_vertical_length_tablet=&#8221;0px&#8221; text_text_shadow_blur_strength_tablet=&#8221;1px&#8221; link_text_shadow_horizontal_length_tablet=&#8221;0px&#8221; link_text_shadow_vertical_length_tablet=&#8221;0px&#8221; link_text_shadow_blur_strength_tablet=&#8221;1px&#8221; ul_text_shadow_horizontal_length_tablet=&#8221;0px&#8221; ul_text_shadow_vertical_length_tablet=&#8221;0px&#8221; ul_text_shadow_blur_strength_tablet=&#8221;1px&#8221; ol_text_shadow_horizontal_length_tablet=&#8221;0px&#8221; ol_text_shadow_vertical_length_tablet=&#8221;0px&#8221; ol_text_shadow_blur_strength_tablet=&#8221;1px&#8221; quote_text_shadow_horizontal_length_tablet=&#8221;0px&#8221; quote_text_shadow_vertical_length_tablet=&#8221;0px&#8221; quote_text_shadow_blur_strength_tablet=&#8221;1px&#8221; header_text_shadow_horizontal_length_tablet=&#8221;0px&#8221; header_text_shadow_vertical_length_tablet=&#8221;0px&#8221; header_text_shadow_blur_strength_tablet=&#8221;1px&#8221; header_2_text_shadow_horizontal_length_tablet=&#8221;0px&#8221; header_2_text_shadow_vertical_length_tablet=&#8221;0px&#8221; header_2_text_shadow_blur_strength_tablet=&#8221;1px&#8221; header_3_text_shadow_horizontal_length_tablet=&#8221;0px&#8221; header_3_text_shadow_vertical_length_tablet=&#8221;0px&#8221; header_3_text_shadow_blur_strength_tablet=&#8221;1px&#8221; header_4_text_shadow_horizontal_length_tablet=&#8221;0px&#8221; header_4_text_shadow_vertical_length_tablet=&#8221;0px&#8221; header_4_text_shadow_blur_strength_tablet=&#8221;1px&#8221; header_5_text_shadow_horizontal_length_tablet=&#8221;0px&#8221; header_5_text_shadow_vertical_length_tablet=&#8221;0px&#8221; header_5_text_shadow_blur_strength_tablet=&#8221;1px&#8221; header_6_text_shadow_horizontal_length_tablet=&#8221;0px&#8221; header_6_text_shadow_vertical_length_tablet=&#8221;0px&#8221; header_6_text_shadow_blur_strength_tablet=&#8221;1px&#8221; box_shadow_horizontal_tablet=&#8221;0px&#8221; box_shadow_vertical_tablet=&#8221;0px&#8221; box_shadow_blur_tablet=&#8221;40px&#8221; box_shadow_spread_tablet=&#8221;0px&#8221; global_colors_info=&#8221;{}&#8221; sticky_enabled=&#8221;0&#8243;]<\/p>\n<h2>Planes y Proyectos<\/h2>\n<p data-start=\"299\" data-end=\"592\">Nuestro centro participa cada curso en distintos <strong data-start=\"348\" data-end=\"395\">Planes y Programas de la Junta de Andaluc\u00eda<\/strong>, dise\u00f1ados para favorecer una educaci\u00f3n integral y de calidad. A trav\u00e9s de ellos, trabajamos valores, competencias y h\u00e1bitos que enriquecen la formaci\u00f3n acad\u00e9mica y personal de nuestro alumnado.<\/p>\n<p data-start=\"594\" data-end=\"635\">Entre los m\u00e1s destacados se encuentran:<\/p>\n<ul data-start=\"637\" data-end=\"1334\">\n<li data-start=\"637\" data-end=\"755\">\n<p data-start=\"639\" data-end=\"755\"><strong data-start=\"639\" data-end=\"679\">Plan de Lectura y Biblioteca Escolar<\/strong>: fomento del h\u00e1bito lector y uso de la biblioteca como recurso educativo.<\/p>\n<\/li>\n<li data-start=\"756\" data-end=\"859\">\n<p data-start=\"758\" data-end=\"859\"><strong data-start=\"758\" data-end=\"785\">Escuela: Espacio de Paz<\/strong>: promoci\u00f3n de la convivencia positiva, la igualdad y la cultura de paz.<\/p>\n<\/li>\n<li data-start=\"860\" data-end=\"987\">\n<p data-start=\"862\" data-end=\"987\"><strong data-start=\"862\" data-end=\"922\">Plan de Igualdad entre Hombres y Mujeres en la Educaci\u00f3n<\/strong>: impulso de una educaci\u00f3n coeducativa y libre de estereotipos.<\/p>\n<\/li>\n<li data-start=\"988\" data-end=\"1049\"><strong data-start=\"1486\" data-end=\"1515\">H\u00e1bitos de vida saludable<\/strong>: desarrollo integral del bienestar f\u00edsico, emocional y social del alumnado<\/li>\n<li data-start=\"1632\" data-end=\"1820\">\n<p data-start=\"1634\" data-end=\"1820\"><strong data-start=\"1634\" data-end=\"1688\">Aldea (Huertos Escolares)<\/strong>: proyectos centrados en el cuidado del entorno, el consumo responsable y la sostenibilidad<\/p>\n<\/li>\n<li data-start=\"1821\" data-end=\"2012\">\n<p data-start=\"1823\" data-end=\"2012\"><strong data-start=\"1823\" data-end=\"1886\">STEAM (Ciencia, Tecnolog\u00eda, Ingenier\u00eda, Arte y Matem\u00e1ticas)<\/strong>: enfoque interdisciplinar para resolver problemas reales desde un aprendizaje activo<\/p>\n<\/li>\n<li data-start=\"1134\" data-end=\"1260\">\n<p data-start=\"1136\" data-end=\"1260\"><strong data-start=\"1136\" data-end=\"1186\">Plan de Transformaci\u00f3n Digital Educativa (TDE)<\/strong>: integraci\u00f3n de las tecnolog\u00edas en el proceso de ense\u00f1anza-aprendizaje.<\/p>\n<\/li>\n<li data-start=\"1134\" data-end=\"1260\"><strong>Programa Agente Tutor<\/strong>, en colaboraci\u00f3n con agentes de la Polic\u00eda Local de Sevilla.&nbsp;<\/li>\n<li data-start=\"1134\" data-end=\"1260\"><strong>Pacto de estado contra la violencia de g\u00e9nero.<\/strong><\/li>\n<li data-start=\"1134\" data-end=\"1260\"><strong>PROA<\/strong>, modalidad Acompa\u00f1amiento Escolar<\/li>\n<li data-start=\"1134\" data-end=\"1260\"><strong>M\u00e1s Equidad<\/strong><\/li>\n<li data-start=\"1134\" data-end=\"1260\"><strong>ZTS<\/strong>&nbsp;<\/li>\n<\/ul>\n<p data-start=\"1336\" data-end=\"1578\">Estos proyectos, desarrollados en coordinaci\u00f3n con profesorado, alumnado y familias, nos ayudan a mejorar la convivencia, la calidad educativa y la preparaci\u00f3n de nuestros alumnos y alumnas para afrontar con \u00e9xito los retos de la sociedad actual.<\/p>\n<p>&nbsp;<\/p>\n<p>[\/et_pb_text][\/et_pb_column][\/et_pb_row][\/et_pb_section]<\/p>\n","protected":false},"excerpt":{"rendered":"<p>Planes y Proyectos Nuestro centro participa cada curso en distintos Planes y Programas de la Junta de Andaluc\u00eda, dise\u00f1ados para favorecer una educaci\u00f3n integral y de calidad. A trav\u00e9s de ellos, trabajamos valores, competencias y h\u00e1bitos que enriquecen la formaci\u00f3n acad\u00e9mica y personal de nuestro alumnado. Entre los m\u00e1s destacados se encuentran: Plan de Lectura [&hellip;]<\/p>\n","protected":false},"author":7051,"featured_media":0,"parent":0,"menu_order":0,"comment_status":"closed","ping_status":"closed","template":"","meta":{"_et_pb_use_builder":"on","_et_pb_old_content":"","_et_gb_content_width":"","ngg_post_thumbnail":0,"footnotes":""},"aioseo_notices":[],"_links":{"self":[{"href":"https:\/\/blogsaverroes.juntadeandalucia.es\/ceipadriano\/wp-json\/wp\/v2\/pages\/850"}],"collection":[{"href":"https:\/\/blogsaverroes.juntadeandalucia.es\/ceipadriano\/wp-json\/wp\/v2\/pages"}],"about":[{"href":"https:\/\/blogsaverroes.juntadeandalucia.es\/ceipadriano\/wp-json\/wp\/v2\/types\/page"}],"author":[{"embeddable":true,"href":"https:\/\/blogsaverroes.juntadeandalucia.es\/ceipadriano\/wp-json\/wp\/v2\/users\/7051"}],"replies":[{"embeddable":true,"href":"https:\/\/blogsaverroes.juntadeandalucia.es\/ceipadriano\/wp-json\/wp\/v2\/comments?post=850"}],"version-history":[{"count":11,"href":"https:\/\/blogsaverroes.juntadeandalucia.es\/ceipadriano\/wp-json\/wp\/v2\/pages\/850\/revisions"}],"predecessor-version":[{"id":1308,"href":"https:\/\/blogsaverroes.juntadeandalucia.es\/ceipadriano\/wp-json\/wp\/v2\/pages\/850\/revisions\/1308"}],"wp:attachment":[{"href":"https:\/\/blogsaverroes.juntadeandalucia.es\/ceipadriano\/wp-json\/wp\/v2\/media?parent=850"}],"curies":[{"name":"wp","href":"https:\/\/api.w.org\/{rel}","templated":true}]}}