{"id":853,"date":"2020-12-18T08:50:47","date_gmt":"2020-12-18T07:50:47","guid":{"rendered":"https:\/\/blogsaverroes.juntadeandalucia.es\/pre\/plantilla-pencil\/?page_id=853"},"modified":"2025-08-29T19:07:13","modified_gmt":"2025-08-29T18:07:13","slug":"nuestra-historia","status":"publish","type":"page","link":"https:\/\/blogsaverroes.juntadeandalucia.es\/ceipadriano\/nuestra-historia\/","title":{"rendered":"Nuestra Historia"},"content":{"rendered":"<p>[et_pb_section fb_built=&#8221;1&#8243; _builder_version=&#8221;4.16&#8243; global_colors_info=&#8221;{}&#8221;][et_pb_row _builder_version=&#8221;4.16&#8243; background_size=&#8221;initial&#8221; background_position=&#8221;top_left&#8221; background_repeat=&#8221;repeat&#8221; global_colors_info=&#8221;{}&#8221;][et_pb_column type=&#8221;4_4&#8243; _builder_version=&#8221;4.16&#8243; custom_padding=&#8221;|||&#8221; global_colors_info=&#8221;{}&#8221; custom_padding__hover=&#8221;|||&#8221;][et_pb_image src=&#8221;https:\/\/blogsaverroes.juntadeandalucia.es\/ceipadriano\/files\/2025\/08\/IMG_0942.jpg&#8221; title_text=&#8221;IMG_0942&#8243; align=&#8221;center&#8221; admin_label=&#8221;Imagen de la portada&#8221; _builder_version=&#8221;4.24.2&#8243; background_color=&#8221;#FFFFFF&#8221; width=&#8221;83%&#8221; max_width=&#8221;79%&#8221; min_height=&#8221;400px&#8221; height=&#8221;388px&#8221; max_height=&#8221;803px&#8221; filter_brightness=&#8221;137%&#8221; hover_enabled=&#8221;0&#8243; z_index_tablet=&#8221;500&#8243; border_color_all=&#8221;#000000&#8243; box_shadow_style=&#8221;preset1&#8243; box_shadow_horizontal=&#8221;10px&#8221; box_shadow_horizontal_tablet=&#8221;0px&#8221; box_shadow_vertical_tablet=&#8221;0px&#8221; box_shadow_blur_tablet=&#8221;40px&#8221; box_shadow_spread_tablet=&#8221;0px&#8221; global_colors_info=&#8221;{}&#8221; border_width_all=&#8221;1px&#8221; sticky_enabled=&#8221;0&#8243;][\/et_pb_image][et_pb_text admin_label=&#8221;Texto descriptivo&#8221; _builder_version=&#8221;4.24.2&#8243; z_index_tablet=&#8221;500&#8243; text_text_shadow_horizontal_length_tablet=&#8221;0px&#8221; text_text_shadow_vertical_length_tablet=&#8221;0px&#8221; text_text_shadow_blur_strength_tablet=&#8221;1px&#8221; link_text_shadow_horizontal_length_tablet=&#8221;0px&#8221; link_text_shadow_vertical_length_tablet=&#8221;0px&#8221; link_text_shadow_blur_strength_tablet=&#8221;1px&#8221; ul_text_shadow_horizontal_length_tablet=&#8221;0px&#8221; ul_text_shadow_vertical_length_tablet=&#8221;0px&#8221; ul_text_shadow_blur_strength_tablet=&#8221;1px&#8221; ol_text_shadow_horizontal_length_tablet=&#8221;0px&#8221; ol_text_shadow_vertical_length_tablet=&#8221;0px&#8221; ol_text_shadow_blur_strength_tablet=&#8221;1px&#8221; quote_text_shadow_horizontal_length_tablet=&#8221;0px&#8221; quote_text_shadow_vertical_length_tablet=&#8221;0px&#8221; quote_text_shadow_blur_strength_tablet=&#8221;1px&#8221; header_text_shadow_horizontal_length_tablet=&#8221;0px&#8221; header_text_shadow_vertical_length_tablet=&#8221;0px&#8221; header_text_shadow_blur_strength_tablet=&#8221;1px&#8221; header_2_text_shadow_horizontal_length_tablet=&#8221;0px&#8221; header_2_text_shadow_vertical_length_tablet=&#8221;0px&#8221; header_2_text_shadow_blur_strength_tablet=&#8221;1px&#8221; header_3_text_shadow_horizontal_length_tablet=&#8221;0px&#8221; header_3_text_shadow_vertical_length_tablet=&#8221;0px&#8221; header_3_text_shadow_blur_strength_tablet=&#8221;1px&#8221; header_4_text_shadow_horizontal_length_tablet=&#8221;0px&#8221; header_4_text_shadow_vertical_length_tablet=&#8221;0px&#8221; header_4_text_shadow_blur_strength_tablet=&#8221;1px&#8221; header_5_text_shadow_horizontal_length_tablet=&#8221;0px&#8221; header_5_text_shadow_vertical_length_tablet=&#8221;0px&#8221; header_5_text_shadow_blur_strength_tablet=&#8221;1px&#8221; header_6_text_shadow_horizontal_length_tablet=&#8221;0px&#8221; header_6_text_shadow_vertical_length_tablet=&#8221;0px&#8221; header_6_text_shadow_blur_strength_tablet=&#8221;1px&#8221; box_shadow_horizontal_tablet=&#8221;0px&#8221; box_shadow_vertical_tablet=&#8221;0px&#8221; box_shadow_blur_tablet=&#8221;40px&#8221; box_shadow_spread_tablet=&#8221;0px&#8221; global_colors_info=&#8221;{}&#8221;]<\/p>\n<ul>\n<li style=\"text-align: left\">\n<p><strong><span style=\"font-size: 12pt;color: #000000\">Haciendo historia desde 1973<\/span><\/strong><\/p>\n<\/li>\n<\/ul>\n<p style=\"text-align: left\"><span style=\"font-size: 12pt;color: #000000\">El nacimiento del Centro no surgi\u00f3 como demanda de plazas escolares sino como consecuencia de la visita del Ministro de Educaci\u00f3n y Ciencia que orden\u00f3 al Ayuntamiento que, antes de finales de Diciembre de 1972, hab\u00eda que construir 4 Colegios Nacionales m\u00e1s en Sevilla. Todo esto estaba previsto por la UNESCO, que a trav\u00e9s del P.U.A. (Plan de Urgencia para Andaluc\u00eda) destin\u00f3 unos fondos para la construcci\u00f3n de 16 Colegio en Andaluc\u00eda .Por ello el Ayuntamiento busc\u00f3 solares y comenz\u00f3 la construcci\u00f3n del Colegio antes de iniciarse la de la Barriada. Aunque las obras finalizaron en 1972, el centro abri\u00f3 sus puertas en 1973, convirti\u00e9ndose en uno de los primeros n\u00facleos educativos del barrio.<\/span><\/p>\n<ul>\n<li style=\"text-align: left\" data-start=\"843\" data-end=\"1217\">\n<p><span style=\"font-size: 12pt;color: #000000\"><strong data-start=\"843\" data-end=\"879\">Papel en la comunidad y alumnado<\/strong><\/span><\/p>\n<\/li>\n<\/ul>\n<p><span style=\"font-size: 12pt;color: #000000\">Desde su apertura, el CEIP Adriano no solo ha sido un punto de educaci\u00f3n para los ni\u00f1os y ni\u00f1as de nuestro barrio de Pino Montano, sino que tambi\u00e9n ha acogido alumnado de zonas cercanas como Pinoflores, Villegas&#8230;, gracias al sistema de transporte escolar.&nbsp;<\/span><\/p>\n<p style=\"text-align: left\" data-start=\"843\" data-end=\"1217\"><span style=\"font-size: 12pt;color: #000000\">Como reflejan padres y antiguos alumnos\/as:<\/span><\/p>\n<p data-start=\"1221\" data-end=\"1476\"><em><span style=\"font-size: 12pt;color: #000000\">\u201cEl CEIP Adriano abri\u00f3 sus aulas en 1972. [&#8230;] Pino Montano [&#8230;] creci\u00f3 alrededor de este centro educativo.\u201d<\/span><\/em><br data-start=\"1331\" data-end=\"1334\"><span style=\"font-size: 12pt;color: #000000\"><em>\u201cEs un colegio que sabe adaptarse a las necesidades de cada familia y con un profesorado excelente.\u201d<\/em><\/span><\/p>\n<p data-start=\"1221\" data-end=\"1476\"><span style=\"color: #000000;font-size: 12pt\">Destaca adem\u00e1s por contar con Aula Espec\u00edfica para alumnado con necesidades educativas, lo que lo convierte en un referente de inclusi\u00f3n en el barrio.<\/span><\/p>\n<ul>\n<li style=\"text-align: left\" data-start=\"1478\" data-end=\"1666\"><span style=\"font-size: 12pt;color: #000000\"><strong data-start=\"1668\" data-end=\"1718\">Innovaci\u00f3n educativa: aula del futuro y STEAM<\/strong><\/span><\/li>\n<\/ul>\n<p><span style=\"font-size: 12pt;color: #000000\">Recientemente, el centro ha dado un paso hacia el futuro con un aula en la que se han instalado m\u00f3dulos de mobiliario flexible, mesas colectivas, pufs modulables y superficies de trabajo colaborativas, fomentando un aprendizaje activo, interdisciplinar y cooperativo. Adem\u00e1s, el colegio ya participaba en el Proyecto STEAM y contaba con herramientas de \u00faltima tecnolog\u00eda en el \u00e1mbito educativo.<\/span><\/p>\n<ul>\n<li><span style=\"font-size: 12pt;color: #000000\"><strong data-start=\"4637\" data-end=\"4683\">Renovaci\u00f3n de las \u00e1reas de Infantil (2025)<\/strong><\/span><\/li>\n<\/ul>\n<p><span style=\"font-size: 12pt;color: #000000\">El centro ha transformado sus instalaciones infantiles gracias a una partida presupuestaria municipal, que atiende a una necesidad que toda la comunidad educativa planteaba desde hace varios a\u00f1os. Este proyecto emblem\u00e1tico integra las aulas de 3 a 5 a\u00f1os dentro del edificio de Primaria, eliminando el trayecto diario que los alumnos realizaban desde otro m\u00f3dulo que se situaba en la C\/Molineros. <\/span><span style=\"font-size: 12pt;color: #000000\">Las obras incluyen la creaci\u00f3n de zonas delimitadas (aulas, aseos y patios) especialmente dise\u00f1adas para los m\u00e1s peque\u00f1os, con mejoras en la accesibilidad, aislamiento ac\u00fastico, iluminaci\u00f3n, ventilaci\u00f3n y seguridad en patio. Esta intervenci\u00f3n no solo representa una soluci\u00f3n hist\u00f3rica a necesidades pendientes, sino que tambi\u00e9n configura un nuevo modelo de espacio educativo que pronto se replicar\u00e1 en otros colegios p\u00fablicos de Sevilla.<\/span><\/p>\n<p><img loading=\"lazy\" decoding=\"async\" class=\"size-medium aligncenter\" src=\"https:\/\/ceipadriano.com\/wp-content\/uploads\/2021\/03\/PHOTO-2021-03-03-21-47-24-7-300x300.jpg\" alt=\"\" width=\"300\" height=\"300\"> <img loading=\"lazy\" decoding=\"async\" class=\"size-medium aligncenter\" src=\"https:\/\/ceipadriano.com\/wp-content\/uploads\/2021\/03\/PHOTO-2021-03-03-21-47-24-1-300x300.jpg\" alt=\"\" width=\"300\" height=\"300\"> <img loading=\"lazy\" decoding=\"async\" class=\"size-medium aligncenter\" src=\"https:\/\/ceipadriano.com\/wp-content\/uploads\/2021\/03\/PHOTO-2021-03-03-21-47-24-300x300.jpg\" alt=\"\" width=\"300\" height=\"300\"> <img loading=\"lazy\" decoding=\"async\" class=\"size-medium aligncenter\" src=\"https:\/\/ceipadriano.com\/wp-content\/uploads\/2021\/03\/PHOTO-2021-03-03-21-47-24-8-300x300.jpg\" alt=\"\" width=\"300\" height=\"300\"><\/p>\n<p>[\/et_pb_text][\/et_pb_column][\/et_pb_row][\/et_pb_section]<\/p>\n","protected":false},"excerpt":{"rendered":"<p>Haciendo historia desde 1973 El nacimiento del Centro no surgi\u00f3 como demanda de plazas escolares sino como consecuencia de la visita del Ministro de Educaci\u00f3n y Ciencia que orden\u00f3 al Ayuntamiento que, antes de finales de Diciembre de 1972, hab\u00eda que construir 4 Colegios Nacionales m\u00e1s en Sevilla. Todo esto estaba previsto por la UNESCO, [&hellip;]<\/p>\n","protected":false},"author":7051,"featured_media":0,"parent":0,"menu_order":0,"comment_status":"closed","ping_status":"closed","template":"","meta":{"_et_pb_use_builder":"on","_et_pb_old_content":"","_et_gb_content_width":"","ngg_post_thumbnail":0,"footnotes":""},"aioseo_notices":[],"_links":{"self":[{"href":"https:\/\/blogsaverroes.juntadeandalucia.es\/ceipadriano\/wp-json\/wp\/v2\/pages\/853"}],"collection":[{"href":"https:\/\/blogsaverroes.juntadeandalucia.es\/ceipadriano\/wp-json\/wp\/v2\/pages"}],"about":[{"href":"https:\/\/blogsaverroes.juntadeandalucia.es\/ceipadriano\/wp-json\/wp\/v2\/types\/page"}],"author":[{"embeddable":true,"href":"https:\/\/blogsaverroes.juntadeandalucia.es\/ceipadriano\/wp-json\/wp\/v2\/users\/7051"}],"replies":[{"embeddable":true,"href":"https:\/\/blogsaverroes.juntadeandalucia.es\/ceipadriano\/wp-json\/wp\/v2\/comments?post=853"}],"version-history":[{"count":4,"href":"https:\/\/blogsaverroes.juntadeandalucia.es\/ceipadriano\/wp-json\/wp\/v2\/pages\/853\/revisions"}],"predecessor-version":[{"id":1168,"href":"https:\/\/blogsaverroes.juntadeandalucia.es\/ceipadriano\/wp-json\/wp\/v2\/pages\/853\/revisions\/1168"}],"wp:attachment":[{"href":"https:\/\/blogsaverroes.juntadeandalucia.es\/ceipadriano\/wp-json\/wp\/v2\/media?parent=853"}],"curies":[{"name":"wp","href":"https:\/\/api.w.org\/{rel}","templated":true}]}}