{"id":871,"date":"2020-12-18T08:57:29","date_gmt":"2020-12-18T07:57:29","guid":{"rendered":"https:\/\/blogsaverroes.juntadeandalucia.es\/pre\/plantilla-pencil\/?page_id=871"},"modified":"2025-08-31T16:05:50","modified_gmt":"2025-08-31T15:05:50","slug":"comedor-escolar","status":"publish","type":"page","link":"https:\/\/blogsaverroes.juntadeandalucia.es\/ceipadriano\/comedor-escolar\/","title":{"rendered":"Comedor escolar"},"content":{"rendered":"<p>[et_pb_section fb_built=&#8221;1&#8243; _builder_version=&#8221;4.16&#8243; custom_padding=&#8221;0px||0px|&#8221; z_index_tablet=&#8221;500&#8243; box_shadow_horizontal_tablet=&#8221;0px&#8221; box_shadow_vertical_tablet=&#8221;0px&#8221; box_shadow_blur_tablet=&#8221;40px&#8221; box_shadow_spread_tablet=&#8221;0px&#8221; global_colors_info=&#8221;{}&#8221;][et_pb_row _builder_version=&#8221;4.16&#8243; background_size=&#8221;initial&#8221; background_position=&#8221;top_left&#8221; background_repeat=&#8221;repeat&#8221; global_colors_info=&#8221;{}&#8221;][et_pb_column type=&#8221;4_4&#8243; _builder_version=&#8221;4.16&#8243; custom_padding=&#8221;|||&#8221; global_colors_info=&#8221;{}&#8221; custom_padding__hover=&#8221;|||&#8221;][et_pb_image src=&#8221;https:\/\/blogsaverroes.juntadeandalucia.es\/ceipadriano\/files\/2020\/01\/cabecera-interior-2-1.jpg&#8221; title_text=&#8221;cabecera-interior-2-1&#8243; admin_label=&#8221;Imagen de la portada&#8221; _builder_version=&#8221;4.16&#8243; z_index_tablet=&#8221;500&#8243; box_shadow_horizontal_tablet=&#8221;0px&#8221; box_shadow_vertical_tablet=&#8221;0px&#8221; box_shadow_blur_tablet=&#8221;40px&#8221; box_shadow_spread_tablet=&#8221;0px&#8221; global_colors_info=&#8221;{}&#8221;][\/et_pb_image][et_pb_text admin_label=&#8221;Texto descriptivo&#8221; _builder_version=&#8221;4.24.2&#8243; hover_enabled=&#8221;0&#8243; z_index_tablet=&#8221;500&#8243; text_text_shadow_horizontal_length_tablet=&#8221;0px&#8221; text_text_shadow_vertical_length_tablet=&#8221;0px&#8221; text_text_shadow_blur_strength_tablet=&#8221;1px&#8221; link_text_shadow_horizontal_length_tablet=&#8221;0px&#8221; link_text_shadow_vertical_length_tablet=&#8221;0px&#8221; link_text_shadow_blur_strength_tablet=&#8221;1px&#8221; ul_text_shadow_horizontal_length_tablet=&#8221;0px&#8221; ul_text_shadow_vertical_length_tablet=&#8221;0px&#8221; ul_text_shadow_blur_strength_tablet=&#8221;1px&#8221; ol_text_shadow_horizontal_length_tablet=&#8221;0px&#8221; ol_text_shadow_vertical_length_tablet=&#8221;0px&#8221; ol_text_shadow_blur_strength_tablet=&#8221;1px&#8221; quote_text_shadow_horizontal_length_tablet=&#8221;0px&#8221; quote_text_shadow_vertical_length_tablet=&#8221;0px&#8221; quote_text_shadow_blur_strength_tablet=&#8221;1px&#8221; header_text_shadow_horizontal_length_tablet=&#8221;0px&#8221; header_text_shadow_vertical_length_tablet=&#8221;0px&#8221; header_text_shadow_blur_strength_tablet=&#8221;1px&#8221; header_2_text_shadow_horizontal_length_tablet=&#8221;0px&#8221; header_2_text_shadow_vertical_length_tablet=&#8221;0px&#8221; header_2_text_shadow_blur_strength_tablet=&#8221;1px&#8221; header_3_text_shadow_horizontal_length_tablet=&#8221;0px&#8221; header_3_text_shadow_vertical_length_tablet=&#8221;0px&#8221; header_3_text_shadow_blur_strength_tablet=&#8221;1px&#8221; header_4_text_shadow_horizontal_length_tablet=&#8221;0px&#8221; header_4_text_shadow_vertical_length_tablet=&#8221;0px&#8221; header_4_text_shadow_blur_strength_tablet=&#8221;1px&#8221; header_5_text_shadow_horizontal_length_tablet=&#8221;0px&#8221; header_5_text_shadow_vertical_length_tablet=&#8221;0px&#8221; header_5_text_shadow_blur_strength_tablet=&#8221;1px&#8221; header_6_text_shadow_horizontal_length_tablet=&#8221;0px&#8221; header_6_text_shadow_vertical_length_tablet=&#8221;0px&#8221; header_6_text_shadow_blur_strength_tablet=&#8221;1px&#8221; box_shadow_horizontal_tablet=&#8221;0px&#8221; box_shadow_vertical_tablet=&#8221;0px&#8221; box_shadow_blur_tablet=&#8221;40px&#8221; box_shadow_spread_tablet=&#8221;0px&#8221; global_colors_info=&#8221;{}&#8221; sticky_enabled=&#8221;0&#8243;]<\/p>\n<h2>Comedor escolar<\/h2>\n<p>Pr\u00f3ximamente.<\/p>\n<p style=\"text-align: justify\"><a href=\"https:\/\/blogsaverroes.juntadeandalucia.es\/ceipadriano\/files\/2025\/08\/FICHA-COMEDOR.pdf\" rel=\"attachment wp-att-1202\">FICHA DE DATOS PARA COMEDOR<\/a><\/p>\n<p style=\"text-align: justify\"><a href=\"https:\/\/blogsaverroes.juntadeandalucia.es\/ceipadriano\/files\/2025\/08\/NORMAS-DE-USO-PLAN-DE-APERTURA-.pdf\" rel=\"attachment wp-att-1204\">NORMAS DE USO PLAN DE APERTURA<\/a><\/p>\n<p style=\"text-align: justify\"><span style=\"color: #000000\">El comedor de nuestro colegio tiene cocina de gesti\u00f3n propia (no catering). Al comedor s\u00f3lo podr\u00e1n acceder los alumnos\/as admitidos. El aforo m\u00e1ximo de comensales de este servicio est\u00e1 limitado a 151 alumnos\/as.<\/span><\/p>\n<p style=\"text-align: justify\"><span style=\"color: #000000\">Los objetivos b\u00e1sicos del servicio de comedor son:<\/span><\/p>\n<ul style=\"text-align: justify\">\n<li><span style=\"color: #000000\"><em>Desarrollar h\u00e1bitos y actitudes saludables en el alumnado.&nbsp;<\/em><\/span><\/li>\n<li><span style=\"color: #000000\"><em>Garantizar una dieta sana y rica que favorece la salud y el crecimiento.&nbsp;<\/em><\/span><\/li>\n<li><span style=\"color: #000000\"><em>Desarrollar el compa\u00f1erismo, respeto y tolerancia.<\/em><\/span><\/li>\n<li><span style=\"color: #000000\"> <em>Contribuir a la organizaci\u00f3n de la vida familiar.<\/em><\/span><\/li>\n<\/ul>\n<p style=\"text-align: justify\"><span style=\"color: #000000\">La direcci\u00f3n del centro enviar\u00e1 por comunicaci\u00f3n iPasen el men\u00fa de forma trimestral a las familias mediante iPasen. <\/span><\/p>\n<p style=\"text-align: justify\"><span style=\"color: #000000\">Todos los ni\u00f1os y ni\u00f1as comer\u00e1n lo mismo excepto aquellos que con <strong>INFORME M\u00c9DICO<\/strong> entregado en secretar\u00eda, acrediten necesidad de alguna adaptaci\u00f3n por intolerancia, alergia o dificultad.&nbsp; Los alumnos\/as deber\u00e1n comer de todo, tanto primero como segundo plato, as\u00ed como el postre adecuando la cantidad a su edad. <\/span><\/p>\n<p style=\"text-align: justify\"><span style=\"color: #000000\">Los ni\u00f1os\/as de E.Infantil usuarios de este servicio ser\u00e1n recogidos por monitores\/as de este servicio para conducirlos al comedor, a los que deben obedecer seg\u00fan sus indicaciones para velar por un comportamiento adecuado en el comedor. Los alumnos\/as de 1\u00ba y 2\u00ba de Primaria acceden al comedor por la zona de aula matinal. Los alumnos de 3\u00ba a 6\u00ba de Primaria por el pasillo principal de entrada al comedor. El alumnado de Primaria accede al sal\u00f3n, dejan sus mochilas y los monitores los avisan para levantarse a la zona del servicio del men\u00fa, para que las cocineras les sirvan la comida en sus bandejas. Los sitios ser\u00e1n fijos exceptuando si un alumno\/a dificulta el normal desarrollo de la comida. En ese caso se le situar\u00e1 en otro puesto del comedor.<\/span><\/p>\n<p style=\"text-align: justify\"><span style=\"color: #000000\">Los alumnos\/as que tengan conductas contrarias a la buena convivencia en el comedor recibir\u00e1n las sanciones correspondientes seg\u00fan el Plan de Convivencia interno del colegio, incluso se les podr\u00e1 privar del servicio de comedor temporal o definitivamente.<\/span><\/p>\n<p style=\"text-align: justify\"><span style=\"color: #000000\">Tras la comida los alumnos\/as siguen atendidos y acompa\u00f1ados por monitores\/as del servicio. La funci\u00f3n del servicio de comedor es<strong> asistencial.<\/strong><\/span><\/p>\n<p style=\"text-align: justify\"><span style=\"color: #000000\">&nbsp;<\/span><span style=\"color: #000000\">El precio del cubierto ser\u00e1 fijado cada a\u00f1o por la instrucci\u00f3n que determine la Junta de Andaluc\u00eda.&nbsp;<\/span><\/p>\n<p style=\"text-align: justify\"><span style=\"color: #ff0000\">&nbsp;<u>Las AUSENCIAS del comedor deben ser comunicadas <strong>ANTES DE LAS 09:30h<\/strong><\/u> de cada d\u00eda por escrito al correo electr\u00f3nico <a style=\"color: #ff0000\" href=\"mailto:comedoradriano@gmail.com\"><strong><em>comedoradriano@gmail.com<\/em><\/strong><\/a>, desde el que se le contestar\u00e1 siempre con otro mensaje. <u>Si la comunicaci\u00f3n de ausencia no se ha recibido ANTES de esa hora, el recibo ser\u00e1 cobrado.<\/u> El alumno\/a decaer\u00e1 en su derecho a seguir utilizando el servicio de comedor si acumula dos recibos pendientes de pago. Si hubiese lista de espera, su plaza ser\u00e1 otorgada al alumno\/a que ocupe el primer puesto en la misma.&nbsp;<\/span><\/p>\n<p style=\"text-align: justify\"><span style=\"color: #000000\">Si hay lista de espera y el alumno\/a acumula 5 faltas injustificadas en el mes, se dar\u00e1 de baja autom\u00e1ticamente y la plaza se le otorgar\u00e1 al alumno\/a que ocupe el primer puesto en la misma. <\/span><\/p>\n<p style=\"text-align: justify\"><span style=\"color: #000000\">&nbsp;<\/span><span style=\"color: #000000\">Las horas de recogida de sus hijos\/as en este servicio ser\u00e1n: turno de las 15h o turno de las 15:50h. El turno elegido deber\u00e1 informarse en la ficha de datos del comedor escolar y ser\u00e1 el turno que se respetar\u00e1 durante el curso escolar. Si hubiera alguna modificaci\u00f3n debe avisarse con ANTELACI\u00d3N SUFICIENTE al correo <a style=\"color: #000000\" href=\"mailto:comedoradriano@gmail.com\"><strong><em>comedoradriano@gmail.com<\/em><\/strong><\/a>, &nbsp;<strong>&nbsp;<\/strong>La puerta de recogida ser\u00e1 la principal peatonal. Los alumnos\/as que contin\u00faen con actividades extraescolares ser\u00e1n conducidos por los monitores\/as. Para la recogida del alumnado usuario de comedor se tendr\u00e1n en cuenta las personas autorizadas en la plataforma iPasen.<\/span><\/p>\n<p style=\"text-align: justify\"><span style=\"color: #000000\">Junto a las matr\u00edculas del mes de junio se incluir\u00e1 una ficha de datos en la que las familias indicar\u00e1n d\u00edas de uso del comedor, horario elegido para la salida, y otros datos de inter\u00e9s para los monitores de comedor. <\/span><\/p>\n<p style=\"text-align: justify\"><strong><span style=\"color: #000000\">Las familias que tengan custodia compartida y hagan uso semanas alternas del servicio de comedor, deben avisar de los d\u00edas de uso y no uso del servicio antes del \u00faltimo d\u00eda del mes anterior al correo anteriormente citado.<\/span><\/strong><\/p>\n<p style=\"text-align: justify\"><span style=\"color: #000000\">Las ALTAS Y BAJAS de este servicio se har\u00e1n en la Secretar\u00eda del Centro.<\/span><\/p>\n<p><span style=\"color: #000000\"><img loading=\"lazy\" decoding=\"async\" class=\"wp-image-1205 aligncenter size-medium\" src=\"https:\/\/blogsaverroes.juntadeandalucia.es\/ceipadriano\/files\/2025\/08\/IMG_6C14D4AE5457-1-296x300.jpeg\" alt=\"\" width=\"296\" height=\"300\"><\/span><\/p>\n<p>[\/et_pb_text][\/et_pb_column][\/et_pb_row][\/et_pb_section]<\/p>\n","protected":false},"excerpt":{"rendered":"<p>Comedor escolar Pr\u00f3ximamente. FICHA DE DATOS PARA COMEDOR NORMAS DE USO PLAN DE APERTURA El comedor de nuestro colegio tiene cocina de gesti\u00f3n propia (no catering). Al comedor s\u00f3lo podr\u00e1n acceder los alumnos\/as admitidos. El aforo m\u00e1ximo de comensales de este servicio est\u00e1 limitado a 151 alumnos\/as. Los objetivos b\u00e1sicos del servicio de comedor son: [&hellip;]<\/p>\n","protected":false},"author":7051,"featured_media":0,"parent":0,"menu_order":0,"comment_status":"closed","ping_status":"closed","template":"","meta":{"_et_pb_use_builder":"on","_et_pb_old_content":"","_et_gb_content_width":"","ngg_post_thumbnail":0,"footnotes":""},"aioseo_notices":[],"_links":{"self":[{"href":"https:\/\/blogsaverroes.juntadeandalucia.es\/ceipadriano\/wp-json\/wp\/v2\/pages\/871"}],"collection":[{"href":"https:\/\/blogsaverroes.juntadeandalucia.es\/ceipadriano\/wp-json\/wp\/v2\/pages"}],"about":[{"href":"https:\/\/blogsaverroes.juntadeandalucia.es\/ceipadriano\/wp-json\/wp\/v2\/types\/page"}],"author":[{"embeddable":true,"href":"https:\/\/blogsaverroes.juntadeandalucia.es\/ceipadriano\/wp-json\/wp\/v2\/users\/7051"}],"replies":[{"embeddable":true,"href":"https:\/\/blogsaverroes.juntadeandalucia.es\/ceipadriano\/wp-json\/wp\/v2\/comments?post=871"}],"version-history":[{"count":3,"href":"https:\/\/blogsaverroes.juntadeandalucia.es\/ceipadriano\/wp-json\/wp\/v2\/pages\/871\/revisions"}],"predecessor-version":[{"id":1207,"href":"https:\/\/blogsaverroes.juntadeandalucia.es\/ceipadriano\/wp-json\/wp\/v2\/pages\/871\/revisions\/1207"}],"wp:attachment":[{"href":"https:\/\/blogsaverroes.juntadeandalucia.es\/ceipadriano\/wp-json\/wp\/v2\/media?parent=871"}],"curies":[{"name":"wp","href":"https:\/\/api.w.org\/{rel}","templated":true}]}}