{"id":1014,"date":"2016-10-23T01:06:21","date_gmt":"2016-10-23T01:06:21","guid":{"rendered":"https:\/\/blogsaverroes.juntadeandalucia.es\/ceipagora\/?page_id=1014"},"modified":"2016-10-24T19:13:18","modified_gmt":"2016-10-24T19:13:18","slug":"agradecimientos","status":"publish","type":"page","link":"https:\/\/blogsaverroes.juntadeandalucia.es\/ceipagora\/agradecimientos\/","title":{"rendered":"AGRADECIMIENTOS"},"content":{"rendered":"<p>Este proyecto no hubiera sido posible sin la colaboraci\u00f3n desinteresada de HURONES TEAM, un equipo de GEOCACHERS formado por David y Clara. Son una pareja que lleva a\u00f1os participando y aportando su granito de arena al desarrollo del juego del GEOCACHING, muchos de sus cach\u00e9s forman parte ahora de nuestro proyecto con el prop\u00f3sito de que alumn@s y familias puedan VIVIR Y SENTIR NUESTRO PATRIMONIO.<\/p>\n<p><a href=\"https:\/\/blogsaverroes.juntadeandalucia.es\/ceipagora\/files\/2016\/10\/14729391_1797905080456713_936080860253598093_n.jpg\"><img loading=\"lazy\" decoding=\"async\" class=\" size-medium wp-image-1015 aligncenter\" src=\"https:\/\/blogsaverroes.juntadeandalucia.es\/ceipagora\/files\/2016\/10\/14729391_1797905080456713_936080860253598093_n-300x196.jpg\" alt=\"14729391_1797905080456713_936080860253598093_n\" width=\"300\" height=\"196\" srcset=\"https:\/\/blogsaverroes.juntadeandalucia.es\/ceipagora\/files\/2016\/10\/14729391_1797905080456713_936080860253598093_n-300x196.jpg 300w, https:\/\/blogsaverroes.juntadeandalucia.es\/ceipagora\/files\/2016\/10\/14729391_1797905080456713_936080860253598093_n.jpg 480w\" sizes=\"(max-width: 300px) 100vw, 300px\" \/><\/a><\/p>\n<p>EN NOMBRE DE LA COMUNIDAD EDUCATIVA DEL CEIP NUEVO DE PALOMARES OS DAMOS LAS GRACIAS.<\/p>\n<table>\n<tbody>\n<tr>\n<td><a href=\"https:\/\/blogsaverroes.juntadeandalucia.es\/ceipagora\/que-significan-las-3-c\/\"><img loading=\"lazy\" decoding=\"async\" class=\"aligncenter wp-image-982 size-full\" src=\"https:\/\/blogsaverroes.juntadeandalucia.es\/ceipagora\/files\/2016\/10\/web-geocaching-1.jpg\" alt=\"web geocaching (1)\" width=\"250\" height=\"250\" srcset=\"https:\/\/blogsaverroes.juntadeandalucia.es\/ceipagora\/files\/2016\/10\/web-geocaching-1.jpg 250w, https:\/\/blogsaverroes.juntadeandalucia.es\/ceipagora\/files\/2016\/10\/web-geocaching-1-150x150.jpg 150w, https:\/\/blogsaverroes.juntadeandalucia.es\/ceipagora\/files\/2016\/10\/web-geocaching-1-100x100.jpg 100w\" sizes=\"(max-width: 250px) 100vw, 250px\" \/><\/a><\/td>\n<td><a href=\"https:\/\/blogsaverroes.juntadeandalucia.es\/ceipagora\/que-es-el-geocaching\/\"><img loading=\"lazy\" decoding=\"async\" class=\"aligncenter wp-image-980 size-full\" src=\"https:\/\/blogsaverroes.juntadeandalucia.es\/ceipagora\/files\/2016\/10\/web-geocaching.jpg\" alt=\"web geocaching\" width=\"250\" height=\"250\" srcset=\"https:\/\/blogsaverroes.juntadeandalucia.es\/ceipagora\/files\/2016\/10\/web-geocaching.jpg 250w, https:\/\/blogsaverroes.juntadeandalucia.es\/ceipagora\/files\/2016\/10\/web-geocaching-150x150.jpg 150w, https:\/\/blogsaverroes.juntadeandalucia.es\/ceipagora\/files\/2016\/10\/web-geocaching-100x100.jpg 100w\" sizes=\"(max-width: 250px) 100vw, 250px\" \/><\/a><\/td>\n<td><a href=\"https:\/\/blogsaverroes.juntadeandalucia.es\/ceipagora\/aplicaciones-necesarias\/\"><img loading=\"lazy\" decoding=\"async\" class=\"aligncenter wp-image-986 size-full\" src=\"https:\/\/blogsaverroes.juntadeandalucia.es\/ceipagora\/files\/2016\/10\/5.jpg\" alt=\"5\" width=\"250\" height=\"250\" srcset=\"https:\/\/blogsaverroes.juntadeandalucia.es\/ceipagora\/files\/2016\/10\/5.jpg 250w, https:\/\/blogsaverroes.juntadeandalucia.es\/ceipagora\/files\/2016\/10\/5-150x150.jpg 150w, https:\/\/blogsaverroes.juntadeandalucia.es\/ceipagora\/files\/2016\/10\/5-100x100.jpg 100w\" sizes=\"(max-width: 250px) 100vw, 250px\" \/><\/a><\/td>\n<td><a href=\"https:\/\/blogsaverroes.juntadeandalucia.es\/ceipagora\/como-funciona-el-pasaporte-de-las-3-c\/\"><img loading=\"lazy\" decoding=\"async\" class=\"aligncenter wp-image-987 size-full\" src=\"https:\/\/blogsaverroes.juntadeandalucia.es\/ceipagora\/files\/2016\/10\/6.jpg\" alt=\"6\" width=\"250\" height=\"250\" srcset=\"https:\/\/blogsaverroes.juntadeandalucia.es\/ceipagora\/files\/2016\/10\/6.jpg 250w, https:\/\/blogsaverroes.juntadeandalucia.es\/ceipagora\/files\/2016\/10\/6-150x150.jpg 150w, https:\/\/blogsaverroes.juntadeandalucia.es\/ceipagora\/files\/2016\/10\/6-100x100.jpg 100w\" sizes=\"(max-width: 250px) 100vw, 250px\" \/><\/a><\/td>\n<\/tr>\n<\/tbody>\n<\/table>\n<table>\n<tbody>\n<tr>\n<td><a href=\"https:\/\/blogsaverroes.juntadeandalucia.es\/ceipagora\/que-contiene-un-cache-tesoro\/\"><img loading=\"lazy\" decoding=\"async\" class=\"aligncenter wp-image-994 size-full\" src=\"https:\/\/blogsaverroes.juntadeandalucia.es\/ceipagora\/files\/2016\/10\/web-geocaching-2.jpg\" alt=\"web geocaching (2)\" width=\"250\" height=\"250\" srcset=\"https:\/\/blogsaverroes.juntadeandalucia.es\/ceipagora\/files\/2016\/10\/web-geocaching-2.jpg 250w, https:\/\/blogsaverroes.juntadeandalucia.es\/ceipagora\/files\/2016\/10\/web-geocaching-2-150x150.jpg 150w, https:\/\/blogsaverroes.juntadeandalucia.es\/ceipagora\/files\/2016\/10\/web-geocaching-2-100x100.jpg 100w\" sizes=\"(max-width: 250px) 100vw, 250px\" \/><\/a><\/td>\n<td><a href=\"https:\/\/blogsaverroes.juntadeandalucia.es\/ceipagora\/lista-de-tesoros\/\"><img loading=\"lazy\" decoding=\"async\" class=\"aligncenter wp-image-1005 size-full\" src=\"https:\/\/blogsaverroes.juntadeandalucia.es\/ceipagora\/files\/2016\/10\/10.jpg\" alt=\"10\" width=\"250\" height=\"250\" srcset=\"https:\/\/blogsaverroes.juntadeandalucia.es\/ceipagora\/files\/2016\/10\/10.jpg 250w, https:\/\/blogsaverroes.juntadeandalucia.es\/ceipagora\/files\/2016\/10\/10-150x150.jpg 150w, https:\/\/blogsaverroes.juntadeandalucia.es\/ceipagora\/files\/2016\/10\/10-100x100.jpg 100w\" sizes=\"(max-width: 250px) 100vw, 250px\" \/><\/a><\/td>\n<td><a href=\"https:\/\/blogsaverroes.juntadeandalucia.es\/ceipagora\/cuaderno-el-pasaporte\/\"><img loading=\"lazy\" decoding=\"async\" class=\"aligncenter wp-image-985 size-full\" src=\"https:\/\/blogsaverroes.juntadeandalucia.es\/ceipagora\/files\/2016\/10\/4.jpg\" alt=\"4\" width=\"250\" height=\"250\" srcset=\"https:\/\/blogsaverroes.juntadeandalucia.es\/ceipagora\/files\/2016\/10\/4.jpg 250w, https:\/\/blogsaverroes.juntadeandalucia.es\/ceipagora\/files\/2016\/10\/4-150x150.jpg 150w, https:\/\/blogsaverroes.juntadeandalucia.es\/ceipagora\/files\/2016\/10\/4-100x100.jpg 100w\" sizes=\"(max-width: 250px) 100vw, 250px\" \/><\/a><\/td>\n<td><a href=\"https:\/\/blogsaverroes.juntadeandalucia.es\/ceipagora\/vivir-y-sentir-el-patrimonio\/\"><img loading=\"lazy\" decoding=\"async\" class=\"aligncenter wp-image-989\" src=\"https:\/\/blogsaverroes.juntadeandalucia.es\/ceipagora\/files\/2016\/10\/image_gallery-300x300.png\" alt=\"image_gallery\" width=\"250\" height=\"250\" srcset=\"https:\/\/blogsaverroes.juntadeandalucia.es\/ceipagora\/files\/2016\/10\/image_gallery-300x300.png 300w, https:\/\/blogsaverroes.juntadeandalucia.es\/ceipagora\/files\/2016\/10\/image_gallery-150x150.png 150w, https:\/\/blogsaverroes.juntadeandalucia.es\/ceipagora\/files\/2016\/10\/image_gallery-100x100.png 100w, https:\/\/blogsaverroes.juntadeandalucia.es\/ceipagora\/files\/2016\/10\/image_gallery-432x432.png 432w, https:\/\/blogsaverroes.juntadeandalucia.es\/ceipagora\/files\/2016\/10\/image_gallery-268x268.png 268w, https:\/\/blogsaverroes.juntadeandalucia.es\/ceipagora\/files\/2016\/10\/image_gallery.png 620w\" sizes=\"(max-width: 250px) 100vw, 250px\" \/><\/a><\/td>\n<\/tr>\n<\/tbody>\n<\/table>\n<table>\n<tbody>\n<tr>\n<td><a href=\"https:\/\/blogsaverroes.juntadeandalucia.es\/ceipagora\/multimedia-el-pasaporte-de-las-3-c\/\"><img loading=\"lazy\" decoding=\"async\" class=\"aligncenter wp-image-1002 size-full\" src=\"https:\/\/blogsaverroes.juntadeandalucia.es\/ceipagora\/files\/2016\/10\/41.jpg\" alt=\"4\" width=\"250\" height=\"250\" srcset=\"https:\/\/blogsaverroes.juntadeandalucia.es\/ceipagora\/files\/2016\/10\/41.jpg 250w, https:\/\/blogsaverroes.juntadeandalucia.es\/ceipagora\/files\/2016\/10\/41-150x150.jpg 150w, https:\/\/blogsaverroes.juntadeandalucia.es\/ceipagora\/files\/2016\/10\/41-100x100.jpg 100w\" sizes=\"(max-width: 250px) 100vw, 250px\" \/><\/a><\/td>\n<td><a href=\"https:\/\/blogsaverroes.juntadeandalucia.es\/ceipagora\/facebook-el-pasaporte-de-las-3-c\/\"><img loading=\"lazy\" decoding=\"async\" class=\"aligncenter wp-image-1004 size-full\" src=\"https:\/\/blogsaverroes.juntadeandalucia.es\/ceipagora\/files\/2016\/10\/61.jpg\" alt=\"6\" width=\"250\" height=\"250\" srcset=\"https:\/\/blogsaverroes.juntadeandalucia.es\/ceipagora\/files\/2016\/10\/61.jpg 250w, https:\/\/blogsaverroes.juntadeandalucia.es\/ceipagora\/files\/2016\/10\/61-150x150.jpg 150w, https:\/\/blogsaverroes.juntadeandalucia.es\/ceipagora\/files\/2016\/10\/61-100x100.jpg 100w\" sizes=\"(max-width: 250px) 100vw, 250px\" \/><\/a><\/td>\n<td><a href=\"https:\/\/blogsaverroes.juntadeandalucia.es\/ceipagora\/quieres-participar\/\"><img loading=\"lazy\" decoding=\"async\" class=\"aligncenter wp-image-1003 size-full\" src=\"https:\/\/blogsaverroes.juntadeandalucia.es\/ceipagora\/files\/2016\/10\/51.jpg\" alt=\"5\" width=\"250\" height=\"250\" srcset=\"https:\/\/blogsaverroes.juntadeandalucia.es\/ceipagora\/files\/2016\/10\/51.jpg 250w, https:\/\/blogsaverroes.juntadeandalucia.es\/ceipagora\/files\/2016\/10\/51-150x150.jpg 150w, https:\/\/blogsaverroes.juntadeandalucia.es\/ceipagora\/files\/2016\/10\/51-100x100.jpg 100w\" sizes=\"(max-width: 250px) 100vw, 250px\" \/><\/a><\/td>\n<td><a href=\"https:\/\/blogsaverroes.juntadeandalucia.es\/ceipagora\/agradecimientos\/\"><img loading=\"lazy\" decoding=\"async\" class=\"aligncenter wp-image-1017 size-full\" src=\"https:\/\/blogsaverroes.juntadeandalucia.es\/ceipagora\/files\/2016\/10\/web-geocaching-3.jpg\" alt=\"\" width=\"250\" height=\"250\" srcset=\"https:\/\/blogsaverroes.juntadeandalucia.es\/ceipagora\/files\/2016\/10\/web-geocaching-3.jpg 250w, https:\/\/blogsaverroes.juntadeandalucia.es\/ceipagora\/files\/2016\/10\/web-geocaching-3-150x150.jpg 150w, https:\/\/blogsaverroes.juntadeandalucia.es\/ceipagora\/files\/2016\/10\/web-geocaching-3-100x100.jpg 100w\" sizes=\"(max-width: 250px) 100vw, 250px\" \/><\/a><\/td>\n<\/tr>\n<\/tbody>\n<\/table>\n<p>&nbsp;<\/p>\n<p>&nbsp;<\/p>\n<p>&nbsp;<\/p>\n","protected":false},"excerpt":{"rendered":"<p>Este proyecto no hubiera sido posible sin la colaboraci\u00f3n desinteresada de HURONES TEAM, un equipo de GEOCACHERS formado por David y Clara. Son una pareja que lleva a\u00f1os participando y aportando su granito de&#46;&#46;&#46;<\/p>\n","protected":false},"author":2427,"featured_media":0,"parent":0,"menu_order":0,"comment_status":"closed","ping_status":"open","template":"","meta":{"ngg_post_thumbnail":0,"footnotes":""},"aioseo_notices":[],"_links":{"self":[{"href":"https:\/\/blogsaverroes.juntadeandalucia.es\/ceipagora\/wp-json\/wp\/v2\/pages\/1014"}],"collection":[{"href":"https:\/\/blogsaverroes.juntadeandalucia.es\/ceipagora\/wp-json\/wp\/v2\/pages"}],"about":[{"href":"https:\/\/blogsaverroes.juntadeandalucia.es\/ceipagora\/wp-json\/wp\/v2\/types\/page"}],"author":[{"embeddable":true,"href":"https:\/\/blogsaverroes.juntadeandalucia.es\/ceipagora\/wp-json\/wp\/v2\/users\/2427"}],"replies":[{"embeddable":true,"href":"https:\/\/blogsaverroes.juntadeandalucia.es\/ceipagora\/wp-json\/wp\/v2\/comments?post=1014"}],"version-history":[{"count":5,"href":"https:\/\/blogsaverroes.juntadeandalucia.es\/ceipagora\/wp-json\/wp\/v2\/pages\/1014\/revisions"}],"predecessor-version":[{"id":1112,"href":"https:\/\/blogsaverroes.juntadeandalucia.es\/ceipagora\/wp-json\/wp\/v2\/pages\/1014\/revisions\/1112"}],"wp:attachment":[{"href":"https:\/\/blogsaverroes.juntadeandalucia.es\/ceipagora\/wp-json\/wp\/v2\/media?parent=1014"}],"curies":[{"name":"wp","href":"https:\/\/api.w.org\/{rel}","templated":true}]}}