{"id":1481,"date":"2017-01-31T11:09:34","date_gmt":"2017-01-31T11:09:34","guid":{"rendered":"https:\/\/blogsaverroes.juntadeandalucia.es\/ceipagora\/?page_id=1481"},"modified":"2017-01-31T11:09:34","modified_gmt":"2017-01-31T11:09:34","slug":"boletines-informativos","status":"publish","type":"page","link":"https:\/\/blogsaverroes.juntadeandalucia.es\/ceipagora\/boletines-informativos\/","title":{"rendered":"Boletines informativos"},"content":{"rendered":"<div class=\"pt-cv-wrapper\"><div class=\"pt-cv-view pt-cv-collapsible\" id=\"pt-cv-view-23b0713r26\"><div data-id=\"pt-cv-page-1\" class=\"pt-cv-page\" data-cvc=\"1\"><div class=\"panel-group\" id=\"f0c179aj8p\"><div class=\"panel panel-default pt-cv-content-item pt-cv-1-col\" >\r\n<div class=\"panel-heading pt-cv-title\">\r\n    <a class=\"panel-title\" data-toggle=\"cvcollapse\" data-parent=\"#f0c179aj8p\" data-target=\"#91c240629g\" href='https:\/\/blogsaverroes.juntadeandalucia.es\/ceipagora\/2018\/11\/08\/abn-sesion-para-familias\/' onclick='event.preventDefault()'>\r\n\t\tABN Sesi\u00f3n para familias\t<\/a>\r\n\t<\/div>\r\n<div id=\"91c240629g\" class=\"panel-collapse collapse in\">\r\n\t<div class=\"panel-body\">\r\n\t\t<a href=\"https:\/\/blogsaverroes.juntadeandalucia.es\/ceipagora\/2018\/11\/08\/abn-sesion-para-familias\/\" class=\"_self pt-cv-href-thumbnail pt-cv-thumb-default\" target=\"_self\" ><\/a>\n<div class=\"pt-cv-content\">Tal y como informamos en la reuni\u00f3n de inicios de cuso con las familias, durante el primer trimestre tendr\u00e1 lugar ...<br \/><div class=\"pt-cv-rmwrap\"><a href=\"https:\/\/blogsaverroes.juntadeandalucia.es\/ceipagora\/2018\/11\/08\/abn-sesion-para-familias\/\" class=\"_self pt-cv-readmore btn btn-success\" target=\"_self\">Leer M\u00e1s<\/a><\/div><\/div>\t<\/div>\r\n<\/div><\/div>\n<div class=\"panel panel-default pt-cv-content-item pt-cv-1-col\" >\r\n<div class=\"panel-heading pt-cv-title\">\r\n    <a class=\"panel-title\" data-toggle=\"cvcollapse\" data-parent=\"#f0c179aj8p\" data-target=\"#5abe0cdy7s\" href='https:\/\/blogsaverroes.juntadeandalucia.es\/ceipagora\/2018\/10\/09\/reunion-general-con-las-familias\/' onclick='event.preventDefault()'>\r\n\t\tReuni\u00f3n general con las familias.\t<\/a>\r\n\t<\/div>\r\n<div id=\"5abe0cdy7s\" class=\"panel-collapse collapse \">\r\n\t<div class=\"panel-body\">\r\n\t\t<a href=\"https:\/\/blogsaverroes.juntadeandalucia.es\/ceipagora\/2018\/10\/09\/reunion-general-con-las-familias\/\" class=\"_self pt-cv-href-thumbnail pt-cv-thumb-default\" target=\"_self\" ><\/a>\n<div class=\"pt-cv-content\">Hola amigas y amigos, el martes d\u00eda 16, hemos montado, la que ser\u00eda cuarta reuni\u00f3n con las familias, desde nuestra ...<br \/><div class=\"pt-cv-rmwrap\"><a href=\"https:\/\/blogsaverroes.juntadeandalucia.es\/ceipagora\/2018\/10\/09\/reunion-general-con-las-familias\/\" class=\"_self pt-cv-readmore btn btn-success\" target=\"_self\">Leer M\u00e1s<\/a><\/div><\/div>\t<\/div>\r\n<\/div><\/div>\n<div class=\"panel panel-default pt-cv-content-item pt-cv-1-col\" >\r\n<div class=\"panel-heading pt-cv-title\">\r\n    <a class=\"panel-title\" data-toggle=\"cvcollapse\" data-parent=\"#f0c179aj8p\" data-target=\"#e21ab789rs\" href='https:\/\/blogsaverroes.juntadeandalucia.es\/ceipagora\/2018\/10\/05\/presenta-tu-candidatura-a-consejo-escolar\/' onclick='event.preventDefault()'>\r\n\t\tPresenta tu candidatura a Consejo Escolar\t<\/a>\r\n\t<\/div>\r\n<div id=\"e21ab789rs\" class=\"panel-collapse collapse \">\r\n\t<div class=\"panel-body\">\r\n\t\t<a href=\"https:\/\/blogsaverroes.juntadeandalucia.es\/ceipagora\/2018\/10\/05\/presenta-tu-candidatura-a-consejo-escolar\/\" class=\"_self pt-cv-href-thumbnail pt-cv-thumb-default\" target=\"_self\" ><\/a>\n<div class=\"pt-cv-content\">\u00a1Familias del universo \u00c1gora! Ya estamos en plazo para que present\u00e9is vuestra candidatura a Consejo Escolar. No ten\u00e9is m\u00e1s que ...<br \/><div class=\"pt-cv-rmwrap\"><a href=\"https:\/\/blogsaverroes.juntadeandalucia.es\/ceipagora\/2018\/10\/05\/presenta-tu-candidatura-a-consejo-escolar\/\" class=\"_self pt-cv-readmore btn btn-success\" target=\"_self\">Leer M\u00e1s<\/a><\/div><\/div>\t<\/div>\r\n<\/div><\/div>\n<div class=\"panel panel-default pt-cv-content-item pt-cv-1-col\" >\r\n<div class=\"panel-heading pt-cv-title\">\r\n    <a class=\"panel-title\" data-toggle=\"cvcollapse\" data-parent=\"#f0c179aj8p\" data-target=\"#b9b1d908a2\" href='https:\/\/blogsaverroes.juntadeandalucia.es\/ceipagora\/2018\/09\/21\/calendario-consejo-escolar\/' onclick='event.preventDefault()'>\r\n\t\tCalendario Consejo Escolar\t<\/a>\r\n\t<\/div>\r\n<div id=\"b9b1d908a2\" class=\"panel-collapse collapse \">\r\n\t<div class=\"panel-body\">\r\n\t\t<a href=\"https:\/\/blogsaverroes.juntadeandalucia.es\/ceipagora\/2018\/09\/21\/calendario-consejo-escolar\/\" class=\"_self pt-cv-href-thumbnail pt-cv-thumb-default\" target=\"_self\" ><\/a>\n<div class=\"pt-cv-content\">Hola familias, Os adjuntamos el calendario que regir\u00e1 la renovaci\u00f3n del Consejo Escolar y os animamos a que present\u00e9is candidatura ...<br \/><div class=\"pt-cv-rmwrap\"><a href=\"https:\/\/blogsaverroes.juntadeandalucia.es\/ceipagora\/2018\/09\/21\/calendario-consejo-escolar\/\" class=\"_self pt-cv-readmore btn btn-success\" target=\"_self\">Leer M\u00e1s<\/a><\/div><\/div>\t<\/div>\r\n<\/div><\/div>\n<div class=\"panel panel-default pt-cv-content-item pt-cv-1-col\" >\r\n<div class=\"panel-heading pt-cv-title\">\r\n    <a class=\"panel-title\" data-toggle=\"cvcollapse\" data-parent=\"#f0c179aj8p\" data-target=\"#5eeb461f8p\" href='https:\/\/blogsaverroes.juntadeandalucia.es\/ceipagora\/2018\/04\/27\/boletin-informativo-num-40\/' onclick='event.preventDefault()'>\r\n\t\tBolet\u00edn informativo n\u00fam 40\t<\/a>\r\n\t<\/div>\r\n<div id=\"5eeb461f8p\" class=\"panel-collapse collapse \">\r\n\t<div class=\"panel-body\">\r\n\t\t<a href=\"https:\/\/blogsaverroes.juntadeandalucia.es\/ceipagora\/2018\/04\/27\/boletin-informativo-num-40\/\" class=\"_self pt-cv-href-thumbnail pt-cv-thumb-default\" target=\"_self\" ><\/a>\n<div class=\"pt-cv-content\">Actualizaci\u00f3n de la regulaci\u00f3n de entradas y salidas del alumnado. A petici\u00f3n de una representante de madres y padres del ...<br \/><div class=\"pt-cv-rmwrap\"><a href=\"https:\/\/blogsaverroes.juntadeandalucia.es\/ceipagora\/2018\/04\/27\/boletin-informativo-num-40\/\" class=\"_self pt-cv-readmore btn btn-success\" target=\"_self\">Leer M\u00e1s<\/a><\/div><\/div>\t<\/div>\r\n<\/div><\/div>\n<div class=\"panel panel-default pt-cv-content-item pt-cv-1-col\" >\r\n<div class=\"panel-heading pt-cv-title\">\r\n    <a class=\"panel-title\" data-toggle=\"cvcollapse\" data-parent=\"#f0c179aj8p\" data-target=\"#c438796awr\" href='https:\/\/blogsaverroes.juntadeandalucia.es\/ceipagora\/2018\/03\/07\/boletin-informativo-numero-39\/' onclick='event.preventDefault()'>\r\n\t\tBolet\u00edn informativo n\u00famero 39\t<\/a>\r\n\t<\/div>\r\n<div id=\"c438796awr\" class=\"panel-collapse collapse \">\r\n\t<div class=\"panel-body\">\r\n\t\t<a href=\"https:\/\/blogsaverroes.juntadeandalucia.es\/ceipagora\/2018\/03\/07\/boletin-informativo-numero-39\/\" class=\"_self pt-cv-href-thumbnail pt-cv-thumb-default\" target=\"_self\" ><\/a>\n<div class=\"pt-cv-content\">Estimadas familias, desde el equipo directivo del CEIP \u00c1gora les informamos que ma\u00f1ana jueves 8 de marzo hay convocada una ...<br \/><div class=\"pt-cv-rmwrap\"><a href=\"https:\/\/blogsaverroes.juntadeandalucia.es\/ceipagora\/2018\/03\/07\/boletin-informativo-numero-39\/\" class=\"_self pt-cv-readmore btn btn-success\" target=\"_self\">Leer M\u00e1s<\/a><\/div><\/div>\t<\/div>\r\n<\/div><\/div>\n<div class=\"panel panel-default pt-cv-content-item pt-cv-1-col\" >\r\n<div class=\"panel-heading pt-cv-title\">\r\n    <a class=\"panel-title\" data-toggle=\"cvcollapse\" data-parent=\"#f0c179aj8p\" data-target=\"#39dbebbz7u\" href='https:\/\/blogsaverroes.juntadeandalucia.es\/ceipagora\/2018\/02\/27\/boletin-informativo-numero-38-27-de-febrero-de-2018\/' onclick='event.preventDefault()'>\r\n\t\tBolet\u00edn informativo N\u00famero 38.  27 de febrero de 2018\t<\/a>\r\n\t<\/div>\r\n<div id=\"39dbebbz7u\" class=\"panel-collapse collapse \">\r\n\t<div class=\"panel-body\">\r\n\t\t<a href=\"https:\/\/blogsaverroes.juntadeandalucia.es\/ceipagora\/2018\/02\/27\/boletin-informativo-numero-38-27-de-febrero-de-2018\/\" class=\"_self pt-cv-href-thumbnail pt-cv-thumb-default\" target=\"_self\" ><\/a>\n<div class=\"pt-cv-content\">Se recuerda a las familias que tal como informamos en las normas de centro que se entregaron y firmaron al ...<br \/><div class=\"pt-cv-rmwrap\"><a href=\"https:\/\/blogsaverroes.juntadeandalucia.es\/ceipagora\/2018\/02\/27\/boletin-informativo-numero-38-27-de-febrero-de-2018\/\" class=\"_self pt-cv-readmore btn btn-success\" target=\"_self\">Leer M\u00e1s<\/a><\/div><\/div>\t<\/div>\r\n<\/div><\/div>\n<div class=\"panel panel-default pt-cv-content-item pt-cv-1-col\" >\r\n<div class=\"panel-heading pt-cv-title\">\r\n    <a class=\"panel-title\" data-toggle=\"cvcollapse\" data-parent=\"#f0c179aj8p\" data-target=\"#3e0c56fyir\" href='https:\/\/blogsaverroes.juntadeandalucia.es\/ceipagora\/2017\/10\/09\/boletin-informativo-numero-32-9-octubre-de-2017\/' onclick='event.preventDefault()'>\r\n\t\t\u00a0\u00a0\u00a0\u00a0\u00a0\u00a0 \u00a0Bolet\u00edn informativo N\u00famero\u00a0\u00a0 32 . 9 OCTUBRE de 2017\t<\/a>\r\n\t<\/div>\r\n<div id=\"3e0c56fyir\" class=\"panel-collapse collapse \">\r\n\t<div class=\"panel-body\">\r\n\t\t<a href=\"https:\/\/blogsaverroes.juntadeandalucia.es\/ceipagora\/2017\/10\/09\/boletin-informativo-numero-32-9-octubre-de-2017\/\" class=\"_self pt-cv-href-thumbnail pt-cv-thumb-default\" target=\"_self\" ><\/a>\n<div class=\"pt-cv-content\">Estimadas familias, les informamos que la administraci\u00f3n educativa regula el viernes 13 de octubre como d\u00eda no lectivo provincial, por ...<br \/><div class=\"pt-cv-rmwrap\"><a href=\"https:\/\/blogsaverroes.juntadeandalucia.es\/ceipagora\/2017\/10\/09\/boletin-informativo-numero-32-9-octubre-de-2017\/\" class=\"_self pt-cv-readmore btn btn-success\" target=\"_self\">Leer M\u00e1s<\/a><\/div><\/div>\t<\/div>\r\n<\/div><\/div>\n<div class=\"panel panel-default pt-cv-content-item pt-cv-1-col\" >\r\n<div class=\"panel-heading pt-cv-title\">\r\n    <a class=\"panel-title\" data-toggle=\"cvcollapse\" data-parent=\"#f0c179aj8p\" data-target=\"#f0458bcamk\" href='https:\/\/blogsaverroes.juntadeandalucia.es\/ceipagora\/2017\/03\/07\/boletin-informativo-num-24\/' onclick='event.preventDefault()'>\r\n\t\tBolet\u00edn informativo n\u00fam. 24\t<\/a>\r\n\t<\/div>\r\n<div id=\"f0458bcamk\" class=\"panel-collapse collapse \">\r\n\t<div class=\"panel-body\">\r\n\t\t<a href=\"https:\/\/blogsaverroes.juntadeandalucia.es\/ceipagora\/2017\/03\/07\/boletin-informativo-num-24\/\" class=\"_self pt-cv-href-thumbnail pt-cv-thumb-default\" target=\"_self\" ><\/a>\n<div class=\"pt-cv-content\">Asunto: Huelga Jueves d\u00eda 9 de marzo. Os informamos de que para el d\u00eda arriba indicado hay convocada una huelga ...<br \/><div class=\"pt-cv-rmwrap\"><a href=\"https:\/\/blogsaverroes.juntadeandalucia.es\/ceipagora\/2017\/03\/07\/boletin-informativo-num-24\/\" class=\"_self pt-cv-readmore btn btn-success\" target=\"_self\">Leer M\u00e1s<\/a><\/div><\/div>\t<\/div>\r\n<\/div><\/div>\n<div class=\"panel panel-default pt-cv-content-item pt-cv-1-col\" >\r\n<div class=\"panel-heading pt-cv-title\">\r\n    <a class=\"panel-title\" data-toggle=\"cvcollapse\" data-parent=\"#f0c179aj8p\" data-target=\"#3c8a383jh3\" href='https:\/\/blogsaverroes.juntadeandalucia.es\/ceipagora\/2017\/01\/31\/boletin-numero-21\/' onclick='event.preventDefault()'>\r\n\t\tBolet\u00edn n\u00famero 21\t<\/a>\r\n\t<\/div>\r\n<div id=\"3c8a383jh3\" class=\"panel-collapse collapse \">\r\n\t<div class=\"panel-body\">\r\n\t\t<a href=\"https:\/\/blogsaverroes.juntadeandalucia.es\/ceipagora\/2017\/01\/31\/boletin-numero-21\/\" class=\"_self pt-cv-href-thumbnail pt-cv-thumb-default\" target=\"_self\" ><\/a>\n<div class=\"pt-cv-content\">Estimadas familias, os recordamos que hoy a las 17:00\u00a0comenzar\u00e1 la escuela de familia, con el tema \"Sesi\u00f3n I de ABN\" ...<br \/><div class=\"pt-cv-rmwrap\"><a href=\"https:\/\/blogsaverroes.juntadeandalucia.es\/ceipagora\/2017\/01\/31\/boletin-numero-21\/\" class=\"_self pt-cv-readmore btn btn-success\" target=\"_self\">Leer M\u00e1s<\/a><\/div><\/div>\t<\/div>\r\n<\/div><\/div><\/div><\/div><\/div><\/div>\n","protected":false},"excerpt":{"rendered":"","protected":false},"author":2427,"featured_media":0,"parent":0,"menu_order":0,"comment_status":"closed","ping_status":"open","template":"","meta":{"ngg_post_thumbnail":0,"footnotes":""},"aioseo_notices":[],"_links":{"self":[{"href":"https:\/\/blogsaverroes.juntadeandalucia.es\/ceipagora\/wp-json\/wp\/v2\/pages\/1481"}],"collection":[{"href":"https:\/\/blogsaverroes.juntadeandalucia.es\/ceipagora\/wp-json\/wp\/v2\/pages"}],"about":[{"href":"https:\/\/blogsaverroes.juntadeandalucia.es\/ceipagora\/wp-json\/wp\/v2\/types\/page"}],"author":[{"embeddable":true,"href":"https:\/\/blogsaverroes.juntadeandalucia.es\/ceipagora\/wp-json\/wp\/v2\/users\/2427"}],"replies":[{"embeddable":true,"href":"https:\/\/blogsaverroes.juntadeandalucia.es\/ceipagora\/wp-json\/wp\/v2\/comments?post=1481"}],"version-history":[{"count":1,"href":"https:\/\/blogsaverroes.juntadeandalucia.es\/ceipagora\/wp-json\/wp\/v2\/pages\/1481\/revisions"}],"predecessor-version":[{"id":1484,"href":"https:\/\/blogsaverroes.juntadeandalucia.es\/ceipagora\/wp-json\/wp\/v2\/pages\/1481\/revisions\/1484"}],"wp:attachment":[{"href":"https:\/\/blogsaverroes.juntadeandalucia.es\/ceipagora\/wp-json\/wp\/v2\/media?parent=1481"}],"curies":[{"name":"wp","href":"https:\/\/api.w.org\/{rel}","templated":true}]}}