{"id":2,"date":"2016-01-02T00:02:40","date_gmt":"2016-01-02T00:02:40","guid":{"rendered":"https:\/\/blogsaverroes.juntadeandalucia.es\/ceipagora\/?page_id=2"},"modified":"2023-04-24T10:56:22","modified_gmt":"2023-04-24T10:56:22","slug":"pagina-ejemplo","status":"publish","type":"page","link":"https:\/\/blogsaverroes.juntadeandalucia.es\/ceipagora\/pagina-ejemplo\/","title":{"rendered":"EQUIPO DIRECTIVO"},"content":{"rendered":"<p><strong>Jos\u00e9 Mar\u00eda Dom\u00ednguez-Palacios Carbonero, Director. (2015-2023)<\/strong><\/p>\n<p>direccion@colegiopublicoagora.es<\/p>\n<p><a href=\"https:\/\/blogsaverroes.juntadeandalucia.es\/ceipagora\/files\/2016\/09\/fotodirecci\u00f3n.jpg\"><img loading=\"lazy\" decoding=\"async\" class=\"alignnone size-medium wp-image-843\" src=\"https:\/\/blogsaverroes.juntadeandalucia.es\/ceipagora\/files\/2016\/09\/fotodirecci\u00f3n-225x300.jpg\" alt=\"fotodirecci\u00f3n\" width=\"225\" height=\"300\" srcset=\"https:\/\/blogsaverroes.juntadeandalucia.es\/ceipagora\/files\/2016\/09\/fotodirecci\u00f3n-225x300.jpg 225w, https:\/\/blogsaverroes.juntadeandalucia.es\/ceipagora\/files\/2016\/09\/fotodirecci\u00f3n.jpg 540w\" sizes=\"(max-width: 225px) 100vw, 225px\" \/><\/a><\/p>\n<p>Muy buenas, bienvenido a nuestro espacio web. En su construcci\u00f3n han participado y participan todos los miembros de la Comunidad Educativa\u2026 empiezo cont\u00e1ndote este detalle, ya que es representativo del cole que entre todos estamos construyendo.<\/p>\n<p>Llevamos funcionando tan s\u00f3lo desde 2015, y estamos avanzando a un ritmo fren\u00e9tico hacia la innovaci\u00f3n educativa, que tanto nuestras leyes, como la ciencia, demandan. Tenemos la suerte de contar con un equipo de aut\u00e9nticos \u00abfrikis\u00bb de su trabajo, y DISFRUTAMOS con nuestra profesi\u00f3n.<\/p>\n<p>Nuestro reto es crear una escuela donde los alumnos flipen cada d\u00eda, y el simple hecho de cruzar la puerta del cole, les produzca una sonrisa y el deseo de aprender disfrutando con nosotros (&#8230;y que bonito es poder escribir estas l\u00edneas y defenderlas con hechos y estrategias concretas y observables).<\/p>\n<p>Como miembro del Equipo Directivo os digo, que nuestra labor principal, adem\u00e1s de satisfacer las exigencias administrativas (la parte m\u00e1s tediosa&#8230;) es coordinar, de la forma m\u00e1s profesional, las innumerables propuestas, proyectos y metodolog\u00edas que no paramos de incluir entre todos los compa\u00f1eros, para llevar la calidad educativa al m\u00e1s alto nivel.<\/p>\n<p><strong>Macarena Gallardo Vaello, Jefa de Estudios. (2018\/2019)<\/strong><\/p>\n<p><a href=\"https:\/\/blogsaverroes.juntadeandalucia.es\/ceipagora\/files\/2016\/01\/IMG_20181213_105941.jpg\"><img loading=\"lazy\" decoding=\"async\" class=\"alignnone size-medium wp-image-2412\" src=\"https:\/\/blogsaverroes.juntadeandalucia.es\/ceipagora\/files\/2016\/01\/IMG_20181213_105941-300x213.jpg\" alt=\"\" width=\"300\" height=\"213\" srcset=\"https:\/\/blogsaverroes.juntadeandalucia.es\/ceipagora\/files\/2016\/01\/IMG_20181213_105941-300x213.jpg 300w, https:\/\/blogsaverroes.juntadeandalucia.es\/ceipagora\/files\/2016\/01\/IMG_20181213_105941-768x544.jpg 768w, https:\/\/blogsaverroes.juntadeandalucia.es\/ceipagora\/files\/2016\/01\/IMG_20181213_105941-1024x726.jpg 1024w, https:\/\/blogsaverroes.juntadeandalucia.es\/ceipagora\/files\/2016\/01\/IMG_20181213_105941-700x496.jpg 700w, https:\/\/blogsaverroes.juntadeandalucia.es\/ceipagora\/files\/2016\/01\/IMG_20181213_105941-24x17.jpg 24w, https:\/\/blogsaverroes.juntadeandalucia.es\/ceipagora\/files\/2016\/01\/IMG_20181213_105941-36x26.jpg 36w, https:\/\/blogsaverroes.juntadeandalucia.es\/ceipagora\/files\/2016\/01\/IMG_20181213_105941-48x34.jpg 48w, https:\/\/blogsaverroes.juntadeandalucia.es\/ceipagora\/files\/2016\/01\/IMG_20181213_105941.jpg 1600w\" sizes=\"(max-width: 300px) 100vw, 300px\" \/><\/a><\/p>\n<div dir=\"auto\">\u00a1Bienvenido\/as! El curso pasado tuve la oportunidad de llegar a este centro a recargar mis pilas y dejarme llevar por una comunidad con much\u00edsimas ganas de ser part\u00edcipe en el proceso educativo de sus hijos e hijas.<\/div>\n<div dir=\"auto\">&nbsp;<\/div>\n<div dir=\"auto\">Por suerte, este a\u00f1o permanezco, con la \u00fanica intenci\u00f3n de aportar mi granito de arena a que nuestros ni\u00f1os y ni\u00f1as vengan ilusionados al cole, con una&nbsp; motivaci\u00f3n extra. Mi ilusi\u00f3n es facilitar que, cuando atraviesen la puerta de entrada, se encuentren tan c\u00f3modos, tan a gusto, como si llegar\u00e1n, a la que ya es, su segunda casa.<\/div>\n<div dir=\"auto\">&nbsp;<\/div>\n<div dir=\"auto\">Desde la jefatura de estudios intentar\u00e9 coordinar y favorecer la labor de todas mis compa\u00f1eras\/os del centro para que podamos llevar a buen puerto nuestras pr\u00e1cticas educativas.<\/div>\n<div dir=\"auto\">&nbsp;<\/div>\n<p><strong>Rafael Redondo Jim\u00e9nez, Jefe de Estudios. (2015\/2023)<\/strong><\/p>\n<p>jefatura@colegiopublicoagora.es<\/p>\n<p><a href=\"https:\/\/blogsaverroes.juntadeandalucia.es\/ceipagora\/files\/2016\/09\/IMG_0924.jpg\"><img loading=\"lazy\" decoding=\"async\" class=\"alignnone size-medium wp-image-844\" src=\"https:\/\/blogsaverroes.juntadeandalucia.es\/ceipagora\/files\/2016\/09\/IMG_0924-300x190.jpg\" alt=\"IMG_0924\" width=\"300\" height=\"190\" srcset=\"https:\/\/blogsaverroes.juntadeandalucia.es\/ceipagora\/files\/2016\/09\/IMG_0924-300x190.jpg 300w, https:\/\/blogsaverroes.juntadeandalucia.es\/ceipagora\/files\/2016\/09\/IMG_0924-700x443.jpg 700w, https:\/\/blogsaverroes.juntadeandalucia.es\/ceipagora\/files\/2016\/09\/IMG_0924.jpg 795w\" sizes=\"(max-width: 300px) 100vw, 300px\" \/><\/a><\/p>\n<p>Saludos, a pesar de contar ya con una dilatada carrera docente a mis espaldas (centros privados, concertados, p\u00fablicos, \u201cmillones\u201d de clases particulares\u2026.) nunca he sentido como ahora la ilusi\u00f3n y las ganas por hacer un trabajo innovador, destinado tanto al desarrollo de nuestros alumnos, como al aprendizaje de los maestros y maestras. Estamos haciendo entre tod@s un centro \u00fanico, nuestro, particular y, lo que es m\u00e1s importante, inquieto y abierto al cambio.<\/p>\n<p><strong>David Fenoy P\u00e9rez, Secretario. (2015\/2023)<\/strong><\/p>\n<p>secretario@colegiopublicoagora.es<\/p>\n<p>Mi bienvenida a esta web que pretendemos sea lo m\u00e1s \u00fatil posible. Desde este espacio aprovecho para mandar un saludo a toda la comunidad educativa, una comunidad comprometida con la educaci\u00f3n de los alumnos\/as, entendiendo la escuela como un espacio de aprendizaje integral que persigue la total adaptaci\u00f3n a la sociedad y los nuevos tiempos que corren.<\/p>\n<p>Para ello intento aportar toda mi experiencia desde que que aprobara las oposiciones en el a\u00f1o 2003 y la ilusi\u00f3n del primer d\u00eda para seguir aprendiendo y mejorando este proceso educativo que no debe permanecer inalterable con el paso de los a\u00f1os, si la sociedad evoluciona \u00bf Por qu\u00e9 no debe hacerlo la escuela?<\/p>\n<p><a href=\"https:\/\/blogsaverroes.juntadeandalucia.es\/ceipagora\/files\/2016\/09\/david-cole-direcci\u00f3n.jpg\"><img loading=\"lazy\" decoding=\"async\" class=\"alignnone size-medium wp-image-853\" src=\"https:\/\/blogsaverroes.juntadeandalucia.es\/ceipagora\/files\/2016\/09\/david-cole-direcci\u00f3n-300x225.jpg\" alt=\"david cole direcci\u00f3n\" width=\"300\" height=\"225\" srcset=\"https:\/\/blogsaverroes.juntadeandalucia.es\/ceipagora\/files\/2016\/09\/david-cole-direcci\u00f3n-300x225.jpg 300w, https:\/\/blogsaverroes.juntadeandalucia.es\/ceipagora\/files\/2016\/09\/david-cole-direcci\u00f3n.jpg 604w\" sizes=\"(max-width: 300px) 100vw, 300px\" \/><\/a><\/p>\n","protected":false},"excerpt":{"rendered":"<p>Jos\u00e9 Mar\u00eda Dom\u00ednguez-Palacios Carbonero, Director. (2015-2023) direccion@colegiopublicoagora.es Muy buenas, bienvenido a nuestro espacio web. En su construcci\u00f3n han participado y participan todos los miembros de la Comunidad Educativa\u2026 empiezo cont\u00e1ndote este detalle, ya que&#46;&#46;&#46;<\/p>\n","protected":false},"author":2427,"featured_media":0,"parent":0,"menu_order":0,"comment_status":"closed","ping_status":"open","template":"","meta":{"ngg_post_thumbnail":0,"footnotes":""},"aioseo_notices":[],"_links":{"self":[{"href":"https:\/\/blogsaverroes.juntadeandalucia.es\/ceipagora\/wp-json\/wp\/v2\/pages\/2"}],"collection":[{"href":"https:\/\/blogsaverroes.juntadeandalucia.es\/ceipagora\/wp-json\/wp\/v2\/pages"}],"about":[{"href":"https:\/\/blogsaverroes.juntadeandalucia.es\/ceipagora\/wp-json\/wp\/v2\/types\/page"}],"author":[{"embeddable":true,"href":"https:\/\/blogsaverroes.juntadeandalucia.es\/ceipagora\/wp-json\/wp\/v2\/users\/2427"}],"replies":[{"embeddable":true,"href":"https:\/\/blogsaverroes.juntadeandalucia.es\/ceipagora\/wp-json\/wp\/v2\/comments?post=2"}],"version-history":[{"count":9,"href":"https:\/\/blogsaverroes.juntadeandalucia.es\/ceipagora\/wp-json\/wp\/v2\/pages\/2\/revisions"}],"predecessor-version":[{"id":2033,"href":"https:\/\/blogsaverroes.juntadeandalucia.es\/ceipagora\/wp-json\/wp\/v2\/pages\/2\/revisions\/2033"}],"wp:attachment":[{"href":"https:\/\/blogsaverroes.juntadeandalucia.es\/ceipagora\/wp-json\/wp\/v2\/media?parent=2"}],"curies":[{"name":"wp","href":"https:\/\/api.w.org\/{rel}","templated":true}]}}