{"id":20,"date":"2016-01-09T05:09:15","date_gmt":"2016-01-09T05:09:15","guid":{"rendered":"https:\/\/blogsaverroes.juntadeandalucia.es\/ceipagora\/?page_id=20"},"modified":"2017-12-11T12:03:50","modified_gmt":"2017-12-11T12:03:50","slug":"consejo-escolar","status":"publish","type":"page","link":"https:\/\/blogsaverroes.juntadeandalucia.es\/ceipagora\/consejo-escolar\/","title":{"rendered":"Consejo Escolar"},"content":{"rendered":"<p>El Consejo Escolar ha sufrido algunas modificaciones en su funcionamiento en los \u00faltimos a\u00f1os, os adjuntamos una gu\u00eda que explica los principales cambios de forma muy did\u00e1ctica.<\/p>\n<p>&nbsp;<\/p>\n<p><a href=\"https:\/\/blogsaverroes.juntadeandalucia.es\/ceipagora\/files\/2016\/01\/Gu\u00eda-para-Madres-y-Padres-que-participan-en-Consejos-Escolares_CODAPA-1.pdf\">Gu\u00eda para Madres y Padres que participan en Consejos Escolares_CODAPA (1)<\/a><\/p>\n<p>&nbsp;<\/p>\n<p>Por otra parte os adjuntamos fotos de las madres y padres del Consejo Escolar, recordad que junto con las Delegadas de clase, y AMPA, pod\u00e9is recurrir a ellos con cualquier inquietud relacionada con el centro, ya que son vuestros representantes.<\/p>\n<p style=\"text-align: left\"><a href=\"https:\/\/blogsaverroes.juntadeandalucia.es\/ceipagora\/files\/2016\/01\/unnamed-1.jpg\"><img loading=\"lazy\" decoding=\"async\" class=\"alignnone size-medium wp-image-1938\" src=\"https:\/\/blogsaverroes.juntadeandalucia.es\/ceipagora\/files\/2016\/01\/unnamed-1-223x300.jpg\" alt=\"\" width=\"223\" height=\"300\" srcset=\"https:\/\/blogsaverroes.juntadeandalucia.es\/ceipagora\/files\/2016\/01\/unnamed-1-223x300.jpg 223w, https:\/\/blogsaverroes.juntadeandalucia.es\/ceipagora\/files\/2016\/01\/unnamed-1.jpg 761w, https:\/\/blogsaverroes.juntadeandalucia.es\/ceipagora\/files\/2016\/01\/unnamed-1-700x942.jpg 700w, https:\/\/blogsaverroes.juntadeandalucia.es\/ceipagora\/files\/2016\/01\/unnamed-1-18x24.jpg 18w, https:\/\/blogsaverroes.juntadeandalucia.es\/ceipagora\/files\/2016\/01\/unnamed-1-27x36.jpg 27w, https:\/\/blogsaverroes.juntadeandalucia.es\/ceipagora\/files\/2016\/01\/unnamed-1-36x48.jpg 36w\" sizes=\"(max-width: 223px) 100vw, 223px\" \/>&nbsp;&nbsp;&nbsp;<\/a><\/p>\n<p style=\"text-align: left\">Manuel, padre en la clase de 5 a\u00f1os.<\/p>\n<p style=\"text-align: left\"><a href=\"https:\/\/blogsaverroes.juntadeandalucia.es\/ceipagora\/files\/2016\/01\/unnamed-2.jpg\"><img loading=\"lazy\" decoding=\"async\" class=\"size-medium wp-image-1939 alignleft\" src=\"https:\/\/blogsaverroes.juntadeandalucia.es\/ceipagora\/files\/2016\/01\/unnamed-2-216x300.jpg\" alt=\"\" width=\"216\" height=\"300\" srcset=\"https:\/\/blogsaverroes.juntadeandalucia.es\/ceipagora\/files\/2016\/01\/unnamed-2-216x300.jpg 216w, https:\/\/blogsaverroes.juntadeandalucia.es\/ceipagora\/files\/2016\/01\/unnamed-2-768x1066.jpg 768w, https:\/\/blogsaverroes.juntadeandalucia.es\/ceipagora\/files\/2016\/01\/unnamed-2-738x1024.jpg 738w, https:\/\/blogsaverroes.juntadeandalucia.es\/ceipagora\/files\/2016\/01\/unnamed-2-700x972.jpg 700w, https:\/\/blogsaverroes.juntadeandalucia.es\/ceipagora\/files\/2016\/01\/unnamed-2-17x24.jpg 17w, https:\/\/blogsaverroes.juntadeandalucia.es\/ceipagora\/files\/2016\/01\/unnamed-2-26x36.jpg 26w, https:\/\/blogsaverroes.juntadeandalucia.es\/ceipagora\/files\/2016\/01\/unnamed-2-35x48.jpg 35w, https:\/\/blogsaverroes.juntadeandalucia.es\/ceipagora\/files\/2016\/01\/unnamed-2.jpg 879w\" sizes=\"(max-width: 216px) 100vw, 216px\" \/><\/a><\/p>\n<p style=\"text-align: left\">&nbsp;<\/p>\n<p style=\"text-align: left\">&nbsp;<\/p>\n<p style=\"text-align: left\">&nbsp;<\/p>\n<p style=\"text-align: left\">&nbsp;<\/p>\n<p style=\"text-align: left\">&nbsp;<\/p>\n<p style=\"text-align: left\">&nbsp;<\/p>\n<p style=\"text-align: left\">&nbsp;<\/p>\n<p>&nbsp;<\/p>\n<p><a href=\"https:\/\/blogsaverroes.juntadeandalucia.es\/ceipagora\/files\/2016\/01\/unnamed-3.jpg\">Sandra, preside el AMPA y madre de la clase de 3\u00ba y 4\u00ba.<\/a><\/p>\n<p style=\"text-align: left\"><a href=\"https:\/\/blogsaverroes.juntadeandalucia.es\/ceipagora\/files\/2016\/01\/unnamed-3.jpg\"><img loading=\"lazy\" decoding=\"async\" class=\"size-medium wp-image-1940 alignleft\" src=\"https:\/\/blogsaverroes.juntadeandalucia.es\/ceipagora\/files\/2016\/01\/unnamed-3-174x300.jpg\" alt=\"\" width=\"174\" height=\"300\" srcset=\"https:\/\/blogsaverroes.juntadeandalucia.es\/ceipagora\/files\/2016\/01\/unnamed-3-174x300.jpg 174w, https:\/\/blogsaverroes.juntadeandalucia.es\/ceipagora\/files\/2016\/01\/unnamed-3-14x24.jpg 14w, https:\/\/blogsaverroes.juntadeandalucia.es\/ceipagora\/files\/2016\/01\/unnamed-3-21x36.jpg 21w, https:\/\/blogsaverroes.juntadeandalucia.es\/ceipagora\/files\/2016\/01\/unnamed-3-28x48.jpg 28w, https:\/\/blogsaverroes.juntadeandalucia.es\/ceipagora\/files\/2016\/01\/unnamed-3.jpg 258w\" sizes=\"(max-width: 174px) 100vw, 174px\" \/><\/a><\/p>\n<p style=\"text-align: left\">&nbsp;<\/p>\n<p>&nbsp;<\/p>\n<p style=\"text-align: left\">&nbsp;<\/p>\n<p style=\"text-align: left\">&nbsp;<\/p>\n<p style=\"text-align: left\">&nbsp;<\/p>\n<p style=\"text-align: left\">&nbsp;<\/p>\n<p style=\"text-align: left\">&nbsp;<\/p>\n<p style=\"text-align: left\">&nbsp;<\/p>\n<p><a href=\"https:\/\/blogsaverroes.juntadeandalucia.es\/ceipagora\/files\/2016\/01\/unnamed-3.jpg\">Dani, padre de la clase de 5 a\u00f1os<\/a><\/p>\n<p style=\"text-align: left\"><a href=\"https:\/\/blogsaverroes.juntadeandalucia.es\/ceipagora\/files\/2016\/01\/unnamed-4.jpg\"><img loading=\"lazy\" decoding=\"async\" class=\"alignnone size-medium wp-image-1941\" src=\"https:\/\/blogsaverroes.juntadeandalucia.es\/ceipagora\/files\/2016\/01\/unnamed-4-169x300.jpg\" alt=\"\" width=\"169\" height=\"300\" srcset=\"https:\/\/blogsaverroes.juntadeandalucia.es\/ceipagora\/files\/2016\/01\/unnamed-4-169x300.jpg 169w, https:\/\/blogsaverroes.juntadeandalucia.es\/ceipagora\/files\/2016\/01\/unnamed-4-576x1024.jpg 576w, https:\/\/blogsaverroes.juntadeandalucia.es\/ceipagora\/files\/2016\/01\/unnamed-4-700x1244.jpg 700w, https:\/\/blogsaverroes.juntadeandalucia.es\/ceipagora\/files\/2016\/01\/unnamed-4-14x24.jpg 14w, https:\/\/blogsaverroes.juntadeandalucia.es\/ceipagora\/files\/2016\/01\/unnamed-4-20x36.jpg 20w, https:\/\/blogsaverroes.juntadeandalucia.es\/ceipagora\/files\/2016\/01\/unnamed-4-27x48.jpg 27w, https:\/\/blogsaverroes.juntadeandalucia.es\/ceipagora\/files\/2016\/01\/unnamed-4.jpg 720w\" sizes=\"(max-width: 169px) 100vw, 169px\" \/><\/a><\/p>\n<p style=\"text-align: left\"><a href=\"https:\/\/blogsaverroes.juntadeandalucia.es\/ceipagora\/files\/2016\/01\/unnamed.jpg\">Olga, madre de la clase de 2\u00ba<\/a><\/p>\n<p style=\"text-align: left\"><a href=\"https:\/\/blogsaverroes.juntadeandalucia.es\/ceipagora\/files\/2016\/01\/unnamed.jpg\"><img loading=\"lazy\" decoding=\"async\" class=\"size-medium wp-image-1942 alignleft\" src=\"https:\/\/blogsaverroes.juntadeandalucia.es\/ceipagora\/files\/2016\/01\/unnamed-284x300.jpg\" alt=\"\" width=\"284\" height=\"300\" srcset=\"https:\/\/blogsaverroes.juntadeandalucia.es\/ceipagora\/files\/2016\/01\/unnamed-284x300.jpg 284w, https:\/\/blogsaverroes.juntadeandalucia.es\/ceipagora\/files\/2016\/01\/unnamed-768x812.jpg 768w, https:\/\/blogsaverroes.juntadeandalucia.es\/ceipagora\/files\/2016\/01\/unnamed-969x1024.jpg 969w, https:\/\/blogsaverroes.juntadeandalucia.es\/ceipagora\/files\/2016\/01\/unnamed-700x740.jpg 700w, https:\/\/blogsaverroes.juntadeandalucia.es\/ceipagora\/files\/2016\/01\/unnamed-24x24.jpg 24w, https:\/\/blogsaverroes.juntadeandalucia.es\/ceipagora\/files\/2016\/01\/unnamed-34x36.jpg 34w, https:\/\/blogsaverroes.juntadeandalucia.es\/ceipagora\/files\/2016\/01\/unnamed-45x48.jpg 45w, https:\/\/blogsaverroes.juntadeandalucia.es\/ceipagora\/files\/2016\/01\/unnamed.jpg 1101w\" sizes=\"(max-width: 284px) 100vw, 284px\" \/><\/a><\/p>\n<p style=\"text-align: left\">&nbsp;<\/p>\n<p style=\"text-align: left\">&nbsp;<\/p>\n<p style=\"text-align: left\">&nbsp;<\/p>\n<p style=\"text-align: left\">&nbsp;<\/p>\n<p style=\"text-align: left\">&nbsp;<\/p>\n<p style=\"text-align: left\">&nbsp;<\/p>\n<p style=\"text-align: left\">&nbsp;<\/p>\n<p style=\"text-align: left\">M\u00aa \u00c1ngeles, madre de las clases de 2\u00ba y 5\u00ba.<\/p>\n<p>&nbsp;<\/p>\n<p style=\"text-align: left\"><a href=\"https:\/\/blogsaverroes.juntadeandalucia.es\/ceipagora\/files\/2016\/01\/unnamed-5.jpg\"><img loading=\"lazy\" decoding=\"async\" class=\"alignnone size-medium wp-image-1946\" src=\"https:\/\/blogsaverroes.juntadeandalucia.es\/ceipagora\/files\/2016\/01\/unnamed-5-169x300.jpg\" alt=\"\" width=\"169\" height=\"300\" srcset=\"https:\/\/blogsaverroes.juntadeandalucia.es\/ceipagora\/files\/2016\/01\/unnamed-5-169x300.jpg 169w, https:\/\/blogsaverroes.juntadeandalucia.es\/ceipagora\/files\/2016\/01\/unnamed-5-577x1024.jpg 577w, https:\/\/blogsaverroes.juntadeandalucia.es\/ceipagora\/files\/2016\/01\/unnamed-5-14x24.jpg 14w, https:\/\/blogsaverroes.juntadeandalucia.es\/ceipagora\/files\/2016\/01\/unnamed-5-20x36.jpg 20w, https:\/\/blogsaverroes.juntadeandalucia.es\/ceipagora\/files\/2016\/01\/unnamed-5-27x48.jpg 27w, https:\/\/blogsaverroes.juntadeandalucia.es\/ceipagora\/files\/2016\/01\/unnamed-5.jpg 640w\" sizes=\"(max-width: 169px) 100vw, 169px\" \/><\/a><\/p>\n<p style=\"text-align: left\">Vanesa, madre de las clases de 1\u00ba y Infantil 3 a\u00f1os.<\/p>\n<p style=\"text-align: left\">&nbsp;<\/p>\n<p style=\"text-align: left\">Por \u00faltimo, os dejamos una direcci\u00f3n de correo com\u00fan a los padres y madres del Consejo Escolar (s\u00f3lo tendr\u00e1n acceso los representantes de los padres y madres del Consejo Escolar)<\/p>\n<p style=\"text-align: left\"><strong>consejoescolar@colegiopublicoagora.es<\/strong><\/p>\n<p>&nbsp;<\/p>\n","protected":false},"excerpt":{"rendered":"<p>El Consejo Escolar ha sufrido algunas modificaciones en su funcionamiento en los \u00faltimos a\u00f1os, os adjuntamos una gu\u00eda que explica los principales cambios de forma muy did\u00e1ctica. &nbsp; Gu\u00eda para Madres y Padres que&#46;&#46;&#46;<\/p>\n","protected":false},"author":2427,"featured_media":0,"parent":0,"menu_order":0,"comment_status":"closed","ping_status":"open","template":"","meta":{"ngg_post_thumbnail":0,"footnotes":""},"aioseo_notices":[],"_links":{"self":[{"href":"https:\/\/blogsaverroes.juntadeandalucia.es\/ceipagora\/wp-json\/wp\/v2\/pages\/20"}],"collection":[{"href":"https:\/\/blogsaverroes.juntadeandalucia.es\/ceipagora\/wp-json\/wp\/v2\/pages"}],"about":[{"href":"https:\/\/blogsaverroes.juntadeandalucia.es\/ceipagora\/wp-json\/wp\/v2\/types\/page"}],"author":[{"embeddable":true,"href":"https:\/\/blogsaverroes.juntadeandalucia.es\/ceipagora\/wp-json\/wp\/v2\/users\/2427"}],"replies":[{"embeddable":true,"href":"https:\/\/blogsaverroes.juntadeandalucia.es\/ceipagora\/wp-json\/wp\/v2\/comments?post=20"}],"version-history":[{"count":8,"href":"https:\/\/blogsaverroes.juntadeandalucia.es\/ceipagora\/wp-json\/wp\/v2\/pages\/20\/revisions"}],"predecessor-version":[{"id":1950,"href":"https:\/\/blogsaverroes.juntadeandalucia.es\/ceipagora\/wp-json\/wp\/v2\/pages\/20\/revisions\/1950"}],"wp:attachment":[{"href":"https:\/\/blogsaverroes.juntadeandalucia.es\/ceipagora\/wp-json\/wp\/v2\/media?parent=20"}],"curies":[{"name":"wp","href":"https:\/\/api.w.org\/{rel}","templated":true}]}}