{"id":2026,"date":"2017-12-14T09:35:04","date_gmt":"2017-12-14T09:35:04","guid":{"rendered":"https:\/\/blogsaverroes.juntadeandalucia.es\/ceipagora\/?page_id=2026"},"modified":"2017-12-22T12:59:53","modified_gmt":"2017-12-22T12:59:53","slug":"puntos-culturales","status":"publish","type":"page","link":"https:\/\/blogsaverroes.juntadeandalucia.es\/ceipagora\/puntos-culturales\/","title":{"rendered":"PUNTOS CULTURALES"},"content":{"rendered":"<p>Un punto cultural es un espacio f\u00edsico donde, principalmente el alumnado, puede exponer sus producciones escolares, depositar e intercambiar libros\u2026 y en definitiva, facilitar el acceso a la cultura a toda la poblaci\u00f3n de la localidad.&nbsp; Una \u201ccasetilla\u201d ubicada en puntos estrat\u00e9gicos de la localidad, con espacio para depositar libros y publicaciones escolares.<\/p>\n<p>Las publicaciones contar\u00e1n con un <strong>c\u00f3digo QR y direcciones web<\/strong>, as\u00ed el visitante podr\u00e1 ampliar informaci\u00f3n del art\u00edculo o libro expuesto. En estos enlaces encontrar\u00e1 desde producciones audiovisuales del alumnado, art\u00edculos de investigaci\u00f3n en sus blogs, poes\u00edas, fotograf\u00edas, reportajes, comentarios de texto de los libros depositados y un largo etc\u00e9tera&#8230; Se trata, por tanto, de un proceso de difusi\u00f3n cultural complejo, con el que todas las localidades deber\u00edan contar:<\/p>\n<ul>\n<li>Estamos usando metodolog\u00edas actualizadas, <strong>Aprendizaje Servicio<\/strong> como eje. Al servicio de las competencias clave y las \u00e1reas.<\/li>\n<li><strong>Contextualizamos<\/strong> la ense\u00f1anza y garantizamos la motivaci\u00f3n. El centro genera proyectos multidisciplinares, que permitan al alumnado el desarrollo de contenidos a trav\u00e9s de los puntos culturales.<\/li>\n<li>Las <strong>nuevas tecnolog\u00edas<\/strong> suponen el principal veh\u00edculo de comunicaci\u00f3n entre el centro y el punto cultural.<\/li>\n<li><strong>El pueblo o zona de influencia se identifica con la propuesta,<\/strong> El resto de centros educativos (primaria y secundaria), trabajan en sinton\u00eda.<\/li>\n<\/ul>\n<p>&nbsp;<\/p>\n<p><a href=\"https:\/\/blogsaverroes.juntadeandalucia.es\/ceipagora\/files\/2017\/12\/punto-cultural-2.jpg\"><img loading=\"lazy\" decoding=\"async\" class=\"alignnone size-full wp-image-2103\" src=\"https:\/\/blogsaverroes.juntadeandalucia.es\/ceipagora\/files\/2017\/12\/punto-cultural-2.jpg\" alt=\"\" width=\"194\" height=\"259\" srcset=\"https:\/\/blogsaverroes.juntadeandalucia.es\/ceipagora\/files\/2017\/12\/punto-cultural-2.jpg 194w, https:\/\/blogsaverroes.juntadeandalucia.es\/ceipagora\/files\/2017\/12\/punto-cultural-2-18x24.jpg 18w, https:\/\/blogsaverroes.juntadeandalucia.es\/ceipagora\/files\/2017\/12\/punto-cultural-2-27x36.jpg 27w, https:\/\/blogsaverroes.juntadeandalucia.es\/ceipagora\/files\/2017\/12\/punto-cultural-2-36x48.jpg 36w\" sizes=\"(max-width: 194px) 100vw, 194px\" \/><\/a><\/p>\n<p><a href=\"https:\/\/blogsaverroes.juntadeandalucia.es\/ceipagora\/files\/2017\/12\/punto-cultural-3.jpg\"><img loading=\"lazy\" decoding=\"async\" class=\"alignnone size-medium wp-image-2104\" src=\"https:\/\/blogsaverroes.juntadeandalucia.es\/ceipagora\/files\/2017\/12\/punto-cultural-3.jpg\" alt=\"\" width=\"259\" height=\"194\" srcset=\"https:\/\/blogsaverroes.juntadeandalucia.es\/ceipagora\/files\/2017\/12\/punto-cultural-3.jpg 259w, https:\/\/blogsaverroes.juntadeandalucia.es\/ceipagora\/files\/2017\/12\/punto-cultural-3-24x18.jpg 24w, https:\/\/blogsaverroes.juntadeandalucia.es\/ceipagora\/files\/2017\/12\/punto-cultural-3-36x27.jpg 36w, https:\/\/blogsaverroes.juntadeandalucia.es\/ceipagora\/files\/2017\/12\/punto-cultural-3-48x36.jpg 48w\" sizes=\"(max-width: 259px) 100vw, 259px\" \/><\/a><\/p>\n<p><a href=\"https:\/\/blogsaverroes.juntadeandalucia.es\/ceipagora\/files\/2017\/12\/punto-cultural.jpg\"><img loading=\"lazy\" decoding=\"async\" class=\"alignnone size-medium wp-image-2105\" src=\"https:\/\/blogsaverroes.juntadeandalucia.es\/ceipagora\/files\/2017\/12\/punto-cultural-300x168.jpg\" alt=\"\" width=\"300\" height=\"168\" srcset=\"https:\/\/blogsaverroes.juntadeandalucia.es\/ceipagora\/files\/2017\/12\/punto-cultural.jpg 300w, https:\/\/blogsaverroes.juntadeandalucia.es\/ceipagora\/files\/2017\/12\/punto-cultural-24x13.jpg 24w, https:\/\/blogsaverroes.juntadeandalucia.es\/ceipagora\/files\/2017\/12\/punto-cultural-36x20.jpg 36w, https:\/\/blogsaverroes.juntadeandalucia.es\/ceipagora\/files\/2017\/12\/punto-cultural-48x27.jpg 48w\" sizes=\"(max-width: 300px) 100vw, 300px\" \/><\/a><\/p>\n","protected":false},"excerpt":{"rendered":"<p>Un punto cultural es un espacio f\u00edsico donde, principalmente el alumnado, puede exponer sus producciones escolares, depositar e intercambiar libros\u2026 y en definitiva, facilitar el acceso a la cultura a toda la poblaci\u00f3n de&#46;&#46;&#46;<\/p>\n","protected":false},"author":2427,"featured_media":0,"parent":0,"menu_order":0,"comment_status":"closed","ping_status":"closed","template":"","meta":{"ngg_post_thumbnail":0,"footnotes":""},"aioseo_notices":[],"_links":{"self":[{"href":"https:\/\/blogsaverroes.juntadeandalucia.es\/ceipagora\/wp-json\/wp\/v2\/pages\/2026"}],"collection":[{"href":"https:\/\/blogsaverroes.juntadeandalucia.es\/ceipagora\/wp-json\/wp\/v2\/pages"}],"about":[{"href":"https:\/\/blogsaverroes.juntadeandalucia.es\/ceipagora\/wp-json\/wp\/v2\/types\/page"}],"author":[{"embeddable":true,"href":"https:\/\/blogsaverroes.juntadeandalucia.es\/ceipagora\/wp-json\/wp\/v2\/users\/2427"}],"replies":[{"embeddable":true,"href":"https:\/\/blogsaverroes.juntadeandalucia.es\/ceipagora\/wp-json\/wp\/v2\/comments?post=2026"}],"version-history":[{"count":3,"href":"https:\/\/blogsaverroes.juntadeandalucia.es\/ceipagora\/wp-json\/wp\/v2\/pages\/2026\/revisions"}],"predecessor-version":[{"id":2108,"href":"https:\/\/blogsaverroes.juntadeandalucia.es\/ceipagora\/wp-json\/wp\/v2\/pages\/2026\/revisions\/2108"}],"wp:attachment":[{"href":"https:\/\/blogsaverroes.juntadeandalucia.es\/ceipagora\/wp-json\/wp\/v2\/media?parent=2026"}],"curies":[{"name":"wp","href":"https:\/\/api.w.org\/{rel}","templated":true}]}}