{"id":2052,"date":"2017-12-14T12:55:38","date_gmt":"2017-12-14T12:55:38","guid":{"rendered":"https:\/\/blogsaverroes.juntadeandalucia.es\/ceipagora\/?page_id=2052"},"modified":"2017-12-14T12:55:38","modified_gmt":"2017-12-14T12:55:38","slug":"ranopla","status":"publish","type":"page","link":"https:\/\/blogsaverroes.juntadeandalucia.es\/ceipagora\/ranopla\/","title":{"rendered":"RANOPLA"},"content":{"rendered":"<p>Proyecto de fomento de lectura desarrollado por una empresa de Zaragoza, con much\u00edsimo peso en el control de la comprensi\u00f3n lectora del alumnado.&nbsp;<\/p>\n<p>Una herramienta para facilitar el trabajo docente respecto a la lectura del alumnado.<\/p>\n<p>&nbsp;<\/p>\n<p><a href=\"https:\/\/www.ranopla.es\/\"><img loading=\"lazy\" decoding=\"async\" class=\"size-full wp-image-2054 aligncenter\" src=\"https:\/\/blogsaverroes.juntadeandalucia.es\/ceipagora\/files\/2017\/12\/ranopla.jpg\" alt=\"\" width=\"290\" height=\"174\" srcset=\"https:\/\/blogsaverroes.juntadeandalucia.es\/ceipagora\/files\/2017\/12\/ranopla.jpg 290w, https:\/\/blogsaverroes.juntadeandalucia.es\/ceipagora\/files\/2017\/12\/ranopla-24x14.jpg 24w, https:\/\/blogsaverroes.juntadeandalucia.es\/ceipagora\/files\/2017\/12\/ranopla-36x22.jpg 36w, https:\/\/blogsaverroes.juntadeandalucia.es\/ceipagora\/files\/2017\/12\/ranopla-48x29.jpg 48w\" sizes=\"(max-width: 290px) 100vw, 290px\" \/><\/a><\/p>\n<p>&nbsp;<\/p>\n<p>El origen de aplicar este m\u00e9todo en el centro se remonta a la experiencia de un docente de nuestro centro en EEUU. Este tipo de plataformas eran muy comunes en los colegios, y realmente arrojaban unos resultados muy buenos con el alumnado de all\u00ed.<\/p>\n<p>&nbsp;<\/p>\n<p><strong>\u00bfQu\u00e9 espera un Docente de nuestro centro de los padres y madres respecto a Ranopla?<\/strong><\/p>\n<p>&nbsp;<\/p>\n<p>Como bien sab\u00e9is, tenemos una pol\u00edtica deberes aprobada para todo el centro, en la que b\u00e1sicamente, procuramos que nuestro alumnado no pierda tardes de juego y aprendizaje real, copiando deberes de forma repetida de un libro de texto.<\/p>\n<p>Esto no significa que el alumnado de nuestro centro, desconecte de nosotros en su tiempo no lectivo. Nuestro reto es adecuar los deberes a las demandas actuales de la sociedad, que sean eminentemente funcionales y con una duraci\u00f3n razonable.<\/p>\n<p><strong>Dicho esto, las familias tienen que procurar que sus hijos\/as tengan un momento de lectura diaria, de forma obligatoria. <\/strong>Si su lectura est\u00e1 registrada en Ranopla adem\u00e1s, podremos controlar su proceso de aprendizaje de una forma m\u00e1s c\u00f3moda y sencilla.<\/p>\n<p>Los t\u00edtulos a elegir por el alumnado&#8230; si es necesario o no que el libro est\u00e9 en Ranopla&#8230; el horario de lectura en casa, etc&#8230; lo mejor es que lo consult\u00e9is con el tutor\/a de referencia, ya que procuramos hacer nuestras propuesta did\u00e1ctica de la forma m\u00e1s adaptada posible a cada alumno.<\/p>\n<p>&nbsp;<\/p>\n","protected":false},"excerpt":{"rendered":"<p>Proyecto de fomento de lectura desarrollado por una empresa de Zaragoza, con much\u00edsimo peso en el control de la comprensi\u00f3n lectora del alumnado.&nbsp; Una herramienta para facilitar el trabajo docente respecto a la lectura&#46;&#46;&#46;<\/p>\n","protected":false},"author":2427,"featured_media":0,"parent":0,"menu_order":0,"comment_status":"closed","ping_status":"closed","template":"","meta":{"ngg_post_thumbnail":0,"footnotes":""},"aioseo_notices":[],"_links":{"self":[{"href":"https:\/\/blogsaverroes.juntadeandalucia.es\/ceipagora\/wp-json\/wp\/v2\/pages\/2052"}],"collection":[{"href":"https:\/\/blogsaverroes.juntadeandalucia.es\/ceipagora\/wp-json\/wp\/v2\/pages"}],"about":[{"href":"https:\/\/blogsaverroes.juntadeandalucia.es\/ceipagora\/wp-json\/wp\/v2\/types\/page"}],"author":[{"embeddable":true,"href":"https:\/\/blogsaverroes.juntadeandalucia.es\/ceipagora\/wp-json\/wp\/v2\/users\/2427"}],"replies":[{"embeddable":true,"href":"https:\/\/blogsaverroes.juntadeandalucia.es\/ceipagora\/wp-json\/wp\/v2\/comments?post=2052"}],"version-history":[{"count":1,"href":"https:\/\/blogsaverroes.juntadeandalucia.es\/ceipagora\/wp-json\/wp\/v2\/pages\/2052\/revisions"}],"predecessor-version":[{"id":2056,"href":"https:\/\/blogsaverroes.juntadeandalucia.es\/ceipagora\/wp-json\/wp\/v2\/pages\/2052\/revisions\/2056"}],"wp:attachment":[{"href":"https:\/\/blogsaverroes.juntadeandalucia.es\/ceipagora\/wp-json\/wp\/v2\/media?parent=2052"}],"curies":[{"name":"wp","href":"https:\/\/api.w.org\/{rel}","templated":true}]}}