{"id":2065,"date":"2017-12-15T12:58:44","date_gmt":"2017-12-15T12:58:44","guid":{"rendered":"https:\/\/blogsaverroes.juntadeandalucia.es\/ceipagora\/?page_id=2065"},"modified":"2018-01-12T11:18:04","modified_gmt":"2018-01-12T11:18:04","slug":"monedas-agora","status":"publish","type":"page","link":"https:\/\/blogsaverroes.juntadeandalucia.es\/ceipagora\/monedas-agora\/","title":{"rendered":"MONEDAS \u00c1GORA"},"content":{"rendered":"<blockquote><p>\u00a1Hola de nuevo!<\/p>\n<p>Ya est\u00e1s listo para ir en busca de tesoros&#8230; recuerda que en muchos cach\u00e9s debes dejar algo como intercambio, t\u00fa eliges el qu\u00e9.<\/p>\n<p>Nosotros desde el colegio, te proponemos dejar una huella de nuestro cole.<\/p>\n<p><a href=\"https:\/\/drive.google.com\/open?id=1yysPlJo09zyHkLHeZeONtGNcibg4-Ycd\"><img loading=\"lazy\" decoding=\"async\" class=\"size-medium wp-image-1733 alignleft\" src=\"https:\/\/blogsaverroes.juntadeandalucia.es\/colegionuevodepalomares\/files\/2017\/12\/MONEDAS-AGORA-300x225.jpg\" alt=\"\" width=\"300\" height=\"225\"><\/a><\/p>\n<p>Tenemos para ti unas monedas con un c\u00f3digo QR insertado, para que otros aventureros conozcan este proyecto. Puedes descargarlas y hacerlas t\u00fa mismo haciendo clic en la foto de las monedas (recuerda plastificarlas) , o pedirlas a tu maestra\/o.<\/p>\n<p>&nbsp;<\/p>\n<p>&nbsp;<\/p>\n<p>Quiz\u00e1s en clase hag\u00e1is otro tipo de regalos para intercambiar como parte de alg\u00fan proyecto de aula&#8230; eso por supuesto es v\u00e1lido tambi\u00e9n&#8230;incluso a\u00f1adir c\u00f3digos QR que enlacen a tu propio blog&#8230; Mientras, puedes usar nuestras monedas o cualquier otra opci\u00f3n que inventes.<\/p>\n<p>Por otra parte, no en todos los cach\u00e9s hay hueco para las monedas, en ocasiones, son muy peque\u00f1os y apenas hay espacio para firmar&#8230; as\u00ed que usa las monedas cuando sea posible.<\/p>\n<p>&nbsp;<\/p>\n<p>&nbsp;<\/p>\n<p>&nbsp;<\/p><\/blockquote>\n","protected":false},"excerpt":{"rendered":"<p>\u00a1Hola de nuevo! Ya est\u00e1s listo para ir en busca de tesoros&#8230; recuerda que en muchos cach\u00e9s debes dejar algo como intercambio, t\u00fa eliges el qu\u00e9. Nosotros desde el colegio, te proponemos dejar una&#46;&#46;&#46;<\/p>\n","protected":false},"author":2427,"featured_media":0,"parent":0,"menu_order":0,"comment_status":"closed","ping_status":"closed","template":"","meta":{"ngg_post_thumbnail":0,"footnotes":""},"aioseo_notices":[],"_links":{"self":[{"href":"https:\/\/blogsaverroes.juntadeandalucia.es\/ceipagora\/wp-json\/wp\/v2\/pages\/2065"}],"collection":[{"href":"https:\/\/blogsaverroes.juntadeandalucia.es\/ceipagora\/wp-json\/wp\/v2\/pages"}],"about":[{"href":"https:\/\/blogsaverroes.juntadeandalucia.es\/ceipagora\/wp-json\/wp\/v2\/types\/page"}],"author":[{"embeddable":true,"href":"https:\/\/blogsaverroes.juntadeandalucia.es\/ceipagora\/wp-json\/wp\/v2\/users\/2427"}],"replies":[{"embeddable":true,"href":"https:\/\/blogsaverroes.juntadeandalucia.es\/ceipagora\/wp-json\/wp\/v2\/comments?post=2065"}],"version-history":[{"count":6,"href":"https:\/\/blogsaverroes.juntadeandalucia.es\/ceipagora\/wp-json\/wp\/v2\/pages\/2065\/revisions"}],"predecessor-version":[{"id":2123,"href":"https:\/\/blogsaverroes.juntadeandalucia.es\/ceipagora\/wp-json\/wp\/v2\/pages\/2065\/revisions\/2123"}],"wp:attachment":[{"href":"https:\/\/blogsaverroes.juntadeandalucia.es\/ceipagora\/wp-json\/wp\/v2\/media?parent=2065"}],"curies":[{"name":"wp","href":"https:\/\/api.w.org\/{rel}","templated":true}]}}