{"id":2398,"date":"2018-11-30T12:29:38","date_gmt":"2018-11-30T12:29:38","guid":{"rendered":"https:\/\/blogsaverroes.juntadeandalucia.es\/ceipagora\/?page_id=2398"},"modified":"2018-12-03T12:18:11","modified_gmt":"2018-12-03T12:18:11","slug":"coeducacion","status":"publish","type":"page","link":"https:\/\/blogsaverroes.juntadeandalucia.es\/ceipagora\/coeducacion\/","title":{"rendered":"Coeducaci\u00f3n"},"content":{"rendered":"<p style=\"text-align: center\"><a href=\"https:\/\/blogsaverroes.juntadeandalucia.es\/ceipagora\/files\/2018\/11\/Nuestro-colegio.jpg\"><img loading=\"lazy\" decoding=\"async\" class=\"alignnone size-medium wp-image-2399\" src=\"https:\/\/blogsaverroes.juntadeandalucia.es\/ceipagora\/files\/2018\/11\/Nuestro-colegio-232x300.jpg\" alt=\"\" width=\"232\" height=\"300\" srcset=\"https:\/\/blogsaverroes.juntadeandalucia.es\/ceipagora\/files\/2018\/11\/Nuestro-colegio-232x300.jpg 232w, https:\/\/blogsaverroes.juntadeandalucia.es\/ceipagora\/files\/2018\/11\/Nuestro-colegio-768x994.jpg 768w, https:\/\/blogsaverroes.juntadeandalucia.es\/ceipagora\/files\/2018\/11\/Nuestro-colegio-791x1024.jpg 791w, https:\/\/blogsaverroes.juntadeandalucia.es\/ceipagora\/files\/2018\/11\/Nuestro-colegio-700x906.jpg 700w, https:\/\/blogsaverroes.juntadeandalucia.es\/ceipagora\/files\/2018\/11\/Nuestro-colegio-19x24.jpg 19w, https:\/\/blogsaverroes.juntadeandalucia.es\/ceipagora\/files\/2018\/11\/Nuestro-colegio-28x36.jpg 28w, https:\/\/blogsaverroes.juntadeandalucia.es\/ceipagora\/files\/2018\/11\/Nuestro-colegio-37x48.jpg 37w, https:\/\/blogsaverroes.juntadeandalucia.es\/ceipagora\/files\/2018\/11\/Nuestro-colegio.jpg 816w\" sizes=\"(max-width: 232px) 100vw, 232px\" \/><\/a><\/p>\n<p>La imagen de arriba la hemos extra\u00eddo de la agenda de nuestro alumnado, creada por nosotros para nuestro colegio. Es parte del mensaje de igualdad que queremos transmitir a nuestro alumnado, esperamos que lo compartas e incluso difundas de forma activa. Ser valiente es poder ser uno mismo con libertad.<\/p>\n<p>&nbsp;<\/p>\n<p>Dentro del plan de coeducaci\u00f3n coordinado por Maribel, os destacamos aqu\u00ed algunas de nuestras actividades que seguro valor\u00e1is.&nbsp;<\/p>\n<p>&nbsp;<\/p>\n<p>&nbsp;<\/p>\n<p>[youtube https:\/\/www.youtube.com\/watch?v=e_L34uWb9nM]<\/p>\n<p>&nbsp;<\/p>\n<p>Os invitamos a que ve\u00e1is con calma el v\u00eddeo bajo estas l\u00edneas, fue proyectado en distintos eventos de la localidad, y nos llegaron comentarios muy positivos. Esperamos que os guste.<\/p>\n<p>[youtube https:\/\/www.youtube.com\/watch?v=MCN7si1PKXk]<\/p>\n","protected":false},"excerpt":{"rendered":"<p>La imagen de arriba la hemos extra\u00eddo de la agenda de nuestro alumnado, creada por nosotros para nuestro colegio. Es parte del mensaje de igualdad que queremos transmitir a nuestro alumnado, esperamos que lo&#46;&#46;&#46;<\/p>\n","protected":false},"author":2427,"featured_media":0,"parent":0,"menu_order":0,"comment_status":"closed","ping_status":"closed","template":"","meta":{"ngg_post_thumbnail":0,"footnotes":""},"aioseo_notices":[],"_links":{"self":[{"href":"https:\/\/blogsaverroes.juntadeandalucia.es\/ceipagora\/wp-json\/wp\/v2\/pages\/2398"}],"collection":[{"href":"https:\/\/blogsaverroes.juntadeandalucia.es\/ceipagora\/wp-json\/wp\/v2\/pages"}],"about":[{"href":"https:\/\/blogsaverroes.juntadeandalucia.es\/ceipagora\/wp-json\/wp\/v2\/types\/page"}],"author":[{"embeddable":true,"href":"https:\/\/blogsaverroes.juntadeandalucia.es\/ceipagora\/wp-json\/wp\/v2\/users\/2427"}],"replies":[{"embeddable":true,"href":"https:\/\/blogsaverroes.juntadeandalucia.es\/ceipagora\/wp-json\/wp\/v2\/comments?post=2398"}],"version-history":[{"count":4,"href":"https:\/\/blogsaverroes.juntadeandalucia.es\/ceipagora\/wp-json\/wp\/v2\/pages\/2398\/revisions"}],"predecessor-version":[{"id":2405,"href":"https:\/\/blogsaverroes.juntadeandalucia.es\/ceipagora\/wp-json\/wp\/v2\/pages\/2398\/revisions\/2405"}],"wp:attachment":[{"href":"https:\/\/blogsaverroes.juntadeandalucia.es\/ceipagora\/wp-json\/wp\/v2\/media?parent=2398"}],"curies":[{"name":"wp","href":"https:\/\/api.w.org\/{rel}","templated":true}]}}