{"id":2418,"date":"2019-01-08T15:08:47","date_gmt":"2019-01-08T15:08:47","guid":{"rendered":"https:\/\/blogsaverroes.juntadeandalucia.es\/ceipagora\/?page_id=2418"},"modified":"2019-01-08T15:08:47","modified_gmt":"2019-01-08T15:08:47","slug":"opinion","status":"publish","type":"page","link":"https:\/\/blogsaverroes.juntadeandalucia.es\/ceipagora\/opinion\/","title":{"rendered":"OPINI\u00d3N"},"content":{"rendered":"<p>Art\u00edculos de no m\u00e1s de una carilla donde expresar opiniones educativas.&nbsp;<\/p>\n","protected":false},"excerpt":{"rendered":"<p>Art\u00edculos de no m\u00e1s de una carilla donde expresar opiniones educativas.&nbsp;<\/p>\n","protected":false},"author":2427,"featured_media":0,"parent":0,"menu_order":0,"comment_status":"closed","ping_status":"closed","template":"","meta":{"ngg_post_thumbnail":0,"footnotes":""},"aioseo_notices":[],"_links":{"self":[{"href":"https:\/\/blogsaverroes.juntadeandalucia.es\/ceipagora\/wp-json\/wp\/v2\/pages\/2418"}],"collection":[{"href":"https:\/\/blogsaverroes.juntadeandalucia.es\/ceipagora\/wp-json\/wp\/v2\/pages"}],"about":[{"href":"https:\/\/blogsaverroes.juntadeandalucia.es\/ceipagora\/wp-json\/wp\/v2\/types\/page"}],"author":[{"embeddable":true,"href":"https:\/\/blogsaverroes.juntadeandalucia.es\/ceipagora\/wp-json\/wp\/v2\/users\/2427"}],"replies":[{"embeddable":true,"href":"https:\/\/blogsaverroes.juntadeandalucia.es\/ceipagora\/wp-json\/wp\/v2\/comments?post=2418"}],"version-history":[{"count":1,"href":"https:\/\/blogsaverroes.juntadeandalucia.es\/ceipagora\/wp-json\/wp\/v2\/pages\/2418\/revisions"}],"predecessor-version":[{"id":2419,"href":"https:\/\/blogsaverroes.juntadeandalucia.es\/ceipagora\/wp-json\/wp\/v2\/pages\/2418\/revisions\/2419"}],"wp:attachment":[{"href":"https:\/\/blogsaverroes.juntadeandalucia.es\/ceipagora\/wp-json\/wp\/v2\/media?parent=2418"}],"curies":[{"name":"wp","href":"https:\/\/api.w.org\/{rel}","templated":true}]}}