{"id":604,"date":"2016-09-21T16:54:18","date_gmt":"2016-09-21T16:54:18","guid":{"rendered":"https:\/\/blogsaverroes.juntadeandalucia.es\/ceipagora\/?page_id=604"},"modified":"2017-05-31T08:11:03","modified_gmt":"2017-05-31T08:11:03","slug":"educacion-fisica","status":"publish","type":"page","link":"https:\/\/blogsaverroes.juntadeandalucia.es\/ceipagora\/educacion-fisica\/","title":{"rendered":"EDUCACI\u00d3N F\u00cdSICA"},"content":{"rendered":"<p>BASKET EN EL CEIP \u00c1GORA<\/p>\n<p>Con motivo de la instalaci\u00f3n de las canastas se dieron cita en el centro el d\u00eda 22 de mayo dos personalidades hist\u00f3ricas del baloncesto. Nacho Romero y Jos\u00e9 Alberto Pesquera, jugador y entrenador respectivamente del otrora Caja San Fernando. En primer lugar dieron una charla para los alumnos\/as del tercer ciclo culminada con una rueda de preguntas sobre su labor como profesionales para luego pasar a la minicancha de baloncesto y jugar un partido con aquellos\/as que as\u00ed lo desearon. Adem\u00e1s dejaron su nombre plasmado en el suelo de la pista como recuerdo del momento.<\/p>\n<p>Desde el CEIP \u00c1gora le agradecemos su asistencia desinteresada para esta actividad que dej\u00f3 un gran sabor de boca en nuestros\/as alumnos\/as.<a href=\"https:\/\/blogsaverroes.juntadeandalucia.es\/ceipagora\/files\/2016\/09\/IMG-20170531-WA0002.jpg\"><img loading=\"lazy\" decoding=\"async\" class=\"aligncenter size-full wp-image-1707\" src=\"https:\/\/blogsaverroes.juntadeandalucia.es\/ceipagora\/files\/2016\/09\/IMG-20170531-WA0002.jpg\" alt=\"\" width=\"1600\" height=\"898\" srcset=\"https:\/\/blogsaverroes.juntadeandalucia.es\/ceipagora\/files\/2016\/09\/IMG-20170531-WA0002.jpg 1600w, https:\/\/blogsaverroes.juntadeandalucia.es\/ceipagora\/files\/2016\/09\/IMG-20170531-WA0002-300x168.jpg 300w, https:\/\/blogsaverroes.juntadeandalucia.es\/ceipagora\/files\/2016\/09\/IMG-20170531-WA0002-768x431.jpg 768w, https:\/\/blogsaverroes.juntadeandalucia.es\/ceipagora\/files\/2016\/09\/IMG-20170531-WA0002-1024x575.jpg 1024w, https:\/\/blogsaverroes.juntadeandalucia.es\/ceipagora\/files\/2016\/09\/IMG-20170531-WA0002-700x393.jpg 700w, https:\/\/blogsaverroes.juntadeandalucia.es\/ceipagora\/files\/2016\/09\/IMG-20170531-WA0002-24x13.jpg 24w, https:\/\/blogsaverroes.juntadeandalucia.es\/ceipagora\/files\/2016\/09\/IMG-20170531-WA0002-36x20.jpg 36w, https:\/\/blogsaverroes.juntadeandalucia.es\/ceipagora\/files\/2016\/09\/IMG-20170531-WA0002-48x27.jpg 48w\" sizes=\"(max-width: 1600px) 100vw, 1600px\" \/><\/a> <a href=\"https:\/\/blogsaverroes.juntadeandalucia.es\/ceipagora\/files\/2016\/09\/IMG-20170531-WA0003.jpg\"><img loading=\"lazy\" decoding=\"async\" class=\"aligncenter size-full wp-image-1708\" src=\"https:\/\/blogsaverroes.juntadeandalucia.es\/ceipagora\/files\/2016\/09\/IMG-20170531-WA0003.jpg\" alt=\"\" width=\"1600\" height=\"898\" srcset=\"https:\/\/blogsaverroes.juntadeandalucia.es\/ceipagora\/files\/2016\/09\/IMG-20170531-WA0003.jpg 1600w, https:\/\/blogsaverroes.juntadeandalucia.es\/ceipagora\/files\/2016\/09\/IMG-20170531-WA0003-300x168.jpg 300w, https:\/\/blogsaverroes.juntadeandalucia.es\/ceipagora\/files\/2016\/09\/IMG-20170531-WA0003-768x431.jpg 768w, https:\/\/blogsaverroes.juntadeandalucia.es\/ceipagora\/files\/2016\/09\/IMG-20170531-WA0003-1024x575.jpg 1024w, https:\/\/blogsaverroes.juntadeandalucia.es\/ceipagora\/files\/2016\/09\/IMG-20170531-WA0003-700x393.jpg 700w, https:\/\/blogsaverroes.juntadeandalucia.es\/ceipagora\/files\/2016\/09\/IMG-20170531-WA0003-24x13.jpg 24w, https:\/\/blogsaverroes.juntadeandalucia.es\/ceipagora\/files\/2016\/09\/IMG-20170531-WA0003-36x20.jpg 36w, https:\/\/blogsaverroes.juntadeandalucia.es\/ceipagora\/files\/2016\/09\/IMG-20170531-WA0003-48x27.jpg 48w\" sizes=\"(max-width: 1600px) 100vw, 1600px\" \/><\/a> <a href=\"https:\/\/blogsaverroes.juntadeandalucia.es\/ceipagora\/files\/2016\/09\/IMG-20170531-WA0004.jpg\"><img loading=\"lazy\" decoding=\"async\" class=\"aligncenter size-full wp-image-1709\" src=\"https:\/\/blogsaverroes.juntadeandalucia.es\/ceipagora\/files\/2016\/09\/IMG-20170531-WA0004.jpg\" alt=\"\" width=\"898\" height=\"1600\" srcset=\"https:\/\/blogsaverroes.juntadeandalucia.es\/ceipagora\/files\/2016\/09\/IMG-20170531-WA0004.jpg 898w, https:\/\/blogsaverroes.juntadeandalucia.es\/ceipagora\/files\/2016\/09\/IMG-20170531-WA0004-168x300.jpg 168w, https:\/\/blogsaverroes.juntadeandalucia.es\/ceipagora\/files\/2016\/09\/IMG-20170531-WA0004-768x1368.jpg 768w, https:\/\/blogsaverroes.juntadeandalucia.es\/ceipagora\/files\/2016\/09\/IMG-20170531-WA0004-575x1024.jpg 575w, https:\/\/blogsaverroes.juntadeandalucia.es\/ceipagora\/files\/2016\/09\/IMG-20170531-WA0004-700x1247.jpg 700w, https:\/\/blogsaverroes.juntadeandalucia.es\/ceipagora\/files\/2016\/09\/IMG-20170531-WA0004-13x24.jpg 13w, https:\/\/blogsaverroes.juntadeandalucia.es\/ceipagora\/files\/2016\/09\/IMG-20170531-WA0004-20x36.jpg 20w, https:\/\/blogsaverroes.juntadeandalucia.es\/ceipagora\/files\/2016\/09\/IMG-20170531-WA0004-27x48.jpg 27w\" sizes=\"(max-width: 898px) 100vw, 898px\" \/><\/a> <a href=\"https:\/\/blogsaverroes.juntadeandalucia.es\/ceipagora\/files\/2016\/09\/IMG-20170531-WA0005.jpg\"><img loading=\"lazy\" decoding=\"async\" class=\"aligncenter size-full wp-image-1710\" src=\"https:\/\/blogsaverroes.juntadeandalucia.es\/ceipagora\/files\/2016\/09\/IMG-20170531-WA0005.jpg\" alt=\"\" width=\"1600\" height=\"898\" srcset=\"https:\/\/blogsaverroes.juntadeandalucia.es\/ceipagora\/files\/2016\/09\/IMG-20170531-WA0005.jpg 1600w, https:\/\/blogsaverroes.juntadeandalucia.es\/ceipagora\/files\/2016\/09\/IMG-20170531-WA0005-300x168.jpg 300w, https:\/\/blogsaverroes.juntadeandalucia.es\/ceipagora\/files\/2016\/09\/IMG-20170531-WA0005-768x431.jpg 768w, https:\/\/blogsaverroes.juntadeandalucia.es\/ceipagora\/files\/2016\/09\/IMG-20170531-WA0005-1024x575.jpg 1024w, https:\/\/blogsaverroes.juntadeandalucia.es\/ceipagora\/files\/2016\/09\/IMG-20170531-WA0005-700x393.jpg 700w, https:\/\/blogsaverroes.juntadeandalucia.es\/ceipagora\/files\/2016\/09\/IMG-20170531-WA0005-24x13.jpg 24w, https:\/\/blogsaverroes.juntadeandalucia.es\/ceipagora\/files\/2016\/09\/IMG-20170531-WA0005-36x20.jpg 36w, https:\/\/blogsaverroes.juntadeandalucia.es\/ceipagora\/files\/2016\/09\/IMG-20170531-WA0005-48x27.jpg 48w\" sizes=\"(max-width: 1600px) 100vw, 1600px\" \/><\/a> <a href=\"https:\/\/blogsaverroes.juntadeandalucia.es\/ceipagora\/files\/2016\/09\/IMG-20170531-WA0006.jpg\"><img loading=\"lazy\" decoding=\"async\" class=\"aligncenter size-full wp-image-1711\" src=\"https:\/\/blogsaverroes.juntadeandalucia.es\/ceipagora\/files\/2016\/09\/IMG-20170531-WA0006.jpg\" alt=\"\" width=\"1600\" height=\"898\" srcset=\"https:\/\/blogsaverroes.juntadeandalucia.es\/ceipagora\/files\/2016\/09\/IMG-20170531-WA0006.jpg 1600w, https:\/\/blogsaverroes.juntadeandalucia.es\/ceipagora\/files\/2016\/09\/IMG-20170531-WA0006-300x168.jpg 300w, https:\/\/blogsaverroes.juntadeandalucia.es\/ceipagora\/files\/2016\/09\/IMG-20170531-WA0006-768x431.jpg 768w, https:\/\/blogsaverroes.juntadeandalucia.es\/ceipagora\/files\/2016\/09\/IMG-20170531-WA0006-1024x575.jpg 1024w, https:\/\/blogsaverroes.juntadeandalucia.es\/ceipagora\/files\/2016\/09\/IMG-20170531-WA0006-700x393.jpg 700w, https:\/\/blogsaverroes.juntadeandalucia.es\/ceipagora\/files\/2016\/09\/IMG-20170531-WA0006-24x13.jpg 24w, https:\/\/blogsaverroes.juntadeandalucia.es\/ceipagora\/files\/2016\/09\/IMG-20170531-WA0006-36x20.jpg 36w, https:\/\/blogsaverroes.juntadeandalucia.es\/ceipagora\/files\/2016\/09\/IMG-20170531-WA0006-48x27.jpg 48w\" sizes=\"(max-width: 1600px) 100vw, 1600px\" \/><\/a> <a href=\"https:\/\/blogsaverroes.juntadeandalucia.es\/ceipagora\/files\/2016\/09\/IMG-20170531-WA0007.jpg\"><img loading=\"lazy\" decoding=\"async\" class=\"aligncenter size-full wp-image-1712\" src=\"https:\/\/blogsaverroes.juntadeandalucia.es\/ceipagora\/files\/2016\/09\/IMG-20170531-WA0007.jpg\" alt=\"\" width=\"1600\" height=\"898\" srcset=\"https:\/\/blogsaverroes.juntadeandalucia.es\/ceipagora\/files\/2016\/09\/IMG-20170531-WA0007.jpg 1600w, https:\/\/blogsaverroes.juntadeandalucia.es\/ceipagora\/files\/2016\/09\/IMG-20170531-WA0007-300x168.jpg 300w, https:\/\/blogsaverroes.juntadeandalucia.es\/ceipagora\/files\/2016\/09\/IMG-20170531-WA0007-768x431.jpg 768w, https:\/\/blogsaverroes.juntadeandalucia.es\/ceipagora\/files\/2016\/09\/IMG-20170531-WA0007-1024x575.jpg 1024w, https:\/\/blogsaverroes.juntadeandalucia.es\/ceipagora\/files\/2016\/09\/IMG-20170531-WA0007-700x393.jpg 700w, https:\/\/blogsaverroes.juntadeandalucia.es\/ceipagora\/files\/2016\/09\/IMG-20170531-WA0007-24x13.jpg 24w, https:\/\/blogsaverroes.juntadeandalucia.es\/ceipagora\/files\/2016\/09\/IMG-20170531-WA0007-36x20.jpg 36w, https:\/\/blogsaverroes.juntadeandalucia.es\/ceipagora\/files\/2016\/09\/IMG-20170531-WA0007-48x27.jpg 48w\" sizes=\"(max-width: 1600px) 100vw, 1600px\" \/><\/a> <a href=\"https:\/\/blogsaverroes.juntadeandalucia.es\/ceipagora\/files\/2016\/09\/IMG-20170531-WA0008.jpg\"><img loading=\"lazy\" decoding=\"async\" class=\"aligncenter size-full wp-image-1713\" src=\"https:\/\/blogsaverroes.juntadeandalucia.es\/ceipagora\/files\/2016\/09\/IMG-20170531-WA0008.jpg\" alt=\"\" width=\"1600\" height=\"898\" srcset=\"https:\/\/blogsaverroes.juntadeandalucia.es\/ceipagora\/files\/2016\/09\/IMG-20170531-WA0008.jpg 1600w, https:\/\/blogsaverroes.juntadeandalucia.es\/ceipagora\/files\/2016\/09\/IMG-20170531-WA0008-300x168.jpg 300w, https:\/\/blogsaverroes.juntadeandalucia.es\/ceipagora\/files\/2016\/09\/IMG-20170531-WA0008-768x431.jpg 768w, https:\/\/blogsaverroes.juntadeandalucia.es\/ceipagora\/files\/2016\/09\/IMG-20170531-WA0008-1024x575.jpg 1024w, https:\/\/blogsaverroes.juntadeandalucia.es\/ceipagora\/files\/2016\/09\/IMG-20170531-WA0008-700x393.jpg 700w, https:\/\/blogsaverroes.juntadeandalucia.es\/ceipagora\/files\/2016\/09\/IMG-20170531-WA0008-24x13.jpg 24w, https:\/\/blogsaverroes.juntadeandalucia.es\/ceipagora\/files\/2016\/09\/IMG-20170531-WA0008-36x20.jpg 36w, https:\/\/blogsaverroes.juntadeandalucia.es\/ceipagora\/files\/2016\/09\/IMG-20170531-WA0008-48x27.jpg 48w\" sizes=\"(max-width: 1600px) 100vw, 1600px\" \/><\/a> <a href=\"https:\/\/blogsaverroes.juntadeandalucia.es\/ceipagora\/files\/2016\/09\/IMG-20170531-WA0009.jpg\"><img loading=\"lazy\" decoding=\"async\" class=\"aligncenter size-full wp-image-1714\" src=\"https:\/\/blogsaverroes.juntadeandalucia.es\/ceipagora\/files\/2016\/09\/IMG-20170531-WA0009.jpg\" alt=\"\" width=\"1600\" height=\"898\" srcset=\"https:\/\/blogsaverroes.juntadeandalucia.es\/ceipagora\/files\/2016\/09\/IMG-20170531-WA0009.jpg 1600w, https:\/\/blogsaverroes.juntadeandalucia.es\/ceipagora\/files\/2016\/09\/IMG-20170531-WA0009-300x168.jpg 300w, https:\/\/blogsaverroes.juntadeandalucia.es\/ceipagora\/files\/2016\/09\/IMG-20170531-WA0009-768x431.jpg 768w, https:\/\/blogsaverroes.juntadeandalucia.es\/ceipagora\/files\/2016\/09\/IMG-20170531-WA0009-1024x575.jpg 1024w, https:\/\/blogsaverroes.juntadeandalucia.es\/ceipagora\/files\/2016\/09\/IMG-20170531-WA0009-700x393.jpg 700w, https:\/\/blogsaverroes.juntadeandalucia.es\/ceipagora\/files\/2016\/09\/IMG-20170531-WA0009-24x13.jpg 24w, https:\/\/blogsaverroes.juntadeandalucia.es\/ceipagora\/files\/2016\/09\/IMG-20170531-WA0009-36x20.jpg 36w, https:\/\/blogsaverroes.juntadeandalucia.es\/ceipagora\/files\/2016\/09\/IMG-20170531-WA0009-48x27.jpg 48w\" sizes=\"(max-width: 1600px) 100vw, 1600px\" \/><\/a> <a href=\"https:\/\/blogsaverroes.juntadeandalucia.es\/ceipagora\/files\/2016\/09\/IMG-20170531-WA0010.jpg\"><img loading=\"lazy\" decoding=\"async\" class=\"aligncenter size-full wp-image-1715\" src=\"https:\/\/blogsaverroes.juntadeandalucia.es\/ceipagora\/files\/2016\/09\/IMG-20170531-WA0010.jpg\" alt=\"\" width=\"1600\" height=\"898\" srcset=\"https:\/\/blogsaverroes.juntadeandalucia.es\/ceipagora\/files\/2016\/09\/IMG-20170531-WA0010.jpg 1600w, https:\/\/blogsaverroes.juntadeandalucia.es\/ceipagora\/files\/2016\/09\/IMG-20170531-WA0010-300x168.jpg 300w, https:\/\/blogsaverroes.juntadeandalucia.es\/ceipagora\/files\/2016\/09\/IMG-20170531-WA0010-768x431.jpg 768w, https:\/\/blogsaverroes.juntadeandalucia.es\/ceipagora\/files\/2016\/09\/IMG-20170531-WA0010-1024x575.jpg 1024w, https:\/\/blogsaverroes.juntadeandalucia.es\/ceipagora\/files\/2016\/09\/IMG-20170531-WA0010-700x393.jpg 700w, https:\/\/blogsaverroes.juntadeandalucia.es\/ceipagora\/files\/2016\/09\/IMG-20170531-WA0010-24x13.jpg 24w, https:\/\/blogsaverroes.juntadeandalucia.es\/ceipagora\/files\/2016\/09\/IMG-20170531-WA0010-36x20.jpg 36w, https:\/\/blogsaverroes.juntadeandalucia.es\/ceipagora\/files\/2016\/09\/IMG-20170531-WA0010-48x27.jpg 48w\" sizes=\"(max-width: 1600px) 100vw, 1600px\" \/><\/a> <a href=\"https:\/\/blogsaverroes.juntadeandalucia.es\/ceipagora\/files\/2016\/09\/IMG-20170531-WA0011.jpg\"><img loading=\"lazy\" decoding=\"async\" class=\"aligncenter size-full wp-image-1716\" src=\"https:\/\/blogsaverroes.juntadeandalucia.es\/ceipagora\/files\/2016\/09\/IMG-20170531-WA0011.jpg\" alt=\"\" width=\"1600\" height=\"898\" srcset=\"https:\/\/blogsaverroes.juntadeandalucia.es\/ceipagora\/files\/2016\/09\/IMG-20170531-WA0011.jpg 1600w, https:\/\/blogsaverroes.juntadeandalucia.es\/ceipagora\/files\/2016\/09\/IMG-20170531-WA0011-300x168.jpg 300w, https:\/\/blogsaverroes.juntadeandalucia.es\/ceipagora\/files\/2016\/09\/IMG-20170531-WA0011-768x431.jpg 768w, https:\/\/blogsaverroes.juntadeandalucia.es\/ceipagora\/files\/2016\/09\/IMG-20170531-WA0011-1024x575.jpg 1024w, https:\/\/blogsaverroes.juntadeandalucia.es\/ceipagora\/files\/2016\/09\/IMG-20170531-WA0011-700x393.jpg 700w, https:\/\/blogsaverroes.juntadeandalucia.es\/ceipagora\/files\/2016\/09\/IMG-20170531-WA0011-24x13.jpg 24w, https:\/\/blogsaverroes.juntadeandalucia.es\/ceipagora\/files\/2016\/09\/IMG-20170531-WA0011-36x20.jpg 36w, https:\/\/blogsaverroes.juntadeandalucia.es\/ceipagora\/files\/2016\/09\/IMG-20170531-WA0011-48x27.jpg 48w\" sizes=\"(max-width: 1600px) 100vw, 1600px\" \/><\/a> <a href=\"https:\/\/blogsaverroes.juntadeandalucia.es\/ceipagora\/files\/2016\/09\/IMG-20170531-WA0012.jpg\"><img loading=\"lazy\" decoding=\"async\" class=\"aligncenter size-full wp-image-1717\" src=\"https:\/\/blogsaverroes.juntadeandalucia.es\/ceipagora\/files\/2016\/09\/IMG-20170531-WA0012.jpg\" alt=\"\" width=\"1600\" height=\"898\" srcset=\"https:\/\/blogsaverroes.juntadeandalucia.es\/ceipagora\/files\/2016\/09\/IMG-20170531-WA0012.jpg 1600w, https:\/\/blogsaverroes.juntadeandalucia.es\/ceipagora\/files\/2016\/09\/IMG-20170531-WA0012-300x168.jpg 300w, https:\/\/blogsaverroes.juntadeandalucia.es\/ceipagora\/files\/2016\/09\/IMG-20170531-WA0012-768x431.jpg 768w, https:\/\/blogsaverroes.juntadeandalucia.es\/ceipagora\/files\/2016\/09\/IMG-20170531-WA0012-1024x575.jpg 1024w, https:\/\/blogsaverroes.juntadeandalucia.es\/ceipagora\/files\/2016\/09\/IMG-20170531-WA0012-700x393.jpg 700w, https:\/\/blogsaverroes.juntadeandalucia.es\/ceipagora\/files\/2016\/09\/IMG-20170531-WA0012-24x13.jpg 24w, https:\/\/blogsaverroes.juntadeandalucia.es\/ceipagora\/files\/2016\/09\/IMG-20170531-WA0012-36x20.jpg 36w, https:\/\/blogsaverroes.juntadeandalucia.es\/ceipagora\/files\/2016\/09\/IMG-20170531-WA0012-48x27.jpg 48w\" sizes=\"(max-width: 1600px) 100vw, 1600px\" \/><\/a><\/p>\n","protected":false},"excerpt":{"rendered":"<p>BASKET EN EL CEIP \u00c1GORA Con motivo de la instalaci\u00f3n de las canastas se dieron cita en el centro el d\u00eda 22 de mayo dos personalidades hist\u00f3ricas del baloncesto. Nacho Romero y Jos\u00e9 Alberto&#46;&#46;&#46;<\/p>\n","protected":false},"author":2427,"featured_media":0,"parent":0,"menu_order":0,"comment_status":"closed","ping_status":"open","template":"","meta":{"ngg_post_thumbnail":0,"footnotes":""},"aioseo_notices":[],"_links":{"self":[{"href":"https:\/\/blogsaverroes.juntadeandalucia.es\/ceipagora\/wp-json\/wp\/v2\/pages\/604"}],"collection":[{"href":"https:\/\/blogsaverroes.juntadeandalucia.es\/ceipagora\/wp-json\/wp\/v2\/pages"}],"about":[{"href":"https:\/\/blogsaverroes.juntadeandalucia.es\/ceipagora\/wp-json\/wp\/v2\/types\/page"}],"author":[{"embeddable":true,"href":"https:\/\/blogsaverroes.juntadeandalucia.es\/ceipagora\/wp-json\/wp\/v2\/users\/2427"}],"replies":[{"embeddable":true,"href":"https:\/\/blogsaverroes.juntadeandalucia.es\/ceipagora\/wp-json\/wp\/v2\/comments?post=604"}],"version-history":[{"count":3,"href":"https:\/\/blogsaverroes.juntadeandalucia.es\/ceipagora\/wp-json\/wp\/v2\/pages\/604\/revisions"}],"predecessor-version":[{"id":1718,"href":"https:\/\/blogsaverroes.juntadeandalucia.es\/ceipagora\/wp-json\/wp\/v2\/pages\/604\/revisions\/1718"}],"wp:attachment":[{"href":"https:\/\/blogsaverroes.juntadeandalucia.es\/ceipagora\/wp-json\/wp\/v2\/media?parent=604"}],"curies":[{"name":"wp","href":"https:\/\/api.w.org\/{rel}","templated":true}]}}