{"id":608,"date":"2016-09-21T16:55:25","date_gmt":"2016-09-21T16:55:25","guid":{"rendered":"https:\/\/blogsaverroes.juntadeandalucia.es\/ceipagora\/?page_id=608"},"modified":"2016-11-25T00:44:15","modified_gmt":"2016-11-25T00:44:15","slug":"administracion","status":"publish","type":"page","link":"https:\/\/blogsaverroes.juntadeandalucia.es\/ceipagora\/administracion\/","title":{"rendered":"ADMINISTRACI\u00d3N"},"content":{"rendered":"<div class=\"pt-cv-wrapper\"><div class=\"pt-cv-view pt-cv-grid pt-cv-colsys\" id=\"pt-cv-view-b0cf8dewvq\"><div data-id=\"pt-cv-page-1\" class=\"pt-cv-page\" data-cvc=\"4\"><div class=\"col-md-3 col-sm-6 col-xs-12 pt-cv-content-item pt-cv-1-col\" ><div class='pt-cv-ifield'><a href=\"https:\/\/blogsaverroes.juntadeandalucia.es\/ceipagora\/2018\/11\/20\/notificaciones-plan-de-apertura\/\" class=\"_self pt-cv-href-thumbnail pt-cv-thumb-default\" target=\"_self\" ><\/a>\n<h4 class=\"pt-cv-title\"><a href=\"https:\/\/blogsaverroes.juntadeandalucia.es\/ceipagora\/2018\/11\/20\/notificaciones-plan-de-apertura\/\" class=\"_self\" target=\"_self\" >Notificaciones plan de apertura<\/a><\/h4>\n<div class=\"pt-cv-content\">Informamos a todos los solicitantes de bonificaci\u00f3n del plan de apertura que ya se encuentran disponibles en la secretar\u00eda del ...<br \/><div class=\"pt-cv-rmwrap\"><a href=\"https:\/\/blogsaverroes.juntadeandalucia.es\/ceipagora\/2018\/11\/20\/notificaciones-plan-de-apertura\/\" class=\"_self pt-cv-readmore btn btn-success\" target=\"_self\">Leer M\u00e1s<\/a><\/div><\/div><\/div><\/div>\n<div class=\"col-md-3 col-sm-6 col-xs-12 pt-cv-content-item pt-cv-1-col\" ><div class='pt-cv-ifield'><a href=\"https:\/\/blogsaverroes.juntadeandalucia.es\/ceipagora\/2018\/10\/05\/presenta-tu-candidatura-a-consejo-escolar\/\" class=\"_self pt-cv-href-thumbnail pt-cv-thumb-default\" target=\"_self\" ><\/a>\n<h4 class=\"pt-cv-title\"><a href=\"https:\/\/blogsaverroes.juntadeandalucia.es\/ceipagora\/2018\/10\/05\/presenta-tu-candidatura-a-consejo-escolar\/\" class=\"_self\" target=\"_self\" >Presenta tu candidatura a Consejo Escolar<\/a><\/h4>\n<div class=\"pt-cv-content\">\u00a1Familias del universo \u00c1gora! Ya estamos en plazo para que present\u00e9is vuestra candidatura a Consejo Escolar. No ten\u00e9is m\u00e1s que ...<br \/><div class=\"pt-cv-rmwrap\"><a href=\"https:\/\/blogsaverroes.juntadeandalucia.es\/ceipagora\/2018\/10\/05\/presenta-tu-candidatura-a-consejo-escolar\/\" class=\"_self pt-cv-readmore btn btn-success\" target=\"_self\">Leer M\u00e1s<\/a><\/div><\/div><\/div><\/div>\n<div class=\"col-md-3 col-sm-6 col-xs-12 pt-cv-content-item pt-cv-1-col\" ><div class='pt-cv-ifield'><a href=\"https:\/\/blogsaverroes.juntadeandalucia.es\/ceipagora\/2018\/09\/21\/calendario-consejo-escolar\/\" class=\"_self pt-cv-href-thumbnail pt-cv-thumb-default\" target=\"_self\" ><\/a>\n<h4 class=\"pt-cv-title\"><a href=\"https:\/\/blogsaverroes.juntadeandalucia.es\/ceipagora\/2018\/09\/21\/calendario-consejo-escolar\/\" class=\"_self\" target=\"_self\" >Calendario Consejo Escolar<\/a><\/h4>\n<div class=\"pt-cv-content\">Hola familias, Os adjuntamos el calendario que regir\u00e1 la renovaci\u00f3n del Consejo Escolar y os animamos a que present\u00e9is candidatura ...<br \/><div class=\"pt-cv-rmwrap\"><a href=\"https:\/\/blogsaverroes.juntadeandalucia.es\/ceipagora\/2018\/09\/21\/calendario-consejo-escolar\/\" class=\"_self pt-cv-readmore btn btn-success\" target=\"_self\">Leer M\u00e1s<\/a><\/div><\/div><\/div><\/div>\n<div class=\"col-md-3 col-sm-6 col-xs-12 pt-cv-content-item pt-cv-1-col\" ><div class='pt-cv-ifield'><a href=\"https:\/\/blogsaverroes.juntadeandalucia.es\/ceipagora\/2017\/11\/16\/notificacion-ausencias-comedor\/\" class=\"_self pt-cv-href-thumbnail pt-cv-thumb-default\" target=\"_self\" ><\/a>\n<h4 class=\"pt-cv-title\"><a href=\"https:\/\/blogsaverroes.juntadeandalucia.es\/ceipagora\/2017\/11\/16\/notificacion-ausencias-comedor\/\" class=\"_self\" target=\"_self\" >Notificaci\u00f3n ausencias comedor<\/a><\/h4>\n<div class=\"pt-cv-content\">Tras el cambio de empresa adjudicataria de los servicios de comedor del centro correspondientes al plan de apertura se podr\u00e1n ...<br \/><div class=\"pt-cv-rmwrap\"><a href=\"https:\/\/blogsaverroes.juntadeandalucia.es\/ceipagora\/2017\/11\/16\/notificacion-ausencias-comedor\/\" class=\"_self pt-cv-readmore btn btn-success\" target=\"_self\">Leer M\u00e1s<\/a><\/div><\/div><\/div><\/div>\n<div class=\"col-md-3 col-sm-6 col-xs-12 pt-cv-content-item pt-cv-1-col\" ><div class='pt-cv-ifield'><a href=\"https:\/\/blogsaverroes.juntadeandalucia.es\/ceipagora\/2017\/11\/15\/habemus-logo\/\" class=\"_self pt-cv-href-thumbnail pt-cv-thumb-default\" target=\"_self\" ><\/a>\n<h4 class=\"pt-cv-title\"><a href=\"https:\/\/blogsaverroes.juntadeandalucia.es\/ceipagora\/2017\/11\/15\/habemus-logo\/\" class=\"_self\" target=\"_self\" >Habemus logo<\/a><\/h4>\n<div class=\"pt-cv-content\">Tras las votaciones celebradas el d\u00eda 14 de noviembre en las instalaciones del centro el logotipo ganador ha sido el ...<br \/><div class=\"pt-cv-rmwrap\"><a href=\"https:\/\/blogsaverroes.juntadeandalucia.es\/ceipagora\/2017\/11\/15\/habemus-logo\/\" class=\"_self pt-cv-readmore btn btn-success\" target=\"_self\">Leer M\u00e1s<\/a><\/div><\/div><\/div><\/div>\n<div class=\"col-md-3 col-sm-6 col-xs-12 pt-cv-content-item pt-cv-1-col\" ><div class='pt-cv-ifield'><a href=\"https:\/\/blogsaverroes.juntadeandalucia.es\/ceipagora\/2017\/11\/08\/horario-eleccion-de-logotipo-del-centro\/\" class=\"_self pt-cv-href-thumbnail pt-cv-thumb-default\" target=\"_self\" ><\/a>\n<h4 class=\"pt-cv-title\"><a href=\"https:\/\/blogsaverroes.juntadeandalucia.es\/ceipagora\/2017\/11\/08\/horario-eleccion-de-logotipo-del-centro\/\" class=\"_self\" target=\"_self\" >Horario elecci\u00f3n de logotipo del centro<\/a><\/h4>\n<div class=\"pt-cv-content\">Estimadas familias: El pr\u00f3ximo martes 14 de noviembre tendr\u00e1 lugar la votaci\u00f3n para elegir el logotipo de nuestro centro entre ...<br \/><div class=\"pt-cv-rmwrap\"><a href=\"https:\/\/blogsaverroes.juntadeandalucia.es\/ceipagora\/2017\/11\/08\/horario-eleccion-de-logotipo-del-centro\/\" class=\"_self pt-cv-readmore btn btn-success\" target=\"_self\">Leer M\u00e1s<\/a><\/div><\/div><\/div><\/div>\n<div class=\"col-md-3 col-sm-6 col-xs-12 pt-cv-content-item pt-cv-1-col\" ><div class='pt-cv-ifield'><a href=\"https:\/\/blogsaverroes.juntadeandalucia.es\/ceipagora\/2017\/11\/03\/dossier-informativo-nuevo-catering\/\" class=\"_self pt-cv-href-thumbnail pt-cv-thumb-default\" target=\"_self\" ><\/a>\n<h4 class=\"pt-cv-title\"><a href=\"https:\/\/blogsaverroes.juntadeandalucia.es\/ceipagora\/2017\/11\/03\/dossier-informativo-nuevo-catering\/\" class=\"_self\" target=\"_self\" >Dossier informativo nuevo catering<\/a><\/h4>\n<div class=\"pt-cv-content\">Pinchando en el enlace podr\u00e9is leer el dossier informativo para los padres\/madres que ha enviado la nueva empresa de catering ...<br \/><div class=\"pt-cv-rmwrap\"><a href=\"https:\/\/blogsaverroes.juntadeandalucia.es\/ceipagora\/2017\/11\/03\/dossier-informativo-nuevo-catering\/\" class=\"_self pt-cv-readmore btn btn-success\" target=\"_self\">Leer M\u00e1s<\/a><\/div><\/div><\/div><\/div>\n<div class=\"col-md-3 col-sm-6 col-xs-12 pt-cv-content-item pt-cv-1-col\" ><div class='pt-cv-ifield'><a href=\"https:\/\/blogsaverroes.juntadeandalucia.es\/ceipagora\/2017\/09\/06\/listas-de-material-curso-201718\/\" class=\"_self pt-cv-href-thumbnail pt-cv-thumb-default\" target=\"_self\" ><\/a>\n<h4 class=\"pt-cv-title\"><a href=\"https:\/\/blogsaverroes.juntadeandalucia.es\/ceipagora\/2017\/09\/06\/listas-de-material-curso-201718\/\" class=\"_self\" target=\"_self\" >Listas de material, curso 2017\/18<\/a><\/h4>\n<div class=\"pt-cv-content\">Hola a todos y todas, ah\u00ed van las listas de material para este a\u00f1o, cualquier duda pod\u00e9is preguntar directamente a ...<br \/><div class=\"pt-cv-rmwrap\"><a href=\"https:\/\/blogsaverroes.juntadeandalucia.es\/ceipagora\/2017\/09\/06\/listas-de-material-curso-201718\/\" class=\"_self pt-cv-readmore btn btn-success\" target=\"_self\">Leer M\u00e1s<\/a><\/div><\/div><\/div><\/div>\n<div class=\"col-md-3 col-sm-6 col-xs-12 pt-cv-content-item pt-cv-1-col\" ><div class='pt-cv-ifield'><a href=\"https:\/\/blogsaverroes.juntadeandalucia.es\/ceipagora\/2017\/09\/04\/reunion-infantil-de-3-anos\/\" class=\"_self pt-cv-href-thumbnail pt-cv-thumb-default\" target=\"_self\" ><\/a>\n<h4 class=\"pt-cv-title\"><a href=\"https:\/\/blogsaverroes.juntadeandalucia.es\/ceipagora\/2017\/09\/04\/reunion-infantil-de-3-anos\/\" class=\"_self\" target=\"_self\" >Reuni\u00f3n infantil de 3 a\u00f1os<\/a><\/h4>\n<div class=\"pt-cv-content\">La reuni\u00f3n para los padres y madres de los alumnos\/as del curso de infantil de 3 a\u00f1os se va a ...<br \/><div class=\"pt-cv-rmwrap\"><a href=\"https:\/\/blogsaverroes.juntadeandalucia.es\/ceipagora\/2017\/09\/04\/reunion-infantil-de-3-anos\/\" class=\"_self pt-cv-readmore btn btn-success\" target=\"_self\">Leer M\u00e1s<\/a><\/div><\/div><\/div><\/div>\n<div class=\"col-md-3 col-sm-6 col-xs-12 pt-cv-content-item pt-cv-1-col\" ><div class='pt-cv-ifield'><a href=\"https:\/\/blogsaverroes.juntadeandalucia.es\/ceipagora\/2017\/09\/01\/inicio-de-curso-2\/\" class=\"_self pt-cv-href-thumbnail pt-cv-thumb-default\" target=\"_self\" ><\/a>\n<h4 class=\"pt-cv-title\"><a href=\"https:\/\/blogsaverroes.juntadeandalucia.es\/ceipagora\/2017\/09\/01\/inicio-de-curso-2\/\" class=\"_self\" target=\"_self\" >Inicio de curso<\/a><\/h4>\n<div class=\"pt-cv-content\">Desde la direcci\u00f3n del CEIP \u00c1gora se comunica que el inicio del curso lectivo 2017\/2018 ser\u00e1 el lunes d\u00eda 11 ...<br \/><div class=\"pt-cv-rmwrap\"><a href=\"https:\/\/blogsaverroes.juntadeandalucia.es\/ceipagora\/2017\/09\/01\/inicio-de-curso-2\/\" class=\"_self pt-cv-readmore btn btn-success\" target=\"_self\">Leer M\u00e1s<\/a><\/div><\/div><\/div><\/div><\/div><\/div><\/div>\n","protected":false},"excerpt":{"rendered":"","protected":false},"author":2427,"featured_media":0,"parent":0,"menu_order":0,"comment_status":"closed","ping_status":"open","template":"","meta":{"ngg_post_thumbnail":0,"footnotes":""},"aioseo_notices":[],"_links":{"self":[{"href":"https:\/\/blogsaverroes.juntadeandalucia.es\/ceipagora\/wp-json\/wp\/v2\/pages\/608"}],"collection":[{"href":"https:\/\/blogsaverroes.juntadeandalucia.es\/ceipagora\/wp-json\/wp\/v2\/pages"}],"about":[{"href":"https:\/\/blogsaverroes.juntadeandalucia.es\/ceipagora\/wp-json\/wp\/v2\/types\/page"}],"author":[{"embeddable":true,"href":"https:\/\/blogsaverroes.juntadeandalucia.es\/ceipagora\/wp-json\/wp\/v2\/users\/2427"}],"replies":[{"embeddable":true,"href":"https:\/\/blogsaverroes.juntadeandalucia.es\/ceipagora\/wp-json\/wp\/v2\/comments?post=608"}],"version-history":[{"count":4,"href":"https:\/\/blogsaverroes.juntadeandalucia.es\/ceipagora\/wp-json\/wp\/v2\/pages\/608\/revisions"}],"predecessor-version":[{"id":1355,"href":"https:\/\/blogsaverroes.juntadeandalucia.es\/ceipagora\/wp-json\/wp\/v2\/pages\/608\/revisions\/1355"}],"wp:attachment":[{"href":"https:\/\/blogsaverroes.juntadeandalucia.es\/ceipagora\/wp-json\/wp\/v2\/media?parent=608"}],"curies":[{"name":"wp","href":"https:\/\/api.w.org\/{rel}","templated":true}]}}