{"id":801,"date":"2016-10-05T18:32:06","date_gmt":"2016-10-05T18:32:06","guid":{"rendered":"https:\/\/blogsaverroes.juntadeandalucia.es\/ceipagora\/?page_id=801"},"modified":"2018-11-30T12:41:56","modified_gmt":"2018-11-30T12:41:56","slug":"el-pasaporte-de-las-3-c","status":"publish","type":"page","link":"https:\/\/blogsaverroes.juntadeandalucia.es\/ceipagora\/el-pasaporte-de-las-3-c\/","title":{"rendered":"EL CUADERNO DE BIT\u00c1GORA"},"content":{"rendered":"<p>&nbsp;<\/p>\n<p>&nbsp;<\/p>\n<p><a href=\"https:\/\/drive.google.com\/a\/colegiopublicoagora.es\/file\/d\/13XagIjHFyPEagh11eN_PaEBtd4HWUdp5\/view?usp=sharing\"><img loading=\"lazy\" decoding=\"async\" class=\"size-medium wp-image-1971 alignleft\" src=\"https:\/\/blogsaverroes.juntadeandalucia.es\/ceipagora\/files\/2016\/10\/FOTOPORTADACUADERNOBITAGORA-232x300.jpg\" alt=\"\" width=\"232\" height=\"300\" srcset=\"https:\/\/blogsaverroes.juntadeandalucia.es\/ceipagora\/files\/2016\/10\/FOTOPORTADACUADERNOBITAGORA-232x300.jpg 232w, https:\/\/blogsaverroes.juntadeandalucia.es\/ceipagora\/files\/2016\/10\/FOTOPORTADACUADERNOBITAGORA-768x994.jpg 768w, https:\/\/blogsaverroes.juntadeandalucia.es\/ceipagora\/files\/2016\/10\/FOTOPORTADACUADERNOBITAGORA-791x1024.jpg 791w, https:\/\/blogsaverroes.juntadeandalucia.es\/ceipagora\/files\/2016\/10\/FOTOPORTADACUADERNOBITAGORA-700x906.jpg 700w, https:\/\/blogsaverroes.juntadeandalucia.es\/ceipagora\/files\/2016\/10\/FOTOPORTADACUADERNOBITAGORA-19x24.jpg 19w, https:\/\/blogsaverroes.juntadeandalucia.es\/ceipagora\/files\/2016\/10\/FOTOPORTADACUADERNOBITAGORA-28x36.jpg 28w, https:\/\/blogsaverroes.juntadeandalucia.es\/ceipagora\/files\/2016\/10\/FOTOPORTADACUADERNOBITAGORA-37x48.jpg 37w, https:\/\/blogsaverroes.juntadeandalucia.es\/ceipagora\/files\/2016\/10\/FOTOPORTADACUADERNOBITAGORA.jpg 816w\" sizes=\"(max-width: 232px) 100vw, 232px\" \/><\/a><strong>EL CUADERNO DE BIT\u00c1GORA<\/strong>&nbsp; es un proyecto educativo que parte de la <em><strong>ESCUELA<\/strong><\/em> y que pretende FOMENTAR relaciones entre alumnado y familia potenciando adem\u00e1s una predisposici\u00f3n positiva hacia el aprendizaje.&nbsp;<\/p>\n<h3 style=\"text-align: justify\"><strong>\u00bfEn qu\u00e9 consiste?<\/strong><\/h3>\n<p style=\"text-align: justify\">Usando la aplicaci\u00f3n geocaching o similar, el alumnado, junto con su familia, vivir\u00e1 una b\u00fasqueda de tesoros y aventuras en la vida real. Nos acercaremos jugando y aprendiendo, a lugares de inter\u00e9s, historias y leyendas&#8230;, personajes, distintos entornos &#8230;<\/p>\n<p style=\"text-align: justify\">Pretendemos desde el cole, con esta propuesta,&nbsp; desarrollar motivaci\u00f3n por las actividades en familia, <strong>comunicando despu\u00e9s las vivencias al grupo de clase, donde ser\u00e1n valoradas y reconocidas, por el tutor\/a de referencia.<\/strong><\/p>\n<p style=\"text-align: justify\">Este proyecto adem\u00e1s les propondr\u00e1 retos que favorezcan el desarrollo de las Competencias&nbsp; Clave (interpretar\u00e1n mapas, organizar\u00e1n tiempos, se orientar\u00e1n, preparar\u00e1n exposiciones,&nbsp; usar\u00e1n de forma educativa el m\u00f3vil, etc&#8230;) Adem\u00e1s, a trav\u00e9s de las actividades abiertas que se propondr\u00e1n en el <strong>cuaderno de bit\u00e1gora<\/strong>, podr\u00e1n desarrollar su creatividad y otros talentos personales.<\/p>\n<p>&nbsp;<\/p>\n<p style=\"text-align: center\"><strong style=\"font-family: Oswald, sans-serif;font-size: 24px;letter-spacing: 1px\">El cuaderno de bit\u00e1gora constituir\u00e1 una memoria de las aventuras vividas durante <\/strong><strong style=\"font-family: Oswald, sans-serif;font-size: 24px;letter-spacing: 1px\">infantil\/primaria<\/strong><\/p>\n<p>&nbsp;<\/p>\n<p>Os propondremos al inicio del cuaderno distintas actividades para elaborar este libro de aventuras, donde cada cap\u00edtulo ser\u00e1 una experiencia vivida relacionada con la b\u00fasqueda de los cach\u00e9s.<\/p>\n<h3 style=\"text-align: justify\">&nbsp;<\/h3>\n<p style=\"text-align: justify\">Para ello usaremos el juego del \u00abGEOCACHING\u00bb nuestro proyecto lo adaptar\u00e1, dot\u00e1ndolo de contenidos para el alumnado de infantil y primaria. Los contenidos se incluir\u00e1n de forma abierta por las familias, ya que elegir\u00e1n que actividad quieren hacer para recordar cada b\u00fasqueda del tesoro. Nosotros os sugeriremos varias, pero vuestra creatividad ser\u00e1 fundamental.<\/p>\n<p>&nbsp;<\/p>\n<p>Compartiremos, a medida que avanza el proyecto, im\u00e1genes e ideas de alumnos, para enriquecernos todos con su experiencia.<\/p>\n<p>&nbsp;<\/p>\n<h2 style=\"text-align: center\"><strong>\u00bfQUIERES PARTICIPAR ?<\/strong><\/h2>\n<p style=\"text-align: justify\">Es muy f\u00e1cil, s\u00f3lo debes leer&nbsp;con atenci\u00f3n las indicaciones que mostramos a continuaci\u00f3n:<\/p>\n<p>[youtube https:\/\/www.youtube.com\/watch?v=xt437egZcCw]<\/p>\n<table style=\"height: 792px\" width=\"701\">\n<tbody>\n<tr>\n<td style=\"width: 4px\">&nbsp;<\/td>\n<td style=\"width: 251px\"><a href=\"https:\/\/drive.google.com\/open?id=1QZkaumv4w3yvpwXn7hH_g2Nn8Eiyv6xB\"><img loading=\"lazy\" decoding=\"async\" class=\"wp-image-2036 alignleft\" src=\"https:\/\/blogsaverroes.juntadeandalucia.es\/ceipagora\/files\/2016\/10\/descargarcuadernillo-232x300.jpg\" alt=\"\" width=\"264\" height=\"339\" srcset=\"https:\/\/blogsaverroes.juntadeandalucia.es\/ceipagora\/files\/2016\/10\/descargarcuadernillo-19x24.jpg 19w, https:\/\/blogsaverroes.juntadeandalucia.es\/ceipagora\/files\/2016\/10\/descargarcuadernillo-28x36.jpg 28w, https:\/\/blogsaverroes.juntadeandalucia.es\/ceipagora\/files\/2016\/10\/descargarcuadernillo-37x48.jpg 37w\" sizes=\"(max-width: 264px) 100vw, 264px\" \/><\/a><a href=\"https:\/\/blogsaverroes.juntadeandalucia.es\/ceipagora\/que-es-el-geocaching\/\"><img loading=\"lazy\" decoding=\"async\" class=\"aligncenter wp-image-980 \" src=\"https:\/\/blogsaverroes.juntadeandalucia.es\/ceipagora\/files\/2016\/10\/web-geocaching.jpg\" alt=\"web geocaching\" width=\"189\" height=\"189\" srcset=\"https:\/\/blogsaverroes.juntadeandalucia.es\/ceipagora\/files\/2016\/10\/web-geocaching.jpg 250w, https:\/\/blogsaverroes.juntadeandalucia.es\/ceipagora\/files\/2016\/10\/web-geocaching-150x150.jpg 150w, https:\/\/blogsaverroes.juntadeandalucia.es\/ceipagora\/files\/2016\/10\/web-geocaching-100x100.jpg 100w\" sizes=\"(max-width: 189px) 100vw, 189px\" \/><\/a><\/td>\n<td style=\"width: 203px\"><a href=\"https:\/\/blogsaverroes.juntadeandalucia.es\/ceipagora\/aplicaciones-necesarias\/\"><img loading=\"lazy\" decoding=\"async\" class=\"aligncenter wp-image-986 \" src=\"https:\/\/blogsaverroes.juntadeandalucia.es\/ceipagora\/files\/2016\/10\/5.jpg\" alt=\"5\" width=\"198\" height=\"198\" srcset=\"https:\/\/blogsaverroes.juntadeandalucia.es\/ceipagora\/files\/2016\/10\/5.jpg 250w, https:\/\/blogsaverroes.juntadeandalucia.es\/ceipagora\/files\/2016\/10\/5-150x150.jpg 150w, https:\/\/blogsaverroes.juntadeandalucia.es\/ceipagora\/files\/2016\/10\/5-100x100.jpg 100w\" sizes=\"(max-width: 198px) 100vw, 198px\" \/><\/a><a href=\"https:\/\/blogsaverroes.juntadeandalucia.es\/ceipagora\/como-funciona-el-pasaporte-de-las-3-c\/\"><img loading=\"lazy\" decoding=\"async\" class=\"aligncenter wp-image-987 \" src=\"https:\/\/blogsaverroes.juntadeandalucia.es\/ceipagora\/files\/2016\/10\/6.jpg\" alt=\"6\" width=\"183\" height=\"183\" srcset=\"https:\/\/blogsaverroes.juntadeandalucia.es\/ceipagora\/files\/2016\/10\/6.jpg 250w, https:\/\/blogsaverroes.juntadeandalucia.es\/ceipagora\/files\/2016\/10\/6-150x150.jpg 150w, https:\/\/blogsaverroes.juntadeandalucia.es\/ceipagora\/files\/2016\/10\/6-100x100.jpg 100w\" sizes=\"(max-width: 183px) 100vw, 183px\" \/><\/a><\/td>\n<td style=\"width: 197px\"><img loading=\"lazy\" decoding=\"async\" class=\"wp-image-994 alignnone\" src=\"https:\/\/blogsaverroes.juntadeandalucia.es\/ceipagora\/files\/2016\/10\/web-geocaching-2.jpg\" alt=\"web geocaching (2)\" width=\"197\" height=\"196\" srcset=\"https:\/\/blogsaverroes.juntadeandalucia.es\/ceipagora\/files\/2016\/10\/web-geocaching-2.jpg 250w, https:\/\/blogsaverroes.juntadeandalucia.es\/ceipagora\/files\/2016\/10\/web-geocaching-2-150x150.jpg 150w, https:\/\/blogsaverroes.juntadeandalucia.es\/ceipagora\/files\/2016\/10\/web-geocaching-2-100x100.jpg 100w\" sizes=\"(max-width: 197px) 100vw, 197px\" \/><\/td>\n<\/tr>\n<\/tbody>\n<\/table>\n<table>\n<tbody>\n<tr>\n<td>&nbsp;<\/td>\n<td>&nbsp;<\/td>\n<td>&nbsp;<\/td>\n<td>&nbsp;<\/td>\n<\/tr>\n<\/tbody>\n<\/table>\n<table>\n<tbody>\n<tr>\n<td><a href=\"https:\/\/blogsaverroes.juntadeandalucia.es\/ceipagora\/multimedia-el-pasaporte-de-las-3-c\/\"><img loading=\"lazy\" decoding=\"async\" class=\"aligncenter wp-image-1002 size-full\" src=\"https:\/\/blogsaverroes.juntadeandalucia.es\/ceipagora\/files\/2016\/10\/41.jpg\" alt=\"4\" width=\"250\" height=\"250\" srcset=\"https:\/\/blogsaverroes.juntadeandalucia.es\/ceipagora\/files\/2016\/10\/41.jpg 250w, https:\/\/blogsaverroes.juntadeandalucia.es\/ceipagora\/files\/2016\/10\/41-150x150.jpg 150w, https:\/\/blogsaverroes.juntadeandalucia.es\/ceipagora\/files\/2016\/10\/41-100x100.jpg 100w\" sizes=\"(max-width: 250px) 100vw, 250px\" \/><\/a><\/td>\n<td><a href=\"https:\/\/blogsaverroes.juntadeandalucia.es\/ceipagora\/facebook-el-pasaporte-de-las-3-c\/\"><img loading=\"lazy\" decoding=\"async\" class=\"aligncenter wp-image-1004 size-full\" src=\"https:\/\/blogsaverroes.juntadeandalucia.es\/ceipagora\/files\/2016\/10\/61.jpg\" alt=\"6\" width=\"250\" height=\"250\" srcset=\"https:\/\/blogsaverroes.juntadeandalucia.es\/ceipagora\/files\/2016\/10\/61.jpg 250w, https:\/\/blogsaverroes.juntadeandalucia.es\/ceipagora\/files\/2016\/10\/61-150x150.jpg 150w, https:\/\/blogsaverroes.juntadeandalucia.es\/ceipagora\/files\/2016\/10\/61-100x100.jpg 100w\" sizes=\"(max-width: 250px) 100vw, 250px\" \/><\/a><\/td>\n<td><a href=\"https:\/\/blogsaverroes.juntadeandalucia.es\/ceipagora\/quieres-participar\/\"><img loading=\"lazy\" decoding=\"async\" class=\"aligncenter wp-image-1003 size-full\" src=\"https:\/\/blogsaverroes.juntadeandalucia.es\/ceipagora\/files\/2016\/10\/51.jpg\" alt=\"5\" width=\"250\" height=\"250\" srcset=\"https:\/\/blogsaverroes.juntadeandalucia.es\/ceipagora\/files\/2016\/10\/51.jpg 250w, https:\/\/blogsaverroes.juntadeandalucia.es\/ceipagora\/files\/2016\/10\/51-150x150.jpg 150w, https:\/\/blogsaverroes.juntadeandalucia.es\/ceipagora\/files\/2016\/10\/51-100x100.jpg 100w\" sizes=\"(max-width: 250px) 100vw, 250px\" \/><\/a><\/td>\n<td><a href=\"https:\/\/blogsaverroes.juntadeandalucia.es\/ceipagora\/agradecimientos\/\"><img loading=\"lazy\" decoding=\"async\" class=\"aligncenter wp-image-1017 size-full\" src=\"https:\/\/blogsaverroes.juntadeandalucia.es\/ceipagora\/files\/2016\/10\/web-geocaching-3.jpg\" alt=\"\" width=\"250\" height=\"250\" srcset=\"https:\/\/blogsaverroes.juntadeandalucia.es\/ceipagora\/files\/2016\/10\/web-geocaching-3.jpg 250w, https:\/\/blogsaverroes.juntadeandalucia.es\/ceipagora\/files\/2016\/10\/web-geocaching-3-150x150.jpg 150w, https:\/\/blogsaverroes.juntadeandalucia.es\/ceipagora\/files\/2016\/10\/web-geocaching-3-100x100.jpg 100w\" sizes=\"(max-width: 250px) 100vw, 250px\" \/><\/a><\/td>\n<\/tr>\n<\/tbody>\n<\/table>\n<p>&nbsp;<\/p>\n<p>&nbsp;<\/p>\n<table>\n<tbody>\n<tr>\n<td>&nbsp;<\/td>\n<td>&nbsp;<\/td>\n<\/tr>\n<\/tbody>\n<\/table>\n<p>&nbsp;<\/p>\n<p>&nbsp;<\/p>\n<p>&nbsp;<\/p>\n","protected":false},"excerpt":{"rendered":"<p>&nbsp; &nbsp; EL CUADERNO DE BIT\u00c1GORA&nbsp; es un proyecto educativo que parte de la ESCUELA y que pretende FOMENTAR relaciones entre alumnado y familia potenciando adem\u00e1s una predisposici\u00f3n positiva hacia el aprendizaje.&nbsp; \u00bfEn qu\u00e9&#46;&#46;&#46;<\/p>\n","protected":false},"author":2427,"featured_media":803,"parent":0,"menu_order":0,"comment_status":"closed","ping_status":"open","template":"","meta":{"ngg_post_thumbnail":0,"footnotes":""},"aioseo_notices":[],"_links":{"self":[{"href":"https:\/\/blogsaverroes.juntadeandalucia.es\/ceipagora\/wp-json\/wp\/v2\/pages\/801"}],"collection":[{"href":"https:\/\/blogsaverroes.juntadeandalucia.es\/ceipagora\/wp-json\/wp\/v2\/pages"}],"about":[{"href":"https:\/\/blogsaverroes.juntadeandalucia.es\/ceipagora\/wp-json\/wp\/v2\/types\/page"}],"author":[{"embeddable":true,"href":"https:\/\/blogsaverroes.juntadeandalucia.es\/ceipagora\/wp-json\/wp\/v2\/users\/2427"}],"replies":[{"embeddable":true,"href":"https:\/\/blogsaverroes.juntadeandalucia.es\/ceipagora\/wp-json\/wp\/v2\/comments?post=801"}],"version-history":[{"count":34,"href":"https:\/\/blogsaverroes.juntadeandalucia.es\/ceipagora\/wp-json\/wp\/v2\/pages\/801\/revisions"}],"predecessor-version":[{"id":2403,"href":"https:\/\/blogsaverroes.juntadeandalucia.es\/ceipagora\/wp-json\/wp\/v2\/pages\/801\/revisions\/2403"}],"wp:featuredmedia":[{"embeddable":true,"href":"https:\/\/blogsaverroes.juntadeandalucia.es\/ceipagora\/wp-json\/wp\/v2\/media\/803"}],"wp:attachment":[{"href":"https:\/\/blogsaverroes.juntadeandalucia.es\/ceipagora\/wp-json\/wp\/v2\/media?parent=801"}],"curies":[{"name":"wp","href":"https:\/\/api.w.org\/{rel}","templated":true}]}}