{"id":943,"date":"2016-10-22T15:00:18","date_gmt":"2016-10-22T15:00:18","guid":{"rendered":"https:\/\/blogsaverroes.juntadeandalucia.es\/ceipagora\/?page_id=943"},"modified":"2018-01-09T10:08:05","modified_gmt":"2018-01-09T10:08:05","slug":"que-significan-las-3-c","status":"publish","type":"page","link":"https:\/\/blogsaverroes.juntadeandalucia.es\/ceipagora\/que-significan-las-3-c\/","title":{"rendered":"\u00bfPOR QU\u00c9 EL \u00abCUADERNO DE BIT\u00c1GORA?"},"content":{"rendered":"<p style=\"text-align: left\"><strong>&nbsp; &nbsp; EL \u00abCuaderno de Bit\u00e1gora\u00bb<\/strong>&nbsp;es un proyecto educativo que pretende representar una alternativa de ocio saludable en familia. As\u00ed como integrar est\u00e1 actividad familiar motivadora en el aula.<\/p>\n<p style=\"text-align: left\">&nbsp; &nbsp;Pretende intervenir de forma global en el desarrollo de diversos aspectos, entre los que destacamos:<\/p>\n<ol style=\"text-align: left\">\n<li style=\"text-align: left\"><strong>Creatividad.<\/strong><\/li>\n<li style=\"text-align: left\"><strong>Competencia digital.<\/strong><\/li>\n<li style=\"text-align: left\"><strong>Percepci\u00f3n del espacio y orientaci\u00f3n.<\/strong><\/li>\n<li style=\"text-align: left\"><strong>H\u00e1bitos de vida saludable.<\/strong><\/li>\n<\/ol>\n<p style=\"text-align: left\">&nbsp; &nbsp;En un proyecto Educativo como el del CEIP \u00c1GORA, este tipo de propuestas se hacen imprescindibles por muchos motivos, el primero de ellos quiz\u00e1s, nuestra apuesta por plantear a las familias \u00abdeberes\u00bb con sentido, y lejos de la idea \u00abtradicional\u00bb de aprender contenidos por repetici\u00f3n, sacados de un libro de texto de la editorial que sea, rellenando cuadernos y cuadernos a mano.<\/p>\n<p style=\"text-align: left\">&nbsp; &nbsp;En segundo lugar, porque desarrollar esta actividad implica movimiento, aire libre, intuici\u00f3n y l\u00f3gica al mismo tiempo, compartir tiempo con otros\/as, trabajo cooperativo, creatividad y conexi\u00f3n posterior con la escuela.<\/p>\n<p style=\"text-align: left\">&nbsp; &nbsp;Y finalmente, porque pretendemos emocionar, sorprender y hacer del aprendizaje de los ni\u00f1os y ni\u00f1as, una etapa que recuerden con una sonrisa, por todo los que les aport\u00f3 y por lo felices que fueron mientras aprend\u00edan.<\/p>\n<p style=\"text-align: left\">&nbsp; &nbsp;Una \u00faltima reflexi\u00f3n, es el agradecimiento a \u00c1ngel Arana y Aurora Asensio, porque sin su paso por nuestro centro, este proyecto no existir\u00eda.<\/p>\n<p style=\"text-align: left\">&nbsp;<\/p>\n<table class=\" alignleft\">\n<tbody>\n<tr>\n<td>&nbsp;<\/td>\n<td><a href=\"https:\/\/blogsaverroes.juntadeandalucia.es\/ceipagora\/que-es-el-geocaching\/\"><img loading=\"lazy\" decoding=\"async\" class=\"aligncenter wp-image-980 size-full\" src=\"https:\/\/blogsaverroes.juntadeandalucia.es\/ceipagora\/files\/2016\/10\/web-geocaching.jpg\" alt=\"web geocaching\" width=\"250\" height=\"250\" srcset=\"https:\/\/blogsaverroes.juntadeandalucia.es\/ceipagora\/files\/2016\/10\/web-geocaching.jpg 250w, https:\/\/blogsaverroes.juntadeandalucia.es\/ceipagora\/files\/2016\/10\/web-geocaching-150x150.jpg 150w, https:\/\/blogsaverroes.juntadeandalucia.es\/ceipagora\/files\/2016\/10\/web-geocaching-100x100.jpg 100w\" sizes=\"(max-width: 250px) 100vw, 250px\" \/><\/a><\/td>\n<td><a href=\"https:\/\/blogsaverroes.juntadeandalucia.es\/ceipagora\/aplicaciones-necesarias\/\"><img loading=\"lazy\" decoding=\"async\" class=\"aligncenter wp-image-986 size-full\" src=\"https:\/\/blogsaverroes.juntadeandalucia.es\/ceipagora\/files\/2016\/10\/5.jpg\" alt=\"5\" width=\"250\" height=\"250\" srcset=\"https:\/\/blogsaverroes.juntadeandalucia.es\/ceipagora\/files\/2016\/10\/5.jpg 250w, https:\/\/blogsaverroes.juntadeandalucia.es\/ceipagora\/files\/2016\/10\/5-150x150.jpg 150w, https:\/\/blogsaverroes.juntadeandalucia.es\/ceipagora\/files\/2016\/10\/5-100x100.jpg 100w\" sizes=\"(max-width: 250px) 100vw, 250px\" \/><\/a><\/td>\n<td><a href=\"https:\/\/blogsaverroes.juntadeandalucia.es\/ceipagora\/como-funciona-el-pasaporte-de-las-3-c\/\"><img loading=\"lazy\" decoding=\"async\" class=\"aligncenter wp-image-987 size-full\" src=\"https:\/\/blogsaverroes.juntadeandalucia.es\/ceipagora\/files\/2016\/10\/6.jpg\" alt=\"6\" width=\"250\" height=\"250\" srcset=\"https:\/\/blogsaverroes.juntadeandalucia.es\/ceipagora\/files\/2016\/10\/6.jpg 250w, https:\/\/blogsaverroes.juntadeandalucia.es\/ceipagora\/files\/2016\/10\/6-150x150.jpg 150w, https:\/\/blogsaverroes.juntadeandalucia.es\/ceipagora\/files\/2016\/10\/6-100x100.jpg 100w\" sizes=\"(max-width: 250px) 100vw, 250px\" \/><\/a><\/td>\n<\/tr>\n<\/tbody>\n<\/table>\n<table>\n<tbody>\n<tr>\n<td style=\"text-align: left\"><a href=\"https:\/\/drive.google.com\/open?id=1QZkaumv4w3yvpwXn7hH_g2Nn8Eiyv6xB\"><img loading=\"lazy\" decoding=\"async\" class=\"size-medium wp-image-2036 alignleft\" src=\"https:\/\/blogsaverroes.juntadeandalucia.es\/ceipagora\/files\/2016\/10\/descargarcuadernillo-232x300.jpg\" alt=\"\" width=\"232\" height=\"300\" srcset=\"https:\/\/blogsaverroes.juntadeandalucia.es\/ceipagora\/files\/2016\/10\/descargarcuadernillo-232x300.jpg 232w, https:\/\/blogsaverroes.juntadeandalucia.es\/ceipagora\/files\/2016\/10\/descargarcuadernillo-768x994.jpg 768w, https:\/\/blogsaverroes.juntadeandalucia.es\/ceipagora\/files\/2016\/10\/descargarcuadernillo-791x1024.jpg 791w, https:\/\/blogsaverroes.juntadeandalucia.es\/ceipagora\/files\/2016\/10\/descargarcuadernillo-700x906.jpg 700w, https:\/\/blogsaverroes.juntadeandalucia.es\/ceipagora\/files\/2016\/10\/descargarcuadernillo-19x24.jpg 19w, https:\/\/blogsaverroes.juntadeandalucia.es\/ceipagora\/files\/2016\/10\/descargarcuadernillo-28x36.jpg 28w, https:\/\/blogsaverroes.juntadeandalucia.es\/ceipagora\/files\/2016\/10\/descargarcuadernillo-37x48.jpg 37w, https:\/\/blogsaverroes.juntadeandalucia.es\/ceipagora\/files\/2016\/10\/descargarcuadernillo.jpg 816w\" sizes=\"(max-width: 232px) 100vw, 232px\" \/><\/a><a href=\"https:\/\/blogsaverroes.juntadeandalucia.es\/ceipagora\/que-contiene-un-cache-tesoro\/\"><img loading=\"lazy\" decoding=\"async\" class=\"aligncenter wp-image-994 size-full\" src=\"https:\/\/blogsaverroes.juntadeandalucia.es\/ceipagora\/files\/2016\/10\/web-geocaching-2.jpg\" alt=\"web geocaching (2)\" width=\"250\" height=\"250\" srcset=\"https:\/\/blogsaverroes.juntadeandalucia.es\/ceipagora\/files\/2016\/10\/web-geocaching-2.jpg 250w, https:\/\/blogsaverroes.juntadeandalucia.es\/ceipagora\/files\/2016\/10\/web-geocaching-2-150x150.jpg 150w, https:\/\/blogsaverroes.juntadeandalucia.es\/ceipagora\/files\/2016\/10\/web-geocaching-2-100x100.jpg 100w\" sizes=\"(max-width: 250px) 100vw, 250px\" \/><\/a><\/td>\n<td style=\"text-align: left\">&nbsp;<\/td>\n<td style=\"text-align: left\">&nbsp;<\/td>\n<td style=\"text-align: left\">&nbsp;<\/td>\n<\/tr>\n<\/tbody>\n<\/table>\n<table>\n<tbody>\n<tr>\n<td>&nbsp;<\/td>\n<td>&nbsp;<\/td>\n<td>&nbsp;<\/td>\n<td><a href=\"https:\/\/blogsaverroes.juntadeandalucia.es\/ceipagora\/agradecimientos\/\"><img loading=\"lazy\" decoding=\"async\" class=\"aligncenter wp-image-1017 size-full\" src=\"https:\/\/blogsaverroes.juntadeandalucia.es\/ceipagora\/files\/2016\/10\/web-geocaching-3.jpg\" alt=\"\" width=\"250\" height=\"250\" srcset=\"https:\/\/blogsaverroes.juntadeandalucia.es\/ceipagora\/files\/2016\/10\/web-geocaching-3.jpg 250w, https:\/\/blogsaverroes.juntadeandalucia.es\/ceipagora\/files\/2016\/10\/web-geocaching-3-150x150.jpg 150w, https:\/\/blogsaverroes.juntadeandalucia.es\/ceipagora\/files\/2016\/10\/web-geocaching-3-100x100.jpg 100w\" sizes=\"(max-width: 250px) 100vw, 250px\" \/><\/a><\/td>\n<\/tr>\n<\/tbody>\n<\/table>\n<p>&nbsp;<\/p>\n<p>&nbsp;<\/p>\n<p>&nbsp;<\/p>\n","protected":false},"excerpt":{"rendered":"<p>&nbsp; &nbsp; EL \u00abCuaderno de Bit\u00e1gora\u00bb&nbsp;es un proyecto educativo que pretende representar una alternativa de ocio saludable en familia. As\u00ed como integrar est\u00e1 actividad familiar motivadora en el aula. &nbsp; &nbsp;Pretende intervenir de forma&#46;&#46;&#46;<\/p>\n","protected":false},"author":2427,"featured_media":0,"parent":0,"menu_order":0,"comment_status":"closed","ping_status":"open","template":"","meta":{"ngg_post_thumbnail":0,"footnotes":""},"aioseo_notices":[],"_links":{"self":[{"href":"https:\/\/blogsaverroes.juntadeandalucia.es\/ceipagora\/wp-json\/wp\/v2\/pages\/943"}],"collection":[{"href":"https:\/\/blogsaverroes.juntadeandalucia.es\/ceipagora\/wp-json\/wp\/v2\/pages"}],"about":[{"href":"https:\/\/blogsaverroes.juntadeandalucia.es\/ceipagora\/wp-json\/wp\/v2\/types\/page"}],"author":[{"embeddable":true,"href":"https:\/\/blogsaverroes.juntadeandalucia.es\/ceipagora\/wp-json\/wp\/v2\/users\/2427"}],"replies":[{"embeddable":true,"href":"https:\/\/blogsaverroes.juntadeandalucia.es\/ceipagora\/wp-json\/wp\/v2\/comments?post=943"}],"version-history":[{"count":17,"href":"https:\/\/blogsaverroes.juntadeandalucia.es\/ceipagora\/wp-json\/wp\/v2\/pages\/943\/revisions"}],"predecessor-version":[{"id":2112,"href":"https:\/\/blogsaverroes.juntadeandalucia.es\/ceipagora\/wp-json\/wp\/v2\/pages\/943\/revisions\/2112"}],"wp:attachment":[{"href":"https:\/\/blogsaverroes.juntadeandalucia.es\/ceipagora\/wp-json\/wp\/v2\/media?parent=943"}],"curies":[{"name":"wp","href":"https:\/\/api.w.org\/{rel}","templated":true}]}}