{"id":955,"date":"2016-10-22T16:27:39","date_gmt":"2016-10-22T16:27:39","guid":{"rendered":"https:\/\/blogsaverroes.juntadeandalucia.es\/ceipagora\/?page_id=955"},"modified":"2018-01-09T10:05:18","modified_gmt":"2018-01-09T10:05:18","slug":"como-funciona-el-pasaporte-de-las-3-c","status":"publish","type":"page","link":"https:\/\/blogsaverroes.juntadeandalucia.es\/ceipagora\/como-funciona-el-pasaporte-de-las-3-c\/","title":{"rendered":"\u00bfC\u00d3MO FUNCIONA EL \u00abCUADERNO DE BIT\u00c1GORA\u00bb?"},"content":{"rendered":"<p>El PROYECTO \u00abCUADERNO DE BIT\u00c1GORA\u00bb es la continuaci\u00f3n del Proyecto iniciado por \u00c1ngel Arana y Aurora Asensio. Se trata de aficionar a nuestra Comunidad Educativa a desarrollar en familia un ocio saludable, a trav\u00e9s del descubrimiento de lugares, historia, patrimonio y medio natural. Para ello usaremos el GEOCACHING como juego de b\u00fasqueda de tesoros que existe a nivel mundial.<\/p>\n<h3><strong>INTRUCCIONES PARA ALUMNADO Y FAMILIA<\/strong><\/h3>\n<p>ES MUY IMPORTANTE <em><strong>RESPETAR<\/strong><\/em> TODOS Y CADA UNO DE LOS TESOROS ESCONDIDOS, <em><strong>DEJARLOS EN EL MISMO LUGAR<\/strong><\/em> Y&nbsp;<span class=\"s1\">&nbsp;GUARDAR BIEN EL&nbsp;&nbsp;<\/span><em><strong><span class=\"s2\">SECRETO.&nbsp;<\/span><\/strong><\/em><span class=\"s1\">AS\u00cd LA DIVERSI\u00d3N SER\u00c1 IGUAL PARA<\/span><span class=\"s1\">&nbsp;<\/span><span class=\"s2\">TOD@S. RECUERDA QUE EL <em><strong>ENTORNO<\/strong> <\/em>EN EL QUE SE ENCUENTRAN LOS TESOROS TIENEN UN GRAN VALOR&nbsp;NATURAL, HIST\u00d3RICO Y\/O CULTURAL POR ELLO DEBES AYUDAR Y FAVORECER SU CONSERVACI\u00d3N.<\/span><\/p>\n<p>1- El alumnado y familia dispondr\u00e1 de un <a href=\"http:\/\/blogsaverroes.juntadeandalucia.es\/colegionuevodepalomares\/cuaderno-el-pasaporte\/\">cuaderno (CUADERNO DE BIT\u00c1GORA)<\/a> &nbsp;con toda la informaci\u00f3n necesaria, cada unidad familiar&nbsp;deber\u00e1 tener descargadas las <a href=\"http:\/\/blogsaverroes.juntadeandalucia.es\/colegionuevodepalomares\/aplicaciones-necesarias\/\">aplicaciones necesarias<\/a>:<\/p>\n<table>\n<tbody>\n<tr>\n<td><a href=\"https:\/\/blogsaverroes.juntadeandalucia.es\/ceipagora\/aplicaciones-necesarias\/\"><img loading=\"lazy\" decoding=\"async\" class=\"aligncenter wp-image-956 size-thumbnail\" src=\"https:\/\/blogsaverroes.juntadeandalucia.es\/ceipagora\/files\/2016\/10\/APP-GEOCACHING-IPHONE-150x150.png\" alt=\"APP GEOCACHING IPHONE\" width=\"150\" height=\"150\" srcset=\"https:\/\/blogsaverroes.juntadeandalucia.es\/ceipagora\/files\/2016\/10\/APP-GEOCACHING-IPHONE-150x150.png 150w, https:\/\/blogsaverroes.juntadeandalucia.es\/ceipagora\/files\/2016\/10\/APP-GEOCACHING-IPHONE-100x100.png 100w, https:\/\/blogsaverroes.juntadeandalucia.es\/ceipagora\/files\/2016\/10\/APP-GEOCACHING-IPHONE.png 300w, https:\/\/blogsaverroes.juntadeandalucia.es\/ceipagora\/files\/2016\/10\/APP-GEOCACHING-IPHONE-268x268.png 268w\" sizes=\"(max-width: 150px) 100vw, 150px\" \/><\/a><\/td>\n<td><a href=\"https:\/\/blogsaverroes.juntadeandalucia.es\/ceipagora\/aplicaciones-necesarias\/\"><img loading=\"lazy\" decoding=\"async\" class=\"aligncenter wp-image-957 size-thumbnail\" src=\"https:\/\/blogsaverroes.juntadeandalucia.es\/ceipagora\/files\/2016\/10\/cgeo-logo-150x150.png\" alt=\"cgeo-logo\" width=\"150\" height=\"150\" srcset=\"https:\/\/blogsaverroes.juntadeandalucia.es\/ceipagora\/files\/2016\/10\/cgeo-logo-150x150.png 150w, https:\/\/blogsaverroes.juntadeandalucia.es\/ceipagora\/files\/2016\/10\/cgeo-logo-100x100.png 100w, https:\/\/blogsaverroes.juntadeandalucia.es\/ceipagora\/files\/2016\/10\/cgeo-logo.png 250w\" sizes=\"(max-width: 150px) 100vw, 150px\" \/><\/a><\/td>\n<td><a href=\"https:\/\/blogsaverroes.juntadeandalucia.es\/ceipagora\/aplicaciones-necesarias\/\"><img loading=\"lazy\" decoding=\"async\" class=\"aligncenter wp-image-959 size-thumbnail\" src=\"https:\/\/blogsaverroes.juntadeandalucia.es\/ceipagora\/files\/2016\/10\/google-maps-150x150.jpg\" alt=\"google maps\" width=\"150\" height=\"150\" srcset=\"https:\/\/blogsaverroes.juntadeandalucia.es\/ceipagora\/files\/2016\/10\/google-maps-150x150.jpg 150w, https:\/\/blogsaverroes.juntadeandalucia.es\/ceipagora\/files\/2016\/10\/google-maps-300x300.jpg 300w, https:\/\/blogsaverroes.juntadeandalucia.es\/ceipagora\/files\/2016\/10\/google-maps-100x100.jpg 100w, https:\/\/blogsaverroes.juntadeandalucia.es\/ceipagora\/files\/2016\/10\/google-maps-432x432.jpg 432w, https:\/\/blogsaverroes.juntadeandalucia.es\/ceipagora\/files\/2016\/10\/google-maps-268x268.jpg 268w, https:\/\/blogsaverroes.juntadeandalucia.es\/ceipagora\/files\/2016\/10\/google-maps.jpg 500w\" sizes=\"(max-width: 150px) 100vw, 150px\" \/><\/a><\/td>\n<td>&nbsp;<\/td>\n<\/tr>\n<\/tbody>\n<\/table>\n<p>2-Reg\u00edstrate en la aplicaci\u00f3n Geocaching.<\/p>\n<p>3- Recoge en el cole, monedas \u00c1gora de distinto tama\u00f1o, para dejarlas en los geocaching que encuentres durante tus aventuras. Recuerda que en muchos geocaching encuentras peque\u00f1os tesoros y tenemos que dejar uno como intercambio. <strong>Este punto no es obligatorio para disfrutar de la actividad, pero s\u00ed recomendable.<\/strong><\/p>\n<p>4- Consigue un \u00abCuaderno de Bit\u00e1gora\u00bb en el cole o desc\u00e1rgate uno de la web, para registrar tus aventuras y contarlas luego en clase&#8230; tendr\u00e1s un recuerdo espectacular de tus aventuras de peque\u00f1o en familia, al m\u00e1s puro estilo de \u00abIndiana Jones\u00bb<\/p>\n<p style=\"text-align: justify\">&nbsp;<\/p>\n<p>5-Cuando encuentres el Tesoro (geocach\u00e9) deja la <em>moneda \u00e1gora<\/em> si la llevas y si cabe. Firma el libro de registro y devuelve el geocach\u00e9 a su ubicaci\u00f3n original para que pueda encontrarlo otro compa\u00f1er@. Puedes hacerte una foto con el tesoro sin dar pista de su ubicaci\u00f3n, para a\u00f1adirla al <strong>cuaderno de bit\u00e1gora<\/strong>. No le cuentes a tus compa\u00f1er@s d\u00f3nde est\u00e1 escondido, deja que ell@s lo descubran.<\/p>\n<p>8-Cu\u00e9ntaselo a tu maestr@ y mu\u00e9strale tu <strong>cuaderno de bit\u00e1gora<\/strong>, para que te lo&nbsp; selle y valore tu trabajo.<\/p>\n<p style=\"text-align: justify\"><a href=\"https:\/\/blogsaverroes.juntadeandalucia.es\/ceipagora\/files\/2016\/10\/FullSizeRender.jpg\"><img loading=\"lazy\" decoding=\"async\" class=\" size-medium wp-image-1040 aligncenter\" src=\"https:\/\/blogsaverroes.juntadeandalucia.es\/ceipagora\/files\/2016\/10\/FullSizeRender-277x300.jpg\" alt=\"FullSizeRender\" width=\"277\" height=\"300\" srcset=\"https:\/\/blogsaverroes.juntadeandalucia.es\/ceipagora\/files\/2016\/10\/FullSizeRender-277x300.jpg 277w, https:\/\/blogsaverroes.juntadeandalucia.es\/ceipagora\/files\/2016\/10\/FullSizeRender-700x759.jpg 700w, https:\/\/blogsaverroes.juntadeandalucia.es\/ceipagora\/files\/2016\/10\/FullSizeRender.jpg 750w\" sizes=\"(max-width: 277px) 100vw, 277px\" \/><\/a><\/p>\n<p style=\"text-align: justify\">&nbsp;<\/p>\n<p style=\"text-align: justify\">&nbsp;<\/p>\n<table>\n<tbody>\n<tr>\n<td>&nbsp;<\/td>\n<td><a href=\"https:\/\/blogsaverroes.juntadeandalucia.es\/ceipagora\/que-es-el-geocaching\/\"><img loading=\"lazy\" decoding=\"async\" class=\"aligncenter wp-image-980 size-full\" src=\"https:\/\/blogsaverroes.juntadeandalucia.es\/ceipagora\/files\/2016\/10\/web-geocaching.jpg\" alt=\"web geocaching\" width=\"250\" height=\"250\" srcset=\"https:\/\/blogsaverroes.juntadeandalucia.es\/ceipagora\/files\/2016\/10\/web-geocaching.jpg 250w, https:\/\/blogsaverroes.juntadeandalucia.es\/ceipagora\/files\/2016\/10\/web-geocaching-150x150.jpg 150w, https:\/\/blogsaverroes.juntadeandalucia.es\/ceipagora\/files\/2016\/10\/web-geocaching-100x100.jpg 100w\" sizes=\"(max-width: 250px) 100vw, 250px\" \/><\/a><\/td>\n<td><a href=\"https:\/\/blogsaverroes.juntadeandalucia.es\/ceipagora\/aplicaciones-necesarias\/\"><img loading=\"lazy\" decoding=\"async\" class=\"aligncenter wp-image-986 size-full\" src=\"https:\/\/blogsaverroes.juntadeandalucia.es\/ceipagora\/files\/2016\/10\/5.jpg\" alt=\"5\" width=\"250\" height=\"250\" srcset=\"https:\/\/blogsaverroes.juntadeandalucia.es\/ceipagora\/files\/2016\/10\/5.jpg 250w, https:\/\/blogsaverroes.juntadeandalucia.es\/ceipagora\/files\/2016\/10\/5-150x150.jpg 150w, https:\/\/blogsaverroes.juntadeandalucia.es\/ceipagora\/files\/2016\/10\/5-100x100.jpg 100w\" sizes=\"(max-width: 250px) 100vw, 250px\" \/><\/a><\/td>\n<td><a href=\"https:\/\/blogsaverroes.juntadeandalucia.es\/ceipagora\/como-funciona-el-pasaporte-de-las-3-c\/\"><img loading=\"lazy\" decoding=\"async\" class=\"aligncenter wp-image-987 size-full\" src=\"https:\/\/blogsaverroes.juntadeandalucia.es\/ceipagora\/files\/2016\/10\/6.jpg\" alt=\"6\" width=\"250\" height=\"250\" srcset=\"https:\/\/blogsaverroes.juntadeandalucia.es\/ceipagora\/files\/2016\/10\/6.jpg 250w, https:\/\/blogsaverroes.juntadeandalucia.es\/ceipagora\/files\/2016\/10\/6-150x150.jpg 150w, https:\/\/blogsaverroes.juntadeandalucia.es\/ceipagora\/files\/2016\/10\/6-100x100.jpg 100w\" sizes=\"(max-width: 250px) 100vw, 250px\" \/><\/a><\/td>\n<\/tr>\n<\/tbody>\n<\/table>\n<table>\n<tbody>\n<tr>\n<td><a href=\"https:\/\/blogsaverroes.juntadeandalucia.es\/ceipagora\/que-contiene-un-cache-tesoro\/\"><img loading=\"lazy\" decoding=\"async\" class=\"aligncenter wp-image-994 size-full\" src=\"https:\/\/blogsaverroes.juntadeandalucia.es\/ceipagora\/files\/2016\/10\/web-geocaching-2.jpg\" alt=\"web geocaching (2)\" width=\"250\" height=\"250\" srcset=\"https:\/\/blogsaverroes.juntadeandalucia.es\/ceipagora\/files\/2016\/10\/web-geocaching-2.jpg 250w, https:\/\/blogsaverroes.juntadeandalucia.es\/ceipagora\/files\/2016\/10\/web-geocaching-2-150x150.jpg 150w, https:\/\/blogsaverroes.juntadeandalucia.es\/ceipagora\/files\/2016\/10\/web-geocaching-2-100x100.jpg 100w\" sizes=\"(max-width: 250px) 100vw, 250px\" \/><\/a><\/td>\n<td>&nbsp;<\/td>\n<td><a href=\"https:\/\/drive.google.com\/open?id=1QZkaumv4w3yvpwXn7hH_g2Nn8Eiyv6xB\"><img loading=\"lazy\" decoding=\"async\" class=\"alignnone size-medium wp-image-2036\" src=\"https:\/\/blogsaverroes.juntadeandalucia.es\/ceipagora\/files\/2016\/10\/descargarcuadernillo-232x300.jpg\" alt=\"\" width=\"232\" height=\"300\" srcset=\"https:\/\/blogsaverroes.juntadeandalucia.es\/ceipagora\/files\/2016\/10\/descargarcuadernillo-232x300.jpg 232w, https:\/\/blogsaverroes.juntadeandalucia.es\/ceipagora\/files\/2016\/10\/descargarcuadernillo-768x994.jpg 768w, https:\/\/blogsaverroes.juntadeandalucia.es\/ceipagora\/files\/2016\/10\/descargarcuadernillo-791x1024.jpg 791w, https:\/\/blogsaverroes.juntadeandalucia.es\/ceipagora\/files\/2016\/10\/descargarcuadernillo-700x906.jpg 700w, https:\/\/blogsaverroes.juntadeandalucia.es\/ceipagora\/files\/2016\/10\/descargarcuadernillo-19x24.jpg 19w, https:\/\/blogsaverroes.juntadeandalucia.es\/ceipagora\/files\/2016\/10\/descargarcuadernillo-28x36.jpg 28w, https:\/\/blogsaverroes.juntadeandalucia.es\/ceipagora\/files\/2016\/10\/descargarcuadernillo-37x48.jpg 37w, https:\/\/blogsaverroes.juntadeandalucia.es\/ceipagora\/files\/2016\/10\/descargarcuadernillo.jpg 816w\" sizes=\"(max-width: 232px) 100vw, 232px\" \/><\/a><\/td>\n<td>&nbsp;<\/td>\n<\/tr>\n<\/tbody>\n<\/table>\n<table>\n<tbody>\n<tr>\n<td><a href=\"https:\/\/blogsaverroes.juntadeandalucia.es\/ceipagora\/multimedia-el-pasaporte-de-las-3-c\/\"><img loading=\"lazy\" decoding=\"async\" class=\"aligncenter wp-image-1002 size-full\" src=\"https:\/\/blogsaverroes.juntadeandalucia.es\/ceipagora\/files\/2016\/10\/41.jpg\" alt=\"4\" width=\"250\" height=\"250\" srcset=\"https:\/\/blogsaverroes.juntadeandalucia.es\/ceipagora\/files\/2016\/10\/41.jpg 250w, https:\/\/blogsaverroes.juntadeandalucia.es\/ceipagora\/files\/2016\/10\/41-150x150.jpg 150w, https:\/\/blogsaverroes.juntadeandalucia.es\/ceipagora\/files\/2016\/10\/41-100x100.jpg 100w\" sizes=\"(max-width: 250px) 100vw, 250px\" \/><\/a><\/td>\n<td>&nbsp;<\/td>\n<td><a href=\"https:\/\/blogsaverroes.juntadeandalucia.es\/ceipagora\/quieres-participar\/\"><img loading=\"lazy\" decoding=\"async\" class=\"aligncenter wp-image-1003 size-full\" src=\"https:\/\/blogsaverroes.juntadeandalucia.es\/ceipagora\/files\/2016\/10\/51.jpg\" alt=\"5\" width=\"250\" height=\"250\" srcset=\"https:\/\/blogsaverroes.juntadeandalucia.es\/ceipagora\/files\/2016\/10\/51.jpg 250w, https:\/\/blogsaverroes.juntadeandalucia.es\/ceipagora\/files\/2016\/10\/51-150x150.jpg 150w, https:\/\/blogsaverroes.juntadeandalucia.es\/ceipagora\/files\/2016\/10\/51-100x100.jpg 100w\" sizes=\"(max-width: 250px) 100vw, 250px\" \/><\/a><\/td>\n<td><a href=\"https:\/\/blogsaverroes.juntadeandalucia.es\/ceipagora\/agradecimientos\/\"><img loading=\"lazy\" decoding=\"async\" class=\"aligncenter wp-image-1017 size-full\" src=\"https:\/\/blogsaverroes.juntadeandalucia.es\/ceipagora\/files\/2016\/10\/web-geocaching-3.jpg\" alt=\"\" width=\"250\" height=\"250\" srcset=\"https:\/\/blogsaverroes.juntadeandalucia.es\/ceipagora\/files\/2016\/10\/web-geocaching-3.jpg 250w, https:\/\/blogsaverroes.juntadeandalucia.es\/ceipagora\/files\/2016\/10\/web-geocaching-3-150x150.jpg 150w, https:\/\/blogsaverroes.juntadeandalucia.es\/ceipagora\/files\/2016\/10\/web-geocaching-3-100x100.jpg 100w\" sizes=\"(max-width: 250px) 100vw, 250px\" \/><\/a><\/td>\n<\/tr>\n<\/tbody>\n<\/table>\n<p>&nbsp;<\/p>\n<p>&nbsp;<\/p>\n<p>&nbsp;<\/p>\n","protected":false},"excerpt":{"rendered":"<p>El PROYECTO \u00abCUADERNO DE BIT\u00c1GORA\u00bb es la continuaci\u00f3n del Proyecto iniciado por \u00c1ngel Arana y Aurora Asensio. Se trata de aficionar a nuestra Comunidad Educativa a desarrollar en familia un ocio saludable, a trav\u00e9s&#46;&#46;&#46;<\/p>\n","protected":false},"author":2427,"featured_media":0,"parent":0,"menu_order":0,"comment_status":"closed","ping_status":"open","template":"","meta":{"ngg_post_thumbnail":0,"footnotes":""},"aioseo_notices":[],"_links":{"self":[{"href":"https:\/\/blogsaverroes.juntadeandalucia.es\/ceipagora\/wp-json\/wp\/v2\/pages\/955"}],"collection":[{"href":"https:\/\/blogsaverroes.juntadeandalucia.es\/ceipagora\/wp-json\/wp\/v2\/pages"}],"about":[{"href":"https:\/\/blogsaverroes.juntadeandalucia.es\/ceipagora\/wp-json\/wp\/v2\/types\/page"}],"author":[{"embeddable":true,"href":"https:\/\/blogsaverroes.juntadeandalucia.es\/ceipagora\/wp-json\/wp\/v2\/users\/2427"}],"replies":[{"embeddable":true,"href":"https:\/\/blogsaverroes.juntadeandalucia.es\/ceipagora\/wp-json\/wp\/v2\/comments?post=955"}],"version-history":[{"count":21,"href":"https:\/\/blogsaverroes.juntadeandalucia.es\/ceipagora\/wp-json\/wp\/v2\/pages\/955\/revisions"}],"predecessor-version":[{"id":2111,"href":"https:\/\/blogsaverroes.juntadeandalucia.es\/ceipagora\/wp-json\/wp\/v2\/pages\/955\/revisions\/2111"}],"wp:attachment":[{"href":"https:\/\/blogsaverroes.juntadeandalucia.es\/ceipagora\/wp-json\/wp\/v2\/media?parent=955"}],"curies":[{"name":"wp","href":"https:\/\/api.w.org\/{rel}","templated":true}]}}