{"id":958,"date":"2016-10-22T16:20:30","date_gmt":"2016-10-22T16:20:30","guid":{"rendered":"https:\/\/blogsaverroes.juntadeandalucia.es\/ceipagora\/?page_id=958"},"modified":"2018-01-09T10:10:15","modified_gmt":"2018-01-09T10:10:15","slug":"aplicaciones-necesarias","status":"publish","type":"page","link":"https:\/\/blogsaverroes.juntadeandalucia.es\/ceipagora\/aplicaciones-necesarias\/","title":{"rendered":"APLICACIONES NECESARIAS"},"content":{"rendered":"<h6>Para poder participar en este proyecto ser\u00e1 necesario disponer de un tel\u00e9fono m\u00f3vil con las siguientes aplicaciones descargadas.<\/h6>\n<h3><strong>APP&nbsp;GEOCACHING<\/strong><\/h3>\n<p>Es imprescindible crear una cuenta gratuita para poder participar de este juego.<\/p>\n<table class=\" aligncenter\">\n<tbody>\n<tr>\n<td colspan=\"2\">\n<h3><strong>APP OFICIALES&nbsp;<\/strong><\/h3>\n<p style=\"text-align: justify\">(Presentan limitaciones para buscar ciertos cach\u00e9s) para poder usarla hay que crear una cuenta . Puedes buscar los tesoros escondidos a trav\u00e9s de la ubicaci\u00f3n.<\/p>\n<p style=\"text-align: justify\"><a href=\"https:\/\/blogsaverroes.juntadeandalucia.es\/ceipagora\/files\/2016\/10\/FullSizeRender.jpg\"><img loading=\"lazy\" decoding=\"async\" class=\" size-medium wp-image-1040 aligncenter\" src=\"https:\/\/blogsaverroes.juntadeandalucia.es\/ceipagora\/files\/2016\/10\/FullSizeRender-277x300.jpg\" alt=\"FullSizeRender\" width=\"277\" height=\"300\" srcset=\"https:\/\/blogsaverroes.juntadeandalucia.es\/ceipagora\/files\/2016\/10\/FullSizeRender-277x300.jpg 277w, https:\/\/blogsaverroes.juntadeandalucia.es\/ceipagora\/files\/2016\/10\/FullSizeRender-700x759.jpg 700w, https:\/\/blogsaverroes.juntadeandalucia.es\/ceipagora\/files\/2016\/10\/FullSizeRender.jpg 750w\" sizes=\"(max-width: 277px) 100vw, 277px\" \/><\/a><\/p>\n<\/td>\n<\/tr>\n<tr>\n<td><strong>DISPOSITIVOS ANDROID<\/strong><\/td>\n<td><strong>DISPOSITIVOS&nbsp;IPHONE<\/strong><\/td>\n<\/tr>\n<tr>\n<td><a href=\"https:\/\/play.google.com\/store\/apps\/details?id=com.groundspeak.geocaching.intro&amp;hl=es\" target=\"_blank\" rel=\"noopener\"><img loading=\"lazy\" decoding=\"async\" class=\" wp-image-956 size-thumbnail aligncenter\" src=\"https:\/\/blogsaverroes.juntadeandalucia.es\/ceipagora\/files\/2016\/10\/APP-GEOCACHING-IPHONE-150x150.png\" alt=\"APP GEOCACHING IPHONE\" width=\"150\" height=\"150\" srcset=\"https:\/\/blogsaverroes.juntadeandalucia.es\/ceipagora\/files\/2016\/10\/APP-GEOCACHING-IPHONE-150x150.png 150w, https:\/\/blogsaverroes.juntadeandalucia.es\/ceipagora\/files\/2016\/10\/APP-GEOCACHING-IPHONE-100x100.png 100w, https:\/\/blogsaverroes.juntadeandalucia.es\/ceipagora\/files\/2016\/10\/APP-GEOCACHING-IPHONE.png 300w, https:\/\/blogsaverroes.juntadeandalucia.es\/ceipagora\/files\/2016\/10\/APP-GEOCACHING-IPHONE-268x268.png 268w\" sizes=\"(max-width: 150px) 100vw, 150px\" \/><\/a>GEOCACHING<\/td>\n<td><a href=\"https:\/\/itunes.apple.com\/us\/app\/geocaching\/id329541503?mt=8\" target=\"_blank\" rel=\"noopener\"><img loading=\"lazy\" decoding=\"async\" class=\" wp-image-956 size-thumbnail aligncenter\" src=\"https:\/\/blogsaverroes.juntadeandalucia.es\/ceipagora\/files\/2016\/10\/APP-GEOCACHING-IPHONE-150x150.png\" alt=\"APP GEOCACHING IPHONE\" width=\"150\" height=\"150\" srcset=\"https:\/\/blogsaverroes.juntadeandalucia.es\/ceipagora\/files\/2016\/10\/APP-GEOCACHING-IPHONE-150x150.png 150w, https:\/\/blogsaverroes.juntadeandalucia.es\/ceipagora\/files\/2016\/10\/APP-GEOCACHING-IPHONE-100x100.png 100w, https:\/\/blogsaverroes.juntadeandalucia.es\/ceipagora\/files\/2016\/10\/APP-GEOCACHING-IPHONE.png 300w, https:\/\/blogsaverroes.juntadeandalucia.es\/ceipagora\/files\/2016\/10\/APP-GEOCACHING-IPHONE-268x268.png 268w\" sizes=\"(max-width: 150px) 100vw, 150px\" \/><\/a>GEOCACHING<\/td>\n<\/tr>\n<tr>\n<td colspan=\"2\">\n<h3><strong>APP NO OFICIALES&nbsp;<\/strong><\/h3>\n<p>App menos intuitiva, pero no tiene limitaciones y se pueden consultar todos los caches.<\/p>\n<p><strong>RECUERDA INTRODUCIR TU USUARIO Y CONTRASE\u00d1A GEOCACHING<\/strong><\/td>\n<\/tr>\n<tr>\n<td><strong>DISPOSITIVOS ANDROID&nbsp;<\/strong><a href=\"https:\/\/play.google.com\/store\/apps\/details?id=cgeo.geocaching&amp;hl=es\" target=\"_blank\" rel=\"noopener\"><img loading=\"lazy\" decoding=\"async\" class=\" wp-image-957 size-thumbnail aligncenter\" src=\"https:\/\/blogsaverroes.juntadeandalucia.es\/ceipagora\/files\/2016\/10\/cgeo-logo-150x150.png\" alt=\"cgeo-logo\" width=\"150\" height=\"150\" srcset=\"https:\/\/blogsaverroes.juntadeandalucia.es\/ceipagora\/files\/2016\/10\/cgeo-logo-150x150.png 150w, https:\/\/blogsaverroes.juntadeandalucia.es\/ceipagora\/files\/2016\/10\/cgeo-logo-100x100.png 100w, https:\/\/blogsaverroes.juntadeandalucia.es\/ceipagora\/files\/2016\/10\/cgeo-logo.png 250w\" sizes=\"(max-width: 150px) 100vw, 150px\" \/><\/a>C:GEO<\/td>\n<td><strong>DISPOSITIVOS IPHONE<\/strong>&nbsp;<\/p>\n<p>Por el momento no existe alternativa.<\/td>\n<\/tr>\n<tr>\n<td style=\"text-align: left\" colspan=\"2\">Se recomienda buscar el tesoro en el ordenador a trav\u00e9s de la p\u00e1gina oficial (<a href=\"http:\/\/www.geocaching.com\" target=\"_blank\" rel=\"noopener\">www.geocaching.com<\/a>) para disponer de toda la informaci\u00f3n antes de salir de casa. Si es posible impr\u00edmela.&nbsp;<\/p>\n<p><a href=\"www.geocaching.com\" target=\"_blank\" rel=\"noopener\"><img loading=\"lazy\" decoding=\"async\" class=\" wp-image-1041 size-large aligncenter\" src=\"https:\/\/blogsaverroes.juntadeandalucia.es\/ceipagora\/files\/2016\/10\/geocachingweb-1024x458.jpg\" alt=\"geocachingweb\" width=\"660\" height=\"295\" srcset=\"https:\/\/blogsaverroes.juntadeandalucia.es\/ceipagora\/files\/2016\/10\/geocachingweb-1024x458.jpg 1024w, https:\/\/blogsaverroes.juntadeandalucia.es\/ceipagora\/files\/2016\/10\/geocachingweb-300x134.jpg 300w, https:\/\/blogsaverroes.juntadeandalucia.es\/ceipagora\/files\/2016\/10\/geocachingweb-700x313.jpg 700w, https:\/\/blogsaverroes.juntadeandalucia.es\/ceipagora\/files\/2016\/10\/geocachingweb.jpg 1236w\" sizes=\"(max-width: 660px) 100vw, 660px\" \/><\/a><\/td>\n<\/tr>\n<\/tbody>\n<\/table>\n<h3 style=\"text-align: justify\"><strong>OTRAS APP NECESARIAS<\/strong><\/h3>\n<p>&nbsp;<\/p>\n<p>&nbsp;&nbsp;&nbsp;<\/p>\n<table>\n<tbody>\n<tr>\n<td><strong>ANDROID&nbsp;<\/strong><\/td>\n<td><strong>IPHONE<\/strong><\/td>\n<\/tr>\n<tr>\n<td colspan=\"2\"><strong>GOOGLE MAPS<\/strong>Ser\u00e1 muy \u00fatil en caso de que las app anteriores fallen.Tambi\u00e9n podremos usarla para consultar coordenadas.<\/td>\n<\/tr>\n<tr>\n<td><a href=\"https:\/\/play.google.com\/store\/apps\/details?id=com.google.android.apps.maps&amp;hl=es\" target=\"_blank\" rel=\"noopener\"><img loading=\"lazy\" decoding=\"async\" class=\" wp-image-959 size-thumbnail aligncenter\" src=\"https:\/\/blogsaverroes.juntadeandalucia.es\/ceipagora\/files\/2016\/10\/google-maps-150x150.jpg\" alt=\"google maps\" width=\"150\" height=\"150\" srcset=\"https:\/\/blogsaverroes.juntadeandalucia.es\/ceipagora\/files\/2016\/10\/google-maps-150x150.jpg 150w, https:\/\/blogsaverroes.juntadeandalucia.es\/ceipagora\/files\/2016\/10\/google-maps-300x300.jpg 300w, https:\/\/blogsaverroes.juntadeandalucia.es\/ceipagora\/files\/2016\/10\/google-maps-100x100.jpg 100w, https:\/\/blogsaverroes.juntadeandalucia.es\/ceipagora\/files\/2016\/10\/google-maps-432x432.jpg 432w, https:\/\/blogsaverroes.juntadeandalucia.es\/ceipagora\/files\/2016\/10\/google-maps-268x268.jpg 268w, https:\/\/blogsaverroes.juntadeandalucia.es\/ceipagora\/files\/2016\/10\/google-maps.jpg 500w\" sizes=\"(max-width: 150px) 100vw, 150px\" \/><\/a><\/td>\n<td><a href=\"https:\/\/itunes.apple.com\/es\/app\/google-maps-navegacion-y-transito\/id585027354?mt=8\" target=\"_blank\" rel=\"noopener\"><img loading=\"lazy\" decoding=\"async\" class=\" wp-image-959 size-thumbnail aligncenter\" src=\"https:\/\/blogsaverroes.juntadeandalucia.es\/ceipagora\/files\/2016\/10\/google-maps-150x150.jpg\" alt=\"google maps\" width=\"150\" height=\"150\" srcset=\"https:\/\/blogsaverroes.juntadeandalucia.es\/ceipagora\/files\/2016\/10\/google-maps-150x150.jpg 150w, https:\/\/blogsaverroes.juntadeandalucia.es\/ceipagora\/files\/2016\/10\/google-maps-300x300.jpg 300w, https:\/\/blogsaverroes.juntadeandalucia.es\/ceipagora\/files\/2016\/10\/google-maps-100x100.jpg 100w, https:\/\/blogsaverroes.juntadeandalucia.es\/ceipagora\/files\/2016\/10\/google-maps-432x432.jpg 432w, https:\/\/blogsaverroes.juntadeandalucia.es\/ceipagora\/files\/2016\/10\/google-maps-268x268.jpg 268w, https:\/\/blogsaverroes.juntadeandalucia.es\/ceipagora\/files\/2016\/10\/google-maps.jpg 500w\" sizes=\"(max-width: 150px) 100vw, 150px\" \/><\/a><\/td>\n<\/tr>\n<tr>\n<td colspan=\"2\"><img loading=\"lazy\" decoding=\"async\" class=\" wp-image-960 size-thumbnail aligncenter\" src=\"https:\/\/blogsaverroes.juntadeandalucia.es\/ceipagora\/files\/2016\/10\/QR-150x150.jpg\" alt=\"QR\" width=\"150\" height=\"150\" srcset=\"https:\/\/blogsaverroes.juntadeandalucia.es\/ceipagora\/files\/2016\/10\/QR-150x150.jpg 150w, https:\/\/blogsaverroes.juntadeandalucia.es\/ceipagora\/files\/2016\/10\/QR-300x300.jpg 300w, https:\/\/blogsaverroes.juntadeandalucia.es\/ceipagora\/files\/2016\/10\/QR-100x100.jpg 100w, https:\/\/blogsaverroes.juntadeandalucia.es\/ceipagora\/files\/2016\/10\/QR-432x432.jpg 432w, https:\/\/blogsaverroes.juntadeandalucia.es\/ceipagora\/files\/2016\/10\/QR-268x268.jpg 268w, https:\/\/blogsaverroes.juntadeandalucia.es\/ceipagora\/files\/2016\/10\/QR.jpg 626w\" sizes=\"(max-width: 150px) 100vw, 150px\" \/><strong>LECTOR DE C\u00d3DIGOS QR<\/strong>Esta APP es recomendable para conocer el enlace de la \u00abmoneda \u00e1gora\u00bb que dejamos en el cach\u00e9.&nbsp;<\/td>\n<\/tr>\n<\/tbody>\n<tbody>\n<tr>\n<td>&nbsp;<a href=\"https:\/\/blogsaverroes.juntadeandalucia.es\/ceipagora\/como-funciona-el-pasaporte-de-las-3-c\/\"><img loading=\"lazy\" decoding=\"async\" class=\"aligncenter wp-image-987 size-full\" src=\"https:\/\/blogsaverroes.juntadeandalucia.es\/ceipagora\/files\/2016\/10\/6.jpg\" alt=\"6\" width=\"250\" height=\"250\" srcset=\"https:\/\/blogsaverroes.juntadeandalucia.es\/ceipagora\/files\/2016\/10\/6.jpg 250w, https:\/\/blogsaverroes.juntadeandalucia.es\/ceipagora\/files\/2016\/10\/6-150x150.jpg 150w, https:\/\/blogsaverroes.juntadeandalucia.es\/ceipagora\/files\/2016\/10\/6-100x100.jpg 100w\" sizes=\"(max-width: 250px) 100vw, 250px\" \/><\/a><a href=\"https:\/\/blogsaverroes.juntadeandalucia.es\/ceipagora\/aplicaciones-necesarias\/\"><img loading=\"lazy\" decoding=\"async\" class=\"aligncenter wp-image-986 size-full\" src=\"https:\/\/blogsaverroes.juntadeandalucia.es\/ceipagora\/files\/2016\/10\/5.jpg\" alt=\"5\" width=\"250\" height=\"250\" srcset=\"https:\/\/blogsaverroes.juntadeandalucia.es\/ceipagora\/files\/2016\/10\/5.jpg 250w, https:\/\/blogsaverroes.juntadeandalucia.es\/ceipagora\/files\/2016\/10\/5-150x150.jpg 150w, https:\/\/blogsaverroes.juntadeandalucia.es\/ceipagora\/files\/2016\/10\/5-100x100.jpg 100w\" sizes=\"(max-width: 250px) 100vw, 250px\" \/><\/a><a href=\"https:\/\/drive.google.com\/open?id=1QZkaumv4w3yvpwXn7hH_g2Nn8Eiyv6xB\"><img loading=\"lazy\" decoding=\"async\" class=\"size-medium wp-image-2036 alignleft\" src=\"https:\/\/blogsaverroes.juntadeandalucia.es\/ceipagora\/files\/2016\/10\/descargarcuadernillo-232x300.jpg\" alt=\"\" width=\"232\" height=\"300\" srcset=\"https:\/\/blogsaverroes.juntadeandalucia.es\/ceipagora\/files\/2016\/10\/descargarcuadernillo-232x300.jpg 232w, https:\/\/blogsaverroes.juntadeandalucia.es\/ceipagora\/files\/2016\/10\/descargarcuadernillo-768x994.jpg 768w, https:\/\/blogsaverroes.juntadeandalucia.es\/ceipagora\/files\/2016\/10\/descargarcuadernillo-791x1024.jpg 791w, https:\/\/blogsaverroes.juntadeandalucia.es\/ceipagora\/files\/2016\/10\/descargarcuadernillo-700x906.jpg 700w, https:\/\/blogsaverroes.juntadeandalucia.es\/ceipagora\/files\/2016\/10\/descargarcuadernillo-19x24.jpg 19w, https:\/\/blogsaverroes.juntadeandalucia.es\/ceipagora\/files\/2016\/10\/descargarcuadernillo-28x36.jpg 28w, https:\/\/blogsaverroes.juntadeandalucia.es\/ceipagora\/files\/2016\/10\/descargarcuadernillo-37x48.jpg 37w, https:\/\/blogsaverroes.juntadeandalucia.es\/ceipagora\/files\/2016\/10\/descargarcuadernillo.jpg 816w\" sizes=\"(max-width: 232px) 100vw, 232px\" \/><\/a><\/td>\n<td><a href=\"https:\/\/blogsaverroes.juntadeandalucia.es\/ceipagora\/que-es-el-geocaching\/\"><img loading=\"lazy\" decoding=\"async\" class=\"wp-image-980 size-full alignleft\" src=\"https:\/\/blogsaverroes.juntadeandalucia.es\/ceipagora\/files\/2016\/10\/web-geocaching.jpg\" alt=\"web geocaching\" width=\"250\" height=\"250\" srcset=\"https:\/\/blogsaverroes.juntadeandalucia.es\/ceipagora\/files\/2016\/10\/web-geocaching.jpg 250w, https:\/\/blogsaverroes.juntadeandalucia.es\/ceipagora\/files\/2016\/10\/web-geocaching-150x150.jpg 150w, https:\/\/blogsaverroes.juntadeandalucia.es\/ceipagora\/files\/2016\/10\/web-geocaching-100x100.jpg 100w\" sizes=\"(max-width: 250px) 100vw, 250px\" \/><\/a><\/td>\n<td>&nbsp;<\/td>\n<td>&nbsp;<\/td>\n<\/tr>\n<\/tbody>\n<tbody>\n<tr>\n<td><a href=\"https:\/\/blogsaverroes.juntadeandalucia.es\/ceipagora\/que-contiene-un-cache-tesoro\/\"><img loading=\"lazy\" decoding=\"async\" class=\"aligncenter wp-image-994 size-full\" src=\"https:\/\/blogsaverroes.juntadeandalucia.es\/ceipagora\/files\/2016\/10\/web-geocaching-2.jpg\" alt=\"web geocaching (2)\" width=\"250\" height=\"250\" srcset=\"https:\/\/blogsaverroes.juntadeandalucia.es\/ceipagora\/files\/2016\/10\/web-geocaching-2.jpg 250w, https:\/\/blogsaverroes.juntadeandalucia.es\/ceipagora\/files\/2016\/10\/web-geocaching-2-150x150.jpg 150w, https:\/\/blogsaverroes.juntadeandalucia.es\/ceipagora\/files\/2016\/10\/web-geocaching-2-100x100.jpg 100w\" sizes=\"(max-width: 250px) 100vw, 250px\" \/><\/a><\/td>\n<td>&nbsp;<\/td>\n<td>&nbsp;<\/td>\n<td>&nbsp;<\/td>\n<\/tr>\n<\/tbody>\n<tbody>\n<tr>\n<td>&nbsp;<\/td>\n<td>&nbsp;<\/td>\n<td>&nbsp;<\/td>\n<td><a href=\"https:\/\/blogsaverroes.juntadeandalucia.es\/ceipagora\/agradecimientos\/\"><img loading=\"lazy\" decoding=\"async\" class=\"aligncenter wp-image-1017 size-full\" src=\"https:\/\/blogsaverroes.juntadeandalucia.es\/ceipagora\/files\/2016\/10\/web-geocaching-3.jpg\" alt=\"\" width=\"250\" height=\"250\" srcset=\"https:\/\/blogsaverroes.juntadeandalucia.es\/ceipagora\/files\/2016\/10\/web-geocaching-3.jpg 250w, https:\/\/blogsaverroes.juntadeandalucia.es\/ceipagora\/files\/2016\/10\/web-geocaching-3-150x150.jpg 150w, https:\/\/blogsaverroes.juntadeandalucia.es\/ceipagora\/files\/2016\/10\/web-geocaching-3-100x100.jpg 100w\" sizes=\"(max-width: 250px) 100vw, 250px\" \/><\/a><\/td>\n<\/tr>\n<\/tbody>\n<\/table>\n","protected":false},"excerpt":{"rendered":"<p>Para poder participar en este proyecto ser\u00e1 necesario disponer de un tel\u00e9fono m\u00f3vil con las siguientes aplicaciones descargadas. APP&nbsp;GEOCACHING Es imprescindible crear una cuenta gratuita para poder participar de este juego. APP OFICIALES&nbsp; (Presentan&#46;&#46;&#46;<\/p>\n","protected":false},"author":2427,"featured_media":0,"parent":0,"menu_order":0,"comment_status":"closed","ping_status":"open","template":"","meta":{"ngg_post_thumbnail":0,"footnotes":""},"aioseo_notices":[],"_links":{"self":[{"href":"https:\/\/blogsaverroes.juntadeandalucia.es\/ceipagora\/wp-json\/wp\/v2\/pages\/958"}],"collection":[{"href":"https:\/\/blogsaverroes.juntadeandalucia.es\/ceipagora\/wp-json\/wp\/v2\/pages"}],"about":[{"href":"https:\/\/blogsaverroes.juntadeandalucia.es\/ceipagora\/wp-json\/wp\/v2\/types\/page"}],"author":[{"embeddable":true,"href":"https:\/\/blogsaverroes.juntadeandalucia.es\/ceipagora\/wp-json\/wp\/v2\/users\/2427"}],"replies":[{"embeddable":true,"href":"https:\/\/blogsaverroes.juntadeandalucia.es\/ceipagora\/wp-json\/wp\/v2\/comments?post=958"}],"version-history":[{"count":29,"href":"https:\/\/blogsaverroes.juntadeandalucia.es\/ceipagora\/wp-json\/wp\/v2\/pages\/958\/revisions"}],"predecessor-version":[{"id":2115,"href":"https:\/\/blogsaverroes.juntadeandalucia.es\/ceipagora\/wp-json\/wp\/v2\/pages\/958\/revisions\/2115"}],"wp:attachment":[{"href":"https:\/\/blogsaverroes.juntadeandalucia.es\/ceipagora\/wp-json\/wp\/v2\/media?parent=958"}],"curies":[{"name":"wp","href":"https:\/\/api.w.org\/{rel}","templated":true}]}}