{"id":973,"date":"2016-10-22T17:00:56","date_gmt":"2016-10-22T17:00:56","guid":{"rendered":"https:\/\/blogsaverroes.juntadeandalucia.es\/ceipagora\/?page_id=973"},"modified":"2018-01-09T10:08:50","modified_gmt":"2018-01-09T10:08:50","slug":"que-contiene-un-cache-tesoro","status":"publish","type":"page","link":"https:\/\/blogsaverroes.juntadeandalucia.es\/ceipagora\/que-contiene-un-cache-tesoro\/","title":{"rendered":"\u00bfQU\u00c9 CONTIENE UN\u00a0CACH\u00c9 (TESORO)?"},"content":{"rendered":"<p>Los cach\u00e9s del juego Geocaching son diversos y hay muchas opciones:<\/p>\n<ul>\n<li>Un cuaderno\/hoja de firmas.<\/li>\n<li>Un l\u00e1piz ( siempre que quepa en el contenedor).<\/li>\n<li>Nosotros dejaremos una \u00abMONEDA \u00c1GORA\u00bb que puedes recoger en el colegio, y que no es otra cosa que un c\u00f3digo QR, que invitar\u00e1 a otros aventureros a que visiten proyectos de nuestro centro. (Dejar la moneda \u00c1gora es algo voluntario, lo importante es vivir aventuras en familia, adem\u00e1s podr\u00e1s dejar cualquier otro tesoro generado con alg\u00fan proyecto del cole).<\/li>\n<\/ul>\n<p>Los Geocach\u00e9s var\u00edan mucho en tama\u00f1o y apariencia. En el campo puedes encontrar de&nbsp;todo, desde recipientes de pl\u00e1stico grandes y &nbsp;envases en una roca falsa con un compartimiento secreto. As\u00ed que, \u00bfc\u00f3mo encontrar el cach\u00e9?<\/p>\n<p>El primer paso es obtener una idea general del tama\u00f1o del cach\u00e9. El tama\u00f1o se muestra en cada p\u00e1gina. Hay que tener&nbsp;en cuenta que estos son s\u00f3lo ejemplos; los tama\u00f1os pueden variar.<\/p>\n<p><img decoding=\"async\" id=\"ctl00_ContentBody_imgSection3aText31\" title=\"Micro Tama\u00f1o de cach\u00e9 Icono\" src=\"https:\/\/www.geocaching.com\/images\/icons\/container\/micro.gif\" alt=\"Micro Tama\u00f1o de cach\u00e9 Icono\">Micro &#8211; Menos de 100 ml. Ejemplos: un rollo de pel\u00edcula de 35 mm o una peque\u00f1a caja de almacenamiento que contiene t\u00edpicamente solamente un registro o una hoja de registro. Una cach\u00e9 nano es un sub-tipo com\u00fan de un micro cach\u00e9 que est\u00e1 a menos de 10 ml y s\u00f3lo puede contener una peque\u00f1a hoja de registro.<br \/>\n<img decoding=\"async\" id=\"ctl00_ContentBody_imgSection3aText32\" title=\"Tama\u00f1o peque\u00f1o cach\u00e9 Icono\" src=\"https:\/\/www.geocaching.com\/images\/icons\/container\/small.gif\" alt=\"Tama\u00f1o peque\u00f1o cach\u00e9 Icono\">Peque\u00f1o &#8211; 100 ml o m\u00e1s grande, pero menos de 1 litro. Ejemplo: Un recipiente de pl\u00e1stico-s\u00e1ndwich de tama\u00f1o o similar.<br \/>\n<img decoding=\"async\" id=\"ctl00_ContentBody_imgSection3aText33\" title=\"Tama\u00f1o de la cach\u00e9 regular Icono\" src=\"https:\/\/www.geocaching.com\/images\/icons\/container\/regular.gif\" alt=\"Tama\u00f1o de la cach\u00e9 regular Icono\">Regular &#8211; 1L o mayor, pero menos de 20 litros. Ejemplos: un recipiente de pl\u00e1stico o lata munici\u00f3n aproximadamente del tama\u00f1o de una caja de zapatos.<br \/>\n<img decoding=\"async\" id=\"ctl00_ContentBody_imgSection3aText34\" title=\"Tama\u00f1o grande de la cach\u00e9 Icono\" src=\"https:\/\/www.geocaching.com\/images\/icons\/container\/large.gif\" alt=\"Tama\u00f1o grande de la cach\u00e9 Icono\">Grande &#8211; 20L o m\u00e1s grande. Ejemplo:. Un gran cubo<br \/>\n<img decoding=\"async\" id=\"ctl00_ContentBody_imgSection3aText35\" title=\"Otros Tama\u00f1o de cach\u00e9 Icono\" src=\"https:\/\/www.geocaching.com\/images\/icons\/container\/other.gif\" alt=\"Otros Tama\u00f1o de cach\u00e9 Icono\">Otro &#8211; Ver la descripci\u00f3n cach\u00e9 de informaci\u00f3n.<\/p>\n<p>&nbsp;<\/p>\n<p style=\"text-align: center\">[youtube https:\/\/www.youtube.com\/watch?v=OW9bi5_b-Wc&amp;w=560&amp;h=315]<\/p>\n<table>\n<tbody>\n<tr>\n<td>&nbsp;<\/td>\n<td><a href=\"https:\/\/blogsaverroes.juntadeandalucia.es\/ceipagora\/que-es-el-geocaching\/\"><img loading=\"lazy\" decoding=\"async\" class=\"aligncenter wp-image-980 size-full\" src=\"https:\/\/blogsaverroes.juntadeandalucia.es\/ceipagora\/files\/2016\/10\/web-geocaching.jpg\" alt=\"web geocaching\" width=\"250\" height=\"250\" srcset=\"https:\/\/blogsaverroes.juntadeandalucia.es\/ceipagora\/files\/2016\/10\/web-geocaching.jpg 250w, https:\/\/blogsaverroes.juntadeandalucia.es\/ceipagora\/files\/2016\/10\/web-geocaching-150x150.jpg 150w, https:\/\/blogsaverroes.juntadeandalucia.es\/ceipagora\/files\/2016\/10\/web-geocaching-100x100.jpg 100w\" sizes=\"(max-width: 250px) 100vw, 250px\" \/><\/a><\/td>\n<td><a href=\"https:\/\/blogsaverroes.juntadeandalucia.es\/ceipagora\/aplicaciones-necesarias\/\"><img loading=\"lazy\" decoding=\"async\" class=\"aligncenter wp-image-986 size-full\" src=\"https:\/\/blogsaverroes.juntadeandalucia.es\/ceipagora\/files\/2016\/10\/5.jpg\" alt=\"5\" width=\"250\" height=\"250\" srcset=\"https:\/\/blogsaverroes.juntadeandalucia.es\/ceipagora\/files\/2016\/10\/5.jpg 250w, https:\/\/blogsaverroes.juntadeandalucia.es\/ceipagora\/files\/2016\/10\/5-150x150.jpg 150w, https:\/\/blogsaverroes.juntadeandalucia.es\/ceipagora\/files\/2016\/10\/5-100x100.jpg 100w\" sizes=\"(max-width: 250px) 100vw, 250px\" \/><\/a><\/td>\n<td><a href=\"https:\/\/blogsaverroes.juntadeandalucia.es\/ceipagora\/como-funciona-el-pasaporte-de-las-3-c\/\"><img loading=\"lazy\" decoding=\"async\" class=\"aligncenter wp-image-987 size-full\" src=\"https:\/\/blogsaverroes.juntadeandalucia.es\/ceipagora\/files\/2016\/10\/6.jpg\" alt=\"6\" width=\"250\" height=\"250\" srcset=\"https:\/\/blogsaverroes.juntadeandalucia.es\/ceipagora\/files\/2016\/10\/6.jpg 250w, https:\/\/blogsaverroes.juntadeandalucia.es\/ceipagora\/files\/2016\/10\/6-150x150.jpg 150w, https:\/\/blogsaverroes.juntadeandalucia.es\/ceipagora\/files\/2016\/10\/6-100x100.jpg 100w\" sizes=\"(max-width: 250px) 100vw, 250px\" \/><\/a><\/td>\n<\/tr>\n<\/tbody>\n<\/table>\n<table>\n<tbody>\n<tr>\n<td><a href=\"https:\/\/blogsaverroes.juntadeandalucia.es\/ceipagora\/que-contiene-un-cache-tesoro\/\"><img loading=\"lazy\" decoding=\"async\" class=\"wp-image-994 size-full alignright\" src=\"https:\/\/blogsaverroes.juntadeandalucia.es\/ceipagora\/files\/2016\/10\/web-geocaching-2.jpg\" alt=\"web geocaching (2)\" width=\"250\" height=\"250\" srcset=\"https:\/\/blogsaverroes.juntadeandalucia.es\/ceipagora\/files\/2016\/10\/web-geocaching-2.jpg 250w, https:\/\/blogsaverroes.juntadeandalucia.es\/ceipagora\/files\/2016\/10\/web-geocaching-2-150x150.jpg 150w, https:\/\/blogsaverroes.juntadeandalucia.es\/ceipagora\/files\/2016\/10\/web-geocaching-2-100x100.jpg 100w\" sizes=\"(max-width: 250px) 100vw, 250px\" \/><\/a><a href=\"https:\/\/drive.google.com\/open?id=12Tb9LMzCcKPrZC6PpWbvlIyOiZ3knOrE\"><img loading=\"lazy\" decoding=\"async\" class=\"size-medium wp-image-2036 alignleft\" src=\"https:\/\/blogsaverroes.juntadeandalucia.es\/ceipagora\/files\/2016\/10\/descargarcuadernillo-232x300.jpg\" alt=\"\" width=\"232\" height=\"300\" srcset=\"https:\/\/blogsaverroes.juntadeandalucia.es\/ceipagora\/files\/2016\/10\/descargarcuadernillo-232x300.jpg 232w, https:\/\/blogsaverroes.juntadeandalucia.es\/ceipagora\/files\/2016\/10\/descargarcuadernillo-768x994.jpg 768w, https:\/\/blogsaverroes.juntadeandalucia.es\/ceipagora\/files\/2016\/10\/descargarcuadernillo-791x1024.jpg 791w, https:\/\/blogsaverroes.juntadeandalucia.es\/ceipagora\/files\/2016\/10\/descargarcuadernillo-700x906.jpg 700w, https:\/\/blogsaverroes.juntadeandalucia.es\/ceipagora\/files\/2016\/10\/descargarcuadernillo-19x24.jpg 19w, https:\/\/blogsaverroes.juntadeandalucia.es\/ceipagora\/files\/2016\/10\/descargarcuadernillo-28x36.jpg 28w, https:\/\/blogsaverroes.juntadeandalucia.es\/ceipagora\/files\/2016\/10\/descargarcuadernillo-37x48.jpg 37w, https:\/\/blogsaverroes.juntadeandalucia.es\/ceipagora\/files\/2016\/10\/descargarcuadernillo.jpg 816w\" sizes=\"(max-width: 232px) 100vw, 232px\" \/><\/a><\/td>\n<td>&nbsp;<\/td>\n<td>&nbsp;<\/td>\n<td>&nbsp;<\/td>\n<\/tr>\n<\/tbody>\n<\/table>\n<table>\n<tbody>\n<tr>\n<td>&nbsp;<\/td>\n<td>&nbsp;<\/td>\n<td>&nbsp;<\/td>\n<td><a href=\"https:\/\/blogsaverroes.juntadeandalucia.es\/ceipagora\/agradecimientos\/\"><img loading=\"lazy\" decoding=\"async\" class=\"aligncenter wp-image-1017 size-full\" src=\"https:\/\/blogsaverroes.juntadeandalucia.es\/ceipagora\/files\/2016\/10\/web-geocaching-3.jpg\" alt=\"\" width=\"250\" height=\"250\" srcset=\"https:\/\/blogsaverroes.juntadeandalucia.es\/ceipagora\/files\/2016\/10\/web-geocaching-3.jpg 250w, https:\/\/blogsaverroes.juntadeandalucia.es\/ceipagora\/files\/2016\/10\/web-geocaching-3-150x150.jpg 150w, https:\/\/blogsaverroes.juntadeandalucia.es\/ceipagora\/files\/2016\/10\/web-geocaching-3-100x100.jpg 100w\" sizes=\"(max-width: 250px) 100vw, 250px\" \/><\/a><\/td>\n<\/tr>\n<\/tbody>\n<\/table>\n<p>&nbsp;<\/p>\n<p>&nbsp;<\/p>\n<p>&nbsp;<\/p>\n","protected":false},"excerpt":{"rendered":"<p>Los cach\u00e9s del juego Geocaching son diversos y hay muchas opciones: Un cuaderno\/hoja de firmas. Un l\u00e1piz ( siempre que quepa en el contenedor). Nosotros dejaremos una \u00abMONEDA \u00c1GORA\u00bb que puedes recoger en el&#46;&#46;&#46;<\/p>\n","protected":false},"author":2427,"featured_media":0,"parent":0,"menu_order":0,"comment_status":"closed","ping_status":"open","template":"","meta":{"ngg_post_thumbnail":0,"footnotes":""},"aioseo_notices":[],"_links":{"self":[{"href":"https:\/\/blogsaverroes.juntadeandalucia.es\/ceipagora\/wp-json\/wp\/v2\/pages\/973"}],"collection":[{"href":"https:\/\/blogsaverroes.juntadeandalucia.es\/ceipagora\/wp-json\/wp\/v2\/pages"}],"about":[{"href":"https:\/\/blogsaverroes.juntadeandalucia.es\/ceipagora\/wp-json\/wp\/v2\/types\/page"}],"author":[{"embeddable":true,"href":"https:\/\/blogsaverroes.juntadeandalucia.es\/ceipagora\/wp-json\/wp\/v2\/users\/2427"}],"replies":[{"embeddable":true,"href":"https:\/\/blogsaverroes.juntadeandalucia.es\/ceipagora\/wp-json\/wp\/v2\/comments?post=973"}],"version-history":[{"count":14,"href":"https:\/\/blogsaverroes.juntadeandalucia.es\/ceipagora\/wp-json\/wp\/v2\/pages\/973\/revisions"}],"predecessor-version":[{"id":2113,"href":"https:\/\/blogsaverroes.juntadeandalucia.es\/ceipagora\/wp-json\/wp\/v2\/pages\/973\/revisions\/2113"}],"wp:attachment":[{"href":"https:\/\/blogsaverroes.juntadeandalucia.es\/ceipagora\/wp-json\/wp\/v2\/media?parent=973"}],"curies":[{"name":"wp","href":"https:\/\/api.w.org\/{rel}","templated":true}]}}